{"id":59859,"date":"2026-03-19T05:14:41","date_gmt":"2026-03-19T05:14:41","guid":{"rendered":"https:\/\/soydeaqui.ddns.net\/pachuca\/index.php\/producto\/diplexor-617-960-1695-2700mhz-250w-161dbc-4-3-10-ip67\/"},"modified":"2026-03-19T05:14:44","modified_gmt":"2026-03-19T05:14:44","slug":"diplexor-617-960-1695-2700mhz-250w-161dbc-4-3-10-ip67","status":"publish","type":"product","link":"https:\/\/soydeaqui.ddns.net\/pachuca\/index.php\/producto\/diplexor-617-960-1695-2700mhz-250w-161dbc-4-3-10-ip67\/","title":{"rendered":"DIPLEXOR 617-960\/1695-2700MHz 250W -161dBc 4.3-10 IP67 ."},"content":{"rendered":"<div style='width: 100%; max-width: 1200px; margin: 0 auto; font-family: sans-serif; line-height: 1.6; color: inherit; background-color: transparent;'>\n<div style='display: flex; flex-wrap: wrap; gap: 30px; margin-bottom: 30px;'>\n<div style='flex: 1 1 300px; min-width: 280px;'>\n<h3 style='font-size: 22px; border-bottom: 2px solid currentColor; padding-bottom: 5px; margin-top: 0; color: inherit; opacity: 0.8;'>Descripci\u00f3n<\/h3>\n<p style='font-size: 15px; margin-bottom: 15px; color: inherit;'>La serie Microlab Model BK-201 es un diplexor que permite combinar y separar las se\u00f1ales en las bandas inal\u00e1mbricas de 617 a 960 MHz y de 1695 a 2700. Para minimizar la interreacci\u00f3n de bandas&comma; las entradas est\u00e1n bien aisladas y tienen una p\u00e9rdida de inserci\u00f3n m\u00ednima en sus respectivas bandas de frecuencia. La atenci\u00f3n al dise\u00f1o mec\u00e1nico garantiza una baja intermodulaci\u00f3n pasiva garantizada.<\/p>\n<p style='font-size: 15px; margin-bottom: 15px; color: inherit;'>El Diplexer ha sido dise\u00f1ado utilizando t\u00e9cnicas patentadas pasivas que minimizan el costo y el tama\u00f1o. Al mismo tiempo&comma; garantiza una p\u00e9rdida m\u00ednima y una fiabilidad muy alta con potencias de entrada de hasta 250 W por entrada.<\/p>\n<\/p><\/div>\n<\/p><\/div>\n<div style='display: flex; flex-wrap: wrap; gap: 20px; margin-bottom: 30px;'>\n<div style='flex: 1 1 250px; border: 1px solid rgba(150&comma; 150&comma; 150&comma; 0.4); border-radius: 8px; overflow: hidden; display: flex; flex-direction: column;'>\n<div style='padding: 15px; border-bottom: 1px solid rgba(150&comma; 150&comma; 150&comma; 0.2); font-weight: bold; font-size: 18px; color: inherit;'>Caracter\u00edsticas<\/div>\n<div style='padding: 15px; color: inherit;'>\n<ul style='padding-left: 20px; margin: 0; font-size: 14px; list-style-type: disc; color: inherit;'>\n<li style='margin-bottom: 5px;'><span style='color: inherit;'>Integra bandas inal\u00e1mbricas comerciales<\/span><\/li>\n<li style='margin-bottom: 5px;'><span style='color: inherit;'>Aislamiento de entrada de 50 dB<\/span><\/li>\n<li style='margin-bottom: 5px;'><span style='color: inherit;'>250 W\/promedio de puerto Poder<\/span><\/li>\n<li style='margin-bottom: 5px;'><span style='color: inherit;'>PIM bajo garantizado<\/span><\/li>\n<li style='margin-bottom: 5px;'><span style='color: inherit;'>Clasificaci\u00f3n IP67<\/span><\/li>\n<li style='margin-bottom: 5px;'><span style='color: inherit;'>P\u00e9rdida m\u00ednima de inserci\u00f3n de RF<\/span><\/li>\n<li style='margin-bottom: 5px;'><span style='color: inherit;'>Robusto&comma; Alta Confiabilidad<\/span><\/li>\n<li style='margin-bottom: 5px;'><span style='color: inherit;'>RoHS<\/span><\/li>\n<li style='margin-bottom: 5px;'><span style='color: inherit;'>Conectores tipo N y 4.3-10<\/span><\/li>\n<\/ul><\/div>\n<\/p><\/div>\n<div style='flex: 1 1 250px; border: 1px solid rgba(150&comma; 150&comma; 150&comma; 0.4); border-radius: 8px; overflow: hidden; display: flex; flex-direction: column;'>\n<div style='padding: 15px; border-bottom: 1px solid rgba(150&comma; 150&comma; 150&comma; 0.2); font-weight: bold; font-size: 18px; color: inherit;'>Especificaciones<\/div>\n<div style='padding: 15px; color: inherit;'>\n<ul style='padding-left: 20px; margin: 0; font-size: 14px; list-style-type: disc; color: inherit;'>\n<li style='margin-bottom: 5px;'><strong>Frecuencia:<\/strong> Puerto 1: 617-960 MHz<\/li>\n<li style='margin-bottom: 5px;'><span style='color: inherit;'>Puerto 2: 1695-2700 MHz<\/span><\/li>\n<li style='margin-bottom: 5px;'><strong>Poder:<\/strong> 250 W&comma; promedio\/entrada m\u00e1x.<\/li>\n<li style='margin-bottom: 5px;'><strong>Pase CC:<\/strong> 1A m\u00e1x. para todos los puertos<\/li>\n<li style='margin-bottom: 5px;'><strong>Retraso de grupo:<\/strong> 3 ns<\/li>\n<li style='margin-bottom: 5px;'><strong>P\u00e9rdida de retorno:<\/strong> >19dB<\/li>\n<li style='margin-bottom: 5px;'><strong>Aislamiento:<\/strong> >50dB<\/li>\n<li style='margin-bottom: 5px;'><strong>PIM:<\/strong> <-161 dBc&comma; t\u00edp. (-118 dBm&comma; t\u00edpico) (prueba con 2 tonos de +43 dBm)<\/li>\n<li style='margin-bottom: 5px;'><strong>Conectores:<\/strong> 4.3-10 f<\/li>\n<li style='margin-bottom: 5px;'><strong>Protecci\u00f3n de ingreso:<\/strong> IP67<\/li>\n<li style='margin-bottom: 5px;'><strong>Peso:<\/strong> 2&comma;95 libras (1&comma;3 kg)<\/li>\n<\/ul><\/div>\n<\/p><\/div>\n<\/p><\/div>\n<hr style='border: 0; border-top: 1px solid rgba(150&comma; 150&comma; 150&comma; 0.3); margin: 30px 0;'> <\/div>\n","protected":false},"excerpt":{"rendered":"<p>DIPLEXOR 617-960\/1695-2700MHz 250W -161dBc 4.3-10 IP67 .<\/p>\n","protected":false},"featured_media":59858,"comment_status":"open","ping_status":"closed","template":"","meta":[],"product_brand":[],"product_cat":[1529,1528,1755],"product_tag":[1535,1534,1533,1757,1756],"class_list":{"0":"post-59859","1":"product","2":"type-product","3":"status-publish","4":"has-post-thumbnail","6":"product_cat-4g","7":"product_cat-cobertura-celular-5g","8":"product_cat-sistemas-de-antenas-distribuidas-das","9":"product_tag-3g-y-voz","10":"product_tag-4g","11":"product_tag-cobertura-celular-5g","12":"product_tag-microlab","13":"product_tag-sistemas-de-antenas-distribuidas-das","15":"first","16":"outofstock","17":"sale","18":"shipping-taxable","19":"purchasable","20":"product-type-simple"},"_links":{"self":[{"href":"https:\/\/soydeaqui.ddns.net\/pachuca\/index.php\/wp-json\/wp\/v2\/product\/59859","targetHints":{"allow":["GET"]}}],"collection":[{"href":"https:\/\/soydeaqui.ddns.net\/pachuca\/index.php\/wp-json\/wp\/v2\/product"}],"about":[{"href":"https:\/\/soydeaqui.ddns.net\/pachuca\/index.php\/wp-json\/wp\/v2\/types\/product"}],"replies":[{"embeddable":true,"href":"https:\/\/soydeaqui.ddns.net\/pachuca\/index.php\/wp-json\/wp\/v2\/comments?post=59859"}],"wp:featuredmedia":[{"embeddable":true,"href":"https:\/\/soydeaqui.ddns.net\/pachuca\/index.php\/wp-json\/wp\/v2\/media\/59858"}],"wp:attachment":[{"href":"https:\/\/soydeaqui.ddns.net\/pachuca\/index.php\/wp-json\/wp\/v2\/media?parent=59859"}],"wp:term":[{"taxonomy":"product_brand","embeddable":true,"href":"https:\/\/soydeaqui.ddns.net\/pachuca\/index.php\/wp-json\/wp\/v2\/product_brand?post=59859"},{"taxonomy":"product_cat","embeddable":true,"href":"https:\/\/soydeaqui.ddns.net\/pachuca\/index.php\/wp-json\/wp\/v2\/product_cat?post=59859"},{"taxonomy":"product_tag","embeddable":true,"href":"https:\/\/soydeaqui.ddns.net\/pachuca\/index.php\/wp-json\/wp\/v2\/product_tag?post=59859"}],"curies":[{"name":"wp","href":"https:\/\/api.w.org\/{rel}","templated":true}]}}