{"id":5984,"date":"2026-03-18T06:37:44","date_gmt":"2026-03-18T06:37:44","guid":{"rendered":"https:\/\/soydeaqui.ddns.net\/pachuca\/index.php\/producto\/cubierta-protectora-serie-stopper-ii-de-policarbonato-super-resistente-montaje-empotrado-texto-en-ingls-sin-bocina\/"},"modified":"2026-03-18T06:37:47","modified_gmt":"2026-03-18T06:37:47","slug":"cubierta-protectora-serie-stopper-ii-de-policarbonato-super-resistente-montaje-empotrado-texto-en-ingls-sin-bocina","status":"publish","type":"product","link":"https:\/\/soydeaqui.ddns.net\/pachuca\/index.php\/producto\/cubierta-protectora-serie-stopper-ii-de-policarbonato-super-resistente-montaje-empotrado-texto-en-ingls-sin-bocina\/","title":{"rendered":"Cubierta Protectora Serie Stopper II? De Policarbonato Super Resistente, Montaje Empotrado, Texto En Ingl?s, Sin Bocina"},"content":{"rendered":"<div style='width: 100%; max-width: 1200px; margin: 0 auto; font-family: sans-serif; line-height: 1.6; color: inherit; background-color: transparent;'>\n<div style='display: flex; flex-direction: column; gap: 30px;'>\n<div style='text-align: center;'>\n<h1 style='font-size: 24px; margin: 0 0 10px; color: inherit;'>Cubiertas Protectoras De Policarbonato Super Resistente<\/h1>\n<h1 style='font-size: 24px; margin: 0; color: inherit;'>Serie Stopper II\u00ae<\/h1>\n<\/p><\/div>\n<div style='font-size: 15px;'>\n<p style='margin: 0 0 15px; color: inherit;'>Durante m\u00e1s de 40 a\u00f1os&comma; este dispositivo \u00fanico y patentado ha ayudado a evitar falsas alarmas de incendio en todo el mundo&comma; sin restringir las alarmas leg\u00edtimas. Es ideal para escuelas&comma; hospitales&comma; guarder\u00edas&comma; centros comerciales&comma; tiendas&comma; hoteles&comma; edificios&comma; etc en donde existe la amenaza de falsas alarmas de incendio.<\/p>\n<p style='margin: 0 0 15px; color: inherit;'>La serie de cubiertas Stopper II\u00ae consta de una resistente cubierta de policarbonato transparente que es inviolable y un armaz\u00f3n que se ajusta sobre las estaciones de palanca operadas manualmente. Cuando se levanta la tapa de la cubierta para tener acceso a la palanca&comma; suena una aguda alarma de advertencia de 95 o 105 dB&comma; que llamar\u00e1 la atenci\u00f3n de inmediato a esa \u00e1rea y el bromista ser\u00e1 atrapado.<\/p>\n<p style='margin: 0; color: inherit;'>Tiene el prop\u00f3sito de ser usado en \u00e1reas donde la incidencia de falsas alarmas de incendio desde estaciones de palanca operadas manualmente es alta o ha demostrado ser un serio problema. Cualquier desventaja de este dispositivo est\u00e1 m\u00e1s que balanceada cuando se consideran las consecuencias de las falsas alarmas de incendio&comma; especialmente si el personal y equipo de servicio responden a una falsa alarma. A esto hay que a\u00f1adir la interrupci\u00f3n de las actividades en las instalaciones cuando se presenta una falsa alarma.<\/p>\n<\/p><\/div>\n<div style='display: flex; flex-wrap: wrap; gap: 20px;'>\n<div style='flex: 1 1 300px; min-width: 280px;'>\n<h3 style='font-size: 18px; border-bottom: 2px solid currentColor; padding-bottom: 5px; margin-top: 0; margin-bottom: 15px; color: inherit; opacity: 0.8;'>Caracter\u00edsticas Generales De Serie Stopper II\u00ae<\/h3>\n<ul style='padding-left: 20px; font-size: 14px; color: inherit; list-style-type: disc;'>\n<li style='margin-bottom: 5px; color: inherit;'><strong>Listado UL Underwriter Laboratories No. 49G2.<\/strong><\/li>\n<li style='margin-bottom: 5px; color: inherit;'><strong>Aprobado FM<\/strong>&comma; <strong>cUL&comma; ADA&comma; BSA&comma; NEMA 3R<\/strong><\/li>\n<li style='margin-bottom: 5px; color: inherit;'>Ha demostrado ser sumamente efectivo durante m\u00e1s de una d\u00e9cada ayudando a evitar falsas alarmas de incendio sin restringir las alarmas leg\u00edtimas.<\/li>\n<li style='margin-bottom: 5px; color: inherit;'>Se puede usar como protecci\u00f3n contra da\u00f1os f\u00edsicos a una estaci\u00f3n de palanca operada manualmente con o sin la sirena de advertencia opcional.<\/li>\n<li style='margin-bottom: 5px; color: inherit;'>Se ajusta pr\u00e1cticamente a la mayor\u00eda de las estaciones de palanca operadas manualmente.<\/li>\n<li style='margin-bottom: 5px; color: inherit;'>Probado y aceptado por las autoridades de prevenci\u00f3n de incendios y aprobado por organizaciones dedicadas a realizar pruebas.<\/li>\n<li style='margin-bottom: 5px; color: inherit;'>La fuente de poder es una <strong>bater\u00eda alcalina de 9V<\/strong> (incluida) (seg\u00fan versi\u00f3n)<\/li>\n<li style='margin-bottom: 5px; color: inherit;'>La cubierta est\u00e1 estabilizada UV contra el deterioro por el sol.<\/li>\n<li style='margin-bottom: 5px; color: inherit;'>La alarma opcional se puede elegir de <strong>95 o 105 dB<\/strong> (seg\u00fan versi\u00f3n)<\/li>\n<li style='margin-bottom: 5px; color: inherit;'>Policarbonato probado de -40\u00ba a 116\u00baC (-40\u00ba a 240\u00baF).<\/li>\n<li style='margin-bottom: 5px; color: inherit;'>Garant\u00eda de 3 a\u00f1os contra rotura del policarbonato durante el uso normal.<\/li>\n<li style='margin-bottom: 5px; color: inherit;'>en la parte de electromec\u00e1nica&comma; y componentes electr\u00f3nicos.<\/li>\n<\/ul><\/div>\n<div style='flex: 1 1 300px; min-width: 280px;'>\n<h3 style='font-size: 18px; border-bottom: 2px solid currentColor; padding-bottom: 5px; margin-top: 0; margin-bottom: 15px; color: inherit; opacity: 0.8;'>Caracter\u00edsticas de cubierta STI-1200 Serie Stopper II\u00ae<\/h3>\n<ul style='padding-left: 20px; font-size: 14px; color: inherit; list-style-type: disc;'>\n<li style='margin-bottom: 5px; color: inherit;'>Texto en ingl\u00e9s.<\/li>\n<li style='margin-bottom: 5px; color: inherit;'>Montaje empotrado.<\/li>\n<li style='margin-bottom: 5px; color: inherit;'>Cubierta protectora de policarbonato para protecci\u00f3n de da\u00f1os f\u00edsicos.<\/li>\n<li style='margin-bottom: 5px; color: inherit;'>Ayuda a detener las falsas alarmas.<\/li>\n<li style='margin-bottom: 5px; color: inherit;'>Listado en <strong>UL\/uCL<\/strong>&comma; compatible con <strong>ADA<\/strong>.<\/li>\n<li style='margin-bottom: 5px; color: inherit;'>en la cubierta&comma; 1 a\u00f1o en la electr\u00f3nica.<\/li>\n<li style='margin-bottom: 5px; color: inherit;'>7&#8242; (177.8 mm) altura x 5&#8242; (127 mm) ancho x 3.2&#8242; (81.28 mm) profundidad.<\/li>\n<\/ul><\/div>\n<\/p><\/div>\n<div style='display: flex; flex-direction: column; align-items: center; gap: 30px; margin-top: 30px;'>\n<h2 style='font-size: 20px; margin: 0; color: inherit;'>Cubiertas Protectoras De Policarbonato Super Resistentes Serie StopperII\u00ae<\/h2>\n<div style='position: relative; padding-bottom: 56.25%; width: 100%; max-width: 560px; height: 0; overflow: hidden;'>   <\/div>\n<\/p><\/div>\n<div style='display: flex; flex-direction: column; align-items: center; gap: 30px; margin-top: 30px;'>\n<h2 style='font-size: 20px; margin: 0; color: inherit;'>Instalaci\u00f3n Universal Flat Stopper\u00ae con Espaciador y Alarma<\/h2>\n<div style='position: relative; padding-bottom: 56.25%; width: 100%; max-width: 560px; height: 0; overflow: hidden;'>   <\/div>\n<\/p><\/div>\n<div style='display: flex; flex-direction: column; align-items: center; gap: 30px; margin-top: 30px;'>\n<h2 style='font-size: 20px; margin: 0; color: inherit;'>Universal Flat Stopper\u00ae Montaje de Perfil Bajo con Instalaci\u00f3n de Alarma<\/h2>\n<div style='position: relative; padding-bottom: 56.25%; width: 100%; max-width: 560px; height: 0; overflow: hidden;'>   <\/div>\n<\/p><\/div>\n<div style='display: flex; flex-direction: column; align-items: center; gap: 30px; margin-top: 30px;'>\n<h2 style='font-size: 20px; margin: 0; color: inherit;'>Universal Stopper\u00ae Series de Perfil Bajo<\/h2>\n<div style='position: relative; padding-bottom: 56.25%; width: 100%; max-width: 560px; height: 0; overflow: hidden;'>   <\/div>\n<\/p><\/div>\n<div style='display: flex; flex-direction: column; align-items: center; gap: 30px; margin-top: 30px;'>\n<h2 style='font-size: 20px; margin: 0; color: inherit;'>Serie StopperII\u00ae Reemplazo de Bater\u00eda<\/h2>\n<div style='position: relative; padding-bottom: 56.25%; width: 100%; max-width: 560px; height: 0; overflow: hidden;'>   <\/div>\n<\/p><\/div>\n<\/p><\/div>\n<\/p><\/div>\n","protected":false},"excerpt":{"rendered":"<p>Cubierta Protectora Serie Stopper II? De Policarbonato Super Resistente, Montaje Empotrado, Texto En Ingl?s, Sin Bocina<\/p>\n","protected":false},"featured_media":5983,"comment_status":"open","ping_status":"closed","template":"","meta":[],"product_brand":[],"product_cat":[199],"product_tag":[201,200,169],"class_list":{"0":"post-5984","1":"product","2":"type-product","3":"status-publish","4":"has-post-thumbnail","6":"product_cat-carcasas","7":"product_tag-carcasas","8":"product_tag-gabinetes-y-carcasas","9":"product_tag-sti","11":"first","12":"instock","13":"sale","14":"shipping-taxable","15":"purchasable","16":"product-type-simple"},"_links":{"self":[{"href":"https:\/\/soydeaqui.ddns.net\/pachuca\/index.php\/wp-json\/wp\/v2\/product\/5984","targetHints":{"allow":["GET"]}}],"collection":[{"href":"https:\/\/soydeaqui.ddns.net\/pachuca\/index.php\/wp-json\/wp\/v2\/product"}],"about":[{"href":"https:\/\/soydeaqui.ddns.net\/pachuca\/index.php\/wp-json\/wp\/v2\/types\/product"}],"replies":[{"embeddable":true,"href":"https:\/\/soydeaqui.ddns.net\/pachuca\/index.php\/wp-json\/wp\/v2\/comments?post=5984"}],"wp:featuredmedia":[{"embeddable":true,"href":"https:\/\/soydeaqui.ddns.net\/pachuca\/index.php\/wp-json\/wp\/v2\/media\/5983"}],"wp:attachment":[{"href":"https:\/\/soydeaqui.ddns.net\/pachuca\/index.php\/wp-json\/wp\/v2\/media?parent=5984"}],"wp:term":[{"taxonomy":"product_brand","embeddable":true,"href":"https:\/\/soydeaqui.ddns.net\/pachuca\/index.php\/wp-json\/wp\/v2\/product_brand?post=5984"},{"taxonomy":"product_cat","embeddable":true,"href":"https:\/\/soydeaqui.ddns.net\/pachuca\/index.php\/wp-json\/wp\/v2\/product_cat?post=5984"},{"taxonomy":"product_tag","embeddable":true,"href":"https:\/\/soydeaqui.ddns.net\/pachuca\/index.php\/wp-json\/wp\/v2\/product_tag?post=5984"}],"curies":[{"name":"wp","href":"https:\/\/api.w.org\/{rel}","templated":true}]}}