{"id":59832,"date":"2026-03-19T05:13:47","date_gmt":"2026-03-19T05:13:47","guid":{"rendered":"https:\/\/soydeaqui.ddns.net\/pachuca\/index.php\/producto\/separador-6db-41-tap-350-5930mhz-500w-161dbc-4-3-10-ip67\/"},"modified":"2026-03-19T05:13:49","modified_gmt":"2026-03-19T05:13:49","slug":"separador-6db-41-tap-350-5930mhz-500w-161dbc-4-3-10-ip67","status":"publish","type":"product","link":"https:\/\/soydeaqui.ddns.net\/pachuca\/index.php\/producto\/separador-6db-41-tap-350-5930mhz-500w-161dbc-4-3-10-ip67\/","title":{"rendered":"SEPARADOR 6dB (4:1) Tap 350-5930MHz 500W -161dBc 4.3-10 IP67 ."},"content":{"rendered":"<div style='width: 100%; max-width: 1200px; margin: 0 auto; font-family: sans-serif; line-height: 1.6; color: inherit; background-color: transparent;'> <!-- Descripci\u00f3n --> <\/p>\n<div style='margin-bottom: 30px;'>\n<p style='margin: 0 0 15px 0; font-size: 16px; color: inherit;'>SEPARADOR 6dB (4:1) Tap 350-5930MHz 500W -161dBc 4.3-10 IP67 .<\/p>\n<p style='margin: 0 0 15px 0; font-size: 16px; color: inherit;'><strong>Descripci\u00f3n<\/strong><\/p>\n<p style='margin: 0 0 15px 0; font-size: 16px; color: inherit; text-align: justify;'>La serie Microlab DN-x4FE de Tappers divide de manera desigual se\u00f1ales celulares de alta potencia en proporciones fijas de 1000:1 a 2:1 con reflejos o p\u00e9rdidas m\u00ednimos sobre las bandas inal\u00e1mbricas clave en el rango de 350 a 5930 MHz (no hay acoplamiento de 1550 a 1650 Megahercio). El innovador dise\u00f1o asim\u00e9trico garantiza una excelente VSWR de entrada y uniformidad de acoplamiento en las bandas especificadas&comma; incluso hasta una divisi\u00f3n de 2:1.<\/p>\n<p style='margin: 0 0 15px 0; font-size: 16px; color: inherit; text-align: justify;'>El dise\u00f1o liviano permite una f\u00e1cil fijaci\u00f3n a la pared con el soporte suministrado. Dise\u00f1ado con solo unas pocas uniones de soldadura y un diel\u00e9ctrico de aire&comma; se minimizan las p\u00e9rdidas y se mejora la confiabilidad. Consulte las series DN-x4FN y DN-x4FD para Tappers similares con conectores N y 7\/16.<\/p>\n<\/p><\/div>\n<p> <!-- Caracter\u00edsticas --> <\/p>\n<div style='margin-bottom: 30px;'>\n<p style='margin: 0 0 15px 0; font-size: 16px; color: inherit;'><strong>Caracter\u00edsticas<\/strong><\/p>\n<ul style='padding-left: 20px; font-size: 15px; color: inherit; margin: 0 0 15px 0;'>\n<li style='margin-bottom: 5px;'><span style='color: inherit;'>Relaciones de divisi\u00f3n de 1000:1 a 2:1<\/span><\/li>\n<li style='margin-bottom: 5px;'><span style='color: inherit;'>Tetra&comma; PMR&comma; Celular&comma; UMTS&comma; WiFi a 5&comma;930<\/span><\/li>\n<li style='margin-bottom: 5px;'><span style='color: inherit;'>PIM bajo especificado<\/span><\/li>\n<li style='margin-bottom: 5px;'><span style='color: inherit;'>Clasificaci\u00f3n de potencia promedio de 500 W<\/span><\/li>\n<li style='margin-bottom: 5px;'><span style='color: inherit;'>P\u00e9rdida m\u00ednima de inserci\u00f3n de RF<\/span><\/li>\n<li style='margin-bottom: 5px;'><span style='color: inherit;'>RoHS<\/span><\/li>\n<li style='margin-bottom: 5px;'><span style='color: inherit;'>Alta confiabilidad&comma; IP67<\/span><\/li>\n<\/ul><\/div>\n<p> <!-- Especificaciones --> <\/p>\n<div style='margin-bottom: 30px;'>\n<p style='margin: 0 0 15px 0; font-size: 16px; color: inherit;'><strong>Especificaciones<\/strong><\/p>\n<div style='overflow-x: auto;'>\n<table style='width: 100%; max-width: 100%; border-collapse: collapse; margin-bottom: 0; color: inherit;'>\n<tbody>\n<tr style='background-color: rgba(150&comma;150&comma;150&comma;0.05);'>\n<td style='padding: 12px; border-bottom: 1px solid rgba(150&comma;150&comma;150&comma;0.3); font-weight: bold; width: 40%; color: inherit;'>Frecuencia:<\/td>\n<td style='padding: 12px; border-bottom: 1px solid rgba(150&comma;150&comma;150&comma;0.3); width: 60%; color: inherit;'>350 \u2013 5930 MHz<\/td>\n<\/tr>\n<tr>\n<td style='padding: 12px; border-bottom: 1px solid rgba(150&comma;150&comma;150&comma;0.3); font-weight: bold; color: inherit;'>Relaci\u00f3n:<\/td>\n<td style='padding: 12px; border-bottom: 1px solid rgba(150&comma;150&comma;150&comma;0.3); color: inherit;'>4:1\/6.0dB<\/td>\n<\/tr>\n<tr style='background-color: rgba(150&comma;150&comma;150&comma;0.05);'>\n<td style='padding: 12px; border-bottom: 1px solid rgba(150&comma;150&comma;150&comma;0.3); font-weight: bold; color: inherit;'>Divisi\u00f3n principal\/sucursal:<\/td>\n<td style='padding: 12px; border-bottom: 1px solid rgba(150&comma;150&comma;150&comma;0.3); color: inherit;'>-1&comma;0\/-7&comma;0<\/td>\n<\/tr>\n<tr>\n<td style='padding: 12px; border-bottom: 1px solid rgba(150&comma;150&comma;150&comma;0.3); font-weight: bold; color: inherit;'>Poder:<\/td>\n<td style='padding: 12px; border-bottom: 1px solid rgba(150&comma;150&comma;150&comma;0.3); color: inherit;'>500 W de media&comma; pico de 3 kW<\/td>\n<\/tr>\n<tr style='background-color: rgba(150&comma;150&comma;150&comma;0.05);'>\n<td style='padding: 12px; border-bottom: 1px solid rgba(150&comma;150&comma;150&comma;0.3); font-weight: bold; color: inherit;'>VSWR:<\/td>\n<td style='padding: 12px; border-bottom: 1px solid rgba(150&comma;150&comma;150&comma;0.3); color: inherit;'>1&comma;2:1 para 700-2500 MHz<\/td>\n<\/tr>\n<tr>\n<td style='padding: 12px; border-bottom: 1px solid rgba(150&comma;150&comma;150&comma;0.3); font-weight: bold; color: inherit;'> <\/td>\n<td style='padding: 12px; border-bottom: 1px solid rgba(150&comma;150&comma;150&comma;0.3); color: inherit;'>1&comma;3:1 para 350-5930 MHz<\/td>\n<\/tr>\n<tr style='background-color: rgba(150&comma;150&comma;150&comma;0.05);'>\n<td style='padding: 12px; border-bottom: 1px solid rgba(150&comma;150&comma;150&comma;0.3); font-weight: bold; color: inherit;'>PIM:<\/td>\n<td style='padding: 12px; border-bottom: 1px solid rgba(150&comma;150&comma;150&comma;0.3); color: inherit;'>-161 dBc (2 tonos a +43dBm)<\/td>\n<\/tr>\n<tr>\n<td style='padding: 12px; border-bottom: 1px solid rgba(150&comma;150&comma;150&comma;0.3); font-weight: bold; color: inherit;'>Conectores:<\/td>\n<td style='padding: 12px; border-bottom: 1px solid rgba(150&comma;150&comma;150&comma;0.3); color: inherit;'>4.3-10 (f) trimetal<\/td>\n<\/tr>\n<tr style='background-color: rgba(150&comma;150&comma;150&comma;0.05);'>\n<td style='padding: 12px; border-bottom: 1px solid rgba(150&comma;150&comma;150&comma;0.3); font-weight: bold; color: inherit;'>Protecci\u00f3n de ingreso:<\/td>\n<td style='padding: 12px; border-bottom: 1px solid rgba(150&comma;150&comma;150&comma;0.3); color: inherit;'>IP67<\/td>\n<\/tr>\n<tr>\n<td style='padding: 12px; border-bottom: 1px solid rgba(150&comma;150&comma;150&comma;0.3); font-weight: bold; color: inherit;'>Peso:<\/td>\n<td style='padding: 12px; border-bottom: 1px solid rgba(150&comma;150&comma;150&comma;0.3); color: inherit;'>380 g (0&comma;875 libras)<\/td>\n<\/tr>\n<\/tbody>\n<\/table><\/div>\n<\/p><\/div>\n<\/p><\/div>\n","protected":false},"excerpt":{"rendered":"<p>SEPARADOR 6dB (4:1) Tap 350-5930MHz 500W -161dBc 4.3-10 IP67 .<\/p>\n","protected":false},"featured_media":59831,"comment_status":"open","ping_status":"closed","template":"","meta":[],"product_brand":[],"product_cat":[1529,1528,1755],"product_tag":[1535,1534,1533,1757,1756],"class_list":{"0":"post-59832","1":"product","2":"type-product","3":"status-publish","4":"has-post-thumbnail","6":"product_cat-4g","7":"product_cat-cobertura-celular-5g","8":"product_cat-sistemas-de-antenas-distribuidas-das","9":"product_tag-3g-y-voz","10":"product_tag-4g","11":"product_tag-cobertura-celular-5g","12":"product_tag-microlab","13":"product_tag-sistemas-de-antenas-distribuidas-das","15":"first","16":"outofstock","17":"sale","18":"shipping-taxable","19":"purchasable","20":"product-type-simple"},"_links":{"self":[{"href":"https:\/\/soydeaqui.ddns.net\/pachuca\/index.php\/wp-json\/wp\/v2\/product\/59832","targetHints":{"allow":["GET"]}}],"collection":[{"href":"https:\/\/soydeaqui.ddns.net\/pachuca\/index.php\/wp-json\/wp\/v2\/product"}],"about":[{"href":"https:\/\/soydeaqui.ddns.net\/pachuca\/index.php\/wp-json\/wp\/v2\/types\/product"}],"replies":[{"embeddable":true,"href":"https:\/\/soydeaqui.ddns.net\/pachuca\/index.php\/wp-json\/wp\/v2\/comments?post=59832"}],"wp:featuredmedia":[{"embeddable":true,"href":"https:\/\/soydeaqui.ddns.net\/pachuca\/index.php\/wp-json\/wp\/v2\/media\/59831"}],"wp:attachment":[{"href":"https:\/\/soydeaqui.ddns.net\/pachuca\/index.php\/wp-json\/wp\/v2\/media?parent=59832"}],"wp:term":[{"taxonomy":"product_brand","embeddable":true,"href":"https:\/\/soydeaqui.ddns.net\/pachuca\/index.php\/wp-json\/wp\/v2\/product_brand?post=59832"},{"taxonomy":"product_cat","embeddable":true,"href":"https:\/\/soydeaqui.ddns.net\/pachuca\/index.php\/wp-json\/wp\/v2\/product_cat?post=59832"},{"taxonomy":"product_tag","embeddable":true,"href":"https:\/\/soydeaqui.ddns.net\/pachuca\/index.php\/wp-json\/wp\/v2\/product_tag?post=59832"}],"curies":[{"name":"wp","href":"https:\/\/api.w.org\/{rel}","templated":true}]}}