{"id":59817,"date":"2026-03-19T05:13:17","date_gmt":"2026-03-19T05:13:17","guid":{"rendered":"https:\/\/soydeaqui.ddns.net\/pachuca\/index.php\/producto\/separador-30db-10001-tap-350-5930mhz-500w-161dbc-4-3-10-ip67\/"},"modified":"2026-03-19T05:13:21","modified_gmt":"2026-03-19T05:13:21","slug":"separador-30db-10001-tap-350-5930mhz-500w-161dbc-4-3-10-ip67","status":"publish","type":"product","link":"https:\/\/soydeaqui.ddns.net\/pachuca\/index.php\/producto\/separador-30db-10001-tap-350-5930mhz-500w-161dbc-4-3-10-ip67\/","title":{"rendered":"SEPARADOR 30dB (1000:1) Tap 350-5930MHz 500W -161dBc 4.3-10 IP67 ."},"content":{"rendered":"<div style='width: 100%; max-width: 1200px; margin: 0 auto; font-family: sans-serif; line-height: 1.6; color: inherit; background-color: transparent;'> <!-- Secci\u00f3n de descripci\u00f3n --> <\/p>\n<div style='margin-bottom: 30px;'>\n<h3 style='font-size: 22px; border-bottom: 2px solid currentColor; padding-bottom: 5px; margin-top: 0; color: inherit; opacity: 0.8;'>Descripci\u00f3n<\/h3>\n<p style='margin: 0 0 15px; color: inherit; font-size: 15px; text-align: justify;'> La serie Microlab DN-x4FE de Tappers divide de manera desigual se\u00f1ales celulares de alta potencia en proporciones fijas de 1000:1 a 2:1 con reflejos o p\u00e9rdidas m\u00ednimos sobre las bandas inal\u00e1mbricas clave en el rango de 350 a 5930 MHz (no hay acoplamiento de 1550 a 1650 Megahercio). <\/p>\n<p style='margin: 0 0 15px; color: inherit; font-size: 15px; text-align: justify;'> El innovador dise\u00f1o asim\u00e9trico garantiza una excelente VSWR de entrada y uniformidad de acoplamiento en las bandas especificadas&comma; incluso hasta una divisi\u00f3n de 2:1. <\/p>\n<p style='margin: 0 0 15px; color: inherit; font-size: 15px; text-align: justify;'> El dise\u00f1o liviano permite una f\u00e1cil fijaci\u00f3n a la pared con el soporte suministrado. Dise\u00f1ado con solo unas pocas uniones de soldadura y un diel\u00e9ctrico de aire&comma; se minimizan las p\u00e9rdidas y se mejora la confiabilidad. <\/p>\n<p style='margin: 0 0 15px; color: inherit; font-size: 15px; text-align: justify;'> Consulte las series DN-x4FN y DN-x4FD para Tappers similares con conectores N y 7\/16. <\/p>\n<\/p><\/div>\n<p> <!-- Secci\u00f3n de caracter\u00edsticas --> <\/p>\n<div style='margin-bottom: 30px;'>\n<h3 style='font-size: 22px; border-bottom: 2px solid currentColor; padding-bottom: 5px; margin-top: 0; color: inherit; opacity: 0.8;'>Caracter\u00edsticas<\/h3>\n<ul style='padding-left: 20px; font-size: 15px; color: inherit; list-style-type: disc;'>\n<li style='margin-bottom: 5px; color: inherit;'>Relaciones de divisi\u00f3n de 1000:1 a 2:1<\/li>\n<li style='margin-bottom: 5px; color: inherit;'>Tetra&comma; PMR&comma; Celular&comma; UMTS&comma; WiFi a 5&comma;930<\/li>\n<li style='margin-bottom: 5px; color: inherit;'>PIM bajo especificado<\/li>\n<li style='margin-bottom: 5px; color: inherit;'>Clasificaci\u00f3n de potencia promedio de 500 W<\/li>\n<li style='margin-bottom: 5px; color: inherit;'>P\u00e9rdida m\u00ednima de inserci\u00f3n de RF<\/li>\n<li style='margin-bottom: 5px; color: inherit;'>RoHS<\/li>\n<li style='margin-bottom: 5px; color: inherit;'>Alta confiabilidad&comma; IP67<\/li>\n<\/ul><\/div>\n<p> <!-- Secci\u00f3n de especificaciones --> <\/p>\n<div style='margin-bottom: 30px;'>\n<h3 style='font-size: 22px; border-bottom: 2px solid currentColor; padding-bottom: 5px; margin-top: 0; color: inherit; opacity: 0.8;'>Especificaciones<\/h3>\n<div style='display: flex; flex-wrap: wrap; gap: 20px;'>\n<div style='flex: 1 1 250px; border: 1px solid rgba(150&comma; 150&comma; 150&comma; 0.4); border-radius: 8px; overflow: hidden; display: flex; flex-direction: column;'>\n<div style='padding: 15px; border-bottom: 1px solid rgba(150&comma; 150&comma; 150&comma; 0.2); font-weight: bold; font-size: 18px; color: inherit;'>Especificaciones Generales<\/div>\n<div style='padding: 15px; color: inherit;'>\n<ul style='padding-left: 20px; margin: 0; font-size: 14px; list-style-type: disc;'>\n<li style='margin-bottom: 5px; color: inherit;'><strong>Frecuencia:<\/strong> 350 \u2013 5930 MHz<\/li>\n<li style='margin-bottom: 5px; color: inherit;'><strong>Relaci\u00f3n:<\/strong> 1000:1\/30dB<\/li>\n<li style='margin-bottom: 5px; color: inherit;'><strong>Divisi\u00f3n principal\/sucursal:<\/strong> -0&comma;1\/-30&comma;1<\/li>\n<\/ul><\/div>\n<\/p><\/div>\n<div style='flex: 1 1 250px; border: 1px solid rgba(150&comma; 150&comma; 150&comma; 0.4); border-radius: 8px; overflow: hidden; display: flex; flex-direction: column;'>\n<div style='padding: 15px; border-bottom: 1px solid rgba(150&comma; 150&comma; 150&comma; 0.2); font-weight: bold; font-size: 18px; color: inherit;'>Especificaciones T\u00e9cnicas<\/div>\n<div style='padding: 15px; color: inherit;'>\n<ul style='padding-left: 20px; margin: 0; font-size: 14px; list-style-type: disc;'>\n<li style='margin-bottom: 5px; color: inherit;'><strong>Poder:<\/strong> 500 W de media&comma; pico de 3 kW<\/li>\n<li style='margin-bottom: 5px; color: inherit;'><strong>VSWR:<\/strong> 1&comma;2:1 para 700-2500 MHz<\/li>\n<li style='margin-bottom: 5px; color: inherit;'>1&comma;3:1 para 350-5930 MHz<\/li>\n<li style='margin-bottom: 5px; color: inherit;'><strong>PIM:<\/strong> -161 dBc (2 tonos a +43dBm)<\/li>\n<li style='margin-bottom: 5px; color: inherit;'><strong>Conectores:<\/strong> 4.3-10 (f) trimetal<\/li>\n<li style='margin-bottom: 5px; color: inherit;'><strong>Protecci\u00f3n de ingreso:<\/strong> IP67<\/li>\n<li style='margin-bottom: 5px; color: inherit;'><strong>Peso:<\/strong> 380 g (0&comma;875 libras)<\/li>\n<\/ul><\/div>\n<\/p><\/div>\n<\/p><\/div>\n<\/p><\/div>\n<p> <!-- Separador --> <\/p>\n<hr style='border: 0; border-top: 1px solid rgba(150&comma; 150&comma; 150&comma; 0.3); margin: 30px 0;'> <\/div>\n","protected":false},"excerpt":{"rendered":"<p>SEPARADOR 30dB (1000:1) Tap 350-5930MHz 500W -161dBc 4.3-10 IP67 .<\/p>\n","protected":false},"featured_media":59816,"comment_status":"open","ping_status":"closed","template":"","meta":[],"product_brand":[],"product_cat":[1529,1570,1528],"product_tag":[1535,1534,1571,1533,1757],"class_list":{"0":"post-59817","1":"product","2":"type-product","3":"status-publish","4":"has-post-thumbnail","6":"product_cat-4g","7":"product_cat-amplificadores-de-senal-celular-adsc","8":"product_cat-cobertura-celular-5g","9":"product_tag-3g-y-voz","10":"product_tag-4g","11":"product_tag-amplificadores-de-senal-celular-adsc","12":"product_tag-cobertura-celular-5g","13":"product_tag-microlab","15":"first","16":"outofstock","17":"sale","18":"shipping-taxable","19":"purchasable","20":"product-type-simple"},"_links":{"self":[{"href":"https:\/\/soydeaqui.ddns.net\/pachuca\/index.php\/wp-json\/wp\/v2\/product\/59817","targetHints":{"allow":["GET"]}}],"collection":[{"href":"https:\/\/soydeaqui.ddns.net\/pachuca\/index.php\/wp-json\/wp\/v2\/product"}],"about":[{"href":"https:\/\/soydeaqui.ddns.net\/pachuca\/index.php\/wp-json\/wp\/v2\/types\/product"}],"replies":[{"embeddable":true,"href":"https:\/\/soydeaqui.ddns.net\/pachuca\/index.php\/wp-json\/wp\/v2\/comments?post=59817"}],"wp:featuredmedia":[{"embeddable":true,"href":"https:\/\/soydeaqui.ddns.net\/pachuca\/index.php\/wp-json\/wp\/v2\/media\/59816"}],"wp:attachment":[{"href":"https:\/\/soydeaqui.ddns.net\/pachuca\/index.php\/wp-json\/wp\/v2\/media?parent=59817"}],"wp:term":[{"taxonomy":"product_brand","embeddable":true,"href":"https:\/\/soydeaqui.ddns.net\/pachuca\/index.php\/wp-json\/wp\/v2\/product_brand?post=59817"},{"taxonomy":"product_cat","embeddable":true,"href":"https:\/\/soydeaqui.ddns.net\/pachuca\/index.php\/wp-json\/wp\/v2\/product_cat?post=59817"},{"taxonomy":"product_tag","embeddable":true,"href":"https:\/\/soydeaqui.ddns.net\/pachuca\/index.php\/wp-json\/wp\/v2\/product_tag?post=59817"}],"curies":[{"name":"wp","href":"https:\/\/api.w.org\/{rel}","templated":true}]}}