{"id":59796,"date":"2026-03-19T05:12:37","date_gmt":"2026-03-19T05:12:37","guid":{"rendered":"https:\/\/soydeaqui.ddns.net\/pachuca\/index.php\/producto\/divisor-wilkinson-de-4-vias-694-2700mhz-50w-154dbc-4-3-10\/"},"modified":"2026-03-19T05:12:40","modified_gmt":"2026-03-19T05:12:40","slug":"divisor-wilkinson-de-4-vias-694-2700mhz-50w-154dbc-4-3-10","status":"publish","type":"product","link":"https:\/\/soydeaqui.ddns.net\/pachuca\/index.php\/producto\/divisor-wilkinson-de-4-vias-694-2700mhz-50w-154dbc-4-3-10\/","title":{"rendered":"DIVISOR WILKINSON DE 4 VIAS 694-2700MHz 50W -154dBc 4.3-10"},"content":{"rendered":"<div style='width: 100%; max-width: 1200px; margin: 0 auto; font-family: sans-serif; line-height: 1.6; color: inherit; background-color: transparent;'> <!-- Descripci\u00f3n --> <\/p>\n<div style='margin-bottom: 30px;'>\n<h3 style='font-size: 22px; border-bottom: 2px solid currentColor; padding-bottom: 5px; margin-top: 0; color: inherit; opacity: 0.8;'>Descripci\u00f3n<\/h3>\n<p style='font-size: 15px; margin-bottom: 15px; color: inherit;'>La serie Microlab modelo Dx-72 de divisores de potencia estilo Wilkinson ha sido dise\u00f1ada para aplicaciones de bajo PIM donde el aislamiento de salida es preferible a la p\u00e9rdida m\u00e1s baja posible.<\/p>\n<p style='font-size: 15px; margin-bottom: 15px; color: inherit;'>El amplio rango de frecuencias de este dise\u00f1o permite su uso con antenas multibanda y sistemas de cable con fugas.<\/p>\n<\/p><\/div>\n<p> <!-- Caracter\u00edsticas --> <\/p>\n<div style='margin-bottom: 30px;'>\n<h3 style='font-size: 22px; border-bottom: 2px solid currentColor; padding-bottom: 5px; margin-top: 0; color: inherit; opacity: 0.8;'>Caracter\u00edsticas<\/h3>\n<ul style='padding-left: 20px; font-size: 15px; color: inherit;'>\n<li style='margin-bottom: 5px;'>Rango de frecuencia multibanda de 694 a 2700 MHz<\/li>\n<li style='margin-bottom: 5px;'>Clasificaci\u00f3n de potencia de 50W<\/li>\n<li style='margin-bottom: 5px;'>Dise\u00f1o de bajo PIM<\/li>\n<li style='margin-bottom: 5px;'>Baja p\u00e9rdida de inserci\u00f3n de RF<\/li>\n<li style='margin-bottom: 5px;'>Aislamiento de 20dB<\/li>\n<li style='margin-bottom: 5px;'>RoHS<\/li>\n<\/ul><\/div>\n<p> <!-- Separador --> <\/p>\n<hr style='border: 0; border-top: 1px solid rgba(150&comma; 150&comma; 150&comma; 0.3); margin: 30px 0;'> <!-- Especificaciones --> <\/p>\n<div style='margin-bottom: 30px;'>\n<h3 style='font-size: 22px; border-bottom: 2px solid currentColor; padding-bottom: 5px; margin-top: 0; color: inherit; opacity: 0.8;'>Especificaciones<\/h3>\n<div style='display: flex; flex-wrap: wrap; gap: 20px;'>\n<div style='flex: 1 1 250px; border: 1px solid rgba(150&comma; 150&comma; 150&comma; 0.4); border-radius: 8px; overflow: hidden; display: flex; flex-direction: column;'>\n<div style='padding: 15px; border-bottom: 1px solid rgba(150&comma; 150&comma; 150&comma; 0.2); font-weight: bold; font-size: 18px; color: inherit;'>Especificaciones t\u00e9cnicas<\/div>\n<div style='padding: 15px; color: inherit;'>\n<ul style='padding-left: 20px; margin: 0; font-size: 14px; list-style-type: disc;'>\n<li style='margin-bottom: 5px;'><strong>Frecuencia:<\/strong> 694 \u2013 2700 MHz<\/li>\n<li style='margin-bottom: 5px;'><strong>Divisiones:<\/strong> 4<\/li>\n<li style='margin-bottom: 5px;'><strong>P\u00e9rdida dividida:<\/strong> 6dB<\/li>\n<li style='margin-bottom: 5px;'><strong>Potencia:<\/strong> 50W<\/li>\n<li style='margin-bottom: 5px;'><strong>VSWR:<\/strong> <1.30:1<\/li>\n<li style='margin-bottom: 5px;'><strong>PIM:<\/strong> -154 dBc (2 X +43dBm puerto com\u00fan IM3 a 1850 MHz)<\/li>\n<li style='margin-bottom: 5px;'><strong>Conectores:<\/strong> 4.3-10<\/li>\n<li style='margin-bottom: 5px;'><strong>Protecci\u00f3n de ingreso:<\/strong> IP64<\/li>\n<\/ul><\/div>\n<\/p><\/div>\n<\/p><\/div>\n<\/p><\/div>\n<\/p><\/div>\n","protected":false},"excerpt":{"rendered":"<p>DIVISOR WILKINSON DE 4 VIAS 694-2700MHz 50W -154dBc 4.3-10<\/p>\n","protected":false},"featured_media":59795,"comment_status":"open","ping_status":"closed","template":"","meta":[],"product_brand":[],"product_cat":[1529,1528,1755],"product_tag":[1535,1534,1533,1757,1756],"class_list":{"0":"post-59796","1":"product","2":"type-product","3":"status-publish","4":"has-post-thumbnail","6":"product_cat-4g","7":"product_cat-cobertura-celular-5g","8":"product_cat-sistemas-de-antenas-distribuidas-das","9":"product_tag-3g-y-voz","10":"product_tag-4g","11":"product_tag-cobertura-celular-5g","12":"product_tag-microlab","13":"product_tag-sistemas-de-antenas-distribuidas-das","15":"first","16":"outofstock","17":"sale","18":"shipping-taxable","19":"purchasable","20":"product-type-simple"},"_links":{"self":[{"href":"https:\/\/soydeaqui.ddns.net\/pachuca\/index.php\/wp-json\/wp\/v2\/product\/59796","targetHints":{"allow":["GET"]}}],"collection":[{"href":"https:\/\/soydeaqui.ddns.net\/pachuca\/index.php\/wp-json\/wp\/v2\/product"}],"about":[{"href":"https:\/\/soydeaqui.ddns.net\/pachuca\/index.php\/wp-json\/wp\/v2\/types\/product"}],"replies":[{"embeddable":true,"href":"https:\/\/soydeaqui.ddns.net\/pachuca\/index.php\/wp-json\/wp\/v2\/comments?post=59796"}],"wp:featuredmedia":[{"embeddable":true,"href":"https:\/\/soydeaqui.ddns.net\/pachuca\/index.php\/wp-json\/wp\/v2\/media\/59795"}],"wp:attachment":[{"href":"https:\/\/soydeaqui.ddns.net\/pachuca\/index.php\/wp-json\/wp\/v2\/media?parent=59796"}],"wp:term":[{"taxonomy":"product_brand","embeddable":true,"href":"https:\/\/soydeaqui.ddns.net\/pachuca\/index.php\/wp-json\/wp\/v2\/product_brand?post=59796"},{"taxonomy":"product_cat","embeddable":true,"href":"https:\/\/soydeaqui.ddns.net\/pachuca\/index.php\/wp-json\/wp\/v2\/product_cat?post=59796"},{"taxonomy":"product_tag","embeddable":true,"href":"https:\/\/soydeaqui.ddns.net\/pachuca\/index.php\/wp-json\/wp\/v2\/product_tag?post=59796"}],"curies":[{"name":"wp","href":"https:\/\/api.w.org\/{rel}","templated":true}]}}