{"id":59791,"date":"2026-03-19T05:12:29","date_gmt":"2026-03-19T05:12:29","guid":{"rendered":"https:\/\/soydeaqui.ddns.net\/pachuca\/index.php\/producto\/kit-de-radar-halo20-de-36-millas-nauticas-y-pantalla-serie-go7\/"},"modified":"2026-03-19T05:12:30","modified_gmt":"2026-03-19T05:12:30","slug":"kit-de-radar-halo20-de-36-millas-nauticas-y-pantalla-serie-go7","status":"publish","type":"product","link":"https:\/\/soydeaqui.ddns.net\/pachuca\/index.php\/producto\/kit-de-radar-halo20-de-36-millas-nauticas-y-pantalla-serie-go7\/","title":{"rendered":"Kit de Radar HALO20+ de 36 Millas N\u00e1uticas y pantalla serie GO7"},"content":{"rendered":"<div style='width: 100%; max-width: 1200px; margin: 0 auto; font-family: sans-serif; line-height: 1.6; color: inherit; background-color: transparent;'>\n<div style='display: flex; flex-wrap: wrap; gap: 30px; margin-bottom: 30px;'>\n<div style='flex: 1 1 300px; min-width: 280px;'>\n<h3 style='font-size: 22px; border-bottom: 2px solid currentColor; padding-bottom: 5px; margin-top: 0; color: inherit; opacity: 0.8;'>Caracter\u00edsticas de radar HALO20+<\/h3>\n<ul style='padding-left: 20px; font-size: 15px; color: inherit;'>\n<li style='margin-bottom: 5px;'><strong style='color: inherit;'>Alcance:<\/strong> de 0 a 36 NM (millas n\u00e1uticas)<\/li>\n<li style='margin-bottom: 5px;'><strong style='color: inherit;'>Compresi\u00f3n:<\/strong> de pulso de 25W<\/li>\n<li style='margin-bottom: 5px;'><strong style='color: inherit;'>Funci\u00f3n:<\/strong> VelocityTrack \u2122<\/li>\n<li style='margin-bottom: 5px;'><strong style='color: inherit;'>Seguimiento:<\/strong> de destino autom\u00e1tico ARPA<\/li>\n<li style='margin-bottom: 5px;'><strong style='color: inherit;'>Rango:<\/strong> dual<\/li>\n<li style='margin-bottom: 5px;'><strong style='color: inherit;'>Rotaci\u00f3n:<\/strong> de alta velocidad de 60 rpm<\/li>\n<li style='margin-bottom: 5px;'><strong style='color: inherit;'>Peso:<\/strong> 5.9kg<\/li>\n<li style='margin-bottom: 5px;'><strong style='color: inherit;'>Alcance:<\/strong> Incomparable corto alcance<\/li>\n<li style='margin-bottom: 5px;'><strong style='color: inherit;'>Detecci\u00f3n:<\/strong> Excelente detecci\u00f3n de objetivos<\/li>\n<li style='margin-bottom: 5px;'><strong style='color: inherit;'>Tecnolog\u00eda:<\/strong> InstantOn \u2122<\/li>\n<li style='margin-bottom: 5px;'><strong style='color: inherit;'>Consumo:<\/strong> Bajo consumo de energ\u00eda<\/li>\n<\/ul><\/div>\n<div style='flex: 1 1 300px; min-width: 280px;'>\n<h3 style='font-size: 22px; border-bottom: 2px solid currentColor; padding-bottom: 5px; margin-top: 0; color: inherit; opacity: 0.8;'>Caracter\u00edsticas de pantalla serie GO7<\/h3>\n<ul style='padding-left: 20px; font-size: 15px; color: inherit;'>\n<li style='margin-bottom: 5px;'><strong style='color: inherit;'>Pantalla:<\/strong> F\u00e1cil de usar&comma; pantalla t\u00e1ctil tipo tableta de alto brillo de 7&#8242;<\/li>\n<li style='margin-bottom: 5px;'><strong style='color: inherit;'>Sonda:<\/strong> Avanzada incorporada capaz de mostrar im\u00e1genes de CHIRP&comma; Forwardscan&comma; Sidescan y Downscan<\/li>\n<li style='margin-bottom: 5px;'><strong style='color: inherit;'>Puerto de radar:<\/strong> para conexi\u00f3n a un radar de estado s\u00f3lido de Simrad<\/li>\n<li style='margin-bottom: 5px;'><strong style='color: inherit;'>Conectividad:<\/strong> Direct Audio&comma; piloto autom\u00e1tico&comma; comunicaci\u00f3n y conexi\u00f3n del motor y control sobre NMEA2000<\/li>\n<li style='margin-bottom: 5px;'><strong style='color: inherit;'>Cartograf\u00eda:<\/strong> Navegue de forma segura y f\u00e1cil con su cartograf\u00eda favorita (Insight&comma; Navionics&comma; CMAP)<\/li>\n<li style='margin-bottom: 5px;'><strong style='color: inherit;'>Control:<\/strong> del circuito de la embarcaci\u00f3n cuando est\u00e1 conectado a un sistema de conmutaci\u00f3n digital de zona C<\/li>\n<li style='margin-bottom: 5px;'><strong style='color: inherit;'>Actualizaciones:<\/strong> Notificaciones de actualizaciones de software y descargas cuando est\u00e1 conectado a Internet<\/li>\n<li style='margin-bottom: 5px;'><strong style='color: inherit;'>GPS:<\/strong> Antena de GPS de 10 Hz<\/li>\n<li style='margin-bottom: 5px;'><strong style='color: inherit;'>Almacenamiento:<\/strong> Doble ranura para tarjeta micro SD<\/li>\n<li style='margin-bottom: 5px;'><strong style='color: inherit;'>Ecosonda:<\/strong> Construido en ecosonda (Broadband &#038; Chirp)<\/li>\n<li style='margin-bottom: 5px;'><strong style='color: inherit;'>Im\u00e1genes:<\/strong> Construido en DownScan y Sidescan Imaging (se requiere transductor)<\/li>\n<li style='margin-bottom: 5px;'><strong style='color: inherit;'>Im\u00e1genes:<\/strong> Construido en Forwardscan Imaging (se requiere transductor)<\/li>\n<li style='margin-bottom: 5px;'><strong style='color: inherit;'>Compatibilidad:<\/strong> Puerto para conexi\u00f3n de radar Simrad HALO20&comma; HALO20+&comma; HALO 24 y serie HALO 3&comma; 4 y 6<\/li>\n<li style='margin-bottom: 5px;'><strong style='color: inherit;'>Redes:<\/strong> Redes NMEA 2000 avanzadas<\/li>\n<\/ul><\/div>\n<\/p><\/div>\n<div style='display: flex; flex-wrap: wrap; gap: 30px;'>\n<div style='flex: 1 1 300px; min-width: 280px;'>\n<h3 style='font-size: 22px; border-bottom: 2px solid currentColor; padding-bottom: 5px; margin-top: 0; color: inherit; opacity: 0.8;'>Equipos incluidos en el Kit<\/h3>\n<ul style='padding-left: 20px; font-size: 15px; color: inherit;'>\n<li style='margin-bottom: 5px;'>Radar HALO20+ <span style='color: inherit;'>(14536001)<\/span><\/li>\n<li style='margin-bottom: 5px;'>Pantalla GO7 <span style='color: inherit;'>(14448001)<\/span><\/li>\n<\/ul><\/div>\n<\/p><\/div>\n<hr style='border: 0; border-top: 1px solid rgba(150&comma; 150&comma; 150&comma; 0.3); margin: 30px 0;'> <\/div>\n","protected":false},"excerpt":{"rendered":"<p>Kit de Radar HALO20+ de 36 Millas N\u00e1uticas y pantalla serie GO7<\/p>\n","protected":false},"featured_media":59790,"comment_status":"open","ping_status":"closed","template":"","meta":[],"product_brand":[],"product_cat":[1503],"product_tag":[1504,1505,1172],"class_list":{"0":"post-59791","1":"product","2":"type-product","3":"status-publish","4":"has-post-thumbnail","6":"product_cat-navegacion-marina","7":"product_tag-navegacion-marina","8":"product_tag-simrad","9":"product_tag-soluciones-marinas","11":"first","12":"outofstock","13":"sale","14":"shipping-taxable","15":"purchasable","16":"product-type-simple"},"_links":{"self":[{"href":"https:\/\/soydeaqui.ddns.net\/pachuca\/index.php\/wp-json\/wp\/v2\/product\/59791","targetHints":{"allow":["GET"]}}],"collection":[{"href":"https:\/\/soydeaqui.ddns.net\/pachuca\/index.php\/wp-json\/wp\/v2\/product"}],"about":[{"href":"https:\/\/soydeaqui.ddns.net\/pachuca\/index.php\/wp-json\/wp\/v2\/types\/product"}],"replies":[{"embeddable":true,"href":"https:\/\/soydeaqui.ddns.net\/pachuca\/index.php\/wp-json\/wp\/v2\/comments?post=59791"}],"wp:featuredmedia":[{"embeddable":true,"href":"https:\/\/soydeaqui.ddns.net\/pachuca\/index.php\/wp-json\/wp\/v2\/media\/59790"}],"wp:attachment":[{"href":"https:\/\/soydeaqui.ddns.net\/pachuca\/index.php\/wp-json\/wp\/v2\/media?parent=59791"}],"wp:term":[{"taxonomy":"product_brand","embeddable":true,"href":"https:\/\/soydeaqui.ddns.net\/pachuca\/index.php\/wp-json\/wp\/v2\/product_brand?post=59791"},{"taxonomy":"product_cat","embeddable":true,"href":"https:\/\/soydeaqui.ddns.net\/pachuca\/index.php\/wp-json\/wp\/v2\/product_cat?post=59791"},{"taxonomy":"product_tag","embeddable":true,"href":"https:\/\/soydeaqui.ddns.net\/pachuca\/index.php\/wp-json\/wp\/v2\/product_tag?post=59791"}],"curies":[{"name":"wp","href":"https:\/\/api.w.org\/{rel}","templated":true}]}}