{"id":59783,"date":"2026-03-19T05:12:15","date_gmt":"2026-03-19T05:12:15","guid":{"rendered":"https:\/\/soydeaqui.ddns.net\/pachuca\/index.php\/producto\/tuerca-p-bot-vol-tk260g-360g-270g\/"},"modified":"2026-03-19T05:12:18","modified_gmt":"2026-03-19T05:12:18","slug":"tuerca-p-bot-vol-tk260g-360g-270g","status":"publish","type":"product","link":"https:\/\/soydeaqui.ddns.net\/pachuca\/index.php\/producto\/tuerca-p-bot-vol-tk260g-360g-270g\/","title":{"rendered":"TUERCA P\/ BOT VOL TK260G\/360G\/270G"},"content":{"rendered":"<div style='width: 100%; max-width: 1200px; margin: 0 auto; font-family: sans-serif; line-height: 1.6; color: inherit; background-color: transparent;'> <!-- Secci\u00f3n de contenido con flex\/grid --> <\/p>\n<div style='display: flex; flex-wrap: wrap; gap: 30px; margin-bottom: 30px;'>\n<div style='flex: 1 1 300px; min-width: 280px;'>\n<h3 style='font-size: 22px; border-bottom: 2px solid currentColor; padding-bottom: 5px; margin-top: 0; color: inherit; opacity: 0.8;'>CARACTER\u00cdSTICAS PRINCIPALES DEL PRODUCTO<\/h3>\n<ul style='padding-left: 20px; font-size: 15px; color: inherit;'>\n<li style='margin-bottom: 5px;'>Compatibilidad con botellas TK260g&comma; 360g&comma; 270g<\/li>\n<li style='margin-bottom: 5px;'>Fabricada con materiales duraderos y resistentes<\/li>\n<li style='margin-bottom: 5px;'>F\u00e1cil instalaci\u00f3n sin herramientas adicionales<\/li>\n<li style='margin-bottom: 5px;'>Dise\u00f1o ergon\u00f3mico para un manejo c\u00f3modo<\/li>\n<li style='margin-bottom: 5px;'>Acabado resistente a la corrosi\u00f3n<\/li>\n<\/ul><\/div>\n<\/p><\/div>\n<p> <!-- Separador --> <\/p>\n<hr style='border: 0; border-top: 1px solid rgba(150&comma; 150&comma; 150&comma; 0.3); margin: 30px 0;'> <\/div>\n","protected":false},"excerpt":{"rendered":"<p>TUERCA P\/ BOT VOL TK260G\/360G\/270G<\/p>\n","protected":false},"featured_media":59782,"comment_status":"open","ping_status":"closed","template":"","meta":[],"product_brand":[],"product_cat":[1596],"product_tag":[1580,1597,751],"class_list":{"0":"post-59783","1":"product","2":"type-product","3":"status-publish","4":"has-post-thumbnail","6":"product_cat-kenwood-icom-txpro","7":"product_tag-kenwood","8":"product_tag-kenwood-icom-txpro","9":"product_tag-refacciones","11":"first","12":"instock","13":"sale","14":"shipping-taxable","15":"purchasable","16":"product-type-simple"},"_links":{"self":[{"href":"https:\/\/soydeaqui.ddns.net\/pachuca\/index.php\/wp-json\/wp\/v2\/product\/59783","targetHints":{"allow":["GET"]}}],"collection":[{"href":"https:\/\/soydeaqui.ddns.net\/pachuca\/index.php\/wp-json\/wp\/v2\/product"}],"about":[{"href":"https:\/\/soydeaqui.ddns.net\/pachuca\/index.php\/wp-json\/wp\/v2\/types\/product"}],"replies":[{"embeddable":true,"href":"https:\/\/soydeaqui.ddns.net\/pachuca\/index.php\/wp-json\/wp\/v2\/comments?post=59783"}],"wp:featuredmedia":[{"embeddable":true,"href":"https:\/\/soydeaqui.ddns.net\/pachuca\/index.php\/wp-json\/wp\/v2\/media\/59782"}],"wp:attachment":[{"href":"https:\/\/soydeaqui.ddns.net\/pachuca\/index.php\/wp-json\/wp\/v2\/media?parent=59783"}],"wp:term":[{"taxonomy":"product_brand","embeddable":true,"href":"https:\/\/soydeaqui.ddns.net\/pachuca\/index.php\/wp-json\/wp\/v2\/product_brand?post=59783"},{"taxonomy":"product_cat","embeddable":true,"href":"https:\/\/soydeaqui.ddns.net\/pachuca\/index.php\/wp-json\/wp\/v2\/product_cat?post=59783"},{"taxonomy":"product_tag","embeddable":true,"href":"https:\/\/soydeaqui.ddns.net\/pachuca\/index.php\/wp-json\/wp\/v2\/product_tag?post=59783"}],"curies":[{"name":"wp","href":"https:\/\/api.w.org\/{rel}","templated":true}]}}