{"id":59781,"date":"2026-03-19T05:12:13","date_gmt":"2026-03-19T05:12:13","guid":{"rendered":"https:\/\/soydeaqui.ddns.net\/pachuca\/index.php\/producto\/inserto-de-caucho-de-4-con-dos-orificios-para-cable-de-1-2-in\/"},"modified":"2026-03-19T05:12:14","modified_gmt":"2026-03-19T05:12:14","slug":"inserto-de-caucho-de-4-con-dos-orificios-para-cable-de-1-2-in","status":"publish","type":"product","link":"https:\/\/soydeaqui.ddns.net\/pachuca\/index.php\/producto\/inserto-de-caucho-de-4-con-dos-orificios-para-cable-de-1-2-in\/","title":{"rendered":"Inserto de Caucho de 4&#8243; Con Dos Orificios para Cable de 1\/2 in"},"content":{"rendered":"<div style='width: 100%; max-width: 1200px; margin: 0 auto; font-family: sans-serif; line-height: 1.6; color: inherit; background-color: transparent;'> <!-- Imagen principal --> <\/p>\n<div style='width: 100%; margin-bottom: 30px;'> <img style='width: 100%; height: auto; border: 1px solid rgba(150&comma;150&comma;150&comma;0.3); border-radius: 8px;' src='https:\/\/ftp3.syscom.mx\/usuarios\/fotos\/KITST68MCLICK1\/200912-syscom_towers.png' alt=''> <\/div>\n<p> <!-- Contenido principal con grid --> <\/p>\n<div style='display: grid; grid-template-columns: 1fr 1fr; gap: 30px; margin-bottom: 30px;'>\n<div style='grid-column: 1;'>\n<h3 style='font-size: 22px; border-bottom: 2px solid currentColor; padding-bottom: 5px; margin-top: 0; color: inherit; opacity: 0.8;'>Descripci\u00f3n<\/h3>\n<p style='font-size: 15px; color: inherit;'>Las botas o insertos de caucho para placa pasamuro son componentes dise\u00f1ados para proporcionar un sellado herm\u00e9tico alrededor de los cables que pasan a trav\u00e9s de una placa pasamuro o cualquier otro tipo de penetraci\u00f3n en una pared&comma; piso o techo<\/p>\n<h3 style='font-size: 22px; border-bottom: 2px solid currentColor; padding-bottom: 5px; margin-top: 25px; color: inherit; opacity: 0.8;'>Aplicaciones principales<\/h3>\n<ul style='padding-left: 20px; font-size: 15px; color: inherit;'>\n<li style='margin-bottom: 5px;'><strong>Instalaciones el\u00e9ctricas:<\/strong> Se utilizan para sellar los cables que pasan a trav\u00e9s de paneles de distribuci\u00f3n&comma; cajas de conexiones&comma; conductos y otros componentes el\u00e9ctricos.<\/li>\n<li style='margin-bottom: 5px;'><strong>Telecomunicaciones:<\/strong> Son comunes para sellar los cables de red que pasan a trav\u00e9s de paredes y pisos.<\/li>\n<li style='margin-bottom: 5px;'><strong>Industria automotriz:<\/strong> Se utilizan para sellar los cables que pasan a trav\u00e9s de paneles de carrocer\u00eda y componentes interiores.<\/li>\n<\/ul><\/div>\n<div style='grid-column: 2;'> <img style='width: 100%; height: auto; border: 1px solid rgba(150&comma;150&comma;150&comma;0.3); border-radius: 8px;' src='https:\/\/ftp3.syscom.mx\/usuarios\/fotos\/CI112\/212148-inserto.png' alt=''> <\/div>\n<\/p><\/div>\n<p> <!-- Especificaciones --> <\/p>\n<div style='display: flex; flex-wrap: wrap; gap: 20px; margin-bottom: 30px;'>\n<div style='flex: 1 1 250px; border: 1px solid rgba(150&comma; 150&comma; 150&comma; 0.4); border-radius: 8px; overflow: hidden; display: flex; flex-direction: column;'>\n<div style='padding: 15px; border-bottom: 1px solid rgba(150&comma; 150&comma; 150&comma; 0.2); font-weight: bold; font-size: 18px; color: inherit;'>Caracter\u00edsticas<\/div>\n<div style='padding: 15px; color: inherit;'>\n<ul style='padding-left: 20px; margin: 0; font-size: 14px; list-style-type: disc;'>\n<li style='margin-bottom: 5px;'><strong>Material:<\/strong> Caucho de polietileno (EPDM)<\/li>\n<li style='margin-bottom: 5px;'><strong>Tama\u00f1o de cable:<\/strong> 1\/2 in<\/li>\n<li style='margin-bottom: 5px;'><strong>Cantidad de Orificios:<\/strong> 2<\/li>\n<li style='margin-bottom: 5px;'><strong>Di\u00e1metro Exterior:<\/strong> 85 mm | 3.34 in<\/li>\n<li style='margin-bottom: 5px;'><strong>Grosor:<\/strong> 25.4 mm | 1 in<\/li>\n<li style='margin-bottom: 5px;'><strong>Cumplimiento:<\/strong> ISO 9001:2015 y ROHS<\/li>\n<\/ul><\/div>\n<\/p><\/div>\n<\/p><\/div>\n<p> <!-- Separador --> <\/p>\n<hr style='border: 0; border-top: 1px solid rgba(150&comma; 150&comma; 150&comma; 0.3); margin: 30px 0;'> <\/div>\n","protected":false},"excerpt":{"rendered":"<p>Inserto de Caucho de 4&#8243; Con Dos Orificios para Cable de 1\/2 in<\/p>\n","protected":false},"featured_media":59780,"comment_status":"open","ping_status":"closed","template":"","meta":[],"product_brand":[],"product_cat":[1615],"product_tag":[1404,1616,733],"class_list":{"0":"post-59781","1":"product","2":"type-product","3":"status-publish","4":"has-post-thumbnail","6":"product_cat-montajes-y-divisores","7":"product_tag-antenas","8":"product_tag-montajes-y-divisores","9":"product_tag-syscom-towers","11":"first","12":"instock","13":"sale","14":"shipping-taxable","15":"purchasable","16":"product-type-simple"},"_links":{"self":[{"href":"https:\/\/soydeaqui.ddns.net\/pachuca\/index.php\/wp-json\/wp\/v2\/product\/59781","targetHints":{"allow":["GET"]}}],"collection":[{"href":"https:\/\/soydeaqui.ddns.net\/pachuca\/index.php\/wp-json\/wp\/v2\/product"}],"about":[{"href":"https:\/\/soydeaqui.ddns.net\/pachuca\/index.php\/wp-json\/wp\/v2\/types\/product"}],"replies":[{"embeddable":true,"href":"https:\/\/soydeaqui.ddns.net\/pachuca\/index.php\/wp-json\/wp\/v2\/comments?post=59781"}],"wp:featuredmedia":[{"embeddable":true,"href":"https:\/\/soydeaqui.ddns.net\/pachuca\/index.php\/wp-json\/wp\/v2\/media\/59780"}],"wp:attachment":[{"href":"https:\/\/soydeaqui.ddns.net\/pachuca\/index.php\/wp-json\/wp\/v2\/media?parent=59781"}],"wp:term":[{"taxonomy":"product_brand","embeddable":true,"href":"https:\/\/soydeaqui.ddns.net\/pachuca\/index.php\/wp-json\/wp\/v2\/product_brand?post=59781"},{"taxonomy":"product_cat","embeddable":true,"href":"https:\/\/soydeaqui.ddns.net\/pachuca\/index.php\/wp-json\/wp\/v2\/product_cat?post=59781"},{"taxonomy":"product_tag","embeddable":true,"href":"https:\/\/soydeaqui.ddns.net\/pachuca\/index.php\/wp-json\/wp\/v2\/product_tag?post=59781"}],"curies":[{"name":"wp","href":"https:\/\/api.w.org\/{rel}","templated":true}]}}