{"id":59739,"date":"2026-03-19T05:10:53","date_gmt":"2026-03-19T05:10:53","guid":{"rendered":"https:\/\/soydeaqui.ddns.net\/pachuca\/index.php\/producto\/acoplador-direccional-6db-617-5925mhz-300w-161dbc-4-3-10-ip67\/"},"modified":"2026-03-19T05:10:56","modified_gmt":"2026-03-19T05:10:56","slug":"acoplador-direccional-6db-617-5925mhz-300w-161dbc-4-3-10-ip67","status":"publish","type":"product","link":"https:\/\/soydeaqui.ddns.net\/pachuca\/index.php\/producto\/acoplador-direccional-6db-617-5925mhz-300w-161dbc-4-3-10-ip67\/","title":{"rendered":"Acoplador direccional 6dB 617-5925MHz 300W-161dBc 4.3-10 IP67"},"content":{"rendered":"<div style='width: 100%; max-width: 1200px; margin: 0 auto; font-family: sans-serif; line-height: 1.6; color: inherit; background-color: transparent;'>\n<div style='display: flex; flex-wrap: wrap; gap: 30px; margin-bottom: 30px;'>\n<div style='flex: 1 1 300px; min-width: 280px;'>\n<h3 style='font-size: 22px; border-bottom: 2px solid currentColor; padding-bottom: 5px; margin-top: 0; color: inherit; opacity: 0.8;'>Descripci\u00f3n<\/h3>\n<p style='font-size: 15px; color: inherit; text-align: justify;'>La serie CC-6xxE de acopladores direccionales est\u00e1 dise\u00f1ada para cubrir de 617 a 5925 MHz. Las unidades acoplan una fracci\u00f3n definida de se\u00f1al con reflejos o p\u00e9rdidas m\u00ednimas. La disponibilidad en una amplia gama de valores de acoplamiento hace que esta serie sea \u00fatil para optimizar la distribuci\u00f3n de energ\u00eda requerida en los sistemas de antena distribuida pasiva (DAS) 5G.<\/p>\n<p style='font-size: 15px; color: inherit; text-align: justify;'>El rango de frecuencia extremadamente amplio permite su uso con antenas multibanda&comma; sistemas de cable con fugas y estaciones base inal\u00e1mbricas. Con juntas de soldadura m\u00ednimas y un diel\u00e9ctrico de baja p\u00e9rdida&comma; la p\u00e9rdida disipativa se ha minimizado y se ha mejorado la confiabilidad.<\/p>\n<\/p><\/div>\n<\/p><\/div>\n<div style='display: flex; flex-wrap: wrap; gap: 20px; margin-bottom: 30px;'>\n<div style='flex: 1 1 250px; border: 1px solid rgba(150&comma; 150&comma; 150&comma; 0.4); border-radius: 8px; overflow: hidden; display: flex; flex-direction: column;'>\n<div style='padding: 15px; border-bottom: 1px solid rgba(150&comma; 150&comma; 150&comma; 0.2); font-weight: bold; font-size: 18px; color: inherit;'>Caracter\u00edsticas<\/div>\n<div style='padding: 15px; color: inherit;'>\n<ul style='padding-left: 20px; margin: 0; font-size: 14px; list-style-type: disc;'>\n<li style='margin-bottom: 5px;'>Acopladores direccionales de banda ultra ancha para distribuci\u00f3n de se\u00f1al 5G FR1<\/li>\n<li style='margin-bottom: 5px;'>Potencia de l\u00ednea principal promedio de 300 W<\/li>\n<li style='margin-bottom: 5px;'>P\u00e9rdida m\u00ednima de inserci\u00f3n de RF y alta directividad<\/li>\n<li style='margin-bottom: 5px;'>PIM bajo garantizado<\/li>\n<li style='margin-bottom: 5px;'>4.3-10 Conectores<\/li>\n<li style='margin-bottom: 5px;'>Clasificaci\u00f3n IP67<\/li>\n<li style='margin-bottom: 5px;'>Queja RoHS<\/li>\n<\/ul><\/div>\n<\/p><\/div>\n<div style='flex: 1 1 250px; border: 1px solid rgba(150&comma; 150&comma; 150&comma; 0.4); border-radius: 8px; overflow: hidden; display: flex; flex-direction: column;'>\n<div style='padding: 15px; border-bottom: 1px solid rgba(150&comma; 150&comma; 150&comma; 0.2); font-weight: bold; font-size: 18px; color: inherit;'>Especificaciones<\/div>\n<div style='padding: 15px; color: inherit;'>\n<ul style='padding-left: 20px; margin: 0; font-size: 14px; list-style-type: disc;'>\n<li style='margin-bottom: 5px;'><strong>Frecuencia:<\/strong> 617 a 5925 MHz<\/li>\n<li style='margin-bottom: 5px;'><strong>Directividad:<\/strong> 20 dB min para 617-2700MHz&comma; 18 dB min para 2700-4900MHz&comma; 17 dB min para 4900-5925MHz<\/li>\n<li style='margin-bottom: 5px;'><strong>VSWR:<\/strong> 1.20:1 max para 617-3800MHz&comma; 1.30:1 max para 3800-5925MHz<\/li>\n<li style='margin-bottom: 5px;'><strong>PIM:<\/strong> -161 dBc (-118 dBm) m\u00edn.<\/li>\n<li style='margin-bottom: 5px;'><strong>Potencia nominal:<\/strong> 300 W promedio&comma; 1 kW pk*<\/li>\n<li style='margin-bottom: 5px;'><strong>P\u00e9rdida disipativa:<\/strong> 0&comma;3 dB m\u00e1x<\/li>\n<li style='margin-bottom: 5px;'><strong>Impedancia:<\/strong> 50 \u03a9 nominal<\/li>\n<li style='margin-bottom: 5px;'><strong>Retardo de grupo:<\/strong> 1&comma;2 ns t\u00edp.<\/li>\n<li style='margin-bottom: 5px;'><strong>Entorno:<\/strong> -40 \u00b0C a +75 \u00b0C&comma; IP67<\/li>\n<li style='margin-bottom: 5px;'><strong>Acabado de la carcasa:<\/strong> Pintado<\/li>\n<li style='margin-bottom: 5px;'><strong>Conectores:<\/strong> 4&comma;3-10 (f)&comma; brida triplaca de 4 orificios<\/li>\n<li style='margin-bottom: 5px;'><strong>Peso:<\/strong> 0&comma;9 lb (0&comma;41 kg)<\/li>\n<li style='margin-bottom: 5px;'><strong>Dimensiones:<\/strong> 5-8 dB: 5&comma;53 x 1&comma;64 x 1&comma;10 pulgadas [140&comma;5 x 41&comma;6 x 28 mm]&comma; 10-20 dB: 5&comma;61 x 1&comma;72 x 1&comma;10 pulgadas<\/li>\n<\/ul><\/div>\n<\/p><\/div>\n<\/p><\/div>\n<hr style='border: 0; border-top: 1px solid rgba(150&comma; 150&comma; 150&comma; 0.3); margin: 30px 0;'> <\/div>\n","protected":false},"excerpt":{"rendered":"<p>Acoplador direccional 6dB 617-5925MHz 300W-161dBc 4.3-10 IP67<\/p>\n","protected":false},"featured_media":59738,"comment_status":"open","ping_status":"closed","template":"","meta":[],"product_brand":[],"product_cat":[1529,1528,1755],"product_tag":[1535,1534,1533,1757,1756],"class_list":{"0":"post-59739","1":"product","2":"type-product","3":"status-publish","4":"has-post-thumbnail","6":"product_cat-4g","7":"product_cat-cobertura-celular-5g","8":"product_cat-sistemas-de-antenas-distribuidas-das","9":"product_tag-3g-y-voz","10":"product_tag-4g","11":"product_tag-cobertura-celular-5g","12":"product_tag-microlab","13":"product_tag-sistemas-de-antenas-distribuidas-das","15":"first","16":"outofstock","17":"sale","18":"shipping-taxable","19":"purchasable","20":"product-type-simple"},"_links":{"self":[{"href":"https:\/\/soydeaqui.ddns.net\/pachuca\/index.php\/wp-json\/wp\/v2\/product\/59739","targetHints":{"allow":["GET"]}}],"collection":[{"href":"https:\/\/soydeaqui.ddns.net\/pachuca\/index.php\/wp-json\/wp\/v2\/product"}],"about":[{"href":"https:\/\/soydeaqui.ddns.net\/pachuca\/index.php\/wp-json\/wp\/v2\/types\/product"}],"replies":[{"embeddable":true,"href":"https:\/\/soydeaqui.ddns.net\/pachuca\/index.php\/wp-json\/wp\/v2\/comments?post=59739"}],"wp:featuredmedia":[{"embeddable":true,"href":"https:\/\/soydeaqui.ddns.net\/pachuca\/index.php\/wp-json\/wp\/v2\/media\/59738"}],"wp:attachment":[{"href":"https:\/\/soydeaqui.ddns.net\/pachuca\/index.php\/wp-json\/wp\/v2\/media?parent=59739"}],"wp:term":[{"taxonomy":"product_brand","embeddable":true,"href":"https:\/\/soydeaqui.ddns.net\/pachuca\/index.php\/wp-json\/wp\/v2\/product_brand?post=59739"},{"taxonomy":"product_cat","embeddable":true,"href":"https:\/\/soydeaqui.ddns.net\/pachuca\/index.php\/wp-json\/wp\/v2\/product_cat?post=59739"},{"taxonomy":"product_tag","embeddable":true,"href":"https:\/\/soydeaqui.ddns.net\/pachuca\/index.php\/wp-json\/wp\/v2\/product_tag?post=59739"}],"curies":[{"name":"wp","href":"https:\/\/api.w.org\/{rel}","templated":true}]}}