{"id":59715,"date":"2026-03-19T05:10:03","date_gmt":"2026-03-19T05:10:03","guid":{"rendered":"https:\/\/soydeaqui.ddns.net\/pachuca\/index.php\/producto\/acoplador-direccional-6db-575-2700mhz-300w-161-dbc-4-3-10-ip67\/"},"modified":"2026-03-19T05:10:07","modified_gmt":"2026-03-19T05:10:07","slug":"acoplador-direccional-6db-575-2700mhz-300w-161-dbc-4-3-10-ip67","status":"publish","type":"product","link":"https:\/\/soydeaqui.ddns.net\/pachuca\/index.php\/producto\/acoplador-direccional-6db-575-2700mhz-300w-161-dbc-4-3-10-ip67\/","title":{"rendered":"Acoplador direccional 6dB 575-2700MHz 300W &#8211; 161 dBc 4.3 &#8211; 10 IP67"},"content":{"rendered":"<div style='width: 100%; max-width: 1200px; margin: 0 auto; font-family: sans-serif; line-height: 1.6; color: inherit; background-color: transparent;'> <!-- Descripci\u00f3n principal --> <\/p>\n<div style='margin-bottom: 30px; font-size: 15px; color: inherit;'>\n<p style='margin: 0 0 15px;'>La serie CC-xx de acoplador direccional es un dise\u00f1o de l\u00ednea de cinta c\u00f3nica que cubre de 575 a 2700 MHz.<\/p>\n<p style='margin: 0 0 15px;'>Las unidades acoplan una fracci\u00f3n definida de se\u00f1al con alta directividad y p\u00e9rdida m\u00ednima.<\/p>\n<p style='margin: 0 0 15px;'>La disponibilidad en una amplia gama de valores de acoplamiento hace que esta serie sea valiosa para optimizar la distribuci\u00f3n de la se\u00f1al requerida en una red de acceso de radio de distribuidor pasivo (D-RAN).<\/p>\n<p style='margin: 0 0 15px;'>El amplio rango de frecuencia permite aplicaciones con antenas multibanda&comma; sistemas de cable con fugas y estaciones base inal\u00e1mbricas.<\/p>\n<p style='margin: 0;'>Con juntas de soldadura m\u00ednimas y un diel\u00e9ctrico de baja p\u00e9rdida&comma; la p\u00e9rdida disipativa se ha minimizado y se ha mejorado la confiabilidad.<\/p>\n<\/p><\/div>\n<p> <!-- Caracter\u00edsticas --> <\/p>\n<div style='margin-bottom: 30px; font-size: 15px; color: inherit;'>\n<h3 style='font-size: 22px; border-bottom: 2px solid currentColor; padding-bottom: 5px; margin-top: 0; margin-bottom: 15px; color: inherit; opacity: 0.8;'>Caracter\u00edsticas<\/h3>\n<ul style='padding-left: 20px; margin: 0 0 15px; list-style-type: disc;'>\n<li style='margin-bottom: 5px;'>Ancho de banda est\u00e1ndar para aplicaciones comerciales de distribuci\u00f3n de se\u00f1ales inal\u00e1mbricas<\/li>\n<li style='margin-bottom: 5px;'>Respuesta plana de 575 a 2700 MHz<\/li>\n<li style='margin-bottom: 5px;'>PIM bajo garantizado<\/li>\n<li style='margin-bottom: 5px;'>Potencia media de 300 vatios<\/li>\n<li style='margin-bottom: 5px;'>Disponible en 4.3-10<\/li>\n<li style='margin-bottom: 5px;'>RoHS<\/li>\n<\/ul><\/div>\n<p> <!-- Especificaciones --> <\/p>\n<div style='margin-bottom: 30px;'>\n<h3 style='font-size: 22px; border-bottom: 2px solid currentColor; padding-bottom: 5px; margin-top: 0; margin-bottom: 15px; color: inherit; opacity: 0.8;'>Especificaciones<\/h3>\n<div style='display: flex; flex-wrap: wrap; gap: 20px;'>\n<div style='flex: 1 1 250px; border: 1px solid rgba(150&comma; 150&comma; 150&comma; 0.4); border-radius: 8px; overflow: hidden; display: flex; flex-direction: column;'>\n<div style='padding: 15px; border-bottom: 1px solid rgba(150&comma; 150&comma; 150&comma; 0.2); font-weight: bold; font-size: 18px; color: inherit;'>Especificaciones El\u00e9ctricas<\/div>\n<div style='padding: 15px; color: inherit;'>\n<ul style='padding-left: 20px; margin: 0; font-size: 14px; list-style-type: disc;'>\n<li style='margin-bottom: 5px;'><strong>Frecuencia:<\/strong> 575-2700 MHz<\/li>\n<li style='margin-bottom: 5px;'><strong>Acoplamiento:<\/strong> 6dB<\/li>\n<li style='margin-bottom: 5px;'><strong>P\u00e9rdida acoplada:<\/strong> 1&comma;25 dB m\u00e1x.<\/li>\n<li style='margin-bottom: 5px;'><strong>Directividad:<\/strong> 20 dB m\u00edn.<\/li>\n<li style='margin-bottom: 5px;'><strong>VSWR:<\/strong> 1&comma;25:1 m\u00e1x.<\/li>\n<\/ul><\/div>\n<\/p><\/div>\n<div style='flex: 1 1 250px; border: 1px solid rgba(150&comma; 150&comma; 150&comma; 0.4); border-radius: 8px; overflow: hidden; display: flex; flex-direction: column;'>\n<div style='padding: 15px; border-bottom: 1px solid rgba(150&comma; 150&comma; 150&comma; 0.2); font-weight: bold; font-size: 18px; color: inherit;'>Especificaciones Mec\u00e1nicas<\/div>\n<div style='padding: 15px; color: inherit;'>\n<ul style='padding-left: 20px; margin: 0; font-size: 14px; list-style-type: disc;'>\n<li style='margin-bottom: 5px;'><strong>Energ\u00eda:<\/strong> 300 W promedio&comma; paquete de 1 kW<\/li>\n<li style='margin-bottom: 5px;'><strong>PIM:<\/strong> -161 dBc (-118 dBm) m\u00edn.<\/li>\n<li style='margin-bottom: 5px;'><span style='font-size: 12px;'>(Prueba con 2x 1900MHz&comma; +43 dBm tonos @ ambiente)<\/span><\/li>\n<li style='margin-bottom: 5px;'><strong>Conectores:<\/strong> Brida de 4 orificios 4.3-10(f) Triplaca<\/li>\n<li style='margin-bottom: 5px;'><strong>Protecci\u00f3n de ingreso:<\/strong> IP67<\/li>\n<li><strong>Peso:<\/strong> 1&comma;6 libras (0&comma;73 kg) nominal<\/li>\n<\/ul><\/div>\n<\/p><\/div>\n<\/p><\/div>\n<\/p><\/div>\n<p> <!-- Separador --> <\/p>\n<hr style='border: 0; border-top: 1px solid rgba(150&comma; 150&comma; 150&comma; 0.3); margin: 30px 0;'> <\/div>\n","protected":false},"excerpt":{"rendered":"<p>Acoplador direccional 6dB 575-2700MHz 300W &#8211; 161 dBc 4.3 &#8211; 10 IP67<\/p>\n","protected":false},"featured_media":59714,"comment_status":"open","ping_status":"closed","template":"","meta":[],"product_brand":[],"product_cat":[1529,1528,1755],"product_tag":[1535,1534,1533,1757,1756],"class_list":{"0":"post-59715","1":"product","2":"type-product","3":"status-publish","4":"has-post-thumbnail","6":"product_cat-4g","7":"product_cat-cobertura-celular-5g","8":"product_cat-sistemas-de-antenas-distribuidas-das","9":"product_tag-3g-y-voz","10":"product_tag-4g","11":"product_tag-cobertura-celular-5g","12":"product_tag-microlab","13":"product_tag-sistemas-de-antenas-distribuidas-das","15":"first","16":"outofstock","17":"sale","18":"shipping-taxable","19":"purchasable","20":"product-type-simple"},"_links":{"self":[{"href":"https:\/\/soydeaqui.ddns.net\/pachuca\/index.php\/wp-json\/wp\/v2\/product\/59715","targetHints":{"allow":["GET"]}}],"collection":[{"href":"https:\/\/soydeaqui.ddns.net\/pachuca\/index.php\/wp-json\/wp\/v2\/product"}],"about":[{"href":"https:\/\/soydeaqui.ddns.net\/pachuca\/index.php\/wp-json\/wp\/v2\/types\/product"}],"replies":[{"embeddable":true,"href":"https:\/\/soydeaqui.ddns.net\/pachuca\/index.php\/wp-json\/wp\/v2\/comments?post=59715"}],"wp:featuredmedia":[{"embeddable":true,"href":"https:\/\/soydeaqui.ddns.net\/pachuca\/index.php\/wp-json\/wp\/v2\/media\/59714"}],"wp:attachment":[{"href":"https:\/\/soydeaqui.ddns.net\/pachuca\/index.php\/wp-json\/wp\/v2\/media?parent=59715"}],"wp:term":[{"taxonomy":"product_brand","embeddable":true,"href":"https:\/\/soydeaqui.ddns.net\/pachuca\/index.php\/wp-json\/wp\/v2\/product_brand?post=59715"},{"taxonomy":"product_cat","embeddable":true,"href":"https:\/\/soydeaqui.ddns.net\/pachuca\/index.php\/wp-json\/wp\/v2\/product_cat?post=59715"},{"taxonomy":"product_tag","embeddable":true,"href":"https:\/\/soydeaqui.ddns.net\/pachuca\/index.php\/wp-json\/wp\/v2\/product_tag?post=59715"}],"curies":[{"name":"wp","href":"https:\/\/api.w.org\/{rel}","templated":true}]}}