{"id":59700,"date":"2026-03-19T05:09:31","date_gmt":"2026-03-19T05:09:31","guid":{"rendered":"https:\/\/soydeaqui.ddns.net\/pachuca\/index.php\/producto\/kit-de-sellado-de-aire-para-gabinetes-flexfusion-de-800-mm-de-ancho-color-negro\/"},"modified":"2026-03-19T05:09:37","modified_gmt":"2026-03-19T05:09:37","slug":"kit-de-sellado-de-aire-para-gabinetes-flexfusion-de-800-mm-de-ancho-color-negro","status":"publish","type":"product","link":"https:\/\/soydeaqui.ddns.net\/pachuca\/index.php\/producto\/kit-de-sellado-de-aire-para-gabinetes-flexfusion-de-800-mm-de-ancho-color-negro\/","title":{"rendered":"Kit de Sellado de Aire, Para Gabinetes FlexFusion\u2122 de 800 mm de Ancho, Color Negro"},"content":{"rendered":"<div style='width: 100%; max-width: 1200px; margin: 0 auto; font-family: sans-serif; line-height: 1.6; color: inherit; background-color: transparent;'> <!-- Secci\u00f3n de descripci\u00f3n general --> <\/p>\n<div style='margin-bottom: 30px;'>\n<h2 style='font-size: 24px; border-bottom: 2px solid currentColor; padding-bottom: 5px; margin-top: 0; color: inherit; opacity: 0.9;'>Descripci\u00f3n General<\/h2>\n<p style='font-size: 15px; color: inherit; margin-bottom: 15px;'>Kit de sellado de presa de aire para gabinete FlexFusion\u2122 de 800 mm de ancho. Proporciona un sello completo entre el per\u00edmetro exterior del riel del equipo y los paneles laterales&comma; la tapa superior y el piso.<\/p>\n<ul style='padding-left: 20px; font-size: 15px; color: inherit;'>\n<li><strong>Color:<\/strong> Negro<\/li>\n<li><strong>Cumple con:<\/strong> RoHS<\/li>\n<\/ul><\/div>\n<p> <!-- Secci\u00f3n de especificaciones t\u00e9cnicas --> <\/p>\n<div style='display: flex; flex-wrap: wrap; gap: 20px; margin-bottom: 30px;'>\n<div style='flex: 1 1 250px; border: 1px solid rgba(150&comma; 150&comma; 150&comma; 0.4); border-radius: 8px; overflow: hidden; display: flex; flex-direction: column;'>\n<div style='padding: 15px; border-bottom: 1px solid rgba(150&comma; 150&comma; 150&comma; 0.2); font-weight: bold; font-size: 18px; color: inherit;'>Especificaciones T\u00e9cnicas<\/div>\n<div style='padding: 15px; color: inherit;'>\n<ul style='padding-left: 20px; margin: 0; font-size: 14px; list-style-type: disc;'>\n<li style='margin-bottom: 5px;'><strong>Peso:<\/strong> 2.9 Kg (6.4 lbs)<\/li>\n<li style='margin-bottom: 5px;'><strong>Dimensiones:<\/strong> 800 mm de ancho<\/li>\n<li style='margin-bottom: 5px;'><strong>Material:<\/strong> No especificado en el documento<\/li>\n<li style='margin-bottom: 5px;'><strong>Colores disponibles:<\/strong> Negro (B) y Blanco (W)<\/li>\n<\/ul><\/div>\n<\/p><\/div>\n<p> <!-- Secci\u00f3n de componentes incluidos --> <\/p>\n<div style='flex: 1 1 250px; border: 1px solid rgba(150&comma; 150&comma; 150&comma; 0.4); border-radius: 8px; overflow: hidden; display: flex; flex-direction: column;'>\n<div style='padding: 15px; border-bottom: 1px solid rgba(150&comma; 150&comma; 150&comma; 0.2); font-weight: bold; font-size: 18px; color: inherit;'>Componentes Incluidos<\/div>\n<div style='padding: 15px; color: inherit;'>\n<ul style='padding-left: 20px; margin: 0; font-size: 14px; list-style-type: disc;'>\n<li style='margin-bottom: 5px;'>1 Unidad &#8211; Top Horizontal Air Dam<\/li>\n<li style='margin-bottom: 5px;'>1 Unidad &#8211; Bottom Horizontal Air Dam<\/li>\n<li style='margin-bottom: 5px;'>2 Unidades &#8211; 9\/16&#8242; Flap Seal (cortado a 120 mm)<\/li>\n<li style='margin-bottom: 5px;'>1 Unidad &#8211; 9\/16&#8242; Flap Seal (cortado a 500 mm)<\/li>\n<li style='margin-bottom: 5px;'>4 Unidades &#8211; 1.25&#8242; Bulb Seal (cortado a 1040 mm)<\/li>\n<li style='margin-bottom: 5px;'>2 Unidades &#8211; 3\/8&#8242; Bulb Seal (cortado a 450 mm)<\/li>\n<li style='margin-bottom: 5px;'>1 Unidad &#8211; 1.75&#8242; Flap Seal (cortado a 794 mm)<\/li>\n<li style='margin-bottom: 5px;'>2 Unidades &#8211; Panel Plug<\/li>\n<li style='margin-bottom: 5px;'>4 Unidades &#8211; M5 Flange Hex Nut<\/li>\n<li style='margin-bottom: 5px;'>1 Unidad &#8211; Instrucciones de Instalaci\u00f3n<\/li>\n<\/ul><\/div>\n<\/p><\/div>\n<p> <!-- Secci\u00f3n de identificaci\u00f3n de partes --> <\/p>\n<div style='flex: 1 1 250px; border: 1px solid rgba(150&comma; 150&comma; 150&comma; 0.4); border-radius: 8px; overflow: hidden; display: flex; flex-direction: column;'>\n<div style='padding: 15px; border-bottom: 1px solid rgba(150&comma; 150&comma; 150&comma; 0.2); font-weight: bold; font-size: 18px; color: inherit;'>Identificaci\u00f3n de Partes<\/div>\n<div style='padding: 15px; color: inherit;'>\n<ul style='padding-left: 20px; margin: 0; font-size: 14px; list-style-type: disc;'>\n<li style='margin-bottom: 5px;'><strong>Part No.:<\/strong> XG-ADS8B<\/li>\n<li style='margin-bottom: 5px;'><strong>Sufijo de color:<\/strong> B &#8211; Negro&comma; W &#8211; Blanco<\/li>\n<li style='margin-bottom: 5px;'><strong>Customer Drawing:<\/strong> 00460EIG\/00<\/li>\n<li style='margin-bottom: 5px;'><strong>Drawing Number:<\/strong> V09002EW\/03<\/li>\n<\/ul><\/div>\n<\/p><\/div>\n<\/p><\/div>\n<p> <!-- Secci\u00f3n de observaciones importantes --> <\/p>\n<div style='margin-bottom: 30px;'>\n<h3 style='font-size: 20px; border-bottom: 2px solid currentColor; padding-bottom: 5px; margin-top: 0; color: inherit; opacity: 0.8;'>Observaciones Importantes<\/h3>\n<ul style='padding-left: 20px; font-size: 15px; color: inherit;'>\n<li style='margin-bottom: 5px;'>Todos los sellos de solapa (flap seal) y sellos de bulbo (bulb seal) son negros&comma; independientemente del color del kit<\/li>\n<li style='margin-bottom: 5px;'>S\u00f3lo los top horizontal y bottom horizontal air dams est\u00e1n pintados en negro o blanco seg\u00fan el modelo<\/li>\n<li style='margin-bottom: 5px;'>Las dimensiones principales est\u00e1n en mil\u00edmetros<\/li>\n<\/ul><\/div>\n<p> <!-- Separador --> <\/p>\n<hr style='border: 0; border-top: 1px solid rgba(150&comma; 150&comma; 150&comma; 0.3); margin: 30px 0;'> <\/div>\n","protected":false},"excerpt":{"rendered":"<p>Kit de Sellado de Aire, Para Gabinetes FlexFusion\u2122 de 800 mm de Ancho, Color Negro<\/p>\n","protected":false},"featured_media":59699,"comment_status":"open","ping_status":"closed","template":"","meta":[],"product_brand":[],"product_cat":[604],"product_tag":[606,445,605],"class_list":{"0":"post-59700","1":"product","2":"type-product","3":"status-publish","4":"has-post-thumbnail","6":"product_cat-accesorios-para-racks-y-gabinetes","7":"product_tag-accesorios-para-racks-y-gabinetes","8":"product_tag-panduit","9":"product_tag-racks-y-gabinetes","11":"first","12":"outofstock","13":"sale","14":"shipping-taxable","15":"purchasable","16":"product-type-simple"},"_links":{"self":[{"href":"https:\/\/soydeaqui.ddns.net\/pachuca\/index.php\/wp-json\/wp\/v2\/product\/59700","targetHints":{"allow":["GET"]}}],"collection":[{"href":"https:\/\/soydeaqui.ddns.net\/pachuca\/index.php\/wp-json\/wp\/v2\/product"}],"about":[{"href":"https:\/\/soydeaqui.ddns.net\/pachuca\/index.php\/wp-json\/wp\/v2\/types\/product"}],"replies":[{"embeddable":true,"href":"https:\/\/soydeaqui.ddns.net\/pachuca\/index.php\/wp-json\/wp\/v2\/comments?post=59700"}],"wp:featuredmedia":[{"embeddable":true,"href":"https:\/\/soydeaqui.ddns.net\/pachuca\/index.php\/wp-json\/wp\/v2\/media\/59699"}],"wp:attachment":[{"href":"https:\/\/soydeaqui.ddns.net\/pachuca\/index.php\/wp-json\/wp\/v2\/media?parent=59700"}],"wp:term":[{"taxonomy":"product_brand","embeddable":true,"href":"https:\/\/soydeaqui.ddns.net\/pachuca\/index.php\/wp-json\/wp\/v2\/product_brand?post=59700"},{"taxonomy":"product_cat","embeddable":true,"href":"https:\/\/soydeaqui.ddns.net\/pachuca\/index.php\/wp-json\/wp\/v2\/product_cat?post=59700"},{"taxonomy":"product_tag","embeddable":true,"href":"https:\/\/soydeaqui.ddns.net\/pachuca\/index.php\/wp-json\/wp\/v2\/product_tag?post=59700"}],"curies":[{"name":"wp","href":"https:\/\/api.w.org\/{rel}","templated":true}]}}