{"id":59674,"date":"2026-03-19T05:08:28","date_gmt":"2026-03-19T05:08:28","guid":{"rendered":"https:\/\/soydeaqui.ddns.net\/pachuca\/index.php\/producto\/medidor-de-intensidad-de-senal-celular-mide-la-senal-de-diferentes-bandas-de-frecuencias-y-las-muestra-en-su-celular-por-medio-de-una-aplicacion\/"},"modified":"2026-03-19T05:08:40","modified_gmt":"2026-03-19T05:08:40","slug":"medidor-de-intensidad-de-senal-celular-mide-la-senal-de-diferentes-bandas-de-frecuencias-y-las-muestra-en-su-celular-por-medio-de-una-aplicacion","status":"publish","type":"product","link":"https:\/\/soydeaqui.ddns.net\/pachuca\/index.php\/producto\/medidor-de-intensidad-de-senal-celular-mide-la-senal-de-diferentes-bandas-de-frecuencias-y-las-muestra-en-su-celular-por-medio-de-una-aplicacion\/","title":{"rendered":"Medidor de Intensidad de Se\u00f1al Celular. Mide la se\u00f1al de diferentes bandas de frecuencias y las muestra en su celular por medio de una aplicaci\u00f3n."},"content":{"rendered":"<div style='width: 100%; max-width: 1200px; margin: 0 auto; font-family: sans-serif; line-height: 1.6; color: inherit; background-color: transparent;'> <!-- Secci\u00f3n de descripci\u00f3n principal --> <\/p>\n<div style='margin-bottom: 30px;'>\n<p style='margin: 0 0 15px 0; color: inherit;'> <strong style='color: inherit; opacity: 0.85;'>Medidor de intensidad se\u00f1al celular y buscador de Torres celulares. Se requiere aplicaci\u00f3n; Cell LinQ&comma; disponible en App Store y Play Store.<\/strong> <\/p>\n<p style='margin: 0 0 15px 0; color: inherit;'> Ap\u00f3yese con esta poderosa herramienta para detectar las bandas de frecuencia y la intensidad de se\u00f1al celular disponibles en cualquier lugar. <\/p>\n<p style='margin: 0 0 15px 0; color: inherit;'> Utilizando una antena de banda ancha o logar\u00edtmica podr\u00e1 ubicar de donde proviene la se\u00f1al celular o de mayor intensidad. Esto le permitir\u00e1 dirigir la antena de su amplificador de se\u00f1al con mayor precisi\u00f3n. <\/p>\n<p style='margin: 0 0 15px 0; color: inherit;'> Con este detector podr\u00e1 saber si hay se\u00f1al celular en las diferentes bandas de frecuencia que se usan para la red celular. <\/p>\n<\/p><\/div>\n<p> <!-- Secci\u00f3n de bandas --> <\/p>\n<div style='display: flex; flex-wrap: wrap; gap: 20px; margin-bottom: 30px;'>\n<div style='flex: 1 1 250px; min-width: 280px; border: 1px solid rgba(150&comma; 150&comma; 150&comma; 0.4); border-radius: 8px; overflow: hidden; display: flex; flex-direction: column;'>\n<div style='padding: 15px; border-bottom: 1px solid rgba(150&comma; 150&comma; 150&comma; 0.2); font-weight: bold; font-size: 18px; color: inherit;'>Bandas 4G LTE<\/div>\n<div style='padding: 15px; color: inherit;'>\n<ul style='padding-left: 20px; margin: 0; font-size: 14px; list-style-type: disc; color: inherit;'>\n<li style='margin-bottom: 5px;'>1&comma; 2&comma; 3&comma; 4&comma; 5&comma; 7&comma; 8&comma; 12&comma; 13&comma; 14&comma; 17&comma; 25&comma; 28&comma; 41&comma; 48&comma; 66&comma; 71<\/li>\n<\/ul><\/div>\n<\/p><\/div>\n<div style='flex: 1 1 250px; min-width: 280px; border: 1px solid rgba(150&comma; 150&comma; 150&comma; 0.4); border-radius: 8px; overflow: hidden; display: flex; flex-direction: column;'>\n<div style='padding: 15px; border-bottom: 1px solid rgba(150&comma; 150&comma; 150&comma; 0.2); font-weight: bold; font-size: 18px; color: inherit;'>Bandas 5G NR SA<\/div>\n<div style='padding: 15px; color: inherit;'>\n<ul style='padding-left: 20px; margin: 0; font-size: 14px; list-style-type: disc; color: inherit;'>\n<li style='margin-bottom: 5px;'>1&comma; 2&comma; 3&comma; 5&comma; 7&comma; 8&comma; 12&comma; 25&comma; 41&comma; 48&comma; 66&comma; 71&comma; 77&comma; 78<\/li>\n<\/ul><\/div>\n<\/p><\/div>\n<\/p><\/div>\n<p> <!-- Secci\u00f3n de especificaciones --> <\/p>\n<div style='display: flex; flex-wrap: wrap; gap: 20px; margin-bottom: 30px;'>\n<div style='flex: 1 1 250px; border: 1px solid rgba(150&comma; 150&comma; 150&comma; 0.4); border-radius: 8px; overflow: hidden; display: flex; flex-direction: column;'>\n<div style='padding: 15px; border-bottom: 1px solid rgba(150&comma; 150&comma; 150&comma; 0.2); font-weight: bold; font-size: 18px; color: inherit;'>Especificaciones<\/div>\n<div style='padding: 15px; color: inherit;'>\n<ul style='padding-left: 20px; margin: 0; font-size: 14px; list-style-type: disc; color: inherit;'>\n<li style='margin-bottom: 5px;'><strong style='color: inherit;'>Sensibilidad:<\/strong> LTE B4 -103 dBm<\/li>\n<li style='margin-bottom: 5px;'><strong style='color: inherit;'>M\u00e1xima potencia de entrada:<\/strong> 24 dBm<\/li>\n<li style='margin-bottom: 5px;'><strong style='color: inherit;'>Impedancia:<\/strong> 50 Ohm<\/li>\n<li style='margin-bottom: 5px;'><strong style='color: inherit;'>Conector:<\/strong> SMA Hembra<\/li>\n<li style='margin-bottom: 5px;'><strong style='color: inherit;'>Alimentaci\u00f3n Requerida:<\/strong> 5 Vcc&comma; 1.5A<\/li>\n<li style='margin-bottom: 5px;'><strong style='color: inherit;'>Dimensiones:<\/strong> 72 x 144 x 18 mm<\/li>\n<li style='margin-bottom: 5px;'><strong style='color: inherit;'>Peso:<\/strong> 0.176 kg<\/li>\n<\/ul><\/div>\n<\/p><\/div>\n<p> <!-- Secci\u00f3n de contenido incluido --> <\/p>\n<div style='flex: 1 1 250px; border: 1px solid rgba(150&comma; 150&comma; 150&comma; 0.4); border-radius: 8px; overflow: hidden; display: flex; flex-direction: column;'>\n<div style='padding: 15px; border-bottom: 1px solid rgba(150&comma; 150&comma; 150&comma; 0.2); font-weight: bold; font-size: 18px; color: inherit;'>Contenido incluido<\/div>\n<div style='padding: 15px; color: inherit;'>\n<ul style='padding-left: 20px; margin: 0; font-size: 14px; list-style-type: disc; color: inherit;'>\n<li style='margin-bottom: 5px;'>Buscador (Scanner)<\/li>\n<li style='margin-bottom: 5px;'>Antena de Ganancia unitaria<\/li>\n<li style='margin-bottom: 5px;'>Jumper de 90 cm SMA macho &#8211; N macho<\/li>\n<li style='margin-bottom: 5px;'>Cargador con cable<\/li>\n<li style='margin-bottom: 5px;'>Estuche duro para transporte<\/li>\n<\/ul><\/div>\n<\/p><\/div>\n<\/p><\/div>\n<p> <!-- Nota importante --> <\/p>\n<div style='margin-bottom: 30px;'>\n<p style='margin: 0; padding: 15px; background-color: rgba(255&comma; 0&comma; 0&comma; 0.05); border-left: 4px solid #ff0000; color: inherit;'> <strong style='color: inherit;'>NOTA:<\/strong> La funci\u00f3n de indicar el nombre del operador y ubicaci\u00f3n de torre celular no est\u00e1 disponible para M\u00e9xico y LATAM. <\/p>\n<\/p><\/div>\n<p> <!-- Separador --> <\/p>\n<hr style='border: 0; border-top: 1px solid rgba(150&comma; 150&comma; 150&comma; 0.3); margin: 30px 0;'> <\/div>\n","protected":false},"excerpt":{"rendered":"<p>Medidor de Intensidad de Se\u00f1al Celular. Mide la se\u00f1al de diferentes bandas de frecuencias y las muestra en su celular por medio de una aplicaci\u00f3n.<\/p>\n","protected":false},"featured_media":59673,"comment_status":"open","ping_status":"closed","template":"","meta":[],"product_brand":[],"product_cat":[1531,1532,1552],"product_tag":[1535,1404,1536,1553,1525],"class_list":{"0":"post-59674","1":"product","2":"type-product","3":"status-publish","4":"has-post-thumbnail","6":"product_cat-antenas-3g-y-voz","7":"product_cat-cables-y-accesorios","8":"product_cat-cobertura-para-celular-4g-lte","9":"product_tag-3g-y-voz","10":"product_tag-antenas","11":"product_tag-cables-y-accesorios","12":"product_tag-cobertura-para-celular-4g-lte","13":"product_tag-wilsonpro-weboost","15":"first","16":"outofstock","17":"sale","18":"shipping-taxable","19":"purchasable","20":"product-type-simple"},"_links":{"self":[{"href":"https:\/\/soydeaqui.ddns.net\/pachuca\/index.php\/wp-json\/wp\/v2\/product\/59674","targetHints":{"allow":["GET"]}}],"collection":[{"href":"https:\/\/soydeaqui.ddns.net\/pachuca\/index.php\/wp-json\/wp\/v2\/product"}],"about":[{"href":"https:\/\/soydeaqui.ddns.net\/pachuca\/index.php\/wp-json\/wp\/v2\/types\/product"}],"replies":[{"embeddable":true,"href":"https:\/\/soydeaqui.ddns.net\/pachuca\/index.php\/wp-json\/wp\/v2\/comments?post=59674"}],"wp:featuredmedia":[{"embeddable":true,"href":"https:\/\/soydeaqui.ddns.net\/pachuca\/index.php\/wp-json\/wp\/v2\/media\/59673"}],"wp:attachment":[{"href":"https:\/\/soydeaqui.ddns.net\/pachuca\/index.php\/wp-json\/wp\/v2\/media?parent=59674"}],"wp:term":[{"taxonomy":"product_brand","embeddable":true,"href":"https:\/\/soydeaqui.ddns.net\/pachuca\/index.php\/wp-json\/wp\/v2\/product_brand?post=59674"},{"taxonomy":"product_cat","embeddable":true,"href":"https:\/\/soydeaqui.ddns.net\/pachuca\/index.php\/wp-json\/wp\/v2\/product_cat?post=59674"},{"taxonomy":"product_tag","embeddable":true,"href":"https:\/\/soydeaqui.ddns.net\/pachuca\/index.php\/wp-json\/wp\/v2\/product_tag?post=59674"}],"curies":[{"name":"wp","href":"https:\/\/api.w.org\/{rel}","templated":true}]}}