{"id":59624,"date":"2026-03-19T05:07:00","date_gmt":"2026-03-19T05:07:00","guid":{"rendered":"https:\/\/soydeaqui.ddns.net\/pachuca\/index.php\/producto\/bloqueador-de-dc-250-6000mhz-500w-3kv-161dbc-4-3-10-ip65\/"},"modified":"2026-03-19T05:07:04","modified_gmt":"2026-03-19T05:07:04","slug":"bloqueador-de-dc-250-6000mhz-500w-3kv-161dbc-4-3-10-ip65","status":"publish","type":"product","link":"https:\/\/soydeaqui.ddns.net\/pachuca\/index.php\/producto\/bloqueador-de-dc-250-6000mhz-500w-3kv-161dbc-4-3-10-ip65\/","title":{"rendered":"BLOQUEADOR DE DC 250-6000MHz 500W\/3kV -161dBc 4.3-10 IP65 ."},"content":{"rendered":"<div style='width: 100%; max-width: 1200px; margin: 0 auto; font-family: sans-serif; line-height: 1.6; color: inherit; background-color: transparent;'>\n<div style='display: flex; flex-wrap: wrap; gap: 30px; margin-bottom: 30px;'>\n<div style='flex: 1 1 300px; min-width: 280px;'>\n<h3 style='font-size: 22px; border-bottom: 2px solid currentColor; padding-bottom: 5px; margin-top: 0; color: inherit; opacity: 0.8;'>Descripci\u00f3n<\/h3>\n<p style='font-size: 15px; color: inherit; margin-bottom: 15px;'>El bloque de CC Microlab HR-26E se utiliza para evitar el flujo de corriente continua y picos de corriente de baja frecuencia a lo largo del conductor interno de un cable coaxial&comma; al tiempo que permite el flujo sin obst\u00e1culos de las se\u00f1ales de RF.<\/p>\n<p style='font-size: 15px; color: inherit; margin-bottom: 15px;'>Las aplicaciones incluyen el bloqueo de picos de corriente en t\u00faneles subterr\u00e1neos y sitios de antenas durante tormentas el\u00e9ctricas.<\/p>\n<p style='font-size: 15px; color: inherit; margin-bottom: 15px;'>El rango de frecuencia ultra amplio permite su uso en implementaciones LTE-LAA con antenas multibanda.<\/p>\n<p style='font-size: 15px; color: inherit; margin-bottom: 15px;'>La unidad consta de una longitud de l\u00ednea coaxial con un capacitor en serie en el conductor central para bloquear el flujo de CC y bajas frecuencias&comma; mientras pasa RF con p\u00e9rdidas o reflejos insignificantes.<\/p>\n<\/p><\/div>\n<\/p><\/div>\n<div style='display: flex; flex-wrap: wrap; gap: 20px; margin-bottom: 30px;'>\n<div style='flex: 1 1 250px; border: 1px solid rgba(150&comma; 150&comma; 150&comma; 0.4); border-radius: 8px; overflow: hidden; display: flex; flex-direction: column;'>\n<div style='padding: 15px; border-bottom: 1px solid rgba(150&comma; 150&comma; 150&comma; 0.2); font-weight: bold; font-size: 18px; color: inherit;'>Caracter\u00edsticas<\/div>\n<div style='padding: 15px; color: inherit;'>\n<ul style='padding-left: 20px; margin: 0; font-size: 14px; list-style-type: disc;'>\n<li style='margin-bottom: 5px;'>Bloque CC de banda ultraancha para LTE-LAA<\/li>\n<li style='margin-bottom: 5px;'>500 W promedio Potencia nominal<\/li>\n<li style='margin-bottom: 5px;'>PIM bajo garantizado<\/li>\n<li style='margin-bottom: 5px;'>P\u00e9rdida m\u00ednima de inserci\u00f3n de RF<\/li>\n<li style='margin-bottom: 5px;'>Clasificaci\u00f3n de alto voltaje de 3 kV<\/li>\n<li style='margin-bottom: 5px;'>Clasificaci\u00f3n IP65<\/li>\n<li style='margin-bottom: 5px;'>RoHS<\/li>\n<li style='margin-bottom: 5px;'>4.3-10 conectores<\/li>\n<\/ul><\/div>\n<\/p><\/div>\n<div style='flex: 1 1 250px; border: 1px solid rgba(150&comma; 150&comma; 150&comma; 0.4); border-radius: 8px; overflow: hidden; display: flex; flex-direction: column;'>\n<div style='padding: 15px; border-bottom: 1px solid rgba(150&comma; 150&comma; 150&comma; 0.2); font-weight: bold; font-size: 18px; color: inherit;'>Especificaciones<\/div>\n<div style='padding: 15px; color: inherit;'>\n<ul style='padding-left: 20px; margin: 0; font-size: 14px; list-style-type: disc;'>\n<li style='margin-bottom: 5px;'><strong>Frecuencia:<\/strong> 250-5925 MHz<\/li>\n<li style='margin-bottom: 5px;'><strong>Potencia:<\/strong> 500 W de media&comma; 10 kW de pico<\/li>\n<li style='margin-bottom: 5px;'><strong>PIM:<\/strong> -161 dBc (-118 dBm) m\u00edn. (2 tonos a +43 dBm)<\/li>\n<li style='margin-bottom: 5px;'><strong>Conectores:<\/strong> 4.3-10 (mf)<\/li>\n<li style='margin-bottom: 5px;'><strong>Protecci\u00f3n de ingreso:<\/strong> IP65<\/li>\n<li style='margin-bottom: 5px;'><strong>Peso:<\/strong> 143 g (5&comma;0 onzas)<\/li>\n<\/ul><\/div>\n<\/p><\/div>\n<\/p><\/div>\n<hr style='border: 0; border-top: 1px solid rgba(150&comma; 150&comma; 150&comma; 0.3); margin: 30px 0;'> <\/div>\n","protected":false},"excerpt":{"rendered":"<p>BLOQUEADOR DE DC 250-6000MHz 500W\/3kV -161dBc 4.3-10 IP65 .<\/p>\n","protected":false},"featured_media":59623,"comment_status":"open","ping_status":"closed","template":"","meta":[],"product_brand":[],"product_cat":[1529,1528,1755],"product_tag":[1535,1534,1533,1757,1756],"class_list":{"0":"post-59624","1":"product","2":"type-product","3":"status-publish","4":"has-post-thumbnail","6":"product_cat-4g","7":"product_cat-cobertura-celular-5g","8":"product_cat-sistemas-de-antenas-distribuidas-das","9":"product_tag-3g-y-voz","10":"product_tag-4g","11":"product_tag-cobertura-celular-5g","12":"product_tag-microlab","13":"product_tag-sistemas-de-antenas-distribuidas-das","15":"first","16":"outofstock","17":"sale","18":"shipping-taxable","19":"purchasable","20":"product-type-simple"},"_links":{"self":[{"href":"https:\/\/soydeaqui.ddns.net\/pachuca\/index.php\/wp-json\/wp\/v2\/product\/59624","targetHints":{"allow":["GET"]}}],"collection":[{"href":"https:\/\/soydeaqui.ddns.net\/pachuca\/index.php\/wp-json\/wp\/v2\/product"}],"about":[{"href":"https:\/\/soydeaqui.ddns.net\/pachuca\/index.php\/wp-json\/wp\/v2\/types\/product"}],"replies":[{"embeddable":true,"href":"https:\/\/soydeaqui.ddns.net\/pachuca\/index.php\/wp-json\/wp\/v2\/comments?post=59624"}],"wp:featuredmedia":[{"embeddable":true,"href":"https:\/\/soydeaqui.ddns.net\/pachuca\/index.php\/wp-json\/wp\/v2\/media\/59623"}],"wp:attachment":[{"href":"https:\/\/soydeaqui.ddns.net\/pachuca\/index.php\/wp-json\/wp\/v2\/media?parent=59624"}],"wp:term":[{"taxonomy":"product_brand","embeddable":true,"href":"https:\/\/soydeaqui.ddns.net\/pachuca\/index.php\/wp-json\/wp\/v2\/product_brand?post=59624"},{"taxonomy":"product_cat","embeddable":true,"href":"https:\/\/soydeaqui.ddns.net\/pachuca\/index.php\/wp-json\/wp\/v2\/product_cat?post=59624"},{"taxonomy":"product_tag","embeddable":true,"href":"https:\/\/soydeaqui.ddns.net\/pachuca\/index.php\/wp-json\/wp\/v2\/product_tag?post=59624"}],"curies":[{"name":"wp","href":"https:\/\/api.w.org\/{rel}","templated":true}]}}