{"id":59618,"date":"2026-03-19T05:06:49","date_gmt":"2026-03-19T05:06:49","guid":{"rendered":"https:\/\/soydeaqui.ddns.net\/pachuca\/index.php\/producto\/cuadriplexor-700-850-pcs-aws-250w-161dbc-4-3-10-ip67\/"},"modified":"2026-03-19T05:06:52","modified_gmt":"2026-03-19T05:06:52","slug":"cuadriplexor-700-850-pcs-aws-250w-161dbc-4-3-10-ip67","status":"publish","type":"product","link":"https:\/\/soydeaqui.ddns.net\/pachuca\/index.php\/producto\/cuadriplexor-700-850-pcs-aws-250w-161dbc-4-3-10-ip67\/","title":{"rendered":"CUADRIPLEXOR 700\/850\/PCS\/AWS 250W -161dBc 4.3-10 IP67 ."},"content":{"rendered":"<div style='width: 100%; max-width: 1200px; margin: 0 auto; font-family: sans-serif; line-height: 1.6; color: inherit; background-color: transparent;'>\n<div style='display: flex; flex-wrap: wrap; gap: 30px; margin-bottom: 30px;'>\n<div style='flex: 1 1 300px; min-width: 280px;'>\n<h3 style='font-size: 22px; border-bottom: 2px solid currentColor; padding-bottom: 5px; margin-top: 0; color: inherit; opacity: 0.8;'>Descripci\u00f3n<\/h3>\n<p style='font-size: 15px; color: inherit; text-align: justify;'>Microlab BK-962E Quadraplexer permite combinar y separar las se\u00f1ales en las bandas inal\u00e1mbricas comerciales de 698-798 MHz&comma; 817-894 MHz&comma; 1850-2000 MHz y 1695-1780\/2110-2180 MHz. Las entradas est\u00e1n bien aisladas y tienen una p\u00e9rdida de inserci\u00f3n m\u00ednima en sus respectivas bandas de frecuencia para minimizar la interacci\u00f3n de bandas. La atenci\u00f3n al dise\u00f1o mec\u00e1nico asegura que garantiza una baja intermodulaci\u00f3n pasiva. Permite la combinaci\u00f3n o divisi\u00f3n eficiente de las bandas celulares est\u00e1ndar en una estaci\u00f3n base&comma; red celular coaxial distribuida en edificios o DAS.<\/p>\n<\/p><\/div>\n<\/p><\/div>\n<div style='display: flex; flex-wrap: wrap; gap: 20px; margin-bottom: 30px;'>\n<div style='flex: 1 1 250px; border: 1px solid rgba(150&comma; 150&comma; 150&comma; 0.4); border-radius: 8px; overflow: hidden; display: flex; flex-direction: column;'>\n<div style='padding: 15px; border-bottom: 1px solid rgba(150&comma; 150&comma; 150&comma; 0.2); font-weight: bold; font-size: 18px; color: inherit;'>Caracter\u00edsticas<\/div>\n<div style='padding: 15px; color: inherit;'>\n<ul style='padding-left: 20px; margin: 0; font-size: 14px; list-style-type: disc;'>\n<li style='margin-bottom: 5px; color: inherit;'><span style='color: inherit;'>Combina bandas 700 y Band14&comma; 850&comma; PCS y AWS<\/span><\/li>\n<li style='margin-bottom: 5px; color: inherit;'><span style='color: inherit;'>Aislamiento de entrada de 50 dB<\/span><\/li>\n<li style='margin-bottom: 5px; color: inherit;'><span style='color: inherit;'>250 W por puerto<\/span><\/li>\n<li style='margin-bottom: 5px; color: inherit;'><span style='color: inherit;'>PIM bajo garantizado<\/span><\/li>\n<li style='margin-bottom: 5px; color: inherit;'><span style='color: inherit;'>P\u00e9rdida m\u00ednima de inserci\u00f3n de RF<\/span><\/li>\n<li style='margin-bottom: 5px; color: inherit;'><span style='color: inherit;'>Robusto&comma; Alta Confiabilidad<\/span><\/li>\n<li style='margin-bottom: 5px; color: inherit;'><span style='color: inherit;'>Clasificaci\u00f3n IP67<\/span><\/li>\n<li style='margin-bottom: 5px; color: inherit;'><span style='color: inherit;'>4.3-10 conectores<\/span><\/li>\n<li style='margin-bottom: 5px; color: inherit;'><span style='color: inherit;'>Dise\u00f1o compatible con RoHS<\/span><\/li>\n<\/ul><\/div>\n<\/p><\/div>\n<div style='flex: 1 1 250px; border: 1px solid rgba(150&comma; 150&comma; 150&comma; 0.4); border-radius: 8px; overflow: hidden; display: flex; flex-direction: column;'>\n<div style='padding: 15px; border-bottom: 1px solid rgba(150&comma; 150&comma; 150&comma; 0.2); font-weight: bold; font-size: 18px; color: inherit;'>Especificaciones<\/div>\n<div style='padding: 15px; color: inherit;'>\n<ul style='padding-left: 20px; margin: 0; font-size: 14px; list-style-type: disc;'>\n<li style='margin-bottom: 5px; color: inherit;'><strong>Frecuencia:<\/strong><\/li>\n<li style='margin-bottom: 5px; color: inherit;'>P1: 698 \u2013 798 MHz<\/li>\n<li style='margin-bottom: 5px; color: inherit;'>P2: 817 \u2013 894 MHz<\/li>\n<li style='margin-bottom: 5px; color: inherit;'>P3: 1850 &#8211; 2000 MHz<\/li>\n<li style='margin-bottom: 5px; color: inherit;'>P4: 1695 \u2013 1780 y 2110 \u2013 2180 MHz<\/li>\n<li style='margin-bottom: 5px; color: inherit;'><strong>Potencia:<\/strong> 250W<\/li>\n<li style='margin-bottom: 5px; color: inherit;'><strong>P\u00e9rdida de retorno:<\/strong> 20 dB m\u00edn.&comma; todos los puertos<\/li>\n<li style='margin-bottom: 5px; color: inherit;'><strong>Aislamiento:<\/strong> 50 dB m\u00edn.<\/li>\n<li style='margin-bottom: 5px; color: inherit;'><strong>PIM:<\/strong> -161 dBc (-118 dBm) m\u00edn. (Prueba con 2x 1900MHz&comma; +43 dBm tonos @ ambiente)<\/li>\n<li style='margin-bottom: 5px; color: inherit;'><strong>Conectores:<\/strong> 4.3-10 (f)&comma; Triplaca<\/li>\n<li style='margin-bottom: 5px; color: inherit;'><strong>Protecci\u00f3n de ingreso:<\/strong> IP67<\/li>\n<li style='margin-bottom: 5px; color: inherit;'><strong>Peso:<\/strong> 7&comma;90 libras (3&comma;6 kg)<\/li>\n<\/ul><\/div>\n<\/p><\/div>\n<\/p><\/div>\n<hr style='border: 0; border-top: 1px solid rgba(150&comma; 150&comma; 150&comma; 0.3); margin: 30px 0;'> <\/div>\n","protected":false},"excerpt":{"rendered":"<p>CUADRIPLEXOR 700\/850\/PCS\/AWS 250W -161dBc 4.3-10 IP67 .<\/p>\n","protected":false},"featured_media":59617,"comment_status":"open","ping_status":"closed","template":"","meta":[],"product_brand":[],"product_cat":[1529,1528,1755],"product_tag":[1535,1534,1533,1757,1756],"class_list":{"0":"post-59618","1":"product","2":"type-product","3":"status-publish","4":"has-post-thumbnail","6":"product_cat-4g","7":"product_cat-cobertura-celular-5g","8":"product_cat-sistemas-de-antenas-distribuidas-das","9":"product_tag-3g-y-voz","10":"product_tag-4g","11":"product_tag-cobertura-celular-5g","12":"product_tag-microlab","13":"product_tag-sistemas-de-antenas-distribuidas-das","15":"first","16":"outofstock","17":"sale","18":"shipping-taxable","19":"purchasable","20":"product-type-simple"},"_links":{"self":[{"href":"https:\/\/soydeaqui.ddns.net\/pachuca\/index.php\/wp-json\/wp\/v2\/product\/59618","targetHints":{"allow":["GET"]}}],"collection":[{"href":"https:\/\/soydeaqui.ddns.net\/pachuca\/index.php\/wp-json\/wp\/v2\/product"}],"about":[{"href":"https:\/\/soydeaqui.ddns.net\/pachuca\/index.php\/wp-json\/wp\/v2\/types\/product"}],"replies":[{"embeddable":true,"href":"https:\/\/soydeaqui.ddns.net\/pachuca\/index.php\/wp-json\/wp\/v2\/comments?post=59618"}],"wp:featuredmedia":[{"embeddable":true,"href":"https:\/\/soydeaqui.ddns.net\/pachuca\/index.php\/wp-json\/wp\/v2\/media\/59617"}],"wp:attachment":[{"href":"https:\/\/soydeaqui.ddns.net\/pachuca\/index.php\/wp-json\/wp\/v2\/media?parent=59618"}],"wp:term":[{"taxonomy":"product_brand","embeddable":true,"href":"https:\/\/soydeaqui.ddns.net\/pachuca\/index.php\/wp-json\/wp\/v2\/product_brand?post=59618"},{"taxonomy":"product_cat","embeddable":true,"href":"https:\/\/soydeaqui.ddns.net\/pachuca\/index.php\/wp-json\/wp\/v2\/product_cat?post=59618"},{"taxonomy":"product_tag","embeddable":true,"href":"https:\/\/soydeaqui.ddns.net\/pachuca\/index.php\/wp-json\/wp\/v2\/product_tag?post=59618"}],"curies":[{"name":"wp","href":"https:\/\/api.w.org\/{rel}","templated":true}]}}