{"id":5961,"date":"2026-03-18T06:37:25","date_gmt":"2026-03-18T06:37:25","guid":{"rendered":"https:\/\/soydeaqui.ddns.net\/pachuca\/index.php\/producto\/boton-de-panico-puede-usarse-alrededor-del-cuello-en-una-pulsera-un-clip-o-montarse-en-escritorio-bateria-de-larga-duracion-3-5-anos\/"},"modified":"2026-03-18T06:37:27","modified_gmt":"2026-03-18T06:37:27","slug":"boton-de-panico-puede-usarse-alrededor-del-cuello-en-una-pulsera-un-clip-o-montarse-en-escritorio-bateria-de-larga-duracion-3-5-anos","status":"publish","type":"product","link":"https:\/\/soydeaqui.ddns.net\/pachuca\/index.php\/producto\/boton-de-panico-puede-usarse-alrededor-del-cuello-en-una-pulsera-un-clip-o-montarse-en-escritorio-bateria-de-larga-duracion-3-5-anos\/","title":{"rendered":"Bot\u00f3n de P\u00e1nico, Puede Usarse Alrededor del Cuello, en una Pulsera, un Clip o Montarse en Escritorio \/ Bater\u00eda de Larga Duraci\u00f3n 3-5 a\u00f1os"},"content":{"rendered":"<div style='width: 100%; max-width: 1200px; margin: 0 auto; font-family: sans-serif; line-height: 1.6; color: inherit; background-color: transparent;'>\n<div style='display: flex; flex-wrap: wrap; gap: 30px; margin-bottom: 30px;'>\n<div style='flex: 1 1 300px; min-width: 280px;'>\n<h3 style='font-size: 22px; border-bottom: 2px solid currentColor; padding-bottom: 5px; margin-top: 0; color: inherit; opacity: 0.8;'>Caracter\u00edsticas<\/h3>\n<ul style='padding-left: 20px; font-size: 15px; color: inherit;'>\n<li style='margin-bottom: 5px;'>Tama\u00f1o reducido comparado a otros modelos<\/li>\n<li style='margin-bottom: 5px;'>Uso vers\u00e1til: reloj&comma; colgante&comma; compatible con cintur\u00f3n<\/li>\n<li style='margin-bottom: 5px;'>Resistente al agua&comma; ideal para exteriores<\/li>\n<li style='margin-bottom: 5px;'>Indicador LED para confirmaci\u00f3n de transmisi\u00f3n<\/li>\n<li style='margin-bottom: 5px;'>Di\u00e1metro de 3.9 mm<\/li>\n<li style='margin-bottom: 5px;'>Bater\u00eda de 3V 2032&comma; duraci\u00f3n 3-5 a\u00f1os<\/li>\n<\/ul>\n<\/div>\n<\/div>\n<\/div>\n<hr style='border: 0; border-top: 1px solid rgba(150&comma; 150&comma; 150&comma; 0.3); margin: 30px 0;'><\/div>\n","protected":false},"excerpt":{"rendered":"<p>Bot\u00f3n de P\u00e1nico, Puede Usarse Alrededor del Cuello, en una Pulsera, un Clip o Montarse en Escritorio \/ Bater\u00eda de Larga Duraci\u00f3n 3-5 a\u00f1os<\/p>\n","protected":false},"featured_media":5960,"comment_status":"open","ping_status":"closed","template":"","meta":[],"product_brand":[],"product_cat":[167],"product_tag":[93,168,45],"class_list":{"0":"post-5961","1":"product","2":"type-product","3":"status-publish","4":"has-post-thumbnail","6":"product_cat-botones-de-panico","7":"product_tag-accesorios","8":"product_tag-botones-de-panico","9":"product_tag-honeywell-home-resideo","11":"first","12":"instock","13":"sale","14":"shipping-taxable","15":"purchasable","16":"product-type-simple"},"_links":{"self":[{"href":"https:\/\/soydeaqui.ddns.net\/pachuca\/index.php\/wp-json\/wp\/v2\/product\/5961","targetHints":{"allow":["GET"]}}],"collection":[{"href":"https:\/\/soydeaqui.ddns.net\/pachuca\/index.php\/wp-json\/wp\/v2\/product"}],"about":[{"href":"https:\/\/soydeaqui.ddns.net\/pachuca\/index.php\/wp-json\/wp\/v2\/types\/product"}],"replies":[{"embeddable":true,"href":"https:\/\/soydeaqui.ddns.net\/pachuca\/index.php\/wp-json\/wp\/v2\/comments?post=5961"}],"wp:featuredmedia":[{"embeddable":true,"href":"https:\/\/soydeaqui.ddns.net\/pachuca\/index.php\/wp-json\/wp\/v2\/media\/5960"}],"wp:attachment":[{"href":"https:\/\/soydeaqui.ddns.net\/pachuca\/index.php\/wp-json\/wp\/v2\/media?parent=5961"}],"wp:term":[{"taxonomy":"product_brand","embeddable":true,"href":"https:\/\/soydeaqui.ddns.net\/pachuca\/index.php\/wp-json\/wp\/v2\/product_brand?post=5961"},{"taxonomy":"product_cat","embeddable":true,"href":"https:\/\/soydeaqui.ddns.net\/pachuca\/index.php\/wp-json\/wp\/v2\/product_cat?post=5961"},{"taxonomy":"product_tag","embeddable":true,"href":"https:\/\/soydeaqui.ddns.net\/pachuca\/index.php\/wp-json\/wp\/v2\/product_tag?post=5961"}],"curies":[{"name":"wp","href":"https:\/\/api.w.org\/{rel}","templated":true}]}}