{"id":59595,"date":"2026-03-19T05:06:13","date_gmt":"2026-03-19T05:06:13","guid":{"rendered":"https:\/\/soydeaqui.ddns.net\/pachuca\/index.php\/producto\/gabinete-ventilado-de-acero-ip55-uso-en-exterior-600-x-800-x-300-mm-con-placa-trasera-interior-metalica-y-compuerta-inferior-atornillable-incluye-ventilador-ventilas-filtros-chapas-y-llave-t\/"},"modified":"2026-03-19T05:06:24","modified_gmt":"2026-03-19T05:06:24","slug":"gabinete-ventilado-de-acero-ip55-uso-en-exterior-600-x-800-x-300-mm-con-placa-trasera-interior-metalica-y-compuerta-inferior-atornillable-incluye-ventilador-ventilas-filtros-chapas-y-llave-t","status":"publish","type":"product","link":"https:\/\/soydeaqui.ddns.net\/pachuca\/index.php\/producto\/gabinete-ventilado-de-acero-ip55-uso-en-exterior-600-x-800-x-300-mm-con-placa-trasera-interior-metalica-y-compuerta-inferior-atornillable-incluye-ventilador-ventilas-filtros-chapas-y-llave-t\/","title":{"rendered":"Gabinete Ventilado de Acero IP55 Uso en Exterior (600 x 800 x 300 mm) con Placa Trasera Interior Met\u00e1lica y Compuerta Inferior Atornillable. Incluye Ventilador, Ventilas, filtros, Chapas y Llave T."},"content":{"rendered":"<div style='width: 100%; max-width: 1200px; margin: 0 auto; font-family: sans-serif; line-height: 1.6; color: inherit; background-color: transparent;'>\n<div style='display: flex; flex-wrap: wrap; gap: 30px; margin-bottom: 30px;'>\n<div style='flex: 1 1 300px; min-width: 280px;'>\n<h3 style='font-size: 22px; border-bottom: 2px solid currentColor; padding-bottom: 5px; margin-top: 0; color: inherit; opacity: 0.8;'>Descripci\u00f3n<\/h3>\n<p style='font-size: 15px; color: inherit; margin-top: 0;'>Gabinete de Acero con Ventilaci\u00f3n Incluida para uso en aplicaciones en exterior como postes&comma; torres de telecomunicaci\u00f3n o pared donde no se cuente con protecci\u00f3n contra lluvia o polvo excesivo.<\/p>\n<div style='margin: 20px 0;'> <img style='width: 100%; height: auto; border: 1px solid rgba(150&comma;150&comma;150&comma;0.3); border-radius: 8px;' src='https:\/\/ftp3.syscom.mx\/usuarios\/fotos\/PST253015A\/154654-precisionlogosolid.jpg' alt=''> <\/div>\n<\/p><\/div>\n<\/p><\/div>\n<div style='display: flex; flex-wrap: wrap; gap: 20px; margin-bottom: 30px;'>\n<div style='flex: 1 1 250px; border: 1px solid rgba(150&comma; 150&comma; 150&comma; 0.4); border-radius: 8px; overflow: hidden; display: flex; flex-direction: column;'>\n<div style='padding: 15px; border-bottom: 1px solid rgba(150&comma; 150&comma; 150&comma; 0.2); font-weight: bold; font-size: 18px; color: inherit;'>Caracter\u00edsticas F\u00edsicas<\/div>\n<div style='padding: 15px; color: inherit;'>\n<ul style='padding-left: 20px; margin: 0; font-size: 14px; list-style-type: disc;'>\n<li style='margin-bottom: 5px;'><strong>Material:<\/strong> Acero<\/li>\n<li style='margin-bottom: 5px;'><strong>Pintura:<\/strong> En polvo base poliester<\/li>\n<li style='margin-bottom: 5px;'><strong>Nivel de protecci\u00f3n:<\/strong> IP55<\/li>\n<li style='margin-bottom: 5px;'><strong>Resistencia contra impactos:<\/strong> IK10 en la parte met\u00e1lica<\/li>\n<li style='margin-bottom: 5px;'><strong>Material de placa trasera:<\/strong> Acero galvanizado de 2mm de espesor<\/li>\n<li style='margin-bottom: 5px;'><strong>Dimensiones:<\/strong> 600 x 800 x 300 mm (ancho x alto x profundidad)<\/li>\n<li style='margin-bottom: 5px;'><strong>Peso del gabinete \/ Almacenaje m\u00e1ximo recomendado:<\/strong> 24.97Kg. \/ 35 Kg.<\/li>\n<li style='margin-bottom: 5px;'><strong>Espesor de l\u00e1mina:<\/strong> 1.5 mm en cuerpo y puerta<\/li>\n<\/ul><\/div>\n<\/p><\/div>\n<div style='flex: 1 1 250px; border: 1px solid rgba(150&comma; 150&comma; 150&comma; 0.4); border-radius: 8px; overflow: hidden; display: flex; flex-direction: column;'>\n<div style='padding: 15px; border-bottom: 1px solid rgba(150&comma; 150&comma; 150&comma; 0.2); font-weight: bold; font-size: 18px; color: inherit;'>Incluye<\/div>\n<div style='padding: 15px; color: inherit;'>\n<ul style='padding-left: 20px; margin: 0; font-size: 14px; list-style-type: disc;'>\n<li style='margin-bottom: 5px;'>Cuerpo y puerta de acero<\/li>\n<li style='margin-bottom: 5px;'>Placa trasera para montaje de equipo (550 x 765 mm ancho x alto)<\/li>\n<li style='margin-bottom: 5px;'>Cerradura de seguridad con llave (PSTK2L y PSTK2K)<\/li>\n<li style='margin-bottom: 5px;'>Tapa inferior para instalaci\u00f3n de conectores tipo gl\u00e1ndula<\/li>\n<li style='margin-bottom: 5px;'>Empaque e informaci\u00f3n<\/li>\n<li style='margin-bottom: 5px;'>Ventilador 110 Vca con ventila y filtro&comma; y ventila lateral con filtro (165 x 165 x 130 mm)<\/li>\n<\/ul><\/div>\n<\/p><\/div>\n<div style='flex: 1 1 250px; border: 1px solid rgba(150&comma; 150&comma; 150&comma; 0.4); border-radius: 8px; overflow: hidden; display: flex; flex-direction: column;'>\n<div style='padding: 15px; border-bottom: 1px solid rgba(150&comma; 150&comma; 150&comma; 0.2); font-weight: bold; font-size: 18px; color: inherit;'>Aplicaci\u00f3n<\/div>\n<div style='padding: 15px; color: inherit;'>\n<ul style='padding-left: 20px; margin: 0; font-size: 14px; list-style-type: disc;'>\n<li style='margin-bottom: 5px;'>Instalaci\u00f3n de POE&#8217;s en torre&comma; poste o pared<\/li>\n<li style='margin-bottom: 5px;'>Almacenamiento de bater\u00edas (se recomienda agregar respiraci\u00f3n)<\/li>\n<li style='margin-bottom: 5px;'>Resguardo de protectores de pico&comma; fusibles o tablillas el\u00e9ctricas<\/li>\n<\/ul>\n<p style='margin-top: 15px; margin-bottom: 0;'><a href='https:\/\/www.syscom.mx\/principal\/consultarproductosazul?global_search=txgb&#038;ordenar=Relevancia&#038;pag=1' style='color: #1f00ff; text-decoration: none;'>Ver modelos de conectores tipo gl\u00e1ndula<\/a><\/p>\n<\/p><\/div>\n<\/p><\/div>\n<\/p><\/div>\n<div style='display: flex; flex-wrap: wrap; gap: 20px; margin-bottom: 30px;'>\n<div style='flex: 1 1 250px; border: 1px solid rgba(150&comma; 150&comma; 150&comma; 0.4); border-radius: 8px; overflow: hidden; display: flex; flex-direction: column;'>\n<div style='padding: 15px; border-bottom: 1px solid rgba(150&comma; 150&comma; 150&comma; 0.2); font-weight: bold; font-size: 18px; color: inherit;'>Notas T\u00e9cnicas<\/div>\n<div style='padding: 15px; color: inherit;'>\n<ul style='padding-left: 20px; margin: 0; font-size: 14px; list-style-type: disc;'>\n<li style='margin-bottom: 5px;'><strong>Implementaci\u00f3n de ventilaci\u00f3n:<\/strong> Incluida<\/li>\n<li style='margin-bottom: 5px;'><strong>Reducci\u00f3n de protecci\u00f3n IP:<\/strong> El instalar los elementos de ventilaci\u00f3n reducir\u00e1 el nivel de protecci\u00f3n (IP) del gabinete pero mejorar\u00e1 la disipaci\u00f3n de calor<\/li>\n<\/ul><\/div>\n<\/p><\/div>\n<div style='flex: 1 1 250px; border: 1px solid rgba(150&comma; 150&comma; 150&comma; 0.4); border-radius: 8px; overflow: hidden; display: flex; flex-direction: column;'>\n<div style='padding: 15px; border-bottom: 1px solid rgba(150&comma; 150&comma; 150&comma; 0.2); font-weight: bold; font-size: 18px; color: inherit;'>Accesorios Recomendados<\/div>\n<div style='padding: 15px; color: inherit;'>\n<ul style='padding-left: 20px; margin: 0; font-size: 14px; list-style-type: disc;'>\n<li style='margin-bottom: 5px;'><a href='https:\/\/www.syscom.mx\/producto\/PST-WA-080-PRECISION-161009.html' style='color: #1f00ff; text-decoration: none;'><strong>* Para montaje en poste se sugiere el modelo PST-WA-080<\/strong><\/a><\/li>\n<li style='margin-bottom: 5px;'><a href='https:\/\/www.syscom.mx\/producto\/PST-WC-010-PRECISION-161010.html' style='color: #1f00ff; text-decoration: none;'><strong>* Para montaje en pared se sugiere el modelo PST-WC-010<\/strong><\/a><\/li>\n<\/ul><\/div>\n<\/p><\/div>\n<\/p><\/div>\n<hr style='border: 0; border-top: 1px solid rgba(150&comma; 150&comma; 150&comma; 0.3); margin: 30px 0;'> <\/div>\n","protected":false},"excerpt":{"rendered":"<p>Gabinete Ventilado de Acero IP55 Uso en Exterior (600 x 800 x 300 mm) con Placa Trasera Interior Met\u00e1lica y Compuerta Inferior Atornillable. Incluye Ventilador, Ventilas, filtros, Chapas y Llave T.<\/p>\n","protected":false},"featured_media":59594,"comment_status":"open","ping_status":"closed","template":"","meta":[],"product_brand":[],"product_cat":[637],"product_tag":[638,248,605],"class_list":{"0":"post-59595","1":"product","2":"type-product","3":"status-publish","4":"has-post-thumbnail","6":"product_cat-gabinetes-para-intemperie","7":"product_tag-gabinetes-para-intemperie","8":"product_tag-precision","9":"product_tag-racks-y-gabinetes","11":"first","12":"instock","13":"sale","14":"shipping-taxable","15":"purchasable","16":"product-type-simple"},"_links":{"self":[{"href":"https:\/\/soydeaqui.ddns.net\/pachuca\/index.php\/wp-json\/wp\/v2\/product\/59595","targetHints":{"allow":["GET"]}}],"collection":[{"href":"https:\/\/soydeaqui.ddns.net\/pachuca\/index.php\/wp-json\/wp\/v2\/product"}],"about":[{"href":"https:\/\/soydeaqui.ddns.net\/pachuca\/index.php\/wp-json\/wp\/v2\/types\/product"}],"replies":[{"embeddable":true,"href":"https:\/\/soydeaqui.ddns.net\/pachuca\/index.php\/wp-json\/wp\/v2\/comments?post=59595"}],"wp:featuredmedia":[{"embeddable":true,"href":"https:\/\/soydeaqui.ddns.net\/pachuca\/index.php\/wp-json\/wp\/v2\/media\/59594"}],"wp:attachment":[{"href":"https:\/\/soydeaqui.ddns.net\/pachuca\/index.php\/wp-json\/wp\/v2\/media?parent=59595"}],"wp:term":[{"taxonomy":"product_brand","embeddable":true,"href":"https:\/\/soydeaqui.ddns.net\/pachuca\/index.php\/wp-json\/wp\/v2\/product_brand?post=59595"},{"taxonomy":"product_cat","embeddable":true,"href":"https:\/\/soydeaqui.ddns.net\/pachuca\/index.php\/wp-json\/wp\/v2\/product_cat?post=59595"},{"taxonomy":"product_tag","embeddable":true,"href":"https:\/\/soydeaqui.ddns.net\/pachuca\/index.php\/wp-json\/wp\/v2\/product_tag?post=59595"}],"curies":[{"name":"wp","href":"https:\/\/api.w.org\/{rel}","templated":true}]}}