{"id":5959,"date":"2026-03-18T06:37:24","date_gmt":"2026-03-18T06:37:24","guid":{"rendered":"https:\/\/soydeaqui.ddns.net\/pachuca\/index.php\/producto\/termostato-con-senal-inalambrica-z-wave-inteligente-para-automatizacion-del-clima-ideal-para-panel-de-alarma-l5210-l7000-o-serie-vista-con-total-connect\/"},"modified":"2026-03-18T06:37:24","modified_gmt":"2026-03-18T06:37:24","slug":"termostato-con-senal-inalambrica-z-wave-inteligente-para-automatizacion-del-clima-ideal-para-panel-de-alarma-l5210-l7000-o-serie-vista-con-total-connect","status":"publish","type":"product","link":"https:\/\/soydeaqui.ddns.net\/pachuca\/index.php\/producto\/termostato-con-senal-inalambrica-z-wave-inteligente-para-automatizacion-del-clima-ideal-para-panel-de-alarma-l5210-l7000-o-serie-vista-con-total-connect\/","title":{"rendered":"Termostato con se\u00f1al inalambrica Z-WAVE Inteligente para Automatizaci\u00f3n del clima, ideal para panel de alarma L5210, L7000 o serie Vista con Total Connect."},"content":{"rendered":"<div style='width: 100%; max-width: 1200px; margin: 0 auto; font-family: sans-serif; line-height: 1.6; color: inherit; background-color: transparent;'>\n<div style='display: flex; flex-wrap: wrap; gap: 30px; margin-bottom: 30px;'>\n<div style='flex: 1 1 300px; min-width: 280px;'>\n<h3 style='font-size: 22px; border-bottom: 2px solid currentColor; padding-bottom: 5px; margin-top: 0; color: inherit; opacity: 0.8;'>Descripci\u00f3n<\/h3>\n<p style='font-size: 15px; color: inherit; margin-bottom: 15px;'>Es un Adaptador para Termostato con tecnolog\u00eda Z-WAVE la cual permite la integraci\u00f3n mediante sistemas de automatizaci\u00f3n&comma; complement\u00e1ndose con la Interfaz 5800ZBRIDGE que adem\u00e1s de ser compatible con los termostatos con tecnolog\u00eda Z-WAVE le permite controlar luces&comma; cerraduras el\u00e9ctricas&comma; etc.&comma; compatibles con los paneles VISTA y Lynx Touch de Honeywell.<\/p>\n<p style='font-size: 15px; color: inherit; margin-bottom: 15px;'>Permitiendo tener calendarios de activaci\u00f3n&comma; desactivaci\u00f3n o el control mediante dispositivos Wi-Fi todo mediante la tecnolog\u00eda Z-WAVE.<\/p>\n<p style='font-size: 15px; color: inherit; margin-bottom: 15px;'>Cuando se cuenta ya con un teclado como el TUXEDO de Honeywell que INCLUYE la Tecnolog\u00eda Z-WAVE que controla localmente o remotamente a trav\u00e9s de Total ConnectTM su Termostato&comma; no ser\u00eda necesaria la interfaz 5800ZBRIDGE.<\/p>\n<\/p><\/div>\n<\/p><\/div>\n<div style='display: flex; flex-wrap: wrap; gap: 20px; margin-bottom: 30px;'>\n<div style='flex: 1 1 250px; border: 1px solid rgba(150&comma; 150&comma; 150&comma; 0.4); border-radius: 8px; overflow: hidden; display: flex; flex-direction: column;'>\n<div style='padding: 15px; border-bottom: 1px solid rgba(150&comma; 150&comma; 150&comma; 0.2); font-weight: bold; font-size: 18px; color: inherit;'>Notas Importantes<\/div>\n<div style='padding: 15px; color: inherit;'>\n<ul style='padding-left: 20px; margin: 0; font-size: 14px; list-style-type: disc;'>\n<li style='margin-bottom: 5px;'><strong>Interfaz 5800ZBRIDGE:<\/strong> Opcional<\/li>\n<li style='margin-bottom: 5px;'><strong>Control Total Connect:<\/strong> M\u00e1ximo 3 termostatos ZWSTAT por sitio<\/li>\n<\/ul><\/div>\n<\/p><\/div>\n<\/p><\/div>\n<hr style='border: 0; border-top: 1px solid rgba(150&comma; 150&comma; 150&comma; 0.3); margin: 30px 0;'> <\/div>\n","protected":false},"excerpt":{"rendered":"<p>Termostato con se\u00f1al inalambrica Z-WAVE Inteligente para Automatizaci\u00f3n del clima, ideal para panel de alarma L5210, L7000 o serie Vista con Total Connect.<\/p>\n","protected":false},"featured_media":5958,"comment_status":"open","ping_status":"closed","template":"","meta":[],"product_brand":[],"product_cat":[43],"product_tag":[30,45,44],"class_list":{"0":"post-5959","1":"product","2":"type-product","3":"status-publish","4":"has-post-thumbnail","6":"product_cat-termostatos","7":"product_tag-automatizacion-casa-inteligente","8":"product_tag-honeywell-home-resideo","9":"product_tag-termostatos","11":"first","12":"outofstock","13":"sale","14":"shipping-taxable","15":"purchasable","16":"product-type-simple"},"_links":{"self":[{"href":"https:\/\/soydeaqui.ddns.net\/pachuca\/index.php\/wp-json\/wp\/v2\/product\/5959","targetHints":{"allow":["GET"]}}],"collection":[{"href":"https:\/\/soydeaqui.ddns.net\/pachuca\/index.php\/wp-json\/wp\/v2\/product"}],"about":[{"href":"https:\/\/soydeaqui.ddns.net\/pachuca\/index.php\/wp-json\/wp\/v2\/types\/product"}],"replies":[{"embeddable":true,"href":"https:\/\/soydeaqui.ddns.net\/pachuca\/index.php\/wp-json\/wp\/v2\/comments?post=5959"}],"wp:featuredmedia":[{"embeddable":true,"href":"https:\/\/soydeaqui.ddns.net\/pachuca\/index.php\/wp-json\/wp\/v2\/media\/5958"}],"wp:attachment":[{"href":"https:\/\/soydeaqui.ddns.net\/pachuca\/index.php\/wp-json\/wp\/v2\/media?parent=5959"}],"wp:term":[{"taxonomy":"product_brand","embeddable":true,"href":"https:\/\/soydeaqui.ddns.net\/pachuca\/index.php\/wp-json\/wp\/v2\/product_brand?post=5959"},{"taxonomy":"product_cat","embeddable":true,"href":"https:\/\/soydeaqui.ddns.net\/pachuca\/index.php\/wp-json\/wp\/v2\/product_cat?post=5959"},{"taxonomy":"product_tag","embeddable":true,"href":"https:\/\/soydeaqui.ddns.net\/pachuca\/index.php\/wp-json\/wp\/v2\/product_tag?post=5959"}],"curies":[{"name":"wp","href":"https:\/\/api.w.org\/{rel}","templated":true}]}}