{"id":59486,"date":"2026-03-19T05:02:54","date_gmt":"2026-03-19T05:02:54","guid":{"rendered":"https:\/\/soydeaqui.ddns.net\/pachuca\/index.php\/producto\/subwoofer-excelon-motorsport-de-10-con-iluminacion\/"},"modified":"2026-03-19T05:02:54","modified_gmt":"2026-03-19T05:02:54","slug":"subwoofer-excelon-motorsport-de-10-con-iluminacion","status":"publish","type":"product","link":"https:\/\/soydeaqui.ddns.net\/pachuca\/index.php\/producto\/subwoofer-excelon-motorsport-de-10-con-iluminacion\/","title":{"rendered":"Subwoofer excelon motorsport de 10&#8243; con iluminaci\u00f3n"},"content":{"rendered":"<div style='width: 100%; max-width: 1200px; margin: 0 auto; font-family: sans-serif; line-height: 1.6; color: inherit; background-color: transparent;'> <!-- Secci\u00f3n de t\u00edtulo y descripci\u00f3n --> <\/p>\n<div style='margin-bottom: 30px;'>\n<h1 style='font-size: 28px; margin: 0 0 15px 0; color: inherit;'>XM1041WL<\/h1>\n<p style='font-size: 16px; margin: 0 0 20px 0; color: inherit;'><span style='font-size: 14pt; color: inherit;'>Subwoofer de 10&#8242; con iluminaci\u00f3n<\/span><\/p>\n<\/p><\/div>\n<p> <!-- Secci\u00f3n de caracter\u00edsticas principales --> <\/p>\n<div style='display: flex; flex-wrap: wrap; gap: 30px; margin-bottom: 30px;'>\n<div style='flex: 1 1 300px; min-width: 280px;'>\n<h3 style='font-size: 22px; border-bottom: 2px solid currentColor; padding-bottom: 5px; margin-top: 0; color: inherit; opacity: 0.8;'>Caracter\u00edsticas<\/h3>\n<ul style='padding-left: 20px; font-size: 15px; color: inherit;'>\n<li style='margin-bottom: 5px; color: inherit;'>Potencia m\u00e1xima 1300 W<\/li>\n<li style='margin-bottom: 5px; color: inherit;'>Potencia RMS 300 W<\/li>\n<li style='margin-bottom: 5px; color: inherit;'>Cono de PP resistente al agua IPX6<\/li>\n<li style='margin-bottom: 5px; color: inherit;'>Cono de polipropileno con borde de caucho<\/li>\n<li style='margin-bottom: 5px; color: inherit;'>Rejilla resistente a los rayos UV<\/li>\n<li style='margin-bottom: 5px; color: inherit;'>Iluminaci\u00f3n de patr\u00f3n\/color variable<\/li>\n<li style='margin-bottom: 5px; color: inherit;'>Control remoto para iluminaci\u00f3n<\/li>\n<li style='margin-bottom: 5px; color: inherit;'>Iluminaci\u00f3n m\u00faltiple ajustable a trav\u00e9s de control remoto RF (21 colores de iluminaci\u00f3n y patrones&comma; 8 ajustes de brillo&comma; y 7 ajustes de velocidad)<\/li>\n<\/ul><\/div>\n<\/p><\/div>\n<p> <!-- Secci\u00f3n de especificaciones t\u00e9cnicas --> <\/p>\n<div style='display: flex; flex-wrap: wrap; gap: 20px; margin-bottom: 30px;'>\n<div style='flex: 1 1 250px; border: 1px solid rgba(150&comma; 150&comma; 150&comma; 0.4); border-radius: 8px; overflow: hidden; display: flex; flex-direction: column; width: 100%;'>\n<div style='padding: 15px; border-bottom: 1px solid rgba(150&comma; 150&comma; 150&comma; 0.2); font-weight: bold; font-size: 18px; color: inherit;'>Caracter\u00edsticas generales<\/div>\n<div style='padding: 15px; color: inherit;'>\n<ul style='padding-left: 20px; margin: 0; font-size: 14px; list-style-type: disc; color: inherit;'>\n<li style='margin-bottom: 5px; color: inherit;'><strong style='color: inherit;'>Potencia m\u00e1xima de entrada:<\/strong> 1300W<\/li>\n<li style='margin-bottom: 5px; color: inherit;'><strong style='color: inherit;'>Potencia de entrada RMS:<\/strong> 300W<\/li>\n<li style='margin-bottom: 5px; color: inherit;'><strong style='color: inherit;'>Tama\u00f1o:<\/strong> 10&#8242;<\/li>\n<li style='margin-bottom: 5px; color: inherit;'><strong style='color: inherit;'>Composici\u00f3n del im\u00e1n del woofer:<\/strong> Ferrito<\/li>\n<li style='margin-bottom: 5px; color: inherit;'><strong style='color: inherit;'>Impedancia nominal:<\/strong> 4 ohmios<\/li>\n<li style='margin-bottom: 5px; color: inherit;'><strong style='color: inherit;'>Respuesta frecuente:<\/strong> 40Hz &#8211; 300Hz<\/li>\n<li style='margin-bottom: 5px; color: inherit;'><strong style='color: inherit;'>Sensibilidad (dB\/W a 1m):<\/strong> 84dB<\/li>\n<li style='margin-bottom: 5px; color: inherit;'><strong style='color: inherit;'>Di\u00e1metro de corte:<\/strong> 9-1\/8&#8242; (232 mm)<\/li>\n<li style='margin-bottom: 5px; color: inherit;'><strong style='color: inherit;'>Altura superior:<\/strong> 1-13\/16&#8242; (46&comma;5 mm)<\/li>\n<li style='margin-bottom: 5px; color: inherit;'><strong style='color: inherit;'>Profundidad de montaje:<\/strong> 5-1\/2&#8242; (140 mm)<\/li>\n<li style='margin-bottom: 5px; color: inherit;'><strong style='color: inherit;'>Peso:<\/strong> 12.1 libras (5&comma;5 kg)<\/li>\n<\/ul><\/div>\n<\/p><\/div>\n<\/p><\/div>\n<p> <!-- Imagen del producto --> <\/p>\n<div style='margin: 30px 0;'> <img style='width: 100%; height: auto; border: 1px solid rgba(150&comma;150&comma;150&comma;0.3); border-radius: 8px;' src='https:\/\/www.kenwood.com\/usa\/car\/excelon\/motorsports_series\/xm1041wl\/images\/feat09_01.jpg' alt='Subwoofer Excelon Motorsport de 10'> <\/div>\n<p> <!-- Separador --> <\/p>\n<hr style='border: 0; border-top: 1px solid rgba(150&comma; 150&comma; 150&comma; 0.3); margin: 30px 0;'> <\/div>\n","protected":false},"excerpt":{"rendered":"<p>Subwoofer excelon motorsport de 10&#8243; con iluminaci\u00f3n<\/p>\n","protected":false},"featured_media":59485,"comment_status":"open","ping_status":"closed","template":"","meta":[],"product_brand":[],"product_cat":[1618],"product_tag":[1619,1470,1172],"class_list":{"0":"post-59486","1":"product","2":"type-product","3":"status-publish","4":"has-post-thumbnail","6":"product_cat-audio-jvc-kenwood-y-fusion","7":"product_tag-audio-jvc-kenwood-y-fusion","8":"product_tag-jvc-kenwood","9":"product_tag-soluciones-marinas","11":"first","12":"instock","13":"sale","14":"shipping-taxable","15":"purchasable","16":"product-type-simple"},"_links":{"self":[{"href":"https:\/\/soydeaqui.ddns.net\/pachuca\/index.php\/wp-json\/wp\/v2\/product\/59486","targetHints":{"allow":["GET"]}}],"collection":[{"href":"https:\/\/soydeaqui.ddns.net\/pachuca\/index.php\/wp-json\/wp\/v2\/product"}],"about":[{"href":"https:\/\/soydeaqui.ddns.net\/pachuca\/index.php\/wp-json\/wp\/v2\/types\/product"}],"replies":[{"embeddable":true,"href":"https:\/\/soydeaqui.ddns.net\/pachuca\/index.php\/wp-json\/wp\/v2\/comments?post=59486"}],"wp:featuredmedia":[{"embeddable":true,"href":"https:\/\/soydeaqui.ddns.net\/pachuca\/index.php\/wp-json\/wp\/v2\/media\/59485"}],"wp:attachment":[{"href":"https:\/\/soydeaqui.ddns.net\/pachuca\/index.php\/wp-json\/wp\/v2\/media?parent=59486"}],"wp:term":[{"taxonomy":"product_brand","embeddable":true,"href":"https:\/\/soydeaqui.ddns.net\/pachuca\/index.php\/wp-json\/wp\/v2\/product_brand?post=59486"},{"taxonomy":"product_cat","embeddable":true,"href":"https:\/\/soydeaqui.ddns.net\/pachuca\/index.php\/wp-json\/wp\/v2\/product_cat?post=59486"},{"taxonomy":"product_tag","embeddable":true,"href":"https:\/\/soydeaqui.ddns.net\/pachuca\/index.php\/wp-json\/wp\/v2\/product_tag?post=59486"}],"curies":[{"name":"wp","href":"https:\/\/api.w.org\/{rel}","templated":true}]}}