{"id":59474,"date":"2026-03-19T05:02:33","date_gmt":"2026-03-19T05:02:33","guid":{"rendered":"https:\/\/soydeaqui.ddns.net\/pachuca\/index.php\/producto\/duo-de-radios-portatiles-uhf-5w-de-potencia-scrambler-de-voz-alta-cobertura-400-470-mhz\/"},"modified":"2026-03-19T05:02:34","modified_gmt":"2026-03-19T05:02:34","slug":"duo-de-radios-portatiles-uhf-5w-de-potencia-scrambler-de-voz-alta-cobertura-400-470-mhz","status":"publish","type":"product","link":"https:\/\/soydeaqui.ddns.net\/pachuca\/index.php\/producto\/duo-de-radios-portatiles-uhf-5w-de-potencia-scrambler-de-voz-alta-cobertura-400-470-mhz\/","title":{"rendered":"Duo de Radios Portatiles UHF, 5W de Potencia, Scrambler de Voz, Alta Cobertura, 400-470 MHZ"},"content":{"rendered":"<div style='width: 100%; max-width: 1200px; margin: 0 auto; font-family: sans-serif; line-height: 1.6; color: inherit; background-color: transparent;'>\n<div style='margin-bottom: 30px;'>\n<h2 style='font-size: 24px; color: inherit; border-bottom: 2px solid #e74c3c; display: inline-block; padding-bottom: 5px; margin-top: 0; opacity: 0.9;'>Descripci\u00f3n del Producto<\/h2>\n<div style='margin-top: 20px;'>\n<p style='margin-top: 0; margin-bottom: 1.2em; font-size: 15px; color: inherit; opacity: 0.9;'><strong>\u00bfC\u00f3mo Funciona un Radio de dos V\u00edas?<\/strong><\/p>\n<p style='margin-top: 0; margin-bottom: 1.2em; font-size: 15px; color: inherit; opacity: 0.8;'>Un radio de dos v\u00edas funciona permitiendo la comunicaci\u00f3n semid\u00faplex&comma; lo que significa que una persona puede hablar mientras la otra escucha&comma; pero no pueden hablar al mismo tiempo.<\/p>\n<p style='margin-top: 0; margin-bottom: 1.2em; font-size: 15px; color: inherit; opacity: 0.9;'><strong>\u00bfCu\u00e1ntos Radios puedo agregar en un canal de comunicaci\u00f3n?<\/strong><\/p>\n<p style='margin-top: 0; margin-bottom: 1.2em; font-size: 15px; color: inherit; opacity: 0.8;'>No existe un l\u00edmite para la cantidad de radios agregados en un canal&comma; ya sea en modo directo o a trav\u00e9s de un repetidor&comma; sin embargo hay que considerar lo factible o funcional que puede llegar a ser un canal (frecuencia) en donde el tiempo de espera se ir\u00e1 extendiendo de acuerdo a la cantidad de radios&comma; recordemos que en un canal&comma; sea directo o de repetidor&comma; un radio tr\u00e1nsmite (Tx) y los dem\u00e1s reciben (Rx).<\/p>\n<p style='margin-top: 0; margin-bottom: 1.2em; font-size: 15px; color: inherit; opacity: 0.8;'>El <span style='color: #e74c3c; font-weight: bold;'>TX600<\/span> es un radio port\u00e1til de <span style='color: #e74c3c; font-weight: bold;'>alta calidad y eficiencia<\/span> que ofrece una excelente relaci\u00f3n costo-beneficio. Este equipo es ideal para cualquier persona que necesite un radio de comunicaciones confiable y duradero.<\/p>\n<p style='margin-top: 0; margin-bottom: 1.2em; font-size: 15px; color: inherit; opacity: 0.8;'>Su interfaz intuitiva permite a los usuarios acceder r\u00e1pidamente a todas sus funciones&comma; haci\u00e9ndolo muy conveniente para aquellos que necesitan un equipo de comunicaciones sencillo y pr\u00e1ctico. Ofrece todas las caracter\u00edsticas y funcionalidades b\u00e1sicas esperadas de un radio de este tipo&comma; proporcionando una herramienta indispensable para su d\u00eda a d\u00eda.<\/p>\n<\/p><\/div>\n<\/p><\/div>\n<div style='margin-bottom: 30px;'>\n<h2 style='font-size: 24px; color: inherit; border-bottom: 2px solid #e74c3c; display: inline-block; padding-bottom: 5px; margin-top: 0; opacity: 0.9;'>Especificaciones T\u00e9cnicas<\/h2>\n<div style='margin-top: 20px; padding: 15px; border: 1px solid rgba(150&comma;150&comma;150&comma;0.3); border-radius: 8px; background-color: rgba(128&comma;128&comma;128&comma;0.05);'>\n<ul style='padding-left: 20px; margin: 0; font-size: 14px; color: inherit; list-style-type: disc;'>\n<li style='margin-bottom: 8px;'><strong style='color: #3498db; opacity: 0.9;'>Radio Port\u00e1til:<\/strong> 400-470 MHz<\/li>\n<li style='margin-bottom: 8px;'><strong style='color: #3498db; opacity: 0.9;'>Potencia:<\/strong> 5 Watts<\/li>\n<li style='margin-bottom: 8px;'><strong style='color: #3498db; opacity: 0.9;'>Ancho de Canal:<\/strong> 12.5 kHz y 25 kHz<\/li>\n<li style='margin-bottom: 8px;'><strong style='color: #3498db; opacity: 0.9;'>Tonos:<\/strong> CTCSS\/DCS<\/li>\n<li style='margin-bottom: 8px;'><strong style='color: #3498db; opacity: 0.9;'>Funci\u00f3n de VOX<\/strong><\/li>\n<li style='margin-bottom: 8px;'><strong style='color: #3498db; opacity: 0.9;'>Funci\u00f3n de escaneo de canales<\/strong><\/li>\n<li style='margin-bottom: 8px;'><strong style='color: #3498db; opacity: 0.9;'>Funci\u00f3n de candado de canal ocupado<\/strong><\/li>\n<li style='margin-bottom: 8px;'><strong style='color: #3498db; opacity: 0.9;'>Bater\u00eda:<\/strong> 2500 mAh<\/li>\n<li style='margin-bottom: 8px;'><strong style='color: #3498db; opacity: 0.9;'>Capacidad:<\/strong> Hasta 16 canales<\/li>\n<li style='margin-bottom: 8px;'><strong style='color: #3498db; opacity: 0.9;'>Dimensiones:<\/strong> 116 x 53 x 36 mm<\/li>\n<li style='margin-bottom: 8px;'><strong style='color: #3498db; opacity: 0.9;'>Peso:<\/strong> 115 g con bater\u00eda y antena<\/li>\n<li style='margin-bottom: 8px;'><strong style='color: #3498db; opacity: 0.9;'>Tiempo de carga de bater\u00eda:<\/strong> 5-6 horas dependiendo de la carga inicial<\/li>\n<\/ul><\/div>\n<\/p><\/div>\n<div style='margin-bottom: 30px;'>\n<h2 style='font-size: 24px; color: inherit; border-bottom: 2px solid #e74c3c; display: inline-block; padding-bottom: 5px; margin-top: 0; opacity: 0.9;'>Contenido del Paquete<\/h2>\n<div style='margin-top: 20px;'>\n<ul style='padding-left: 20px; margin: 0; font-size: 14px; color: inherit; list-style-type: disc;'>\n<li style='margin-bottom: 8px;'>2 Radios TX600<\/li>\n<li style='margin-bottom: 8px;'>2 Antenas TX600ANT<\/li>\n<li style='margin-bottom: 8px;'>2 Bater\u00edas Li-ion LB80L<\/li>\n<li style='margin-bottom: 8px;'>2 Cargadores TX500CHRG<\/li>\n<li style='margin-bottom: 8px;'>2 Clips TX500CLIP<\/li>\n<li style='margin-bottom: 8px;'><strong style='color: #3498db; opacity: 0.9;'>Cables de programaci\u00f3n (no inclu\u00eddo):<\/strong> Compatibles con <a href='https:\/\/www.syscom.mx\/producto\/W13K-TXPRO-209845.html' target='_blank' rel='noopener' style='color: #3498db; text-decoration: none; border-bottom: 1px dotted #3498db;'>W13K<\/a><\/li>\n<\/ul><\/div>\n<\/p><\/div>\n<div style='margin-bottom: 30px;'>\n<h2 style='font-size: 24px; color: inherit; border-bottom: 2px solid #e74c3c; display: inline-block; padding-bottom: 5px; margin-top: 0; opacity: 0.9;'>Frecuencias Preconfiguradas<\/h2>\n<div style='margin-top: 20px; overflow-x: auto;'>\n<table style='width: 100%; border-collapse: collapse; color: inherit;'>\n<thead style='background-color: rgba(128&comma;128&comma;128&comma;0.1);'>\n<tr>\n<th style='padding: 12px; border: 1px solid rgba(150&comma;150&comma;150&comma;0.3); text-align: left;'>#<\/th>\n<th style='padding: 12px; border: 1px solid rgba(150&comma;150&comma;150&comma;0.3); text-align: left;'>Frecuencia Rx (MHz)<\/th>\n<th style='padding: 12px; border: 1px solid rgba(150&comma;150&comma;150&comma;0.3); text-align: left;'>CTC\/DCS Decode<\/th>\n<th style='padding: 12px; border: 1px solid rgba(150&comma;150&comma;150&comma;0.3); text-align: left;'>Frecuencia TX (MHz)<\/th>\n<th style='padding: 12px; border: 1px solid rgba(150&comma;150&comma;150&comma;0.3); text-align: left;'>CTC\/DCS Encode<\/th>\n<\/tr>\n<\/thead>\n<tbody>\n<tr>\n<td style='padding: 10px; border: 1px solid rgba(150&comma;150&comma;150&comma;0.3);'>1<\/td>\n<td style='padding: 10px; border: 1px solid rgba(150&comma;150&comma;150&comma;0.3);'>450.45625<\/td>\n<td style='padding: 10px; border: 1px solid rgba(150&comma;150&comma;150&comma;0.3);'>100.0<\/td>\n<td style='padding: 10px; border: 1px solid rgba(150&comma;150&comma;150&comma;0.3);'>450.45625<\/td>\n<td style='padding: 10px; border: 1px solid rgba(150&comma;150&comma;150&comma;0.3);'>100.0<\/td>\n<\/tr>\n<tr>\n<td style='padding: 10px; border: 1px solid rgba(150&comma;150&comma;150&comma;0.3);'>2<\/td>\n<td style='padding: 10px; border: 1px solid rgba(150&comma;150&comma;150&comma;0.3);'>455.44375<\/td>\n<td style='padding: 10px; border: 1px solid rgba(150&comma;150&comma;150&comma;0.3);'>100.0<\/td>\n<td style='padding: 10px; border: 1px solid rgba(150&comma;150&comma;150&comma;0.3);'>455.44375<\/td>\n<td style='padding: 10px; border: 1px solid rgba(150&comma;150&comma;150&comma;0.3);'>100.0<\/td>\n<\/tr>\n<tr>\n<td style='padding: 10px; border: 1px solid rgba(150&comma;150&comma;150&comma;0.3);'>3<\/td>\n<td style='padding: 10px; border: 1px solid rgba(150&comma;150&comma;150&comma;0.3);'>463.95625<\/td>\n<td style='padding: 10px; border: 1px solid rgba(150&comma;150&comma;150&comma;0.3);'>100.0<\/td>\n<td style='padding: 10px; border: 1px solid rgba(150&comma;150&comma;150&comma;0.3);'>463.95625<\/td>\n<td style='padding: 10px; border: 1px solid rgba(150&comma;150&comma;150&comma;0.3);'>100.0<\/td>\n<\/tr>\n<tr>\n<td style='padding: 10px; border: 1px solid rgba(150&comma;150&comma;150&comma;0.3);'>4<\/td>\n<td style='padding: 10px; border: 1px solid rgba(150&comma;150&comma;150&comma;0.3);'>468.95625<\/td>\n<td style='padding: 10px; border: 1px solid rgba(150&comma;150&comma;150&comma;0.3);'>100.0<\/td>\n<td style='padding: 10px; border: 1px solid rgba(150&comma;150&comma;150&comma;0.3);'>468.95625<\/td>\n<td style='padding: 10px; border: 1px solid rgba(150&comma;150&comma;150&comma;0.3);'>100.0<\/td>\n<\/tr>\n<tr>\n<td style='padding: 10px; border: 1px solid rgba(150&comma;150&comma;150&comma;0.3);'>5<\/td>\n<td style='padding: 10px; border: 1px solid rgba(150&comma;150&comma;150&comma;0.3);'>464.56250<\/td>\n<td style='padding: 10px; border: 1px solid rgba(150&comma;150&comma;150&comma;0.3);'>103.5<\/td>\n<td style='padding: 10px; border: 1px solid rgba(150&comma;150&comma;150&comma;0.3);'>464.56250<\/td>\n<td style='padding: 10px; border: 1px solid rgba(150&comma;150&comma;150&comma;0.3);'>103.5<\/td>\n<\/tr>\n<tr>\n<td style='padding: 10px; border: 1px solid rgba(150&comma;150&comma;150&comma;0.3);'>6<\/td>\n<td style='padding: 10px; border: 1px solid rgba(150&comma;150&comma;150&comma;0.3);'>467.84375<\/td>\n<td style='padding: 10px; border: 1px solid rgba(150&comma;150&comma;150&comma;0.3);'>103.5<\/td>\n<td style='padding: 10px; border: 1px solid rgba(150&comma;150&comma;150&comma;0.3);'>467.84375<\/td>\n<td style='padding: 10px; border: 1px solid rgba(150&comma;150&comma;150&comma;0.3);'>103.5<\/td>\n<\/tr>\n<tr>\n<td style='padding: 10px; border: 1px solid rgba(150&comma;150&comma;150&comma;0.3);'>7<\/td>\n<td style='padding: 10px; border: 1px solid rgba(150&comma;150&comma;150&comma;0.3);'>467.85625<\/td>\n<td style='padding: 10px; border: 1px solid rgba(150&comma;150&comma;150&comma;0.3);'>103.5<\/td>\n<td style='padding: 10px; border: 1px solid rgba(150&comma;150&comma;150&comma;0.3);'>467.85625<\/td>\n<td style='padding: 10px; border: 1px solid rgba(150&comma;150&comma;150&comma;0.3);'>103.5<\/td>\n<\/tr>\n<tr>\n<td style='padding: 10px; border: 1px solid rgba(150&comma;150&comma;150&comma;0.3);'>8<\/td>\n<td style='padding: 10px; border: 1px solid rgba(150&comma;150&comma;150&comma;0.3);'>467.86250<\/td>\n<td style='padding: 10px; border: 1px solid rgba(150&comma;150&comma;150&comma;0.3);'>103.5<\/td>\n<td style='padding: 10px; border: 1px solid rgba(150&comma;150&comma;150&comma;0.3);'>467.86250<\/td>\n<td style='padding: 10px; border: 1px solid rgba(150&comma;150&comma;150&comma;0.3);'>103.5<\/td>\n<\/tr>\n<tr>\n<td style='padding: 10px; border: 1px solid rgba(150&comma;150&comma;150&comma;0.3);'>9<\/td>\n<td style='padding: 10px; border: 1px solid rgba(150&comma;150&comma;150&comma;0.3);'>467.87500<\/td>\n<td style='padding: 10px; border: 1px solid rgba(150&comma;150&comma;150&comma;0.3);'>103.5<\/td>\n<td style='padding: 10px; border: 1px solid rgba(150&comma;150&comma;150&comma;0.3);'>467.87500<\/td>\n<td style='padding: 10px; border: 1px solid rgba(150&comma;150&comma;150&comma;0.3);'>103.5<\/td>\n<\/tr>\n<tr>\n<td style='padding: 10px; border: 1px solid rgba(150&comma;150&comma;150&comma;0.3);'>10<\/td>\n<td style='padding: 10px; border: 1px solid rgba(150&comma;150&comma;150&comma;0.3);'>467.88750<\/td>\n<td style='padding: 10px; border: 1px solid rgba(150&comma;150&comma;150&comma;0.3);'>100.0<\/td>\n<td style='padding: 10px; border: 1px solid rgba(150&comma;150&comma;150&comma;0.3);'>467.88750<\/td>\n<td style='padding: 10px; border: 1px solid rgba(150&comma;150&comma;150&comma;0.3);'>100.0<\/td>\n<\/tr>\n<tr>\n<td style='padding: 10px; border: 1px solid rgba(150&comma;150&comma;150&comma;0.3);'>11<\/td>\n<td style='padding: 10px; border: 1px solid rgba(150&comma;150&comma;150&comma;0.3);'>467.86875<\/td>\n<td style='padding: 10px; border: 1px solid rgba(150&comma;150&comma;150&comma;0.3);'>103.5<\/td>\n<td style='padding: 10px; border: 1px solid rgba(150&comma;150&comma;150&comma;0.3);'>467.86875<\/td>\n<td style='padding: 10px; border: 1px solid rgba(150&comma;150&comma;150&comma;0.3);'>103.5<\/td>\n<\/tr>\n<tr>\n<td style='padding: 10px; border: 1px solid rgba(150&comma;150&comma;150&comma;0.3);'>12<\/td>\n<td style='padding: 10px; border: 1px solid rgba(150&comma;150&comma;150&comma;0.3);'>467.88125<\/td>\n<td style='padding: 10px; border: 1px solid rgba(150&comma;150&comma;150&comma;0.3);'>103.5<\/td>\n<td style='padding: 10px; border: 1px solid rgba(150&comma;150&comma;150&comma;0.3);'>467.88125<\/td>\n<td style='padding: 10px; border: 1px solid rgba(150&comma;150&comma;150&comma;0.3);'>103.5<\/td>\n<\/tr>\n<tr>\n<td style='padding: 10px; border: 1px solid rgba(150&comma;150&comma;150&comma;0.3);'>13<\/td>\n<td style='padding: 10px; border: 1px solid rgba(150&comma;150&comma;150&comma;0.3);'>467.89375<\/td>\n<td style='padding: 10px; border: 1px solid rgba(150&comma;150&comma;150&comma;0.3);'>103.5<\/td>\n<td style='padding: 10px; border: 1px solid rgba(150&comma;150&comma;150&comma;0.3);'>467.89375<\/td>\n<td style='padding: 10px; border: 1px solid rgba(150&comma;150&comma;150&comma;0.3);'>103.5<\/td>\n<\/tr>\n<tr>\n<td style='padding: 10px; border: 1px solid rgba(150&comma;150&comma;150&comma;0.3);'>14<\/td>\n<td style='padding: 10px; border: 1px solid rgba(150&comma;150&comma;150&comma;0.3);'>467.90625<\/td>\n<td style='padding: 10px; border: 1px solid rgba(150&comma;150&comma;150&comma;0.3);'>103.5<\/td>\n<td style='padding: 10px; border: 1px solid rgba(150&comma;150&comma;150&comma;0.3);'>467.90625<\/td>\n<td style='padding: 10px; border: 1px solid rgba(150&comma;150&comma;150&comma;0.3);'>103.5<\/td>\n<\/tr>\n<tr>\n<td style='padding: 10px; border: 1px solid rgba(150&comma;150&comma;150&comma;0.3);'>15<\/td>\n<td style='padding: 10px; border: 1px solid rgba(150&comma;150&comma;150&comma;0.3);'>467.91250<\/td>\n<td style='padding: 10px; border: 1px solid rgba(150&comma;150&comma;150&comma;0.3);'>103.5<\/td>\n<td style='padding: 10px; border: 1px solid rgba(150&comma;150&comma;150&comma;0.3);'>467.91250<\/td>\n<td style='padding: 10px; border: 1px solid rgba(150&comma;150&comma;150&comma;0.3);'>103.5<\/td>\n<\/tr>\n<tr>\n<td style='padding: 10px; border: 1px solid rgba(150&comma;150&comma;150&comma;0.3);'>16<\/td>\n<td style='padding: 10px; border: 1px solid rgba(150&comma;150&comma;150&comma;0.3);'>467.93750<\/td>\n<td style='padding: 10px; border: 1px solid rgba(150&comma;150&comma;150&comma;0.3);'>Off<\/td>\n<td style='padding: 10px; border: 1px solid rgba(150&comma;150&comma;150&comma;0.3);'>467.93750<\/td>\n<td style='padding: 10px; border: 1px solid rgba(150&comma;150&comma;150&comma;0.3);'>Off<\/td>\n<\/tr>\n<\/tbody>\n<\/table><\/div>\n<\/p><\/div>\n<div style='margin-bottom: 30px;'>\n<div style='display: flex; flex-wrap: wrap; justify-content: center; gap: 20px;'> <img style='width: 100%; max-width: 200px; height: auto; border: 1px solid rgba(150&comma;150&comma;150&comma;0.3); border-radius: 8px;' src='https:\/\/ftp3.syscom.mx\/usuarios\/fotos\/logotipos\/txpro.png' alt='Logo TXPRO'> <img style='width: 100%; max-width: 600px; height: auto; border: 1px solid rgba(150&comma;150&comma;150&comma;0.3); border-radius: 20px 20px 0 0;' src='https:\/\/ftp3.syscom.mx\/usuarios\/ftp\/single_page\/txpro\/banner-ppal3.jpg' alt='Banner Principal'> <img style='width: 100%; max-width: 600px; height: auto; border: 1px solid rgba(150&comma;150&comma;150&comma;0.3); border-radius: 0 0 20px 20px;' src='https:\/\/ftp3.syscom.mx\/usuarios\/ftp\/single_page\/txpro\/ap01.jpg' alt='Aplicaci\u00f3n 1'> <\/div>\n<\/p><\/div>\n<div style='margin-bottom: 30px;'>\n<div style='display: flex; flex-wrap: wrap; gap: 30px; align-items: center;'>\n<div style='flex: 1 1 300px; min-width: 280px;'> <img style='width: 100%; height: auto; border: 1px solid rgba(150&comma;150&comma;150&comma;0.3); border-radius: 8px;' src='https:\/\/ftp3.syscom.mx\/usuarios\/ftp\/single_page\/txpro\/inv_des01.jpg' alt='Inversi\u00f3n en Desarrollo'> <\/div>\n<div style='flex: 1 1 300px; min-width: 280px;'>\n<p style='margin-top: 0; margin-bottom: 1.2em; font-size: 16px; line-height: 1.6; letter-spacing: 0.5px; color: inherit; opacity: 0.8;'>Los radios TXPRO combinan la tecnolog\u00eda de punta desarrollada a trav\u00e9s de la continua investigaci\u00f3n y desarrollo.<\/p>\n<p style='margin-top: 0; margin-bottom: 1.2em; font-size: 16px; line-height: 1.6; letter-spacing: 0.5px; color: inherit; opacity: 0.8;'>Al comprar radios TXPRO&comma; usted adquiere productos y soluciones dise\u00f1ados para mejorar su productividad y seguridad por largo tiempo.<\/p>\n<\/p><\/div>\n<\/p><\/div>\n<\/p><\/div>\n<div style='margin-bottom: 30px;'>\n<div style='display: flex; flex-wrap: wrap; gap: 30px; align-items: center;'>\n<div style='flex: 1 1 300px; min-width: 280px; order: 2;'> <img style='width: 100%; height: auto; border: 1px solid rgba(150&comma;150&comma;150&comma;0.3); border-radius: 20px;' src='https:\/\/ftp3.syscom.mx\/usuarios\/ftp\/single_page\/txpro\/versiones01.jpg' alt='Versiones'> <\/p>\n<p style='margin: 15px 0 0 0; padding: 12px; font-size: 16px; font-weight: 400; letter-spacing: 0.5px; text-align: center; color: #fff; background-color: #e74c3c; border-radius: 20px; opacity: 0.9;'>Radios robustos para todos los requerimientos<\/p>\n<\/p><\/div>\n<div style='flex: 1 1 300px; min-width: 280px; order: 1;'>\n<p style='margin-top: 0; margin-bottom: 1.2em; font-size: 22px; line-height: 1.4; font-weight: 400; letter-spacing: 1px; color: #e74c3c; opacity: 0.9;'>EVOLUCIONAMOS<br \/>CON SU NEGOCIO<\/p>\n<p style='margin-top: 0; margin-bottom: 1.2em; font-size: 16px; line-height: 1.6; letter-spacing: 0.5px; color: inherit; opacity: 0.8;'>Desde radios anal\u00f3gicos compactos y resistentes como el TX320&comma; TX500 y TX600&comma; hasta los radios digitales TX680 para aprovechar las m\u00faltiples funciones de la tecnolog\u00eda actual&comma; los dispositivos TXPRO acompa\u00f1an su migraci\u00f3n de an\u00e1logo a digital de manera que su negocio crezca cada vez m\u00e1s.<\/p>\n<\/p><\/div>\n<\/p><\/div>\n<\/p><\/div>\n<div style='margin-bottom: 30px;'> <img style='width: 100%; max-width: 600px; height: auto; border: 1px solid rgba(150&comma;150&comma;150&comma;0.3); border-radius: 20px 20px 0 0;' src='https:\/\/ftp3.syscom.mx\/usuarios\/ftp\/single_page\/txpro\/ap02.jpg' alt='Aplicaci\u00f3n 2'> <\/div>\n<div style='margin-bottom: 30px;'>\n<div style='display: flex; flex-wrap: wrap; gap: 30px; align-items: center;'>\n<div style='flex: 1 1 300px; min-width: 280px;'> <img style='width: 100%; height: auto; border: 1px solid rgba(150&comma;150&comma;150&comma;0.3); border-radius: 20px;' src='https:\/\/ftp3.syscom.mx\/usuarios\/ftp\/single_page\/txpro\/conectividad01.jpg' alt='Conectividad'> <\/div>\n<div style='flex: 1 1 300px; min-width: 280px;'>\n<p style='margin-top: 0; margin-bottom: 1.2em; font-size: 22px; line-height: 1.4; font-weight: 400; letter-spacing: 1px; color: #e74c3c; opacity: 0.9;'>CONECTIVIDAD<br \/>SIN L\u00cdMITES<\/p>\n<p style='margin-top: 0; margin-bottom: 1.2em; font-size: 16px; line-height: 1.6; letter-spacing: 0.5px; color: inherit; opacity: 0.8;'>TXPRO le abre un mundo de posibilidades para conectarse en operaciones diarias y de emergencia&comma; gracias a nuestra amplia gama de productos y accesorios podemos satisfacer las necesidades de comunicaci\u00f3n en las condiciones m\u00e1s diversas.<\/p>\n<\/p><\/div>\n<\/p><\/div>\n<\/p><\/div>\n<div style='margin-bottom: 30px;'> <img style='width: 100%; max-width: 600px; height: auto; border: 1px solid rgba(150&comma;150&comma;150&comma;0.3); border-radius: 20px 20px 0 0;' src='https:\/\/ftp3.syscom.mx\/usuarios\/ftp\/single_page\/txpro\/ap03.jpg' alt='Aplicaci\u00f3n 3'> <\/div>\n<div style='margin-bottom: 30px;'>\n<p style='margin-top: 0; margin-bottom: 1.2em; font-size: 16px; color: inherit; opacity: 0.85;'>Existen usuarios que requieren un radio de f\u00e1cil implementaci\u00f3n. (Similar a otras marcas dentro del mercado).<\/p>\n<p style='margin-top: 0; margin-bottom: 1.2em; font-size: 16px; color: inherit; opacity: 0.85;'>El TX600 es un radio que entrega mucho mejor calidad de audio&comma; cobertura&comma; sin exagerar sus costos.<\/p>\n<\/p><\/div>\n<div style='margin-bottom: 30px; padding: 15px; background-color: rgba(192&comma;57&comma;43&comma;0.1); border-left: 4px solid #c0392b; border-radius: 8px;'>\n<p style='margin: 0; font-size: 15px; font-weight: bold; color: #c0392b; opacity: 0.9;'>CUMPLE CON 3 A\u00d1OS DE GARANT\u00cdA CONTRA DEFECTOS DE FABRICACI\u00d3N.<\/p>\n<\/p><\/div>\n<hr style='border: 0; border-top: 1px solid rgba(150&comma;150&comma;150&comma;0.3); margin: 30px 0;'> <\/div>\n","protected":false},"excerpt":{"rendered":"<p>Duo de Radios Portatiles UHF, 5W de Potencia, Scrambler de Voz, Alta Cobertura, 400-470 MHZ<\/p>\n","protected":false},"featured_media":59473,"comment_status":"open","ping_status":"closed","template":"","meta":[],"product_brand":[],"product_cat":[1555],"product_tag":[1556,1557,560],"class_list":{"0":"post-59474","1":"product","2":"type-product","3":"status-publish","4":"has-post-thumbnail","6":"product_cat-radios-portatiles-vhf-uhf","7":"product_tag-radios-comerciales-txpro","8":"product_tag-radios-portatiles-vhf-uhf","9":"product_tag-txpro","11":"first","12":"instock","13":"sale","14":"shipping-taxable","15":"purchasable","16":"product-type-simple"},"_links":{"self":[{"href":"https:\/\/soydeaqui.ddns.net\/pachuca\/index.php\/wp-json\/wp\/v2\/product\/59474","targetHints":{"allow":["GET"]}}],"collection":[{"href":"https:\/\/soydeaqui.ddns.net\/pachuca\/index.php\/wp-json\/wp\/v2\/product"}],"about":[{"href":"https:\/\/soydeaqui.ddns.net\/pachuca\/index.php\/wp-json\/wp\/v2\/types\/product"}],"replies":[{"embeddable":true,"href":"https:\/\/soydeaqui.ddns.net\/pachuca\/index.php\/wp-json\/wp\/v2\/comments?post=59474"}],"wp:featuredmedia":[{"embeddable":true,"href":"https:\/\/soydeaqui.ddns.net\/pachuca\/index.php\/wp-json\/wp\/v2\/media\/59473"}],"wp:attachment":[{"href":"https:\/\/soydeaqui.ddns.net\/pachuca\/index.php\/wp-json\/wp\/v2\/media?parent=59474"}],"wp:term":[{"taxonomy":"product_brand","embeddable":true,"href":"https:\/\/soydeaqui.ddns.net\/pachuca\/index.php\/wp-json\/wp\/v2\/product_brand?post=59474"},{"taxonomy":"product_cat","embeddable":true,"href":"https:\/\/soydeaqui.ddns.net\/pachuca\/index.php\/wp-json\/wp\/v2\/product_cat?post=59474"},{"taxonomy":"product_tag","embeddable":true,"href":"https:\/\/soydeaqui.ddns.net\/pachuca\/index.php\/wp-json\/wp\/v2\/product_tag?post=59474"}],"curies":[{"name":"wp","href":"https:\/\/api.w.org\/{rel}","templated":true}]}}