{"id":59471,"date":"2026-03-19T05:02:28","date_gmt":"2026-03-19T05:02:28","guid":{"rendered":"https:\/\/soydeaqui.ddns.net\/pachuca\/index.php\/producto\/par-de-radios-tx500-vhf-136-174-mhz-con-5-watts-de-potencia-16-canales-preconfigurados\/"},"modified":"2026-03-19T05:02:29","modified_gmt":"2026-03-19T05:02:29","slug":"par-de-radios-tx500-vhf-136-174-mhz-con-5-watts-de-potencia-16-canales-preconfigurados","status":"publish","type":"product","link":"https:\/\/soydeaqui.ddns.net\/pachuca\/index.php\/producto\/par-de-radios-tx500-vhf-136-174-mhz-con-5-watts-de-potencia-16-canales-preconfigurados\/","title":{"rendered":"Par de radios TX500 VHF 136-174 MHz con 5 watts de potencia, 16 Canales Preconfigurados."},"content":{"rendered":"<div style='width: 100%; max-width: 1200px; margin: 0 auto; font-family: sans-serif; line-height: 1.6; color: inherit; background-color: transparent;'> <!-- Secci\u00f3n de descripci\u00f3n --> <\/p>\n<div style='margin-bottom: 30px;'>\n<h2 style='font-size: 24px; border-bottom: 2px solid #e74c3c; display: inline-block; padding-bottom: 5px; color: inherit; opacity: 0.8; margin-top: 0; margin-bottom: 15px;'>Descripci\u00f3n del Producto<\/h2>\n<div style='margin-top: 15px; font-size: 15px; color: inherit;'>\n<p style='margin-top: 0; margin-bottom: 15px;'><strong>\u00bfC\u00f3mo Funciona un Radio de dos V\u00edas?<\/strong><\/p>\n<p style='margin-top: 0; margin-bottom: 15px;'>Un radio de dos v\u00edas funciona permitiendo la comunicaci\u00f3n semid\u00faplex&comma; lo que significa que una persona puede hablar mientras la otra escucha&comma; pero no pueden hablar al mismo tiempo.<\/p>\n<p style='margin-top: 0; margin-bottom: 15px;'><strong>\u00bfCu\u00e1ntos Radios puedo agregar en un canal de comunicaci\u00f3n?<\/strong><\/p>\n<p style='margin-top: 0; margin-bottom: 15px;'>No existe un l\u00edmite para la cantidad de radios agregados en un canal&comma; ya sea en modo directo o a trav\u00e9s de un repetidor&comma; sin embargo hay que considerar lo factible o funcional que puede llegar a ser un canal (frecuencia) en donde el tiempo de espera se ir\u00e1 extendiendo de acuerdo a la cantidad de radios&comma; recordemos que en un canal&comma; sea directo o de repetidor&comma; un radio tr\u00e1nsmite (Tx) y los dem\u00e1s reciben (Rx).<\/p>\n<p style='margin-top: 0; margin-bottom: 15px;'>El <span style='color: #e74c3c; font-weight: bold;'>TX500<\/span> es un radio port\u00e1til de <span style='color: #e74c3c; font-weight: bold;'>alta calidad y eficiencia<\/span> que ofrece una excelente relaci\u00f3n costo-beneficio. Este equipo es ideal para cualquier persona que necesite un radio de comunicaciones confiable y duradero.<\/p>\n<p style='margin-top: 0; margin-bottom: 15px;'>Su interfaz intuitiva permite a los usuarios acceder r\u00e1pidamente a todas sus funciones&comma; haci\u00e9ndolo muy conveniente para aquellos que necesitan un equipo de comunicaciones sencillo y pr\u00e1ctico. Ofrece todas las caracter\u00edsticas y funcionalidades b\u00e1sicas esperadas de un radio de este tipo&comma; proporcionando una herramienta indispensable para su d\u00eda a d\u00eda.<\/p>\n<\/p><\/div>\n<\/p><\/div>\n<p> <!-- Secci\u00f3n de especificaciones --> <\/p>\n<div style='margin-bottom: 30px;'>\n<h2 style='font-size: 24px; border-bottom: 2px solid #e74c3c; display: inline-block; padding-bottom: 5px; color: inherit; opacity: 0.8; margin-top: 0; margin-bottom: 15px;'>Especificaciones T\u00e9cnicas<\/h2>\n<ul style='padding-left: 20px; margin-top: 15px; font-size: 15px; list-style-type: disc; color: inherit;'>\n<li style='margin-bottom: 8px;'><strong style='color: #3498db;'>Radio Port\u00e1til:<\/strong> 136-174 MHz<\/li>\n<li style='margin-bottom: 8px;'><strong style='color: #3498db;'>Potencia:<\/strong> 5 Watts<\/li>\n<li style='margin-bottom: 8px;'><strong style='color: #3498db;'>Ancho de Canal:<\/strong> 12.5 kHz y 25 kHz<\/li>\n<li style='margin-bottom: 8px;'><strong style='color: #3498db;'>Tonos:<\/strong> CTCSS\/DCS<\/li>\n<li style='margin-bottom: 8px;'><strong style='color: #3498db;'>Funci\u00f3n de VOX<\/strong><\/li>\n<li style='margin-bottom: 8px;'><strong style='color: #3498db;'>Funci\u00f3n de escaneo de canales<\/strong><\/li>\n<li style='margin-bottom: 8px;'><strong style='color: #3498db;'>Funci\u00f3n de candado de canal ocupado<\/strong><\/li>\n<li style='margin-bottom: 8px;'><strong style='color: #3498db;'>Bater\u00eda:<\/strong> 2500 mAh<\/li>\n<li style='margin-bottom: 8px;'><strong style='color: #3498db;'>Capacidad:<\/strong> Hasta 16 canales<\/li>\n<li style='margin-bottom: 8px;'><strong style='color: #3498db;'>Dimensiones:<\/strong> 116 x 53 x 36 mm<\/li>\n<li style='margin-bottom: 8px;'><strong style='color: #3498db;'>Peso:<\/strong> 115 g con bater\u00eda y antena<\/li>\n<li style='margin-bottom: 8px;'><strong style='color: #3498db;'>Tiempo de carga de bater\u00eda:<\/strong> 5-6 horas dependiendo de la carga inicial<\/li>\n<\/ul><\/div>\n<p> <!-- Secci\u00f3n de contenido del paquete --> <\/p>\n<div style='margin-bottom: 30px;'>\n<h2 style='font-size: 24px; border-bottom: 2px solid #e74c3c; display: inline-block; padding-bottom: 5px; color: inherit; opacity: 0.8; margin-top: 0; margin-bottom: 15px;'>Contenido del Paquete<\/h2>\n<ul style='padding-left: 20px; margin-top: 15px; font-size: 15px; list-style-type: disc; color: inherit;'>\n<li style='margin-bottom: 8px;'>2 Radios TX500<\/li>\n<li style='margin-bottom: 8px;'>2 Antenas TX500ANT<\/li>\n<li style='margin-bottom: 8px;'>2 Bater\u00edas Li-ion LB80L<\/li>\n<li style='margin-bottom: 8px;'>2 Cargadores TX500CHRG<\/li>\n<li style='margin-bottom: 8px;'>2 Clips TX500CLIP<\/li>\n<li style='margin-bottom: 8px;'><strong style='color: #3498db;'>Cables de programaci\u00f3n (no inclu\u00eddo):<\/strong> Compatibles con <a style='color: #3498db; text-decoration: underline;' href='https:\/\/www.syscom.mx\/producto\/W13K-TXPRO-209845.html' target='_blank' rel='noopener'>W13K<\/a><\/li>\n<\/ul><\/div>\n<p> <!-- Secci\u00f3n de garant\u00eda y notas --> <\/p>\n<div style='margin-bottom: 30px;'>\n<p style='color: #c0392b; font-size: 18px; margin: 15px 0; font-weight: bold;'>CUMPLE CON 3 A\u00d1OS DE GARANT\u00cdA CONTRA DEFECTOS DE FABRICACI\u00d3N.<\/p>\n<p style='color: #c0392b; font-size: 18px; margin: 15px 0; font-weight: bold;'>Listos Para Usarse. Solo Cargue su Bater\u00eda.<\/p>\n<\/p><\/div>\n<p> <!-- Secci\u00f3n de frecuencias preconfiguradas --> <\/p>\n<div style='margin-bottom: 30px;'>\n<h3 style='font-size: 20px; margin-top: 0; margin-bottom: 15px; color: inherit; opacity: 0.8;'>Frecuencias Preconfiguradas<\/h3>\n<div style='overflow-x: auto;'>\n<table style='width: 100%; border-collapse: collapse; color: inherit;'>\n<thead>\n<tr style='background-color: rgba(120&comma; 120&comma; 120&comma; 0.1);'>\n<th style='padding: 10px; border: 1px solid rgba(150&comma;150&comma;150&comma;0.3);'>Canal<\/th>\n<th style='padding: 10px; border: 1px solid rgba(150&comma;150&comma;150&comma;0.3);'>Frecuencia Rx (MHz)<\/th>\n<th style='padding: 10px; border: 1px solid rgba(150&comma;150&comma;150&comma;0.3);'>CTC\/DCS Decode<\/th>\n<th style='padding: 10px; border: 1px solid rgba(150&comma;150&comma;150&comma;0.3);'>Frecuencia TX (MHz)<\/th>\n<th style='padding: 10px; border: 1px solid rgba(150&comma;150&comma;150&comma;0.3);'>CTC\/DCS Encode<\/th>\n<\/tr>\n<\/thead>\n<tbody>\n<tr>\n<td style='padding: 8px; border: 1px solid rgba(150&comma;150&comma;150&comma;0.3);'>1<\/td>\n<td style='padding: 8px; border: 1px solid rgba(150&comma;150&comma;150&comma;0.3);'>153.01250<\/td>\n<td style='padding: 8px; border: 1px solid rgba(150&comma;150&comma;150&comma;0.3);'>67.0<\/td>\n<td style='padding: 8px; border: 1px solid rgba(150&comma;150&comma;150&comma;0.3);'>153.01250<\/td>\n<td style='padding: 8px; border: 1px solid rgba(150&comma;150&comma;150&comma;0.3);'>67.0<\/td>\n<\/tr>\n<tr>\n<td style='padding: 8px; border: 1px solid rgba(150&comma;150&comma;150&comma;0.3);'>2<\/td>\n<td style='padding: 8px; border: 1px solid rgba(150&comma;150&comma;150&comma;0.3);'>153.02500<\/td>\n<td style='padding: 8px; border: 1px solid rgba(150&comma;150&comma;150&comma;0.3);'>67.0<\/td>\n<td style='padding: 8px; border: 1px solid rgba(150&comma;150&comma;150&comma;0.3);'>153.02500<\/td>\n<td style='padding: 8px; border: 1px solid rgba(150&comma;150&comma;150&comma;0.3);'>67.0<\/td>\n<\/tr>\n<tr>\n<td style='padding: 8px; border: 1px solid rgba(150&comma;150&comma;150&comma;0.3);'>3<\/td>\n<td style='padding: 8px; border: 1px solid rgba(150&comma;150&comma;150&comma;0.3);'>153.03750<\/td>\n<td style='padding: 8px; border: 1px solid rgba(150&comma;150&comma;150&comma;0.3);'>67.0<\/td>\n<td style='padding: 8px; border: 1px solid rgba(150&comma;150&comma;150&comma;0.3);'>153.03750<\/td>\n<td style='padding: 8px; border: 1px solid rgba(150&comma;150&comma;150&comma;0.3);'>67.0<\/td>\n<\/tr>\n<tr>\n<td style='padding: 8px; border: 1px solid rgba(150&comma;150&comma;150&comma;0.3);'>4<\/td>\n<td style='padding: 8px; border: 1px solid rgba(150&comma;150&comma;150&comma;0.3);'>153.05000<\/td>\n<td style='padding: 8px; border: 1px solid rgba(150&comma;150&comma;150&comma;0.3);'>67.0<\/td>\n<td style='padding: 8px; border: 1px solid rgba(150&comma;150&comma;150&comma;0.3);'>153.05000<\/td>\n<td style='padding: 8px; border: 1px solid rgba(150&comma;150&comma;150&comma;0.3);'>67.0<\/td>\n<\/tr>\n<tr>\n<td style='padding: 8px; border: 1px solid rgba(150&comma;150&comma;150&comma;0.3);'>5<\/td>\n<td style='padding: 8px; border: 1px solid rgba(150&comma;150&comma;150&comma;0.3);'>153.62500<\/td>\n<td style='padding: 8px; border: 1px solid rgba(150&comma;150&comma;150&comma;0.3);'>67.0<\/td>\n<td style='padding: 8px; border: 1px solid rgba(150&comma;150&comma;150&comma;0.3);'>153.62500<\/td>\n<td style='padding: 8px; border: 1px solid rgba(150&comma;150&comma;150&comma;0.3);'>67.0<\/td>\n<\/tr>\n<tr>\n<td style='padding: 8px; border: 1px solid rgba(150&comma;150&comma;150&comma;0.3);'>6<\/td>\n<td style='padding: 8px; border: 1px solid rgba(150&comma;150&comma;150&comma;0.3);'>153.07500<\/td>\n<td style='padding: 8px; border: 1px solid rgba(150&comma;150&comma;150&comma;0.3);'>67.0<\/td>\n<td style='padding: 8px; border: 1px solid rgba(150&comma;150&comma;150&comma;0.3);'>153.07500<\/td>\n<td style='padding: 8px; border: 1px solid rgba(150&comma;150&comma;150&comma;0.3);'>67.0<\/td>\n<\/tr>\n<tr>\n<td style='padding: 8px; border: 1px solid rgba(150&comma;150&comma;150&comma;0.3);'>7<\/td>\n<td style='padding: 8px; border: 1px solid rgba(150&comma;150&comma;150&comma;0.3);'>153.08750<\/td>\n<td style='padding: 8px; border: 1px solid rgba(150&comma;150&comma;150&comma;0.3);'>67.0<\/td>\n<td style='padding: 8px; border: 1px solid rgba(150&comma;150&comma;150&comma;0.3);'>153.08750<\/td>\n<td style='padding: 8px; border: 1px solid rgba(150&comma;150&comma;150&comma;0.3);'>67.0<\/td>\n<\/tr>\n<tr>\n<td style='padding: 8px; border: 1px solid rgba(150&comma;150&comma;150&comma;0.3);'>8<\/td>\n<td style='padding: 8px; border: 1px solid rgba(150&comma;150&comma;150&comma;0.3);'>153.10000<\/td>\n<td style='padding: 8px; border: 1px solid rgba(150&comma;150&comma;150&comma;0.3);'>67.0<\/td>\n<td style='padding: 8px; border: 1px solid rgba(150&comma;150&comma;150&comma;0.3);'>153.10000<\/td>\n<td style='padding: 8px; border: 1px solid rgba(150&comma;150&comma;150&comma;0.3);'>67.0<\/td>\n<\/tr>\n<tr>\n<td style='padding: 8px; border: 1px solid rgba(150&comma;150&comma;150&comma;0.3);'>9<\/td>\n<td style='padding: 8px; border: 1px solid rgba(150&comma;150&comma;150&comma;0.3);'>153.11250<\/td>\n<td style='padding: 8px; border: 1px solid rgba(150&comma;150&comma;150&comma;0.3);'>67.0<\/td>\n<td style='padding: 8px; border: 1px solid rgba(150&comma;150&comma;150&comma;0.3);'>153.11250<\/td>\n<td style='padding: 8px; border: 1px solid rgba(150&comma;150&comma;150&comma;0.3);'>67.0<\/td>\n<\/tr>\n<tr>\n<td style='padding: 8px; border: 1px solid rgba(150&comma;150&comma;150&comma;0.3);'>10<\/td>\n<td style='padding: 8px; border: 1px solid rgba(150&comma;150&comma;150&comma;0.3);'>153.12500<\/td>\n<td style='padding: 8px; border: 1px solid rgba(150&comma;150&comma;150&comma;0.3);'>67.0<\/td>\n<td style='padding: 8px; border: 1px solid rgba(150&comma;150&comma;150&comma;0.3);'>153.12500<\/td>\n<td style='padding: 8px; border: 1px solid rgba(150&comma;150&comma;150&comma;0.3);'>67.0<\/td>\n<\/tr>\n<tr>\n<td style='padding: 8px; border: 1px solid rgba(150&comma;150&comma;150&comma;0.3);'>11<\/td>\n<td style='padding: 8px; border: 1px solid rgba(150&comma;150&comma;150&comma;0.3);'>153.13750<\/td>\n<td style='padding: 8px; border: 1px solid rgba(150&comma;150&comma;150&comma;0.3);'>67.0<\/td>\n<td style='padding: 8px; border: 1px solid rgba(150&comma;150&comma;150&comma;0.3);'>153.13750<\/td>\n<td style='padding: 8px; border: 1px solid rgba(150&comma;150&comma;150&comma;0.3);'>67.0<\/td>\n<\/tr>\n<tr>\n<td style='padding: 8px; border: 1px solid rgba(150&comma;150&comma;150&comma;0.3);'>12<\/td>\n<td style='padding: 8px; border: 1px solid rgba(150&comma;150&comma;150&comma;0.3; font-weight: normal;'>153.15000<\/td>\n<td style='padding: 8px; border: 1px solid rgba(150&comma;150&comma;150&comma;0.3; font-weight: normal;'>67.0<\/td>\n<td style='padding: 8px; border: 1px solid rgba(150&comma;150&comma;150&comma;0.3; font-weight: normal;'>153.15000<\/td>\n<td style='padding: 8px; border: 1px solid rgba(150&comma;150&comma;150&comma;0.3; font-weight: normal;'>67.0<\/td>\n<\/tr>\n<tr>\n<td style='padding: 8px; border: 1px solid rgba(150&comma;150&comma;150&comma;0.3);'>13<\/td>\n<td style='padding: 8px; border: 1px solid rgba(150&comma;150&comma;150&comma;0.3);'>153.16250<\/td>\n<td style='padding: 8px; border: 1px solid rgba(150&comma;150&comma;150&comma;0.3);'>67.0<\/td>\n<td style='padding: 8px; border: 1px solid rgba(150&comma;150&comma;150&comma;0.3);'>153.16250<\/td>\n<td style='padding: 8px; border: 1px solid rgba(150&comma;150&comma;150&comma;0.3);'>67.0<\/td>\n<\/tr>\n<tr>\n<td style='padding: 8px; border: 1px solid rgba(150&comma;150&comma;150&comma;0.3);'>14<\/td>\n<td style='padding: 8px; border: 1px solid rgba(150&comma;150&comma;150&comma;0.3);'>153.17500<\/td>\n<td style='padding: 8px; border: 1px solid rgba(150&comma;150&comma;150&comma;0.3);'>67.0<\/td>\n<td style='padding: 8px; border: 1px solid rgba(150&comma;150&comma;150&comma;0.3);'>153.17500<\/td>\n<td style='padding: 8px; border: 1px solid rgba(150&comma;150&comma;150&comma;0.3);'>67.0<\/td>\n<\/tr>\n<tr>\n<td style='padding: 8px; border: 1px solid rgba(150&comma;150&comma;150&comma;0.3);'>15<\/td>\n<td style='padding: 8px; border: 1px solid rgba(150&comma;150&comma;150&comma;0.3);'>153.18750<\/td>\n<td style='padding: 8px; border: 1px solid rgba(150&comma;150&comma;150&comma;0.3);'>67.0<\/td>\n<td style='padding: 8px; border: 1px solid rgba(150&comma;150&comma;150&comma;0.3);'>153.18750<\/td>\n<td style='padding: 8px; border: 1px solid rgba(150&comma;150&comma;150&comma;0.3);'>67.0<\/td>\n<\/tr>\n<tr>\n<td style='padding: 8px; border: 1px solid rgba(150&comma;150&comma;150&comma;0.3);'>16<\/td>\n<td style='padding: 8px; border: 1px solid rgba(150&comma;150&comma;150&comma;0.3);'>153.22500<\/td>\n<td style='padding: 8px; border: 1px solid rgba(150&comma;150&comma;150&comma;0.3);'>67.0<\/td>\n<td style='padding: 8px; border: 1px solid rgba(150&comma;150&comma;150&comma;0.3);'>153.22500<\/td>\n<td style='padding: 8px; border: 1px solid rgba(150&comma;150&comma;150&comma;0.3);'>67.0<\/td>\n<\/tr>\n<\/tbody>\n<\/table><\/div>\n<\/p><\/div>\n<p> <!-- Secci\u00f3n de im\u00e1genes --> <\/p>\n<div style='margin-bottom: 30px;'>\n<div style='display: flex; flex-wrap: wrap; gap: 15px; justify-content: center; margin-bottom: 20px;'> <img style='width: 200px; height: auto; border: 1px solid rgba(150&comma;150&comma;150&comma;0.3); border-radius: 20px 20px 0 0;' src='https:\/\/ftp3.syscom.mx\/usuarios\/fotos\/logotipos\/txpro.png' alt='Logo TXPRO'> <img style='width: 100%; max-width: 600px; height: auto; border: 1px solid rgba(150&comma;150&comma;150&comma;0.3); border-radius: 20px 20px 0 0;' src='https:\/\/ftp3.syscom.mx\/usuarios\/ftp\/single_page\/txpro\/banner-ppal3.jpg' alt='Banner Principal'> <img style='width: 100%; max-width: 600px; height: auto; border: 1px solid rgba(150&comma;150&comma;150&comma;0.3); border-radius: 0 0 20px 20px;' src='https:\/\/ftp3.syscom.mx\/usuarios\/ftp\/single_page\/txpro\/ap01.jpg' alt='Banner 01'> <\/div>\n<\/p><\/div>\n<p> <!-- Secci\u00f3n de caracter\u00edsticas destacadas --> <\/p>\n<div style='margin-bottom: 30px;'>\n<div style='display: flex; flex-wrap: wrap; gap: 20px; align-items: center; justify-content: center;'> <img style='width: 100%; max-width: 500px; height: auto; border: 1px solid rgba(150&comma;150&comma;150&comma;0.3); border-radius: 20px;' src='https:\/\/ftp3.syscom.mx\/usuarios\/ftp\/single_page\/txpro\/inv_des01.jpg' alt='Radio en uso'> <\/p>\n<div style='flex: 1 1 300px; min-width: 280px;'>\n<p style='font-size: 22px; line-height: 1.8; font-weight: 300; letter-spacing: 2px; margin: 0; color: inherit;'>Los radios TXPRO combinan la tecnolog\u00eda de punta desarrollada a trav\u00e9s de la continua investigaci\u00f3n y desarrollo.<\/p>\n<p style='font-size: 22px; line-height: 1.8; font-weight: 300; letter-spacing: 2px; margin: 0; color: inherit;'>Al comprar radios TXPRO&comma; usted adquiere productos y soluciones dise\u00f1ados para mejorar su productividad y seguridad por largo tiempo.<\/p>\n<\/p><\/div>\n<\/p><\/div>\n<\/p><\/div>\n<p> <!-- Separador --> <\/p>\n<hr style='border: 0; border-top: 2px solid rgba(124&comma;5&comma;5&comma;0.3); margin: 30px 0;'> <!-- Secci\u00f3n de evoluci\u00f3n del producto --> <\/p>\n<div style='margin-bottom: 30px;'>\n<div style='display: flex; flex-wrap: wrap; gap: 20px; align-items: center; justify-content: center;'>\n<div style='flex: 1 1 300px; min-width: 280px;'>\n<p style='font-size: 50px; line-height: 1.2; font-weight: 300; letter-spacing: 1px; color: #cf0000; margin: 0 0 15px 0;'>EVOLUCIONAMOS<br \/>CON SU NEGOCIO<\/p>\n<p style='font-size: 22px; line-height: 1.8; font-weight: 300; letter-spacing: 2px; margin: 0; color: inherit;'>Desde radios anal\u00f3gicos compactos y resistentes como el TX320&comma; TX500 y TX600&comma; hasta los radios digitales TX680 para aprovechar las m\u00faltiples funciones de la tecnolog\u00eda actual&comma; los dispositivos TXPRO acompa\u00f1an su migraci\u00f3n de an\u00e1logo a digital de manera que su negocio crezca cada vez m\u00e1s.<\/p>\n<\/p><\/div>\n<div style='flex: 1 1 300px; min-width: 280px;'> <img style='width: 100%; max-width: 500px; height: auto; border: 1px solid rgba(150&comma;150&comma;150&comma;0.3); border-radius: 20px;' src='https:\/\/ftp3.syscom.mx\/usuarios\/ftp\/single_page\/txpro\/versiones01.jpg' alt='Versiones TXPRO'> <\/p>\n<p style='margin-top: 11px; font-size: 27px; line-height: 1.1; font-weight: 300; letter-spacing: 1px; padding: 11px; background-color: #e74c3c; border-radius: 20px; text-align: center; color: white; margin: 0;'>Radios robustos para todos<br \/>los requerimientos<\/p>\n<\/p><\/div>\n<\/p><\/div>\n<\/p><\/div>\n<p> <!-- Secci\u00f3n de ventajas competitivas --> <\/p>\n<div style='margin-bottom: 30px;'>\n<p style='font-size: 24px; line-height: 1.4; font-weight: 500; margin: 15px 0; color: inherit; text-align: justify;'>Existen usuarios que requieren un radio de bajo costo (Similar a otras marcas dentro del mercado).<\/p>\n<p style='font-size: 24px; line-height: 1.4; font-weight: 500; margin: 15px 0; color: inherit; text-align: justify;'>El TX500 es un radio que entrega mucho mejor calidad de audio&comma; cobertura&comma; dise\u00f1o a un costo similar o m\u00e1s bajo.<\/p>\n<\/p><\/div>\n<p> <!-- Nota de tiempo de carga --> <\/p>\n<div style='margin-bottom: 30px;'>\n<p style='font-size: 14px; margin: 0; color: inherit;'><strong>**Tiempo estimado de carga de la bater\u00eda: 5-6 horas dependiendo de la carga inicial de la bater\u00eda.**<\/strong><\/p>\n<\/p><\/div>\n<p> <!-- Separador final --> <\/p>\n<hr style='border: 0; border-top: 2px solid rgba(124&comma;5&comma;5&comma;0.3); margin: 30px 0;'> <\/div>\n","protected":false},"excerpt":{"rendered":"<p>Par de radios TX500 VHF 136-174 MHz con 5 watts de potencia, 16 Canales Preconfigurados.<\/p>\n","protected":false},"featured_media":59470,"comment_status":"open","ping_status":"closed","template":"","meta":[],"product_brand":[],"product_cat":[1555],"product_tag":[1556,1557,560],"class_list":{"0":"post-59471","1":"product","2":"type-product","3":"status-publish","4":"has-post-thumbnail","6":"product_cat-radios-portatiles-vhf-uhf","7":"product_tag-radios-comerciales-txpro","8":"product_tag-radios-portatiles-vhf-uhf","9":"product_tag-txpro","11":"first","12":"instock","13":"sale","14":"shipping-taxable","15":"purchasable","16":"product-type-simple"},"_links":{"self":[{"href":"https:\/\/soydeaqui.ddns.net\/pachuca\/index.php\/wp-json\/wp\/v2\/product\/59471","targetHints":{"allow":["GET"]}}],"collection":[{"href":"https:\/\/soydeaqui.ddns.net\/pachuca\/index.php\/wp-json\/wp\/v2\/product"}],"about":[{"href":"https:\/\/soydeaqui.ddns.net\/pachuca\/index.php\/wp-json\/wp\/v2\/types\/product"}],"replies":[{"embeddable":true,"href":"https:\/\/soydeaqui.ddns.net\/pachuca\/index.php\/wp-json\/wp\/v2\/comments?post=59471"}],"wp:featuredmedia":[{"embeddable":true,"href":"https:\/\/soydeaqui.ddns.net\/pachuca\/index.php\/wp-json\/wp\/v2\/media\/59470"}],"wp:attachment":[{"href":"https:\/\/soydeaqui.ddns.net\/pachuca\/index.php\/wp-json\/wp\/v2\/media?parent=59471"}],"wp:term":[{"taxonomy":"product_brand","embeddable":true,"href":"https:\/\/soydeaqui.ddns.net\/pachuca\/index.php\/wp-json\/wp\/v2\/product_brand?post=59471"},{"taxonomy":"product_cat","embeddable":true,"href":"https:\/\/soydeaqui.ddns.net\/pachuca\/index.php\/wp-json\/wp\/v2\/product_cat?post=59471"},{"taxonomy":"product_tag","embeddable":true,"href":"https:\/\/soydeaqui.ddns.net\/pachuca\/index.php\/wp-json\/wp\/v2\/product_tag?post=59471"}],"curies":[{"name":"wp","href":"https:\/\/api.w.org\/{rel}","templated":true}]}}