{"id":59424,"date":"2026-03-19T05:01:11","date_gmt":"2026-03-19T05:01:11","guid":{"rendered":"https:\/\/soydeaqui.ddns.net\/pachuca\/index.php\/producto\/estereo-marino-con-conexion-bluetooth-iluminacion-multicolor-variable-con-entrada-usb\/"},"modified":"2026-03-19T05:01:12","modified_gmt":"2026-03-19T05:01:12","slug":"estereo-marino-con-conexion-bluetooth-iluminacion-multicolor-variable-con-entrada-usb","status":"publish","type":"product","link":"https:\/\/soydeaqui.ddns.net\/pachuca\/index.php\/producto\/estereo-marino-con-conexion-bluetooth-iluminacion-multicolor-variable-con-entrada-usb\/","title":{"rendered":"Est\u00e9reo marino con conexi\u00f3n Bluetooth, iluminaci\u00f3n multicolor variable, con entrada USB"},"content":{"rendered":"<div style='width: 100%; max-width: 1200px; margin: 0 auto; font-family: sans-serif; line-height: 1.6; color: inherit; background-color: transparent;'> <!-- Secci\u00f3n de contenido con flex\/grid --> <\/p>\n<div style='display: flex; flex-wrap: wrap; gap: 30px; margin-bottom: 30px;'>\n<div style='flex: 1 1 300px; min-width: 280px;'>\n<h3 style='font-size: 22px; border-bottom: 2px solid currentColor; padding-bottom: 5px; margin-top: 0; color: inherit; opacity: 0.8;'>Especificaciones<\/h3>\n<ul style='padding-left: 20px; font-size: 15px; color: inherit;'>\n<li style='margin-bottom: 5px;'><strong>Rango de frecuencia FM:<\/strong> 87.9 MHz a 107.9 MHz<\/li>\n<li style='margin-bottom: 5px;'><strong>Rango de frecuencia AM:<\/strong> 530kHz a 1700 kHz<\/li>\n<li style='margin-bottom: 5px;'><strong>Dimensiones:<\/strong> 182 mm \u00d7 53 mm \u00d7 100 mm<\/li>\n<li style='margin-bottom: 5px;'><strong>Peso:<\/strong> 0.7 kg<\/li>\n<\/ul><\/div>\n<\/p><\/div>\n<p> <!-- Secci\u00f3n de cards con especificaciones --> <\/p>\n<div style='display: flex; flex-wrap: wrap; gap: 20px; margin-bottom: 30px;'>\n<div style='flex: 1 1 250px; border: 1px solid rgba(150&comma; 150&comma; 150&comma; 0.4); border-radius: 8px; overflow: hidden; display: flex; flex-direction: column;'>\n<div style='padding: 15px; border-bottom: 1px solid rgba(150&comma; 150&comma; 150&comma; 0.2); font-weight: bold; font-size: 18px; color: inherit;'>Caracter\u00edsticas principales<\/div>\n<div style='padding: 15px; color: inherit;'>\n<ul style='padding-left: 20px; margin: 0; font-size: 14px; list-style-type: disc;'>\n<li style='margin-bottom: 5px;'>Pantalla de texto de 255 segmentos y 1&comma;5 l\u00edneas<\/li>\n<li style='margin-bottom: 5px;'>Bot\u00f3n de acceso directo Bluetooth<\/li>\n<li style='margin-bottom: 5px;'>Iluminaci\u00f3n de color variable<\/li>\n<li style='margin-bottom: 5px;'>Ecualizador de 13 bandas y DTA<\/li>\n<li style='margin-bottom: 5px;'>Pantalla de colores variables<\/li>\n<li style='margin-bottom: 5px;'>Revestimiento de conformaci\u00f3n<\/li>\n<li style='margin-bottom: 5px;'>Listo para control remoto con cable opcional<\/li>\n<li style='margin-bottom: 5px;'>USB frontal y entrada auxiliar<\/li>\n<li style='margin-bottom: 5px;'>3 salidas previas 4.0V<\/li>\n<\/ul><\/div>\n<\/p><\/div>\n<\/p><\/div>\n<p> <!-- Separador --> <\/p>\n<hr style='border: 0; border-top: 1px solid rgba(150&comma; 150&comma; 150&comma; 0.3); margin: 30px 0;'> <\/div>\n","protected":false},"excerpt":{"rendered":"<p>Est\u00e9reo marino con conexi\u00f3n Bluetooth, iluminaci\u00f3n multicolor variable, con entrada USB<\/p>\n","protected":false},"featured_media":59423,"comment_status":"open","ping_status":"closed","template":"","meta":[],"product_brand":[],"product_cat":[1541],"product_tag":[1542,1470,1172],"class_list":{"0":"post-59424","1":"product","2":"type-product","3":"status-publish","4":"has-post-thumbnail","6":"product_cat-equipos-para-pesca-comercial-y-recreativa","7":"product_tag-equipos-para-pesca-comercial-y-recreativa","8":"product_tag-jvc-kenwood","9":"product_tag-soluciones-marinas","11":"first","12":"instock","13":"sale","14":"shipping-taxable","15":"purchasable","16":"product-type-simple"},"_links":{"self":[{"href":"https:\/\/soydeaqui.ddns.net\/pachuca\/index.php\/wp-json\/wp\/v2\/product\/59424","targetHints":{"allow":["GET"]}}],"collection":[{"href":"https:\/\/soydeaqui.ddns.net\/pachuca\/index.php\/wp-json\/wp\/v2\/product"}],"about":[{"href":"https:\/\/soydeaqui.ddns.net\/pachuca\/index.php\/wp-json\/wp\/v2\/types\/product"}],"replies":[{"embeddable":true,"href":"https:\/\/soydeaqui.ddns.net\/pachuca\/index.php\/wp-json\/wp\/v2\/comments?post=59424"}],"wp:featuredmedia":[{"embeddable":true,"href":"https:\/\/soydeaqui.ddns.net\/pachuca\/index.php\/wp-json\/wp\/v2\/media\/59423"}],"wp:attachment":[{"href":"https:\/\/soydeaqui.ddns.net\/pachuca\/index.php\/wp-json\/wp\/v2\/media?parent=59424"}],"wp:term":[{"taxonomy":"product_brand","embeddable":true,"href":"https:\/\/soydeaqui.ddns.net\/pachuca\/index.php\/wp-json\/wp\/v2\/product_brand?post=59424"},{"taxonomy":"product_cat","embeddable":true,"href":"https:\/\/soydeaqui.ddns.net\/pachuca\/index.php\/wp-json\/wp\/v2\/product_cat?post=59424"},{"taxonomy":"product_tag","embeddable":true,"href":"https:\/\/soydeaqui.ddns.net\/pachuca\/index.php\/wp-json\/wp\/v2\/product_tag?post=59424"}],"curies":[{"name":"wp","href":"https:\/\/api.w.org\/{rel}","templated":true}]}}