{"id":59422,"date":"2026-03-19T05:01:09","date_gmt":"2026-03-19T05:01:09","guid":{"rendered":"https:\/\/soydeaqui.ddns.net\/pachuca\/index.php\/producto\/amplificador-de-audio-clase-d-de-5-canales-de-1600-w-de-salida-maxima\/"},"modified":"2026-03-19T05:01:10","modified_gmt":"2026-03-19T05:01:10","slug":"amplificador-de-audio-clase-d-de-5-canales-de-1600-w-de-salida-maxima","status":"publish","type":"product","link":"https:\/\/soydeaqui.ddns.net\/pachuca\/index.php\/producto\/amplificador-de-audio-clase-d-de-5-canales-de-1600-w-de-salida-maxima\/","title":{"rendered":"Amplificador de audio clase D de 5 canales de 1600 W de salida m\u00e1xima"},"content":{"rendered":"<div style='width: 100%; max-width: 1200px; margin: 0 auto; font-family: sans-serif; line-height: 1.6; color: inherit; background-color: transparent;'>\n<div style='margin-bottom: 30px;'>\n<p style='margin: 0 0 20px 0; font-size: 16px; color: inherit;'>Amplificador compacto de 5 canales clase D con salida m\u00e1xima de 1600 W<\/p>\n<\/p><\/div>\n<div style='display: flex; flex-wrap: wrap; gap: 30px; margin-bottom: 30px;'>\n<div style='flex: 1 1 300px; min-width: 280px;'>\n<h3 style='font-size: 22px; border-bottom: 2px solid currentColor; padding-bottom: 5px; margin-top: 0; color: inherit; opacity: 0.8;'>Caracter\u00edsticas principales<\/h3>\n<ul style='padding-left: 20px; font-size: 15px; color: inherit;'>\n<li style='margin-bottom: 5px;'>Amplificador clase D<\/li>\n<li style='margin-bottom: 5px;'>Con refuerzo de graves<\/li>\n<li style='margin-bottom: 5px;'>Cubierta protectora de terminales<\/li>\n<li style='margin-bottom: 5px;'>Fabricado para resistir niebla salina y condiciones de agua salada<\/li>\n<li style='margin-bottom: 5px;'>Ajuste de filtros pasa bajos y pasa altos<\/li>\n<li style='margin-bottom: 5px;'>Listo para control remoto opcional<\/li>\n<\/ul><\/div>\n<div style='flex: 1 1 300px; min-width: 280px;'>\n<h3 style='font-size: 22px; border-bottom: 2px solid currentColor; padding-bottom: 5px; margin-top: 0; color: inherit; opacity: 0.8;'>Especificaciones<\/h3>\n<ul style='padding-left: 20px; font-size: 15px; color: inherit;'>\n<li style='margin-bottom: 5px;'>Dimensiones: 248 x 53 x 169 mm<\/li>\n<li style='margin-bottom: 5px;'>Peso: 2.1 kg<\/li>\n<\/ul><\/div>\n<\/p><\/div>\n<div style='display: flex; flex-wrap: wrap; gap: 20px; margin-bottom: 30px;'>\n<div style='flex: 1 1 250px; border: 1px solid rgba(150&comma; 150&comma; 150&comma; 0.4); border-radius: 8px; overflow: hidden; display: flex; flex-direction: column;'>\n<div style='padding: 15px; border-bottom: 1px solid rgba(150&comma; 150&comma; 150&comma; 0.2); font-weight: bold; font-size: 18px; color: inherit;'>M\u00e1ximo poder<\/div>\n<div style='padding: 15px; color: inherit;'>\n<p style='margin: 0; font-size: 14px;'>1600 W<\/p>\n<\/p><\/div>\n<\/p><\/div>\n<div style='flex: 1 1 250px; border: 1px solid rgba(150&comma; 150&comma; 150&comma; 0.4); border-radius: 8px; overflow: hidden; display: flex; flex-direction: column;'>\n<div style='padding: 15px; border-bottom: 1px solid rgba(150&comma; 150&comma; 150&comma; 0.2); font-weight: bold; font-size: 18px; color: inherit;'>Salida de potencia RMS (4\u03a9)<\/div>\n<div style='padding: 15px; color: inherit;'>\n<p style='margin: 0; font-size: 14px;'>50 W x 4 + 300 W<\/p>\n<\/p><\/div>\n<\/p><\/div>\n<div style='flex: 1 1 250px; border: 1px solid rgba(150&comma; 150&comma; 150&comma; 0.4); border-radius: 8px; overflow: hidden; display: flex; flex-direction: column;'>\n<div style='padding: 15px; border-bottom: 1px solid rgba(150&comma; 150&comma; 150&comma; 0.2); font-weight: bold; font-size: 18px; color: inherit;'>Salida de potencia RMS (2\u03a9)<\/div>\n<div style='padding: 15px; color: inherit;'>\n<p style='margin: 0; font-size: 14px;'>75 W x 4 + 500 W<\/p>\n<\/p><\/div>\n<\/p><\/div>\n<div style='flex: 1 1 250px; border: 1px solid rgba(150&comma; 150&comma; 150&comma; 0.4); border-radius: 8px; overflow: hidden; display: flex; flex-direction: column;'>\n<div style='padding: 15px; border-bottom: 1px solid rgba(150&comma; 150&comma; 150&comma; 0.2); font-weight: bold; font-size: 18px; color: inherit;'>Salida de potencia RMS en puente<\/div>\n<div style='padding: 15px; color: inherit;'>\n<p style='margin: 0; font-size: 14px;'>150 W x 2 (Puenteado) + 300 W<\/p>\n<\/p><\/div>\n<\/p><\/div>\n<div style='flex: 1 1 250px; border: 1px solid rgba(150&comma; 150&comma; 150&comma; 0.4); border-radius: 8px; overflow: hidden; display: flex; flex-direction: column;'>\n<div style='padding: 15px; border-bottom: 1px solid rgba(150&comma; 150&comma; 150&comma; 0.2); font-weight: bold; font-size: 18px; color: inherit;'>Dimensiones<\/div>\n<div style='padding: 15px; color: inherit;'>\n<p style='margin: 0; font-size: 14px;'>(Ancho) 9-3\/4&#8242; x (Alto) 2-1\/16&#8242; x (Profundidad) 6-5\/8&#8242;<\/p>\n<\/p><\/div>\n<\/p><\/div>\n<\/p><\/div>\n<hr style='border: 0; border-top: 1px solid rgba(150&comma; 150&comma; 150&comma; 0.3); margin: 30px 0;'>\n<div style='display: flex; flex-wrap: wrap; gap: 30px; margin-bottom: 30px;'>\n<div style='flex: 1 1 400px; min-width: 300px;'>\n<h3 style='font-size: 22px; border-bottom: 2px solid currentColor; padding-bottom: 5px; margin-top: 0; color: inherit; opacity: 0.8;'>Audio de alta resoluci\u00f3n rico e inmersivo<\/h3>\n<p style='font-size: 15px; color: inherit; margin: 15px 0; line-height: 1.6;'>El audio de alta resoluci\u00f3n es un sonido de alta calidad que supera el est\u00e1ndar de CD. El audio de alta resoluci\u00f3n captura y expresa maravillosamente todos los detalles de tu m\u00fasica favorita. A trav\u00e9s de frecuencias ultra altas y bajas&comma; sum\u00e9rgete en una experiencia sonora rica y de alta calidad.<\/p>\n<p> <img style='width: 100%; height: auto; border: 1px solid rgba(150&comma;150&comma;150&comma;0.3); border-radius: 8px;' src='https:\/\/www.kenwood.com\/usa\/car\/images\/icon2x\/2019\/icon_hires.png' alt='Logo de audio de alta resoluci\u00f3n'> <\/p>\n<p style='font-size: 12px; color: inherit; margin-top: 10px; opacity: 0.8;'>* El producto con este logotipo cumple con el est\u00e1ndar de audio de alta resoluci\u00f3n definido por Japan Audio Society. Este logotipo se utiliza con licencia de Japan Audio Society.<\/p>\n<\/p><\/div>\n<div style='flex: 1 1 400px; min-width: 300px; display: flex; flex-direction: column; gap: 15px;'> <img style='width: 100%; height: auto; border: 1px solid rgba(150&comma;150&comma;150&comma;0.3); border-radius: 8px;' src='https:\/\/www.kenwood.com\/usa\/car\/images\/hilights\/2019\/dbox03_01.png' alt='Formas de onda suaves'> <img style='width: 100%; height: auto; border: 1px solid rgba(150&comma;150&comma;150&comma;0.3); border-radius: 8px;' src='https:\/\/www.kenwood.com\/usa\/car\/images\/hilights\/2019\/dbox03_02.png' alt='P\u00e9rdida de suavidad'> <img style='width: 100%; height: auto; border: 1px solid rgba(150&comma;150&comma;150&comma;0.3); border-radius: 8px;' src='https:\/\/www.kenwood.com\/usa\/car\/images\/hilights\/2019\/dbox03_03.png' alt='Formas de onda finas'> <\/div>\n<\/p><\/div>\n<div style='display: flex; flex-wrap: wrap; gap: 30px; margin-bottom: 30px;'>\n<div style='flex: 1 1 400px; min-width: 300px;'>\n<h3 style='font-size: 22px; border-bottom: 2px solid currentColor; padding-bottom: 5px; margin-top: 0; color: inherit; opacity: 0.8;'>Bobina de salida con escudo magn\u00e9tico<\/h3>\n<p style='font-size: 15px; color: inherit; margin: 15px 0; line-height: 1.6;'>Evita que el flujo magn\u00e9tico se irradie desde la bobina del subwoofer&comma; lo que reduce el ruido y mejora la calidad del sonido.<\/p>\n<\/p><\/div>\n<div style='flex: 1 1 400px; min-width: 300px;'> <img style='width: 100%; height: auto; border: 1px solid rgba(150&comma;150&comma;150&comma;0.3); border-radius: 8px;' src='https:\/\/www.kenwood.com\/usa\/car\/images\/hilights\/2019\/dbox60_01.png' alt='Bobina de salida con escudo magn\u00e9tico'> <\/div>\n<\/p><\/div>\n<div style='display: flex; flex-wrap: wrap; gap: 30px; margin-bottom: 30px;'>\n<div style='flex: 1 1 400px; min-width: 300px;'>\n<h3 style='font-size: 22px; border-bottom: 2px solid currentColor; padding-bottom: 5px; margin-top: 0; color: inherit; opacity: 0.8;'>Revestimiento de conformaci\u00f3n<\/h3>\n<p style='font-size: 15px; color: inherit; margin: 15px 0; line-height: 1.6;'>Mejora de la resistencia a la humedad de las placas de circuito para evitar la corrosi\u00f3n.<\/p>\n<\/p><\/div>\n<div style='flex: 1 1 400px; min-width: 300px;'> <img style='width: 100%; height: auto; border: 1px solid rgba(150&comma;150&comma;150&comma;0.3); border-radius: 8px;' src='https:\/\/www.kenwood.com\/usa\/car\/excelon\/motorsports_series\/xm802-5\/images\/dbox100_01.png' alt='Revestimiento de conformaci\u00f3n'> <\/div>\n<\/p><\/div>\n<div style='display: flex; flex-wrap: wrap; gap: 30px; margin-bottom: 30px;'>\n<div style='flex: 1 1 400px; min-width: 300px;'>\n<h3 style='font-size: 22px; border-bottom: 2px solid currentColor; padding-bottom: 5px; margin-top: 0; color: inherit; opacity: 0.8;'>Tapas protectoras y cubierta<\/h3>\n<p style='font-size: 15px; color: inherit; margin: 15px 0; line-height: 1.6;'>Todos los orificios de control&comma; RCA&comma; control remoto con cable y terminales de entrada de nivel de altavoz est\u00e1n cubiertos con tapas y cubiertas de pl\u00e1stico para evitar la humedad y el polvo.<\/p>\n<\/p><\/div>\n<div style='flex: 1 1 400px; min-width: 300px;'> <img style='width: 100%; height: auto; border: 1px solid rgba(150&comma;150&comma;150&comma;0.3); border-radius: 8px;' src='https:\/\/www.kenwood.com\/usa\/car\/excelon\/motorsports_series\/xm802-5\/images\/dbox101_01_XM802-5.png' alt='Tapas protectoras y cubierta'> <\/div>\n<\/p><\/div>\n<div style='display: flex; flex-wrap: wrap; gap: 30px; margin-bottom: 30px;'>\n<div style='flex: 1 1 400px; min-width: 300px;'>\n<h3 style='font-size: 22px; border-bottom: 2px solid currentColor; padding-bottom: 5px; margin-top: 0; color: inherit; opacity: 0.8;'>Cubierta deslizante de terminales<\/h3>\n<p style='font-size: 15px; color: inherit; margin: 15px 0; line-height: 1.6;'>La cubierta de terminales deslizante desmontable ofrece un dise\u00f1o elegante y una instalaci\u00f3n m\u00e1s sencilla.<\/p>\n<\/p><\/div>\n<div style='flex: 1 1 400px; min-width: 300px;'> <img style='width: 100%; height: auto; border: 1px solid rgba(150&comma;150&comma;150&comma;0.3); border-radius: 8px;' src='https:\/\/www.kenwood.com\/usa\/car\/excelon\/motorsports_series\/xm802-5\/images\/dbox61_01_XM802-5.png' alt='Cubierta deslizante de terminales'> <\/div>\n<\/p><\/div>\n<div style='display: flex; flex-wrap: wrap; gap: 30px; margin-bottom: 30px;'>\n<div style='flex: 1 1 400px; min-width: 300px;'>\n<h3 style='font-size: 22px; border-bottom: 2px solid currentColor; padding-bottom: 5px; margin-top: 0; color: inherit; opacity: 0.8;'>Conexi\u00f3n de un lado<\/h3>\n<p style='font-size: 15px; color: inherit; margin: 15px 0; line-height: 1.6;'>Todos los terminales y conexiones est\u00e1n en un lado para una instalaci\u00f3n m\u00e1s sencilla y una apariencia m\u00e1s limpia.<\/p>\n<ul style='padding-left: 20px; font-size: 14px; color: inherit; margin-top: 15px;'>\n<li style='margin-bottom: 5px;'>\u2460 Fusible (30A x3)<\/li>\n<li style='margin-bottom: 5px;'>\u2461 Terminal de bater\u00eda (POWER IN BATT.)<\/li>\n<li style='margin-bottom: 5px;'>\u2462 Terminal de control de potencia<\/li>\n<li style='margin-bottom: 5px;'>\u2463 Terminal de tierra (GND)<\/li>\n<li style='margin-bottom: 5px;'>\u2464 Terminales de salida de altavoz (A.ch\/B.ch)<\/li>\n<li style='margin-bottom: 5px;'>\u2465 Terminales de salida de altavoz (Sub)<\/li>\n<li style='margin-bottom: 5px;'>\u2466 Terminal de entrada de nivel de altavoz<\/li>\n<li style='margin-bottom: 5px;'>\u2467 Terminal remoto (Controlador remoto opcional para Sub)<\/li>\n<li style='margin-bottom: 5px;'>\u2468 L\u00ednea en terminal (A.ch\/B.ch\/Sub)<\/li>\n<\/ul><\/div>\n<div style='flex: 1 1 400px; min-width: 300px;'> <img style='width: 100%; height: auto; border: 1px solid rgba(150&comma;150&comma;150&comma;0.3); border-radius: 8px;' src='https:\/\/www.kenwood.com\/usa\/car\/excelon\/motorsports_series\/xm802-5\/images\/dbox62_01_XM802-5.png' alt='Conexi\u00f3n de un lado'> <\/div>\n<\/p><\/div>\n<div style='display: flex; flex-wrap: wrap; gap: 30px; margin-bottom: 30px;'>\n<div style='flex: 1 1 400px; min-width: 300px;'>\n<h3 style='font-size: 22px; border-bottom: 2px solid currentColor; padding-bottom: 5px; margin-top: 0; color: inherit; opacity: 0.8;'>Circuito de ganancia variable<\/h3>\n<p style='font-size: 15px; color: inherit; margin: 15px 0; line-height: 1.6;'>Relaci\u00f3n se\u00f1al\/ruido mejorada<\/p>\n<ul style='padding-left: 20px; font-size: 14px; color: inherit; margin-top: 15px;'>\n<li style='margin-bottom: 5px;'>\u2468 Control de sensibilidad de entrada (A.ch\/B.ch\/Sub)<\/li>\n<li style='margin-bottom: 5px;'>\u2469 Interruptor selector de entrada<\/li>\n<li style='margin-bottom: 5px;'>\u246a Control de nivel de refuerzo de graves (Sub)<\/li>\n<li style='margin-bottom: 5px;'>\u246b Control de frecuencia LPF (SUB)<\/li>\n<li style='margin-bottom: 5px;'>\u246c Interruptor de filtro (A.ch\/B.ch)<\/li>\n<li style='margin-bottom: 5px;'>\u246d Control de frecuencia HPF (A.ch\/B.ch)<\/li>\n<\/ul><\/div>\n<div style='flex: 1 1 400px; min-width: 300px;'> <img style='width: 100%; height: auto; border: 1px solid rgba(150&comma;150&comma;150&comma;0.3); border-radius: 8px;' src='https:\/\/www.kenwood.com\/usa\/car\/excelon\/motorsports_series\/xm802-5\/images\/dbox63_01_XM802-5.png' alt='Circuito de ganancia variable'> <\/div>\n<\/p><\/div>\n<div style='display: flex; flex-wrap: wrap; gap: 30px; margin-bottom: 30px;'>\n<div style='flex: 1 1 400px; min-width: 300px;'>\n<h3 style='font-size: 22px; border-bottom: 2px solid currentColor; padding-bottom: 5px; margin-top: 0; color: inherit; opacity: 0.8;'>Arn\u00e9s de entrada de nivel de altavoz<\/h3>\n<p style='font-size: 15px; color: inherit; margin: 15px 0; line-height: 1.6;'>El arn\u00e9s de entrada de nivel de altavoz se incluye para conectar los cables de los altavoces de los receptores instalados de f\u00e1brica.<\/p>\n<\/p><\/div>\n<div style='flex: 1 1 400px; min-width: 300px;'> <img style='width: 100%; height: auto; border: 1px solid rgba(150&comma;150&comma;150&comma;0.3); border-radius: 8px;' src='https:\/\/www.kenwood.com\/usa\/car\/excelon\/motorsports_series\/xm802-5\/images\/dbox64_01.png' alt='Arn\u00e9s de entrada de nivel de altavoz'> <\/div>\n<\/p><\/div>\n<div style='display: flex; flex-wrap: wrap; gap: 30px; margin-bottom: 30px;'>\n<div style='flex: 1 1 400px; min-width: 300px;'>\n<h3 style='font-size: 22px; border-bottom: 2px solid currentColor; padding-bottom: 5px; margin-top: 0; color: inherit; opacity: 0.8;'>Listo para el control de nivel con cable opcional<\/h3>\n<p style='font-size: 15px; color: inherit; margin: 15px 0; line-height: 1.6;'>El control de nivel remoto con cable KCA-RC01A opcional le permite ajustar f\u00e1cilmente el volumen del subwoofer.<\/p>\n<p style='font-size: 12px; color: inherit; margin-top: 10px; opacity: 0.8;'>*La unidad de control no admite revestimiento conformado ni impermeabilizaci\u00f3n.<\/p>\n<\/p><\/div>\n<div style='flex: 1 1 400px; min-width: 300px;'> <img style='width: 100%; height: auto; border: 1px solid rgba(150&comma;150&comma;150&comma;0.3); border-radius: 8px;' src='https:\/\/www.kenwood.com\/usa\/car\/images\/hilights\/2019\/dbox65_01.png' alt='Control remoto opcional'> <\/div>\n<\/p><\/div>\n<\/p><\/div>\n","protected":false},"excerpt":{"rendered":"<p>Amplificador de audio clase D de 5 canales de 1600 W de salida m\u00e1xima<\/p>\n","protected":false},"featured_media":59421,"comment_status":"open","ping_status":"closed","template":"","meta":[],"product_brand":[],"product_cat":[1541],"product_tag":[1542,1470,1172],"class_list":{"0":"post-59422","1":"product","2":"type-product","3":"status-publish","4":"has-post-thumbnail","6":"product_cat-equipos-para-pesca-comercial-y-recreativa","7":"product_tag-equipos-para-pesca-comercial-y-recreativa","8":"product_tag-jvc-kenwood","9":"product_tag-soluciones-marinas","11":"first","12":"instock","13":"sale","14":"shipping-taxable","15":"purchasable","16":"product-type-simple"},"_links":{"self":[{"href":"https:\/\/soydeaqui.ddns.net\/pachuca\/index.php\/wp-json\/wp\/v2\/product\/59422","targetHints":{"allow":["GET"]}}],"collection":[{"href":"https:\/\/soydeaqui.ddns.net\/pachuca\/index.php\/wp-json\/wp\/v2\/product"}],"about":[{"href":"https:\/\/soydeaqui.ddns.net\/pachuca\/index.php\/wp-json\/wp\/v2\/types\/product"}],"replies":[{"embeddable":true,"href":"https:\/\/soydeaqui.ddns.net\/pachuca\/index.php\/wp-json\/wp\/v2\/comments?post=59422"}],"wp:featuredmedia":[{"embeddable":true,"href":"https:\/\/soydeaqui.ddns.net\/pachuca\/index.php\/wp-json\/wp\/v2\/media\/59421"}],"wp:attachment":[{"href":"https:\/\/soydeaqui.ddns.net\/pachuca\/index.php\/wp-json\/wp\/v2\/media?parent=59422"}],"wp:term":[{"taxonomy":"product_brand","embeddable":true,"href":"https:\/\/soydeaqui.ddns.net\/pachuca\/index.php\/wp-json\/wp\/v2\/product_brand?post=59422"},{"taxonomy":"product_cat","embeddable":true,"href":"https:\/\/soydeaqui.ddns.net\/pachuca\/index.php\/wp-json\/wp\/v2\/product_cat?post=59422"},{"taxonomy":"product_tag","embeddable":true,"href":"https:\/\/soydeaqui.ddns.net\/pachuca\/index.php\/wp-json\/wp\/v2\/product_tag?post=59422"}],"curies":[{"name":"wp","href":"https:\/\/api.w.org\/{rel}","templated":true}]}}