{"id":59420,"date":"2026-03-19T05:01:07","date_gmt":"2026-03-19T05:01:07","guid":{"rendered":"https:\/\/soydeaqui.ddns.net\/pachuca\/index.php\/producto\/amplificador-de-audio-de-4-canales-con-control-remoto-y-con-conexion-bluetooth-de-600-w-de-salida-maxima\/"},"modified":"2026-03-19T05:01:07","modified_gmt":"2026-03-19T05:01:07","slug":"amplificador-de-audio-de-4-canales-con-control-remoto-y-con-conexion-bluetooth-de-600-w-de-salida-maxima","status":"publish","type":"product","link":"https:\/\/soydeaqui.ddns.net\/pachuca\/index.php\/producto\/amplificador-de-audio-de-4-canales-con-control-remoto-y-con-conexion-bluetooth-de-600-w-de-salida-maxima\/","title":{"rendered":"Amplificador de audio de 4 canales con control remoto y con conexi\u00f3n Bluetooth de 600 W de salida m\u00e1xima"},"content":{"rendered":"<div style='width: 100%; max-width: 1200px; margin: 0 auto; font-family: sans-serif; line-height: 1.6; color: inherit; background-color: transparent;'> <!-- Descripci\u00f3n principal --> <\/p>\n<div style='margin-bottom: 30px; font-size: 15px; color: inherit;'>\n<p>Amplificador digital compacto de 4 canales con conexi\u00f3n Bluetooth.<\/p>\n<\/p><\/div>\n<p> <!-- Caracter\u00edsticas principales --> <\/p>\n<div style='display: flex; flex-wrap: wrap; gap: 30px; margin-bottom: 30px;'>\n<div style='flex: 1 1 300px; min-width: 280px;'>\n<h3 style='font-size: 22px; border-bottom: 2px solid currentColor; padding-bottom: 5px; margin-top: 0; color: inherit; opacity: 0.8;'>Caracter\u00edsticas<\/h3>\n<ul style='padding-left: 20px; font-size: 15px; color: inherit;'>\n<li style='margin-bottom: 5px;'>Amplificador clase D<\/li>\n<li style='margin-bottom: 5px;'>Sumergible IPX7<\/li>\n<li style='margin-bottom: 5px;'>Fabricado para resistir niebla salina y condiciones de agua salada<\/li>\n<li style='margin-bottom: 5px;'>A prueba de vibraciones<\/li>\n<li style='margin-bottom: 5px;'>Conexi\u00f3n v\u00eda Bluetooth para control por medio de la aplicaci\u00f3n KENWOOD Music Play<\/li>\n<li style='margin-bottom: 5px;'>7 pre ajuste de ecualizaci\u00f3n<\/li>\n<li style='margin-bottom: 5px;'>Ajuste de filtros pasa bajos y pasa altos<\/li>\n<\/ul><\/div>\n<p> <!-- Incluye --> <\/p>\n<div style='flex: 1 1 300px; min-width: 280px;'>\n<h3 style='font-size: 22px; border-bottom: 2px solid currentColor; padding-bottom: 5px; margin-top: 0; color: inherit; opacity: 0.8;'>Incluye<\/h3>\n<ul style='padding-left: 20px; font-size: 15px; color: inherit;'>\n<li style='margin-bottom: 5px;'>Accesorios de instalaci\u00f3n<\/li>\n<li style='margin-bottom: 5px;'>Control remoto<\/li>\n<\/ul><\/div>\n<p> <!-- Especificaciones --> <\/p>\n<div style='flex: 1 1 300px; min-width: 280px;'>\n<h3 style='font-size: 22px; border-bottom: 2px solid currentColor; padding-bottom: 5px; margin-top: 0; color: inherit; opacity: 0.8;'>Especificaciones<\/h3>\n<ul style='padding-left: 20px; font-size: 15px; color: inherit;'>\n<li style='margin-bottom: 5px;'><strong>Dimensiones:<\/strong> 198 x 48.5 x 104 mm<\/li>\n<li style='margin-bottom: 5px;'><strong>Peso:<\/strong> 1.6 kg<\/li>\n<\/ul><\/div>\n<\/p><\/div>\n<p> <!-- Tabla de especificaciones detalladas --> <\/p>\n<div style='display: flex; flex-wrap: wrap; gap: 20px; margin-bottom: 30px;'>\n<div style='flex: 1 1 100%; border: 1px solid rgba(150&comma; 150&comma; 150&comma; 0.4); border-radius: 8px; overflow: hidden; display: flex; flex-direction: column;'>\n<div style='padding: 15px; border-bottom: 1px solid rgba(150&comma; 150&comma; 150&comma; 0.2); font-weight: bold; font-size: 18px; color: inherit;'>Especificaciones t\u00e9cnicas<\/div>\n<div style='padding: 15px; color: inherit;'>\n<ul style='padding-left: 20px; margin: 0; font-size: 14px; list-style-type: disc;'>\n<li style='margin-bottom: 5px;'><strong>M\u00e1ximo poder:<\/strong> 600W<\/li>\n<li style='margin-bottom: 5px;'><strong>Potencia RMS:<\/strong><\/li>\n<ul style='padding-left: 25px; margin: 5px 0;'>\n<li style='margin-bottom: 5px;'>50W x 4 (4\u03a9)<\/li>\n<li style='margin-bottom: 5px;'>75W x 4 (2\u03a9)<\/li>\n<li style='margin-bottom: 5px;'>150 W x 2 (en puente)<\/li>\n<\/ul>\n<li style='margin-bottom: 5px;'><strong>S\/N:<\/strong> Relaci\u00f3n se\u00f1al\/ruido: 74 dB<\/li>\n<li style='margin-bottom: 5px;'><strong>Tama\u00f1o:<\/strong> (An) 7-13\/16\u201d x (Al) 1-15\/16\u201d x (Pr) 4-1\/8\u201d<\/li>\n<li style='margin-bottom: 5px;'><strong>Filtro de paso bajo:<\/strong> 50 Hz-200 Hz&comma; -12 dB\/octava (A\/B)<\/li>\n<li style='margin-bottom: 5px;'><strong>Filtro de paso alto:<\/strong> 50 Hz-200 Hz&comma; -12 dB\/octava (A\/B)<\/li>\n<li style='margin-bottom: 5px;'><strong>Otras caracter\u00edsticas:<\/strong><\/li>\n<ul style='padding-left: 25px; margin: 5px 0;'>\n<li style='margin-bottom: 5px;'>Amplificador de clase D<\/li>\n<li style='margin-bottom: 5px;'>IP67\/IP66 a prueba de agua y polvo<\/li>\n<li style='margin-bottom: 5px;'>Prueba de niebla salina ASTM B117 (amplificador)<\/li>\n<li style='margin-bottom: 5px;'>Filtro de paso alto y bajo variable<\/li>\n<li style='margin-bottom: 5px;'>Salida de l\u00ednea RCA<\/li>\n<li style='margin-bottom: 5px;'>Puenteable<\/li>\n<\/ul>\n<\/ul><\/div>\n<\/p><\/div>\n<\/p><\/div>\n<p> <!-- Separador --> <\/p>\n<hr style='border: 0; border-top: 1px solid rgba(150&comma; 150&comma; 150&comma; 0.3); margin: 30px 0;'> <\/div>\n","protected":false},"excerpt":{"rendered":"<p>Amplificador de audio de 4 canales con control remoto y con conexi\u00f3n Bluetooth de 600 W de salida m\u00e1xima<\/p>\n","protected":false},"featured_media":59419,"comment_status":"open","ping_status":"closed","template":"","meta":[],"product_brand":[],"product_cat":[1541],"product_tag":[1542,1470,1172],"class_list":{"0":"post-59420","1":"product","2":"type-product","3":"status-publish","4":"has-post-thumbnail","6":"product_cat-equipos-para-pesca-comercial-y-recreativa","7":"product_tag-equipos-para-pesca-comercial-y-recreativa","8":"product_tag-jvc-kenwood","9":"product_tag-soluciones-marinas","11":"first","12":"instock","13":"sale","14":"shipping-taxable","15":"purchasable","16":"product-type-simple"},"_links":{"self":[{"href":"https:\/\/soydeaqui.ddns.net\/pachuca\/index.php\/wp-json\/wp\/v2\/product\/59420","targetHints":{"allow":["GET"]}}],"collection":[{"href":"https:\/\/soydeaqui.ddns.net\/pachuca\/index.php\/wp-json\/wp\/v2\/product"}],"about":[{"href":"https:\/\/soydeaqui.ddns.net\/pachuca\/index.php\/wp-json\/wp\/v2\/types\/product"}],"replies":[{"embeddable":true,"href":"https:\/\/soydeaqui.ddns.net\/pachuca\/index.php\/wp-json\/wp\/v2\/comments?post=59420"}],"wp:featuredmedia":[{"embeddable":true,"href":"https:\/\/soydeaqui.ddns.net\/pachuca\/index.php\/wp-json\/wp\/v2\/media\/59419"}],"wp:attachment":[{"href":"https:\/\/soydeaqui.ddns.net\/pachuca\/index.php\/wp-json\/wp\/v2\/media?parent=59420"}],"wp:term":[{"taxonomy":"product_brand","embeddable":true,"href":"https:\/\/soydeaqui.ddns.net\/pachuca\/index.php\/wp-json\/wp\/v2\/product_brand?post=59420"},{"taxonomy":"product_cat","embeddable":true,"href":"https:\/\/soydeaqui.ddns.net\/pachuca\/index.php\/wp-json\/wp\/v2\/product_cat?post=59420"},{"taxonomy":"product_tag","embeddable":true,"href":"https:\/\/soydeaqui.ddns.net\/pachuca\/index.php\/wp-json\/wp\/v2\/product_tag?post=59420"}],"curies":[{"name":"wp","href":"https:\/\/api.w.org\/{rel}","templated":true}]}}