{"id":59356,"date":"2026-03-19T04:59:04","date_gmt":"2026-03-19T04:59:04","guid":{"rendered":"https:\/\/soydeaqui.ddns.net\/pachuca\/index.php\/producto\/antena-gps-marina-gps-24xd-hvs-conexion-por-medio-de-nmea-0183-6-m-cable-precision-50-cm-cep-50-rango-de-temperatura-30-a-80-c-carcasa-ipx7-resistente-al-agua-distancia-de-segurid\/"},"modified":"2026-03-19T04:59:04","modified_gmt":"2026-03-19T04:59:04","slug":"antena-gps-marina-gps-24xd-hvs-conexion-por-medio-de-nmea-0183-6-m-cable-precision-50-cm-cep-50-rango-de-temperatura-30-a-80-c-carcasa-ipx7-resistente-al-agua-distancia-de-segurid","status":"publish","type":"product","link":"https:\/\/soydeaqui.ddns.net\/pachuca\/index.php\/producto\/antena-gps-marina-gps-24xd-hvs-conexion-por-medio-de-nmea-0183-6-m-cable-precision-50-cm-cep-50-rango-de-temperatura-30-a-80-c-carcasa-ipx7-resistente-al-agua-distancia-de-segurid\/","title":{"rendered":"Antena GPS Marina GPS 24xd HVS \/ Conexi\u00f3n por medio de NMEA 0183 \/ 6 m Cable \/ Precisi\u00f3n < 50 cm CEP 50% \/ Rango de Temperatura -30 a 80 \u00b0C \/ Carcasa IPX7 Resistente al Agua \/ Distancia de Seguridad 150 mm \/ Alimentaci\u00f3n 8-33 V"},"content":{"rendered":"<div style='width: 100%; max-width: 1200px; margin: 0 auto; font-family: sans-serif; line-height: 1.6; color: inherit; background-color: transparent;'>\n<div style='display: flex; flex-wrap: wrap; gap: 30px; margin-bottom: 30px;'>\n<div style='flex: 1 1 300px; min-width: 280px;'>\n<h3 style='font-size: 22px; border-bottom: 2px solid currentColor; padding-bottom: 5px; margin-top: 0; color: inherit; opacity: 0.8;'>Descripci\u00f3n General<\/h3>\n<p style='font-size: 15px; margin-bottom: 15px; color: inherit;'>La antena marina de alta precisi\u00f3n est\u00e1 dise\u00f1ada para aplicaciones mar\u00edtimas&comma; ofreciendo una precisi\u00f3n de posici\u00f3n t\u00edpica de menos de 50 cm (CEP 50%) y menos de 1 metro (88%). Su carcasa de aleaci\u00f3n de pl\u00e1stico totalmente sellada y resistente al agua (IPX7) lo hace ideal para entornos n\u00e1uticos exigentes.<\/p>\n<\/p><\/div>\n<\/p><\/div>\n<div style='display: flex; flex-wrap: wrap; gap: 20px; margin-bottom: 30px;'>\n<div style='flex: 1 1 250px; border: 1px solid rgba(150&comma; 150&comma; 150&comma; 0.4); border-radius: 8px; overflow: hidden; display: flex; flex-direction: column;'>\n<div style='padding: 15px; border-bottom: 1px solid rgba(150&comma; 150&comma; 150&comma; 0.2); font-weight: bold; font-size: 18px; color: inherit;'>Caracter\u00edsticas Principales<\/div>\n<div style='padding: 15px; color: inherit;'>\n<ul style='padding-left: 20px; margin: 0; font-size: 14px; list-style-type: disc;'>\n<li style='margin-bottom: 5px;'><strong>Precisi\u00f3n de posici\u00f3n t\u00edpica:<\/strong> < 50 cm (CEP 50%) y < 1 metro (88%)<\/li>\n<li style='margin-bottom: 5px;'><strong>Carcasa:<\/strong> Aleaci\u00f3n de pl\u00e1stico totalmente sellada y resistente al agua (IPX7)<\/li>\n<li style='margin-bottom: 5px;'><strong>Rango de temperatura:<\/strong> -30 a 80 \u00b0C<\/li>\n<li style='margin-bottom: 5px;'><strong>Conexi\u00f3n:<\/strong> Red NMEA 0183<\/li>\n<li style='margin-bottom: 5px;'><strong>Distancia de seguridad:<\/strong> 150 mm<\/li>\n<li style='margin-bottom: 5px;'><strong>Longitud del cable:<\/strong> 6 metros<\/li>\n<\/ul><\/div>\n<\/p><\/div>\n<\/p><\/div>\n<div style='display: flex; flex-wrap: wrap; gap: 20px; margin-bottom: 30px;'>\n<div style='flex: 1 1 250px; border: 1px solid rgba(150&comma; 150&comma; 150&comma; 0.4); border-radius: 8px; overflow: hidden; display: flex; flex-direction: column;'>\n<div style='padding: 15px; border-bottom: 1px solid rgba(150&comma; 150&comma; 150&comma; 0.2); font-weight: bold; font-size: 18px; color: inherit;'>Especificaciones<\/div>\n<div style='padding: 15px; color: inherit;'>\n<ul style='padding-left: 20px; margin: 0; font-size: 14px; list-style-type: disc;'>\n<li style='margin-bottom: 5px;'><strong>Dimensiones:<\/strong> 91&comma;6 mm x 49&comma;5 mm<\/li>\n<li style='margin-bottom: 5px;'><strong>Peso:<\/strong> 201 g<\/li>\n<li style='margin-bottom: 5px;'><strong>Rango de temperatura:<\/strong> -30 a 80 \u00b0C<\/li>\n<li style='margin-bottom: 5px;'><strong>Precisi\u00f3n de posici\u00f3n:<\/strong> < 50 cm (CEP 50%)&comma; < 1 metro (88%)<\/li>\n<\/ul><\/div>\n<\/p><\/div>\n<div style='flex: 1 1 250px; border: 1px solid rgba(150&comma; 150&comma; 150&comma; 0.4); border-radius: 8px; overflow: hidden; display: flex; flex-direction: column;'>\n<div style='padding: 15px; border-bottom: 1px solid rgba(150&comma; 150&comma; 150&comma; 0.2); font-weight: bold; font-size: 18px; color: inherit;'>Interfaces y Conectividad<\/div>\n<div style='padding: 15px; color: inherit;'>\n<ul style='padding-left: 20px; margin: 0; font-size: 14px; list-style-type: disc;'>\n<li style='margin-bottom: 5px;'><strong>Fuente de alimentaci\u00f3n:<\/strong> 8-33 V CC<\/li>\n<li style='margin-bottom: 5px;'><strong>Consumo:<\/strong> 150 mA a 12 V CC<\/li>\n<li style='margin-bottom: 5px;'><strong>Longitud del cable:<\/strong> 6 metros<\/li>\n<\/ul><\/div>\n<\/p><\/div>\n<\/p><\/div>\n<div style='display: flex; flex-wrap: wrap; gap: 20px; margin-bottom: 30px;'>\n<div style='flex: 1 1 250px; border: 1px solid rgba(150&comma; 150&comma; 150&comma; 0.4); border-radius: 8px; overflow: hidden; display: flex; flex-direction: column;'>\n<div style='padding: 15px; border-bottom: 1px solid rgba(150&comma; 150&comma; 150&comma; 0.2); font-weight: bold; font-size: 18px; color: inherit;'>Aplicaciones y Casos de Uso<\/div>\n<div style='padding: 15px; color: inherit;'>\n<div style='display: flex; flex-direction: column; gap: 15px;'>\n<div style='border: 1px solid rgba(150&comma; 150&comma; 150&comma; 0.4); border-radius: 8px; padding: 15px;'>\n<h4 style='font-size: 16px; font-weight: bold; margin-bottom: 8px; color: inherit;'>Navegaci\u00f3n N\u00e1utica<\/h4>\n<p style='font-size: 14px; margin: 0; color: inherit;'>Ideal para la navegaci\u00f3n mar\u00edtima&comma; proporcionando una precisi\u00f3n de posici\u00f3n confiable en condiciones extremas.<\/p>\n<\/p><\/div>\n<div style='border: 1px solid rgba(150&comma; 150&comma; 150&comma; 0.4); border-radius: 8px; padding: 15px;'>\n<h4 style='font-size: 16px; font-weight: bold; margin-bottom: 8px; color: inherit;'>Monitoreo de Flotas<\/h4>\n<p style='font-size: 14px; margin: 0; color: inherit;'>Perfecto para el seguimiento y monitoreo de flotas mar\u00edtimas&comma; asegurando la precisi\u00f3n en la ubicaci\u00f3n de los barcos.<\/p>\n<\/p><\/div>\n<div style='border: 1px solid rgba(150&comma; 150&comma; 150&comma; 0.4); border-radius: 8px; padding: 15px;'>\n<h4 style='font-size: 16px; font-weight: bold; margin-bottom: 8px; color: inherit;'>Investigaci\u00f3n Marina<\/h4>\n<p style='font-size: 14px; margin: 0; color: inherit;'>Utilizado en investigaciones marinas donde se requiere una alta precisi\u00f3n en la recopilaci\u00f3n de datos de posici\u00f3n.<\/p>\n<\/p><\/div>\n<\/p><\/div>\n<\/p><\/div>\n<\/p><\/div>\n<\/p><\/div>\n<hr style='border: 0; border-top: 1px solid rgba(150&comma; 150&comma; 150&comma; 0.3); margin: 30px 0;'> <\/div>\n","protected":false},"excerpt":{"rendered":"<p>Antena GPS Marina GPS 24xd HVS \/ Conexi\u00f3n por medio de NMEA 0183 \/ 6 m Cable \/ Precisi\u00f3n < 50 cm CEP 50% \/ Rango de Temperatura -30 a 80 \u00b0C \/ Carcasa IPX7 Resistente al Agua \/ Distancia de Seguridad 150 mm \/ Alimentaci\u00f3n 8-33 V\n<\/p>\n","protected":false},"featured_media":59355,"comment_status":"open","ping_status":"closed","template":"","meta":[],"product_brand":[],"product_cat":[1574],"product_tag":[1404,1449,1575],"class_list":{"0":"post-59356","1":"product","2":"type-product","3":"status-publish","4":"has-post-thumbnail","6":"product_cat-marinas","7":"product_tag-antenas","8":"product_tag-garmin","9":"product_tag-marinas","11":"first","12":"instock","13":"sale","14":"shipping-taxable","15":"purchasable","16":"product-type-simple"},"_links":{"self":[{"href":"https:\/\/soydeaqui.ddns.net\/pachuca\/index.php\/wp-json\/wp\/v2\/product\/59356","targetHints":{"allow":["GET"]}}],"collection":[{"href":"https:\/\/soydeaqui.ddns.net\/pachuca\/index.php\/wp-json\/wp\/v2\/product"}],"about":[{"href":"https:\/\/soydeaqui.ddns.net\/pachuca\/index.php\/wp-json\/wp\/v2\/types\/product"}],"replies":[{"embeddable":true,"href":"https:\/\/soydeaqui.ddns.net\/pachuca\/index.php\/wp-json\/wp\/v2\/comments?post=59356"}],"wp:featuredmedia":[{"embeddable":true,"href":"https:\/\/soydeaqui.ddns.net\/pachuca\/index.php\/wp-json\/wp\/v2\/media\/59355"}],"wp:attachment":[{"href":"https:\/\/soydeaqui.ddns.net\/pachuca\/index.php\/wp-json\/wp\/v2\/media?parent=59356"}],"wp:term":[{"taxonomy":"product_brand","embeddable":true,"href":"https:\/\/soydeaqui.ddns.net\/pachuca\/index.php\/wp-json\/wp\/v2\/product_brand?post=59356"},{"taxonomy":"product_cat","embeddable":true,"href":"https:\/\/soydeaqui.ddns.net\/pachuca\/index.php\/wp-json\/wp\/v2\/product_cat?post=59356"},{"taxonomy":"product_tag","embeddable":true,"href":"https:\/\/soydeaqui.ddns.net\/pachuca\/index.php\/wp-json\/wp\/v2\/product_tag?post=59356"}],"curies":[{"name":"wp","href":"https:\/\/api.w.org\/{rel}","templated":true}]}}