{"id":59342,"date":"2026-03-19T04:58:35","date_gmt":"2026-03-19T04:58:35","guid":{"rendered":"https:\/\/soydeaqui.ddns.net\/pachuca\/index.php\/producto\/sistema-de-estero-marino-ms-ra60-con-dos-bocinas-de-diseno-clasico-incluidas\/"},"modified":"2026-03-19T04:58:35","modified_gmt":"2026-03-19T04:58:35","slug":"sistema-de-estero-marino-ms-ra60-con-dos-bocinas-de-diseno-clasico-incluidas","status":"publish","type":"product","link":"https:\/\/soydeaqui.ddns.net\/pachuca\/index.php\/producto\/sistema-de-estero-marino-ms-ra60-con-dos-bocinas-de-diseno-clasico-incluidas\/","title":{"rendered":"Sistema de estero marino MS-RA60 con dos bocinas de dise\u00f1o cl\u00e1sico incluidas."},"content":{"rendered":"<div style='width: 100%; max-width: 1200px; margin: 0 auto; font-family: sans-serif; line-height: 1.6; color: inherit; background-color: transparent;'>\n<div style='display: flex; flex-wrap: wrap; gap: 30px; margin-bottom: 30px;'>\n<div style='flex: 1 1 300px; min-width: 280px;'>\n<h3 style='font-size: 22px; border-bottom: 2px solid currentColor; padding-bottom: 5px; margin-top: 0; color: inherit; opacity: 0.8;'>Caracter\u00edsticas<\/h3>\n<ul style='padding-left: 20px; font-size: 15px; color: inherit;'>\n<li style='margin-bottom: 5px;'>Operaci\u00f3n de hasta dos zonas de audio<\/li>\n<li style='margin-bottom: 5px;'>Administraci\u00f3n mediante dispositivos inteligentes o reloj compatible<\/li>\n<li style='margin-bottom: 5px;'>Amplificador clase D integrado de 4 ohms<\/li>\n<li style='margin-bottom: 5px;'>Fabricado bajo norma de protecci\u00f3n IPX6<\/li>\n<li style='margin-bottom: 5px;'>Alcance inal\u00e1mbrico v\u00eda Bluetooth de hasta 10 m<\/li>\n<li style='margin-bottom: 5px;'>Pantalla monocrom\u00e1tica de 2.7&#8242;<\/li>\n<li style='margin-bottom: 5px;'>Potencia de pico 180 W<\/li>\n<li style='margin-bottom: 5px;'>Conexi\u00f3n para hasta 4 bocinas<\/li>\n<\/ul><\/div>\n<div style='flex: 1 1 300px; min-width: 280px;'>\n<h3 style='font-size: 22px; border-bottom: 2px solid currentColor; padding-bottom: 5px; margin-top: 0; color: inherit; opacity: 0.8;'>Incluye<\/h3>\n<ul style='padding-left: 20px; font-size: 15px; color: inherit;'>\n<li style='margin-bottom: 5px;'>Sistema est\u00e9reo n\u00e1utico MS-RA60<\/li>\n<li style='margin-bottom: 5px;'>Un par de altavoces n\u00e1uticos blancos cl\u00e1sicos de la serie EL<\/li>\n<li style='margin-bottom: 5px;'>Antena AM\/FM oculta<\/li>\n<li style='margin-bottom: 5px;'>Dos cables de altavoz de 6 metros (19 ft)<\/li>\n<li style='margin-bottom: 5px;'>Cubierta protectora para el polvo<\/li>\n<li style='margin-bottom: 5px;'>Arneses de cableado y accesorios de montaje<\/li>\n<li style='margin-bottom: 5px;'>Junta de montaje<\/li>\n<li style='margin-bottom: 5px;'>Cuatro tornillos autorroscantes de calibre 6<\/li>\n<li style='margin-bottom: 5px;'>Dos tapas de tornillos<\/li>\n<li style='margin-bottom: 5px;'>Arn\u00e9s de cableado de los altavoces y de la alimentaci\u00f3n<\/li>\n<li style='margin-bottom: 5px;'>Arneses de cableado de entrada auxiliar&comma; salida de l\u00ednea y salida de subwoofer<\/li>\n<li style='margin-bottom: 5px;'>12 tornillos de montaje Phillips de acero inoxidable (4&comma;2 mm x 25&comma;4 mm (calibre 8 x 1&#8242;))<\/li>\n<\/ul><\/div>\n<\/p><\/div>\n<div style='display: flex; flex-wrap: wrap; gap: 20px; margin-bottom: 30px;'>\n<div style='flex: 1 1 250px; border: 1px solid rgba(150&comma; 150&comma; 150&comma; 0.4); border-radius: 8px; overflow: hidden; display: flex; flex-direction: column;'>\n<div style='padding: 15px; border-bottom: 1px solid rgba(150&comma; 150&comma; 150&comma; 0.2); font-weight: bold; font-size: 18px; color: inherit;'>Especificaciones el\u00e9ctricas<\/div>\n<div style='padding: 15px; color: inherit;'>\n<ul style='padding-left: 20px; margin: 0; font-size: 14px; list-style-type: disc;'>\n<li style='margin-bottom: 5px;'><strong>Salida de potencia nominal (4 ohmios):<\/strong> MS-RA60: entrada de 22 W RMS x 4 a 14&comma;4 V < 10 % de THD<\/li>\n<li style='margin-bottom: 5px;'><strong>Control con Fusion-Link\u2122:<\/strong> MS-RA60: s\u00ed (con smartphone y reloj de Garmin)<\/li>\n<li style='margin-bottom: 5px;'><strong>Tecnolog\u00eda Multi-Zone\u2122:<\/strong> 2 zonas<\/li>\n<li style='margin-bottom: 5px;'><strong>Tecnolog\u00eda inal\u00e1mbrica Bluetooth:<\/strong> S\u00ed<\/li>\n<li style='margin-bottom: 5px;'><strong>Tecnolog\u00eda inal\u00e1mbrica ANT:<\/strong> S\u00ed<\/li>\n<li style='margin-bottom: 5px;'><strong>Compatibilidad con DAB+:<\/strong> MS-RA60: s\u00ed (sintonizador DAB integrado)<\/li>\n<li style='margin-bottom: 5px;'><strong>Interfaz en varios idiomas:<\/strong> MS-RA60: alem\u00e1n&comma; espa\u00f1ol&comma; franc\u00e9s&comma; ingl\u00e9s&comma; italiano y neerland\u00e9s<\/li>\n<li style='margin-bottom: 5px;'><strong>Actualizaciones de software:<\/strong> MS-RA60: actualizaciones de software inal\u00e1mbricas mediante la tecnolog\u00eda inal\u00e1mbrica Bluetooth con la aplicaci\u00f3n Fusion-Link<\/li>\n<li style='margin-bottom: 5px;'><strong>Fuentes:<\/strong> MS-RA60: AM\/FM\/Bluetooth\/AUX x1\/DAB+ (solo disponible en Europa y Australia)<\/li>\n<li style='margin-bottom: 5px;'><strong>Entrada auxiliar:<\/strong> Una entrada RCA (AUX)<\/li>\n<li style='margin-bottom: 5px;'><strong>Radio AM\/FM:<\/strong> Un puerto de conector de antena Motorola<\/li>\n<li style='margin-bottom: 5px;'><strong>Altavoz:<\/strong> MS-RA60: 4 conexiones de altavoz (amplificadas para 2 zonas)<\/li>\n<li style='margin-bottom: 5px;'><strong>Salida pre-out RCA (izquierda&comma; derecha y subwoofer):<\/strong> MS-RA60: 1 zona (requiere amplificaci\u00f3n externa)<\/li>\n<li style='margin-bottom: 5px;'><strong>Salida de l\u00ednea:<\/strong> MS-RA60: zona 1 (I + D&comma; requiere amplificaci\u00f3n externa)<\/li>\n<li style='margin-bottom: 5px;'><strong>Salida de subwoofer:<\/strong> MS-RA60: zona 1 (requiere amplificaci\u00f3n externa)<\/li>\n<\/ul><\/div>\n<\/p><\/div>\n<div style='flex: 1 1 250px; border: 1px solid rgba(150&comma; 150&comma; 150&comma; 0.4); border-radius: 8px; overflow: hidden; display: flex; flex-direction: column;'>\n<div style='padding: 15px; border-bottom: 1px solid rgba(150&comma; 150&comma; 150&comma; 0.2); font-weight: bold; font-size: 18px; color: inherit;'>Especificaciones de los altavoces<\/div>\n<div style='padding: 15px; color: inherit;'>\n<ul style='padding-left: 20px; margin: 0; font-size: 14px; list-style-type: disc;'>\n<li style='margin-bottom: 5px;'><strong>Dimensiones f\u00edsicas:<\/strong> Altavoz EL: 176 x 59 mm (6&comma;93\u2033 x 2&comma;32\u2033)<\/li>\n<li style='margin-bottom: 5px;'><strong>Clasificaci\u00f3n de resistencia al agua:<\/strong> IP65<\/li>\n<li style='margin-bottom: 5px;'><strong>Configuraci\u00f3n:<\/strong> Altavoz: rango completo<\/li>\n<li style='margin-bottom: 5px;'><strong>Tama\u00f1o del altavoz:<\/strong> 6&comma;5\u2033<\/li>\n<li style='margin-bottom: 5px;'><strong>Potencia pico:<\/strong> Altavoz: 80 W<\/li>\n<li style='margin-bottom: 5px;'><strong>Potencia RMS:<\/strong> Altavoz: 20 W<\/li>\n<li style='margin-bottom: 5px;'><strong>Sensibilidad (1 vatio\/1 metro):<\/strong> Altavoz: 88 dB<\/li>\n<li style='margin-bottom: 5px;'><strong>Respuesta de frecuencia:<\/strong> Altavoz: 45 Hz-16 kHz<\/li>\n<li style='margin-bottom: 5px;'><strong>Impedancia nominal:<\/strong> 4 ohmios<\/li>\n<li style='margin-bottom: 5px;'><strong>Potencia de amplificador recomendada (RMS):<\/strong> Altavoz: 20-40 W\/canal<\/li>\n<li style='margin-bottom: 5px;'><strong>Rango de temperatura de funcionamiento:<\/strong> 0 &#8211; 50 \u00b0C (32 &#8211; 122 \u00b0F)<\/li>\n<li style='margin-bottom: 5px;'><strong>Di\u00e1metro nominal de la bobina de voz:<\/strong> Altavoz: 0&comma;79\u2033<\/li>\n<li style='margin-bottom: 5px;'><strong>Material del cono:<\/strong> Cono de polipropileno con borde de tela<\/li>\n<li style='margin-bottom: 5px;'><strong>Distancia de seguridad del comp\u00e1s:<\/strong> Altavoz: 254 cm (100\u2033)<\/li>\n<li style='margin-bottom: 5px;'><strong>Garant\u00eda:<\/strong> Altavoz: 1 a\u00f1o<\/li>\n<li style='margin-bottom: 5px;'><strong>Di\u00e1metro de espacio libre de montaje:<\/strong> Altavoz EL: 130 mm (5&comma;12\u2033)<\/li>\n<li style='margin-bottom: 5px;'><strong>Espacio libre de profundidad de montaje:<\/strong> Altavoz EL: 43 mm (1&comma;69\u2033)<\/li>\n<\/ul><\/div>\n<\/p><\/div>\n<\/p><\/div>\n<\/p><\/div>\n","protected":false},"excerpt":{"rendered":"<p>Sistema de estero marino MS-RA60 con dos bocinas de dise\u00f1o cl\u00e1sico incluidas.<\/p>\n","protected":false},"featured_media":59341,"comment_status":"open","ping_status":"closed","template":"","meta":[],"product_brand":[],"product_cat":[1541],"product_tag":[1542,1449,1172],"class_list":{"0":"post-59342","1":"product","2":"type-product","3":"status-publish","4":"has-post-thumbnail","6":"product_cat-equipos-para-pesca-comercial-y-recreativa","7":"product_tag-equipos-para-pesca-comercial-y-recreativa","8":"product_tag-garmin","9":"product_tag-soluciones-marinas","11":"first","12":"instock","13":"sale","14":"shipping-taxable","15":"purchasable","16":"product-type-simple"},"_links":{"self":[{"href":"https:\/\/soydeaqui.ddns.net\/pachuca\/index.php\/wp-json\/wp\/v2\/product\/59342","targetHints":{"allow":["GET"]}}],"collection":[{"href":"https:\/\/soydeaqui.ddns.net\/pachuca\/index.php\/wp-json\/wp\/v2\/product"}],"about":[{"href":"https:\/\/soydeaqui.ddns.net\/pachuca\/index.php\/wp-json\/wp\/v2\/types\/product"}],"replies":[{"embeddable":true,"href":"https:\/\/soydeaqui.ddns.net\/pachuca\/index.php\/wp-json\/wp\/v2\/comments?post=59342"}],"wp:featuredmedia":[{"embeddable":true,"href":"https:\/\/soydeaqui.ddns.net\/pachuca\/index.php\/wp-json\/wp\/v2\/media\/59341"}],"wp:attachment":[{"href":"https:\/\/soydeaqui.ddns.net\/pachuca\/index.php\/wp-json\/wp\/v2\/media?parent=59342"}],"wp:term":[{"taxonomy":"product_brand","embeddable":true,"href":"https:\/\/soydeaqui.ddns.net\/pachuca\/index.php\/wp-json\/wp\/v2\/product_brand?post=59342"},{"taxonomy":"product_cat","embeddable":true,"href":"https:\/\/soydeaqui.ddns.net\/pachuca\/index.php\/wp-json\/wp\/v2\/product_cat?post=59342"},{"taxonomy":"product_tag","embeddable":true,"href":"https:\/\/soydeaqui.ddns.net\/pachuca\/index.php\/wp-json\/wp\/v2\/product_tag?post=59342"}],"curies":[{"name":"wp","href":"https:\/\/api.w.org\/{rel}","templated":true}]}}