{"id":59337,"date":"2026-03-19T04:58:23","date_gmt":"2026-03-19T04:58:23","guid":{"rendered":"https:\/\/soydeaqui.ddns.net\/pachuca\/index.php\/producto\/unidad-de-extension-de-red-para-equipo-de-radiocomunicacion\/"},"modified":"2026-03-19T04:58:31","modified_gmt":"2026-03-19T04:58:31","slug":"unidad-de-extension-de-red-para-equipo-de-radiocomunicacion","status":"publish","type":"product","link":"https:\/\/soydeaqui.ddns.net\/pachuca\/index.php\/producto\/unidad-de-extension-de-red-para-equipo-de-radiocomunicacion\/","title":{"rendered":"Unidad de Extensi\u00f3n de Red para Equipo de Radiocomunicaci\u00f3n."},"content":{"rendered":"<div style='width: 100%; max-width: 1200px; margin: 0 auto; font-family: sans-serif; line-height: 1.6; color: inherit; background-color: transparent;'>\n<div style='display: flex; flex-wrap: wrap; gap: 30px; margin-bottom: 30px;'>\n<div style='flex: 1 1 300px; min-width: 280px;'>\n<h3 style='font-size: 22px; border-bottom: 2px solid currentColor; padding-bottom: 5px; margin-top: 0; color: inherit; opacity: 0.8;'>Caracter\u00edsticas Principales<\/h3>\n<ul style='padding-left: 20px; font-size: 15px; color: inherit;'>\n<li style='margin-bottom: 5px;'>5 niveles de compresi\u00f3n de audio (13-64 kbps)<\/li>\n<li style='margin-bottom: 5px;'>Conexiones VoIP para enlaces punto a punto<\/li>\n<li style='margin-bottom: 5px;'>Configuraci\u00f3n y monitoreo v\u00eda navegador web est\u00e1ndar<\/li>\n<li style='margin-bottom: 5px;'>Indicadores frontales para monitoreo de estado<\/li>\n<li style='margin-bottom: 5px;'>6 niveles de seguridad para acceso seguro<\/li>\n<li style='margin-bottom: 5px;'>No requiere equipos externos para su operaci\u00f3n<\/li>\n<li style='margin-bottom: 5px;'>Dise\u00f1ado para muchos a\u00f1os de operaci\u00f3n sin mantenimiento<\/li>\n<li style='margin-bottom: 5px;'>Requiere una IP est\u00e1tica y v\u00e1lida en internet<\/li>\n<\/ul><\/div>\n<div style='flex: 1 1 300px; min-width: 280px;'>\n<h3 style='font-size: 22px; border-bottom: 2px solid currentColor; padding-bottom: 5px; margin-top: 0; color: inherit; opacity: 0.8;'>Aplicaciones<\/h3>\n<ul style='padding-left: 20px; font-size: 15px; color: inherit;'>\n<li style='margin-bottom: 5px;'>Conexi\u00f3n de sistemas de radio a redes digitales<\/li>\n<li style='margin-bottom: 5px;'>Transporte de comunicaciones a trav\u00e9s de redes IP privadas<\/li>\n<li style='margin-bottom: 5px;'>Sustituci\u00f3n de l\u00edneas arrendadas y sitios de microondas<\/li>\n<li style='margin-bottom: 5px;'>Integraci\u00f3n con interfaces de consola Push-to-Talk<\/li>\n<li style='margin-bottom: 5px;'>Soluciones de interoperabilidad de \u00e1rea amplia<\/li>\n<\/ul><\/div>\n<div style='flex: 1 1 300px; min-width: 280px;'>\n<h3 style='font-size: 22px; border-bottom: 2px solid currentColor; padding-bottom: 5px; margin-top: 0; color: inherit; opacity: 0.8;'>Caracter\u00edsticas T\u00e9cnicas<\/h3>\n<ul style='padding-left: 20px; font-size: 15px; color: inherit;'>\n<li style='margin-bottom: 5px;'><strong>Dimensiones:<\/strong> 1.7&#8217;H x 6.5&#8217;W x 6.5&#8217;D (4.3 x 16.5 x 16.5 cm)<\/li>\n<li style='margin-bottom: 5px;'><strong>Peso:<\/strong> 1.1 lbs (0.5 kg)<\/li>\n<li style='margin-bottom: 5px;'><strong>Alimentaci\u00f3n:<\/strong> +11 a +15VDC @ 0.5A m\u00e1x<\/li>\n<li style='margin-bottom: 5px;'><strong>Vocoders:<\/strong> GSM (13 Kbps)&comma; G.723 ADPCM (16&comma; 24&comma; 32 Kbps)&comma; G.711 (64 Kbps)<\/li>\n<li style='margin-bottom: 5px;'><strong>Impedancia:<\/strong> Entrada: 600\u03a9 balanceado o 47k\u03a9&comma; acoplamiento por transformador<\/li>\n<li style='margin-bottom: 5px;'><strong>Interfaz:<\/strong> Salida: 600\u03a9 balanceado&comma; acoplamiento AC<\/li>\n<\/ul><\/div>\n<\/p><\/div>\n<div style='display: flex; flex-wrap: wrap; gap: 20px; margin-bottom: 30px;'>\n<div style='flex: 1 1 250px; border: 1px solid rgba(150&comma; 150&comma; 150&comma; 0.4); border-radius: 8px; overflow: hidden; display: flex; flex-direction: column;'>\n<div style='padding: 15px; border-bottom: 1px solid rgba(150&comma; 150&comma; 150&comma; 0.2); font-weight: bold; font-size: 18px; color: inherit;'>Caracter\u00edsticas Avanzadas<\/div>\n<div style='padding: 15px; color: inherit;'>\n<ul style='padding-left: 20px; margin: 0; font-size: 14px; list-style-type: disc;'>\n<li style='margin-bottom: 5px;'>Multiplexi\u00f3n de audio y datos sobre red Ethernet est\u00e1ndar<\/li>\n<li style='margin-bottom: 5px;'>Interfaz directo con m\u00e1s de 300 tipos de radios\/dispositivos<\/li>\n<li style='margin-bottom: 5px;'>Ajustes de audio: niveles TX\/RX&comma; demoras&comma; detecci\u00f3n VOX\/VMR<\/li>\n<li style='margin-bottom: 5px;'>Soporte para datos RS-232 para control remoto<\/li>\n<li style='margin-bottom: 5px;'>Dos GPIO para funciones auxiliares adicionales<\/li>\n<\/ul><\/div>\n<\/p><\/div>\n<div style='flex: 1 1 250px; border: 1px solid rgba(150&comma; 150&comma; 150&comma; 0.4); border-radius: 8px; overflow: hidden; display: flex; flex-direction: column;'>\n<div style='padding: 15px; border-bottom: 1px solid rgba(150&comma; 150&comma; 150&comma; 0.2); font-weight: bold; font-size: 18px; color: inherit;'>Configuraci\u00f3n<\/div>\n<div style='padding: 15px; color: inherit;'>\n<ul style='padding-left: 20px; margin: 0; font-size: 14px; list-style-type: disc;'>\n<li style='margin-bottom: 5px;'>Configuraci\u00f3n inicial a trav\u00e9s de puerto serial<\/li>\n<li style='margin-bottom: 5px;'>Administraci\u00f3n remota mediante interfaz web<\/li>\n<li style='margin-bottom: 5px;'>Reinicializaci\u00f3n remota del dispositivo<\/li>\n<li style='margin-bottom: 5px;'>Ajuste remoto de niveles de audio<\/li>\n<li style='margin-bottom: 5px;'>Soporte para servidores y clientes<\/li>\n<\/ul><\/div>\n<\/p><\/div>\n<\/p><\/div>\n<hr style='border: 0; border-top: 1px solid rgba(150&comma; 150&comma; 150&comma; 0.3); margin: 30px 0;'> <\/div>\n","protected":false},"excerpt":{"rendered":"<p>Unidad de Extensi\u00f3n de Red para Equipo de Radiocomunicaci\u00f3n.<\/p>\n","protected":false},"featured_media":59336,"comment_status":"open","ping_status":"closed","template":"","meta":[],"product_brand":[],"product_cat":[1740],"product_tag":[1546,1741,1742],"class_list":{"0":"post-59337","1":"product","2":"type-product","3":"status-publish","4":"has-post-thumbnail","6":"product_cat-enlaces-ip","7":"product_tag-aplicaciones-y-soluciones","8":"product_tag-enlaces-ip","9":"product_tag-raytheon","11":"first","12":"outofstock","13":"sale","14":"shipping-taxable","15":"purchasable","16":"product-type-simple"},"_links":{"self":[{"href":"https:\/\/soydeaqui.ddns.net\/pachuca\/index.php\/wp-json\/wp\/v2\/product\/59337","targetHints":{"allow":["GET"]}}],"collection":[{"href":"https:\/\/soydeaqui.ddns.net\/pachuca\/index.php\/wp-json\/wp\/v2\/product"}],"about":[{"href":"https:\/\/soydeaqui.ddns.net\/pachuca\/index.php\/wp-json\/wp\/v2\/types\/product"}],"replies":[{"embeddable":true,"href":"https:\/\/soydeaqui.ddns.net\/pachuca\/index.php\/wp-json\/wp\/v2\/comments?post=59337"}],"wp:featuredmedia":[{"embeddable":true,"href":"https:\/\/soydeaqui.ddns.net\/pachuca\/index.php\/wp-json\/wp\/v2\/media\/59336"}],"wp:attachment":[{"href":"https:\/\/soydeaqui.ddns.net\/pachuca\/index.php\/wp-json\/wp\/v2\/media?parent=59337"}],"wp:term":[{"taxonomy":"product_brand","embeddable":true,"href":"https:\/\/soydeaqui.ddns.net\/pachuca\/index.php\/wp-json\/wp\/v2\/product_brand?post=59337"},{"taxonomy":"product_cat","embeddable":true,"href":"https:\/\/soydeaqui.ddns.net\/pachuca\/index.php\/wp-json\/wp\/v2\/product_cat?post=59337"},{"taxonomy":"product_tag","embeddable":true,"href":"https:\/\/soydeaqui.ddns.net\/pachuca\/index.php\/wp-json\/wp\/v2\/product_tag?post=59337"}],"curies":[{"name":"wp","href":"https:\/\/api.w.org\/{rel}","templated":true}]}}