{"id":59329,"date":"2026-03-19T04:58:12","date_gmt":"2026-03-19T04:58:12","guid":{"rendered":"https:\/\/soydeaqui.ddns.net\/pachuca\/index.php\/producto\/base-para-vehiculo-compatible-con-ruggear-rg725-y-rg750-incluye-puerto-de-carga\/"},"modified":"2026-03-19T04:58:12","modified_gmt":"2026-03-19T04:58:12","slug":"base-para-vehiculo-compatible-con-ruggear-rg725-y-rg750-incluye-puerto-de-carga","status":"publish","type":"product","link":"https:\/\/soydeaqui.ddns.net\/pachuca\/index.php\/producto\/base-para-vehiculo-compatible-con-ruggear-rg725-y-rg750-incluye-puerto-de-carga\/","title":{"rendered":"Base para Veh\u00edculo Compatible con RugGear RG725 y RG750, Incluye Puerto de Carga"},"content":{"rendered":"<div style='width: 100%; max-width: 1200px; margin: 0 auto; font-family: sans-serif; line-height: 1.6; color: inherit; background-color: transparent;'> <!-- Secci\u00f3n de descripci\u00f3n --> <\/p>\n<div style='margin-bottom: 30px;'>\n<h3 style='font-size: 22px; border-bottom: 2px solid currentColor; padding-bottom: 5px; margin-top: 0; color: inherit; opacity: 0.8;'>Soporte para Auto RG725\/RG750 \u2013 RugGear\u00ae<\/h3>\n<p style='font-size: 15px; color: inherit; margin-bottom: 15px;'>Mant\u00e9n tu dispositivo siempre seguro y accesible mientras conduces con el soporte para auto compatible con los modelos RG725 y RG750. Dise\u00f1ado espec\u00edficamente para adaptarse a estos dispositivos RugGear\u00ae&comma; este soporte ofrece un ajuste firme&comma; resistente y confiable&comma; ideal para uso en flotillas&comma; veh\u00edculos de trabajo o uso personal.<\/p>\n<\/p><\/div>\n<p> <!-- Secci\u00f3n de caracter\u00edsticas --> <\/p>\n<div style='display: flex; flex-wrap: wrap; gap: 20px; margin-bottom: 30px;'>\n<div style='flex: 1 1 300px; min-width: 280px;'>\n<h4 style='font-size: 18px; margin-top: 0; color: inherit; opacity: 0.8;'>Caracter\u00edsticas Principales<\/h4>\n<ul style='padding-left: 20px; font-size: 15px; color: inherit; list-style-type: disc;'>\n<li style='margin-bottom: 5px;'><strong>F\u00e1cil instalaci\u00f3n:<\/strong> Se ajusta f\u00e1cilmente al tablero<\/li>\n<li style='margin-bottom: 5px;'><strong>Seguridad en movimiento:<\/strong> Mantiene el equipo firme incluso en caminos irregulares<\/li>\n<li style='margin-bottom: 5px;'><strong>Acceso r\u00e1pido:<\/strong> Ideal para navegaci\u00f3n&comma; comunicaci\u00f3n y gesti\u00f3n de tareas en campo<\/li>\n<li style='margin-bottom: 5px;'><strong>Puerto de Carga:<\/strong> Incluye puerto para conexi\u00f3n a la energ\u00eda el\u00e9ctrica<\/li>\n<\/ul><\/div>\n<\/p><\/div>\n<p> <!-- Nota y conclusi\u00f3n --> <\/p>\n<div style='margin-bottom: 30px;'>\n<p style='font-size: 14px; color: inherit; margin-bottom: 15px;'><strong>Nota:<\/strong> No incluye micr\u00f3fono de mano&comma; imagen ilustrativa.<\/p>\n<p style='font-size: 15px; color: inherit;'>Un accesorio indispensable para mantener la productividad y seguridad mientras est\u00e1s en ruta.<\/p>\n<\/p><\/div>\n<p> <!-- Separador --> <\/p>\n<hr style='border: 0; border-top: 1px solid rgba(150&comma; 150&comma; 150&comma; 0.3); margin: 30px 0;'> <\/div>\n","protected":false},"excerpt":{"rendered":"<p>Base para Veh\u00edculo Compatible con RugGear RG725 y RG750, Incluye Puerto de Carga<\/p>\n","protected":false},"featured_media":59328,"comment_status":"open","ping_status":"closed","template":"","meta":[],"product_brand":[],"product_cat":[1549],"product_tag":[1550,1508,1608],"class_list":{"0":"post-59329","1":"product","2":"type-product","3":"status-publish","4":"has-post-thumbnail","6":"product_cat-accesorios-y-refacciones","7":"product_tag-accesorios-y-refacciones","8":"product_tag-radios-lte","9":"product_tag-ruggear","11":"first","12":"instock","13":"sale","14":"shipping-taxable","15":"purchasable","16":"product-type-simple"},"_links":{"self":[{"href":"https:\/\/soydeaqui.ddns.net\/pachuca\/index.php\/wp-json\/wp\/v2\/product\/59329","targetHints":{"allow":["GET"]}}],"collection":[{"href":"https:\/\/soydeaqui.ddns.net\/pachuca\/index.php\/wp-json\/wp\/v2\/product"}],"about":[{"href":"https:\/\/soydeaqui.ddns.net\/pachuca\/index.php\/wp-json\/wp\/v2\/types\/product"}],"replies":[{"embeddable":true,"href":"https:\/\/soydeaqui.ddns.net\/pachuca\/index.php\/wp-json\/wp\/v2\/comments?post=59329"}],"wp:featuredmedia":[{"embeddable":true,"href":"https:\/\/soydeaqui.ddns.net\/pachuca\/index.php\/wp-json\/wp\/v2\/media\/59328"}],"wp:attachment":[{"href":"https:\/\/soydeaqui.ddns.net\/pachuca\/index.php\/wp-json\/wp\/v2\/media?parent=59329"}],"wp:term":[{"taxonomy":"product_brand","embeddable":true,"href":"https:\/\/soydeaqui.ddns.net\/pachuca\/index.php\/wp-json\/wp\/v2\/product_brand?post=59329"},{"taxonomy":"product_cat","embeddable":true,"href":"https:\/\/soydeaqui.ddns.net\/pachuca\/index.php\/wp-json\/wp\/v2\/product_cat?post=59329"},{"taxonomy":"product_tag","embeddable":true,"href":"https:\/\/soydeaqui.ddns.net\/pachuca\/index.php\/wp-json\/wp\/v2\/product_tag?post=59329"}],"curies":[{"name":"wp","href":"https:\/\/api.w.org\/{rel}","templated":true}]}}