{"id":5932,"date":"2026-03-18T06:37:05","date_gmt":"2026-03-18T06:37:05","guid":{"rendered":"https:\/\/soydeaqui.ddns.net\/pachuca\/index.php\/producto\/caja-2-x-4-para-montaje-de-estaciones-de-jalon-analogas-y-convencionales\/"},"modified":"2026-03-18T06:37:08","modified_gmt":"2026-03-18T06:37:08","slug":"caja-2-x-4-para-montaje-de-estaciones-de-jalon-analogas-y-convencionales","status":"publish","type":"product","link":"https:\/\/soydeaqui.ddns.net\/pachuca\/index.php\/producto\/caja-2-x-4-para-montaje-de-estaciones-de-jalon-analogas-y-convencionales\/","title":{"rendered":"Caja 2&#8243; x 4&#8243; para Montaje de Estaciones de Jal\u00f3n An\u00e1logas y Convencionales"},"content":{"rendered":"<div style='width: 100%; max-width: 1200px; margin: 0 auto; font-family: sans-serif; line-height: 1.6; color: inherit; background-color: transparent;'> <!-- Secci\u00f3n de introducci\u00f3n --> <\/p>\n<div style='margin-bottom: 30px;'>\n<p style='font-size: 16px; margin-top: 0; color: inherit;'>Caja rectangular 2&#8242; x 4&#8242; compatible con Estaciones de jal\u00f3n: 5140MPS1 y 5140MPS2.<\/p>\n<\/p><\/div>\n<p> <!-- Secci\u00f3n de caracter\u00edsticas principales --> <\/p>\n<div style='display: flex; flex-wrap: wrap; gap: 20px; margin-bottom: 30px;'>\n<div style='flex: 1 1 300px; min-width: 280px;'>\n<h3 style='font-size: 22px; border-bottom: 2px solid currentColor; padding-bottom: 5px; margin-top: 0; color: inherit; opacity: 0.8;'>Caracter\u00edsticas Principales<\/h3>\n<ul style='padding-left: 20px; font-size: 15px; color: inherit;'>\n<li style='margin-bottom: 5px;'>Compatible con estaciones de jal\u00f3n 5140MPS1 y 5140MPS2<\/li>\n<li style='margin-bottom: 5px;'>Dise\u00f1o rectangular de 2&#8242; x 4&#8242; optimizado<\/li>\n<li style='margin-bottom: 5px;'>Material resistente para uso profesional<\/li>\n<li style='margin-bottom: 5px;'>Instalaci\u00f3n f\u00e1cil y r\u00e1pida<\/li>\n<li style='margin-bottom: 5px;'>Versatilidad para m\u00faltiples aplicaciones industriales<\/li>\n<\/ul><\/div>\n<\/p><\/div>\n<p> <!-- Secci\u00f3n de especificaciones t\u00e9cnicas --> <\/p>\n<div style='display: flex; flex-wrap: wrap; gap: 20px; margin-bottom: 30px;'>\n<div style='flex: 1 1 300px; min-width: 280px;'>\n<h3 style='font-size: 22px; border-bottom: 2px solid currentColor; padding-bottom: 5px; margin-top: 0; color: inherit; opacity: 0.8;'>Especificaciones T\u00e9cnicas<\/h3>\n<ul style='padding-left: 20px; font-size: 15px; color: inherit;'>\n<li style='margin-bottom: 5px;'><strong>Construcci\u00f3n:<\/strong> Metal fundido en molde<\/li>\n<li style='margin-bottom: 5px;'><strong>Dimensiones:<\/strong> 4-3\/4&#8242; H x 3-1\/4&#8242; W x 1-1\/8&#8242; D (PS-SATK\/PS-DATK)<\/li>\n<li style='margin-bottom: 5px;'><strong>Acabado:<\/strong> Pintura roja brillante con letras blancas en relieve<\/li>\n<li style='margin-bottom: 5px;'><strong>Conexi\u00f3n:<\/strong> Terminales para conexi\u00f3n a bucles de detecci\u00f3n convencionales<\/li>\n<li style='margin-bottom: 5px;'><strong>Rating del interruptor:<\/strong> 1 amp&comma; 125 VAC o 30 VDC<\/li>\n<li style='margin-bottom: 5px;'><strong>Contactos:<\/strong> Oro chapado resistente a la corrosi\u00f3n<\/li>\n<li style='margin-bottom: 5px;'><strong>Reseteo:<\/strong> Utiliza las mismas llaves que los gabinetes de control<\/li>\n<\/ul><\/div>\n<p> <!-- Secci\u00f3n de certificaciones --> <\/p>\n<div style='flex: 1 1 300px; min-width: 280px;'>\n<h3 style='font-size: 22px; border-bottom: 2px solid currentColor; padding-bottom: 5px; margin-top: 0; color: inherit; opacity: 0.8;'>Certificaciones<\/h3>\n<ul style='padding-left: 20px; font-size: 15px; color: inherit;'>\n<li style='margin-bottom: 5px;'>UL Listed<\/li>\n<li style='margin-bottom: 5px;'>CSFM Approved<\/li>\n<li style='margin-bottom: 5px;'>MEA (BSA) Approved<\/li>\n<li style='margin-bottom: 5px;'>Conforme a ADA (Americans with Disabilities Act)<\/li>\n<li style='margin-bottom: 5px;'>Modelo a prueba de intemperie disponible<\/li>\n<\/ul><\/div>\n<\/p><\/div>\n<p> <!-- Secci\u00f3n de operaci\u00f3n --> <\/p>\n<div style='margin-bottom: 30px;'>\n<h3 style='font-size: 22px; border-bottom: 2px solid currentColor; padding-bottom: 5px; margin-top: 0; color: inherit; opacity: 0.8;'>Operaci\u00f3n<\/h3>\n<p style='font-size: 15px; margin-top: 0; color: inherit;'>Las estaciones de jal\u00f3n PS-DATK y PS-SATK est\u00e1n construidas con metal fundido en molde de alta calidad. Los modelos de acci\u00f3n simple se operan simplemente jalando la manija de la parte frontal de la estaci\u00f3n hacia abajo hasta el tope&comma; en ese momento la manija se bloquea en posici\u00f3n y es f\u00e1cilmente visible desde hasta 50 pies de distancia. La manija se reestablece abriendo la estaci\u00f3n con una llave&comma; colocando la manija en posici\u00f3n vertical normal y re-bloqueando la estaci\u00f3n.<\/p>\n<p style='font-size: 15px; margin-top: 0; color: inherit;'>En los modelos de doble acci\u00f3n&comma; presionar la barra de empuje hace que gire hacia adentro&comma; permitiendo que la manija de jal\u00f3n se agarre con una sola mano. Los modelos de doble acci\u00f3n se reestablecen de la misma manera que los modelos de acci\u00f3n simple.<\/p>\n<\/p><\/div>\n<p> <!-- Secci\u00f3n de montaje y accesorios --> <\/p>\n<div style='display: flex; flex-wrap: wrap; gap: 20px; margin-bottom: 30px;'>\n<div style='flex: 1 1 300px; min-width: 280px;'>\n<h3 style='font-size: 22px; border-bottom: 2px solid currentColor; padding-bottom: 5px; margin-top: 0; color: inherit; opacity: 0.8;'>Montaje y Accesorios<\/h3>\n<ul style='padding-left: 20px; font-size: 15px; color: inherit;'>\n<li style='margin-bottom: 5px;'>Caja para montaje superficial<\/li>\n<li style='margin-bottom: 5px;'>Modelo a prueba de intemperie disponible con empaque y caja posterior de metal fundido<\/li>\n<li style='margin-bottom: 5px;'>Caja posterior con rosca en un extremo para conduit de 1\/2&#8242;<\/li>\n<li style='margin-bottom: 5px;'>Incluye varilla de ruptura de acr\u00edlico ranurado<\/li>\n<li style='margin-bottom: 5px;'>Todas las unidades incluyen llave de reinicio<\/li>\n<\/ul><\/div>\n<\/p><\/div>\n<p> <!-- Separador final --> <\/p>\n<hr style='border: 0; border-top: 1px solid rgba(150&comma; 150&comma; 150&comma; 0.3); margin: 30px 0;'> <\/div>\n","protected":false},"excerpt":{"rendered":"<p>Caja 2&#8243; x 4&#8243; para Montaje de Estaciones de Jal\u00f3n An\u00e1logas y Convencionales<\/p>\n","protected":false},"featured_media":5931,"comment_status":"open","ping_status":"closed","template":"","meta":[],"product_brand":[],"product_cat":[524],"product_tag":[93,522,523],"class_list":{"0":"post-5932","1":"product","2":"type-product","3":"status-publish","4":"has-post-thumbnail","6":"product_cat-accesorios-dispositivos-convencionales","7":"product_tag-accesorios","8":"product_tag-dispositivos-convencionales","9":"product_tag-silent-knight-by-honeywell","11":"first","12":"instock","13":"sale","14":"shipping-taxable","15":"purchasable","16":"product-type-simple"},"_links":{"self":[{"href":"https:\/\/soydeaqui.ddns.net\/pachuca\/index.php\/wp-json\/wp\/v2\/product\/5932","targetHints":{"allow":["GET"]}}],"collection":[{"href":"https:\/\/soydeaqui.ddns.net\/pachuca\/index.php\/wp-json\/wp\/v2\/product"}],"about":[{"href":"https:\/\/soydeaqui.ddns.net\/pachuca\/index.php\/wp-json\/wp\/v2\/types\/product"}],"replies":[{"embeddable":true,"href":"https:\/\/soydeaqui.ddns.net\/pachuca\/index.php\/wp-json\/wp\/v2\/comments?post=5932"}],"wp:featuredmedia":[{"embeddable":true,"href":"https:\/\/soydeaqui.ddns.net\/pachuca\/index.php\/wp-json\/wp\/v2\/media\/5931"}],"wp:attachment":[{"href":"https:\/\/soydeaqui.ddns.net\/pachuca\/index.php\/wp-json\/wp\/v2\/media?parent=5932"}],"wp:term":[{"taxonomy":"product_brand","embeddable":true,"href":"https:\/\/soydeaqui.ddns.net\/pachuca\/index.php\/wp-json\/wp\/v2\/product_brand?post=5932"},{"taxonomy":"product_cat","embeddable":true,"href":"https:\/\/soydeaqui.ddns.net\/pachuca\/index.php\/wp-json\/wp\/v2\/product_cat?post=5932"},{"taxonomy":"product_tag","embeddable":true,"href":"https:\/\/soydeaqui.ddns.net\/pachuca\/index.php\/wp-json\/wp\/v2\/product_tag?post=5932"}],"curies":[{"name":"wp","href":"https:\/\/api.w.org\/{rel}","templated":true}]}}