{"id":59318,"date":"2026-03-19T04:57:51","date_gmt":"2026-03-19T04:57:51","guid":{"rendered":"https:\/\/soydeaqui.ddns.net\/pachuca\/index.php\/producto\/radar-de-matriz-halo-3000-130w-poder-cobertura-de-6m-a-96nm-compresion-de-pulso-con-afilado-de-haz-doble-rango-simultaneo-modos-preestablecidos-puerto-alta-mar-clima-y-aves-rastreo-de-5\/"},"modified":"2026-03-19T04:57:52","modified_gmt":"2026-03-19T04:57:52","slug":"radar-de-matriz-halo-3000-130w-poder-cobertura-de-6m-a-96nm-compresion-de-pulso-con-afilado-de-haz-doble-rango-simultaneo-modos-preestablecidos-puerto-alta-mar-clima-y-aves-rastreo-de-5","status":"publish","type":"product","link":"https:\/\/soydeaqui.ddns.net\/pachuca\/index.php\/producto\/radar-de-matriz-halo-3000-130w-poder-cobertura-de-6m-a-96nm-compresion-de-pulso-con-afilado-de-haz-doble-rango-simultaneo-modos-preestablecidos-puerto-alta-mar-clima-y-aves-rastreo-de-5\/","title":{"rendered":"Radar de Matriz HALO 3000 \/ 130W Poder \/ Cobertura de 6m a 96nm \/ Compresi\u00f3n de Pulso con Afilado de Haz \/ Doble Rango Simult\u00e1neo \/ Modos Preestablecidos: Puerto, Alta Mar, Clima y Aves \/ Rastreo de 50 Blancos \/ Alertas de Blanco Peligroso"},"content":{"rendered":"<div style='width: 100%; max-width: 1200px; margin: 0 auto; font-family: sans-serif; line-height: 1.6; color: inherit; background-color: transparent;'>\n<div style='margin-bottom: 30px;'>\n<p style='font-size: 17px; line-height: 1.6; color: inherit;'>La serie de radares de matriz HALO 3000 ofrece una experiencia premium en el agua. Con un impresionante poder de 130W&comma; equivalente a un radar magn\u00e9tico de 25KW&comma; proporciona una cobertura inigualable tanto de corto como de largo alcance&comma; permiti\u00e9ndole ver objetivos desde seis metros hasta 96 millas n\u00e1uticas con una claridad excepcional. La tecnolog\u00eda de Compresi\u00f3n de Pulso potencia una navegaci\u00f3n confiada a trav\u00e9s de marinas&comma; y la detecci\u00f3n superior de tormentas y peligros en una mayor distancia. La serie de matrices HALO no solo aumenta la conciencia situacional y la evitaci\u00f3n de colisiones&comma; sino que tambi\u00e9n ofrece detecci\u00f3n de objetivos de mayor resoluci\u00f3n.<\/p>\n<\/p><\/div>\n<div style='margin-bottom: 30px;'>\n<h2 style='font-size: 24px; font-weight: 600; margin-bottom: 15px; color: inherit; opacity: 0.9;'>Caracter\u00edsticas Principales<\/h2>\n<div style='display: flex; flex-wrap: wrap; gap: 20px;'>\n<div style='flex: 1 1 300px; min-width: 280px; border: 1px solid rgba(150&comma; 150&comma; 150&comma; 0.4); border-radius: 8px; overflow: hidden; display: flex; flex-direction: column;'>\n<div style='padding: 15px; border-bottom: 1px solid rgba(150&comma; 150&comma; 150&comma; 0.2); font-weight: bold; font-size: 18px; color: inherit;'>Caracter\u00edsticas Principales<\/div>\n<div style='padding: 15px; color: inherit;'>\n<ul style='padding-left: 20px; margin: 0; font-size: 14px; list-style-type: disc;'>\n<li style='margin-bottom: 5px;'>Poder de 130W para largo alcance (de 6m a 96nm)<\/li>\n<li style='margin-bottom: 5px;'>Tecnolog\u00eda avanzada de compresi\u00f3n de pulso con afilado de haz<\/li>\n<li style='margin-bottom: 5px;'>Operaci\u00f3n de doble rango simult\u00e1neo<\/li>\n<li style='margin-bottom: 5px;'>Modos preestablecidos de f\u00e1cil operaci\u00f3n: Puerto&comma; Alta Mar&comma; Clima y Aves<\/li>\n<li style='margin-bottom: 5px;'>Capacidad de rastreo de hasta 50 blancos con ZoneTrack<\/li>\n<li style='margin-bottom: 5px;'>Tecnolog\u00eda Doppler VelocityTrack para evitaci\u00f3n de colisiones<\/li>\n<li style='margin-bottom: 5px;'>Alertas de blancos peligrosos para objetivos de radar y AIS<\/li>\n<\/ul><\/div>\n<\/p><\/div>\n<\/p><\/div>\n<\/p><\/div>\n<div style='margin-bottom: 30px;'>\n<h2 style='font-size: 24px; font-weight: 600; margin-bottom: 15px; color: inherit; opacity: 0.9;'>Detalles T\u00e9cnicos<\/h2>\n<div style='display: flex; flex-wrap: wrap; gap: 20px;'>\n<div style='flex: 1 1 250px; border: 1px solid rgba(150&comma; 150&comma; 150&comma; 0.4); border-radius: 8px; overflow: hidden; display: flex; flex-direction: column;'>\n<div style='padding: 15px; border-bottom: 1px solid rgba(150&comma; 150&comma; 150&comma; 0.2); font-weight: bold; font-size: 18px; color: inherit;'>Especificaciones<\/div>\n<div style='padding: 15px; color: inherit;'>\n<ul style='padding-left: 20px; margin: 0; font-size: 14px; list-style-type: disc;'>\n<li style='margin-bottom: 5px;'>Potencia de 130W&comma; cubre desde 6 metros hasta 96 millas n\u00e1uticas<\/li>\n<li style='margin-bottom: 5px;'>Tecnolog\u00eda de compresi\u00f3n de pulso con afilado de haz<\/li>\n<li style='margin-bottom: 5px;'>Operaci\u00f3n en doble rango simult\u00e1neo<\/li>\n<li style='margin-bottom: 5px;'>Listo al instante desde el modo de espera&comma; y en 16-25 segundos desde el encendido<\/li>\n<\/ul><\/div>\n<\/p><\/div>\n<div style='flex: 1 1 250px; border: 1px solid rgba(150&comma; 150&comma; 150&comma; 0.4); border-radius: 8px; overflow: hidden; display: flex; flex-direction: column;'>\n<div style='padding: 15px; border-bottom: 1px solid rgba(150&comma; 150&comma; 150&comma; 0.2); font-weight: bold; font-size: 18px; color: inherit;'>Interfaces y Conectividad<\/div>\n<div style='padding: 15px; color: inherit;'>\n<ul style='padding-left: 20px; margin: 0; font-size: 14px; list-style-type: disc;'>\n<li style='margin-bottom: 5px;'>Compatibilidad con chartplotters Simrad\u00ae: NSS\u2122&comma; NSX\u2122&comma; NSO\u2122 y GO\u2122<\/li>\n<\/ul><\/div>\n<\/p><\/div>\n<\/p><\/div>\n<\/p><\/div>\n<div style='margin-bottom: 30px;'>\n<h2 style='font-size: 24px; font-weight: 600; margin-bottom: 15px; color: inherit; opacity: 0.9;'>Aplicaciones<\/h2>\n<div style='display: flex; flex-wrap: wrap; gap: 20px;'>\n<div style='flex: 1 1 250px; border: 1px solid rgba(150&comma; 150&comma; 150&comma; 0.4); border-radius: 8px; overflow: hidden; display: flex; flex-direction: column;'>\n<div style='padding: 15px; border-bottom: 1px solid rgba(150&comma; 150&comma; 150&comma; 0.2); font-weight: bold; font-size: 18px; color: inherit;'>Navegaci\u00f3n Segura<\/div>\n<div style='padding: 15px; color: inherit;'>\n<p style='font-size: 14px; margin: 0;'>El HALO 2000 y 3000 serie aumenta la seguridad de navegaci\u00f3n con caracter\u00edsticas como ZoneTrack\u2122 y VelocityTrack\u2122&comma; proporcionan advertencias de blanco peligroso y evitan colisiones.<\/p>\n<\/p><\/div>\n<\/p><\/div>\n<div style='flex: 1 1 250px; border: 1px solid rgba(150&comma; 150&comma; 150&comma; 0.4); border-radius: 8px; overflow: hidden; display: flex; flex-direction: column;'>\n<div style='padding: 15px; border-bottom: 1px solid rgba(150&comma; 150&comma; 150&comma; 0.2); font-weight: bold; font-size: 18px; color: inherit;'>Pesca Deportiva<\/div>\n<div style='padding: 15px; color: inherit;'>\n<p style='font-size: 14px; margin: 0;'>La capacidad de b\u00fasqueda de aves del HALO 3000 con el modo Bird+ permite a los navegantes encontrar bancos de peces hasta 8nm de distancia&comma; esencial para entusiastas de la pesca deportiva.<\/p>\n<\/p><\/div>\n<\/p><\/div>\n<\/p><\/div>\n<\/p><\/div>\n<\/p><\/div>\n","protected":false},"excerpt":{"rendered":"<p>Radar de Matriz HALO 3000 \/ 130W Poder \/ Cobertura de 6m a 96nm \/ Compresi\u00f3n de Pulso con Afilado de Haz \/ Doble Rango Simult\u00e1neo \/ Modos Preestablecidos: Puerto, Alta Mar, Clima y Aves \/ Rastreo de 50 Blancos \/ Alertas de Blanco Peligroso<\/p>\n","protected":false},"featured_media":59317,"comment_status":"open","ping_status":"closed","template":"","meta":[],"product_brand":[],"product_cat":[1526],"product_tag":[1505,1527,1172],"class_list":{"0":"post-59318","1":"product","2":"type-product","3":"status-publish","4":"has-post-thumbnail","6":"product_cat-sistema-de-navegacion","7":"product_tag-simrad","8":"product_tag-sistema-de-navegacion","9":"product_tag-soluciones-marinas","11":"first","12":"outofstock","13":"sale","14":"shipping-taxable","15":"purchasable","16":"product-type-simple"},"_links":{"self":[{"href":"https:\/\/soydeaqui.ddns.net\/pachuca\/index.php\/wp-json\/wp\/v2\/product\/59318","targetHints":{"allow":["GET"]}}],"collection":[{"href":"https:\/\/soydeaqui.ddns.net\/pachuca\/index.php\/wp-json\/wp\/v2\/product"}],"about":[{"href":"https:\/\/soydeaqui.ddns.net\/pachuca\/index.php\/wp-json\/wp\/v2\/types\/product"}],"replies":[{"embeddable":true,"href":"https:\/\/soydeaqui.ddns.net\/pachuca\/index.php\/wp-json\/wp\/v2\/comments?post=59318"}],"wp:featuredmedia":[{"embeddable":true,"href":"https:\/\/soydeaqui.ddns.net\/pachuca\/index.php\/wp-json\/wp\/v2\/media\/59317"}],"wp:attachment":[{"href":"https:\/\/soydeaqui.ddns.net\/pachuca\/index.php\/wp-json\/wp\/v2\/media?parent=59318"}],"wp:term":[{"taxonomy":"product_brand","embeddable":true,"href":"https:\/\/soydeaqui.ddns.net\/pachuca\/index.php\/wp-json\/wp\/v2\/product_brand?post=59318"},{"taxonomy":"product_cat","embeddable":true,"href":"https:\/\/soydeaqui.ddns.net\/pachuca\/index.php\/wp-json\/wp\/v2\/product_cat?post=59318"},{"taxonomy":"product_tag","embeddable":true,"href":"https:\/\/soydeaqui.ddns.net\/pachuca\/index.php\/wp-json\/wp\/v2\/product_tag?post=59318"}],"curies":[{"name":"wp","href":"https:\/\/api.w.org\/{rel}","templated":true}]}}