{"id":59308,"date":"2026-03-19T04:57:34","date_gmt":"2026-03-19T04:57:34","guid":{"rendered":"https:\/\/soydeaqui.ddns.net\/pachuca\/index.php\/producto\/antena-maritima-phase-iii-construccion-con-espaciador-de-espuma-ethafoam-elemento-plateado-radomo-fibra-de-vidrio-so-239-vswr-de\/"},"modified":"2026-03-19T04:57:35","modified_gmt":"2026-03-19T04:57:35","slug":"antena-maritima-phase-iii-construccion-con-espaciador-de-espuma-ethafoam-elemento-plateado-radomo-fibra-de-vidrio-so-239-vswr-de","status":"publish","type":"product","link":"https:\/\/soydeaqui.ddns.net\/pachuca\/index.php\/producto\/antena-maritima-phase-iii-construccion-con-espaciador-de-espuma-ethafoam-elemento-plateado-radomo-fibra-de-vidrio-so-239-vswr-de\/","title":{"rendered":"Antena Mar\u00edtima Phase III \/ Construcci\u00f3n con Espaciador de Espuma Ethafoam \/ Elemento Plateado \/ Radomo Fibra de Vidrio \/ SO-239 \/ VSWR de <1,5:1"},"content":{"rendered":"<div style='width: 100%; max-width: 1200px; margin: 0 auto; font-family: sans-serif; line-height: 1.6; color: inherit; background-color: transparent;'>\n<div style='margin-bottom: 30px;'>\n<p style='font-size: 18px; line-height: 1.6; margin: 0 0 20px 0;'>Dise\u00f1ada para ofrecer rendimiento y durabilidad&comma; la antena insignia Phase III\u2122 resistir\u00e1 altas velocidades y vientos fuertes. Combina nuestra innovadora construcci\u00f3n con un sistema espaciador de espuma de eta&comma; un elemento plateado y un radomo grueso para una apariencia elegante y lujosa.<\/p>\n<\/p><\/div>\n<div style='margin-bottom: 30px;'>\n<h3 style='font-size: 22px; border-bottom: 2px solid currentColor; padding-bottom: 5px; margin-top: 0; color: inherit; opacity: 0.8;'>Caracter\u00edsticas Principales<\/h3>\n<div style='display: flex; flex-wrap: wrap; gap: 20px; margin-top: 15px;'>\n<div style='flex: 1 1 250px; border: 1px solid rgba(150&comma; 150&comma; 150&comma; 0.4); border-radius: 8px; overflow: hidden; display: flex; flex-direction: column;'>\n<div style='padding: 15px; border-bottom: 1px solid rgba(150&comma; 150&comma; 150&comma; 0.2); font-weight: bold; font-size: 18px; color: inherit;'>Caracter\u00edsticas<\/div>\n<div style='padding: 15px; color: inherit;'>\n<ul style='padding-left: 20px; margin: 0; font-size: 14px; list-style-type: disc;'>\n<li style='margin-bottom: 5px;'>Dise\u00f1o de construcci\u00f3n innovador con sistema espaciador de espuma Ethafoam.<\/li>\n<li style='margin-bottom: 5px;'>Elementos plateados que proporcionan m\u00e1ximo alcance&comma; claridad y eficiencia.<\/li>\n<li style='margin-bottom: 5px;'>Radomo grueso de fibra de vidrio con acabado de poliuretano blanco&comma; duradero y de alto brillo.<\/li>\n<li style='margin-bottom: 5px;'>Manguito de montaje de acero inoxidable para mayor durabilidad y prevenci\u00f3n de la oxidaci\u00f3n.<\/li>\n<li style='margin-bottom: 5px;'>\u00cdndices de facetas de 12 lados para prevenir el giro durante la instalaci\u00f3n.<\/li>\n<\/ul><\/div>\n<\/p><\/div>\n<\/p><\/div>\n<\/p><\/div>\n<div style='margin-bottom: 30px;'>\n<h3 style='font-size: 22px; border-bottom: 2px solid currentColor; padding-bottom: 5px; margin-top: 0; color: inherit; opacity: 0.8;'>Detalles T\u00e9cnicos<\/h3>\n<div style='display: flex; flex-wrap: wrap; gap: 20px; margin-top: 15px;'>\n<div style='flex: 1 1 250px; border: 1px solid rgba(150&comma; 150&comma; 150&comma; 0.4); border-radius: 8px; overflow: hidden; display: flex; flex-direction: column;'>\n<div style='padding: 15px; border-bottom: 1px solid rgba(150&comma; 150&comma; 150&comma; 0.2); font-weight: bold; font-size: 18px; color: inherit;'>Especificaciones<\/div>\n<div style='padding: 15px; color: inherit;'>\n<ul style='padding-left: 20px; margin: 0; font-size: 14px; list-style-type: disc;'>\n<li style='margin-bottom: 5px;'>VSWR de menos de 1&comma;5:1 a 156&comma;8 MHz.<\/li>\n<li style='margin-bottom: 5px;'>Ancho de banda de 3 MHz con una relaci\u00f3n de onda estacionaria (VSWR) de 2&comma;0:1.<\/li>\n<\/ul><\/div>\n<\/p><\/div>\n<div style='flex: 1 1 250px; border: 1px solid rgba(150&comma; 150&comma; 150&comma; 0.4); border-radius: 8px; overflow: hidden; display: flex; flex-direction: column;'>\n<div style='padding: 15px; border-bottom: 1px solid rgba(150&comma; 150&comma; 150&comma; 0.2); font-weight: bold; font-size: 18px; color: inherit;'>Interfaces y Conectividad<\/div>\n<div style='padding: 15px; color: inherit;'>\n<ul style='padding-left: 20px; margin: 0; font-size: 14px; list-style-type: disc;'>\n<li style='margin-bottom: 5px;'>Conexi\u00f3n r\u00e1pida SO-239 permite la instalaci\u00f3n sin necesidad de torcer o reinstalar el cable coaxial.<\/li>\n<\/ul><\/div>\n<\/p><\/div>\n<\/p><\/div>\n<\/p><\/div>\n<div style='margin-bottom: 30px;'>\n<h3 style='font-size: 22px; border-bottom: 2px solid currentColor; padding-bottom: 5px; margin-top: 0; color: inherit; opacity: 0.8;'>Aplicaciones y Casos de Uso<\/h3>\n<div style='display: flex; flex-wrap: wrap; gap: 20px; margin-top: 15px;'>\n<div style='flex: 1 1 250px; border: 1px solid rgba(150&comma; 150&comma; 150&comma; 0.4); border-radius: 8px; overflow: hidden; display: flex; flex-direction: column;'>\n<div style='padding: 15px; color: inherit;'>\n<p style='margin: 0; font-size: 14px;'>Ideal para aplicaciones mar\u00edtimas donde se requiere resistencia a condiciones extremas de viento y velocidad.<\/p>\n<\/p><\/div>\n<\/p><\/div>\n<\/p><\/div>\n<\/p><\/div>\n<\/p><\/div>\n","protected":false},"excerpt":{"rendered":"<p>Antena Mar\u00edtima Phase III \/ Construcci\u00f3n con Espaciador de Espuma Ethafoam \/ Elemento Plateado \/ Radomo Fibra de Vidrio \/ SO-239 \/ VSWR de <1,5:1\n<\/p>\n","protected":false},"featured_media":59307,"comment_status":"open","ping_status":"closed","template":"","meta":[],"product_brand":[],"product_cat":[1574],"product_tag":[1404,1575,1576],"class_list":{"0":"post-59308","1":"product","2":"type-product","3":"status-publish","4":"has-post-thumbnail","6":"product_cat-marinas","7":"product_tag-antenas","8":"product_tag-marinas","9":"product_tag-shakespeare","11":"first","12":"outofstock","13":"sale","14":"shipping-taxable","15":"purchasable","16":"product-type-simple"},"_links":{"self":[{"href":"https:\/\/soydeaqui.ddns.net\/pachuca\/index.php\/wp-json\/wp\/v2\/product\/59308","targetHints":{"allow":["GET"]}}],"collection":[{"href":"https:\/\/soydeaqui.ddns.net\/pachuca\/index.php\/wp-json\/wp\/v2\/product"}],"about":[{"href":"https:\/\/soydeaqui.ddns.net\/pachuca\/index.php\/wp-json\/wp\/v2\/types\/product"}],"replies":[{"embeddable":true,"href":"https:\/\/soydeaqui.ddns.net\/pachuca\/index.php\/wp-json\/wp\/v2\/comments?post=59308"}],"wp:featuredmedia":[{"embeddable":true,"href":"https:\/\/soydeaqui.ddns.net\/pachuca\/index.php\/wp-json\/wp\/v2\/media\/59307"}],"wp:attachment":[{"href":"https:\/\/soydeaqui.ddns.net\/pachuca\/index.php\/wp-json\/wp\/v2\/media?parent=59308"}],"wp:term":[{"taxonomy":"product_brand","embeddable":true,"href":"https:\/\/soydeaqui.ddns.net\/pachuca\/index.php\/wp-json\/wp\/v2\/product_brand?post=59308"},{"taxonomy":"product_cat","embeddable":true,"href":"https:\/\/soydeaqui.ddns.net\/pachuca\/index.php\/wp-json\/wp\/v2\/product_cat?post=59308"},{"taxonomy":"product_tag","embeddable":true,"href":"https:\/\/soydeaqui.ddns.net\/pachuca\/index.php\/wp-json\/wp\/v2\/product_tag?post=59308"}],"curies":[{"name":"wp","href":"https:\/\/api.w.org\/{rel}","templated":true}]}}