{"id":59281,"date":"2026-03-19T04:56:43","date_gmt":"2026-03-19T04:56:43","guid":{"rendered":"https:\/\/soydeaqui.ddns.net\/pachuca\/index.php\/producto\/pantalla-tactil-gpsmap-8416-de-16-con-mapa-mundial-base\/"},"modified":"2026-03-19T04:56:44","modified_gmt":"2026-03-19T04:56:44","slug":"pantalla-tactil-gpsmap-8416-de-16-con-mapa-mundial-base","status":"publish","type":"product","link":"https:\/\/soydeaqui.ddns.net\/pachuca\/index.php\/producto\/pantalla-tactil-gpsmap-8416-de-16-con-mapa-mundial-base\/","title":{"rendered":"Pantalla t\u00e1ctil GPSMAP\u00ae 8416 de 16&#8243; con mapa mundial base."},"content":{"rendered":"<div style='width: 100%; max-width: 1200px; margin: 0 auto; font-family: sans-serif; line-height: 1.6; color: inherit; background-color: transparent;'>\n<div style='display: flex; flex-wrap: wrap; gap: 30px; margin-bottom: 30px;'>\n<div style='flex: 1 1 300px; min-width: 280px;'>\n<h3 style='font-size: 22px; border-bottom: 2px solid currentColor; padding-bottom: 5px; margin-top: 0; color: inherit; opacity: 0.8;'>Caracter\u00edsticas<\/h3>\n<ul style='padding-left: 20px; font-size: 15px; color: inherit;'>\n<li style='margin-bottom: 5px;'>Pantalla t\u00e1ctil de 16&#8242; Full HD<\/li>\n<li style='margin-bottom: 5px;'>Precargado con mapa base mundial<\/li>\n<li style='margin-bottom: 5px;'>Tecnolog\u00eda de gu\u00eda autom\u00e1tica<\/li>\n<li style='margin-bottom: 5px;'>Conectividad a NMEA 2000\u00ae y con la red n\u00e1utica Garmin<\/li>\n<li style='margin-bottom: 5px;'>Incluye conectividad Bluetooth\u00ae&comma; tecnolog\u00eda ANT\u00ae y conectividad con redes Wi-Fi\u00ae<\/li>\n<li style='margin-bottom: 5px;'>Controles de estaci\u00f3n de SmartMode\u2122<\/li>\n<li style='margin-bottom: 5px;'>Almacena hasta 5000 puntos de inter\u00e9s<\/li>\n<li style='margin-bottom: 5px;'>Acepta doble tarjeta microSD<\/li>\n<\/ul><\/div>\n<div style='flex: 1 1 300px; min-width: 280px;'>\n<h3 style='font-size: 22px; border-bottom: 2px solid currentColor; padding-bottom: 5px; margin-top: 0; color: inherit; opacity: 0.8;'>Incluye<\/h3>\n<ul style='padding-left: 20px; font-size: 15px; color: inherit;'>\n<li style='margin-bottom: 5px;'>GPSMAP 8416xsv<\/li>\n<li style='margin-bottom: 5px;'>Cable de alimentaci\u00f3n<\/li>\n<li style='margin-bottom: 5px;'>Cable de ca\u00edda NMEA 2000<\/li>\n<li style='margin-bottom: 5px;'>Conector en T NMEA 2000<\/li>\n<li style='margin-bottom: 5px;'>Kit de montaje empotrado<\/li>\n<li style='margin-bottom: 5px;'>Cubierta para el sol<\/li>\n<li style='margin-bottom: 5px;'>Cubiertas a presi\u00f3n para el borde<\/li>\n<li style='margin-bottom: 5px;'>Documentaci\u00f3n<\/li>\n<\/ul><\/div>\n<div style='flex: 1 1 300px; min-width: 280px;'>\n<h3 style='font-size: 22px; border-bottom: 2px solid currentColor; padding-bottom: 5px; margin-top: 0; color: inherit; opacity: 0.8;'>Especificaciones<\/h3>\n<ul style='padding-left: 20px; font-size: 15px; color: inherit;'>\n<li style='margin-bottom: 5px;'><strong>Dimensiones:<\/strong> 38&comma;5 cm x 26&comma;3 cm x 7&comma;6 cm<\/li>\n<li style='margin-bottom: 5px;'><strong>Peso:<\/strong> 4.4 kg<\/li>\n<\/ul><\/div>\n<\/p><\/div>\n<div style='display: flex; flex-wrap: wrap; gap: 20px; margin-bottom: 30px;'>\n<div style='flex: 1 1 250px; border: 1px solid rgba(150&comma; 150&comma; 150&comma; 0.4); border-radius: 8px; overflow: hidden; display: flex; flex-direction: column;'>\n<div style='padding: 15px; border-bottom: 1px solid rgba(150&comma; 150&comma; 150&comma; 0.2); font-weight: bold; font-size: 18px; color: inherit;'>Especificaciones t\u00e9cnicas<\/div>\n<div style='padding: 15px; color: inherit;'>\n<ul style='padding-left: 20px; margin: 0; font-size: 14px; list-style-type: disc;'>\n<li style='margin-bottom: 5px;'><strong>Clasificaci\u00f3n de resistencia al agua:<\/strong> IPX7<\/li>\n<li style='margin-bottom: 5px;'><strong>Pantalla t\u00e1ctil:<\/strong> S\u00ed<\/li>\n<li style='margin-bottom: 5px;'><strong>Tipo de pantalla:<\/strong> Pantalla t\u00e1ctil IPS (acabado antirreflejo)<\/li>\n<li style='margin-bottom: 5px;'><strong>Tama\u00f1o de la pantalla:<\/strong> 34&comma;5 cm x 19&comma;5 cm (13&comma;6&#8242; x 7&comma;7&#8242;)<\/li>\n<li style='margin-bottom: 5px;'><strong>Resoluci\u00f3n de la pantalla:<\/strong> FHD; 1920 x 1080 p\u00edxeles<\/li>\n<li style='margin-bottom: 5px;'><strong>Opciones de montaje:<\/strong> Montaje plano&comma; empotrado o reclinable con accesorio opcional<\/li>\n<li style='margin-bottom: 5px;'><strong>Visualizaci\u00f3n con lentes polarizados:<\/strong> S\u00ed<\/li>\n<\/ul><\/div>\n<\/p><\/div>\n<div style='flex: 1 1 250px; border: 1px solid rgba(150&comma; 150&comma; 150&comma; 0.4); border-radius: 8px; overflow: hidden; display: flex; flex-direction: column;'>\n<div style='padding: 15px; border-bottom: 1px solid rgba(150&comma; 150&comma; 150&comma; 0.2); font-weight: bold; font-size: 18px; color: inherit;'>Funciones del plotter<\/div>\n<div style='padding: 15px; color: inherit;'>\n<ul style='padding-left: 20px; margin: 0; font-size: 14px; list-style-type: disc;'>\n<li style='margin-bottom: 5px;'>Garmin SmartMode: S\u00ed<\/li>\n<li style='margin-bottom: 5px;'>Admite AIS: S\u00ed<\/li>\n<li style='margin-bottom: 5px;'>Admite DSC: S\u00ed<\/li>\n<li style='margin-bottom: 5px;'>Compatible con Radios y Fusion Lync: S\u00ed<\/li>\n<li style='margin-bottom: 5px;'>Caja negra GSD\u2122: S\u00ed<\/li>\n<li style='margin-bottom: 5px;'>Compatible con m\u00f3dulo de sonda GCV\u2122: S\u00ed<\/li>\n<li style='margin-bottom: 5px;'>Compatible con BlueChart\u00ae Mobile: S\u00ed<\/li>\n<li style='margin-bottom: 5px;'>Compatible con GRID\u2122: S\u00ed<\/li>\n<li style='margin-bottom: 5px;'>Control inal\u00e1mbrico: S\u00ed<\/li>\n<li style='margin-bottom: 5px;'>Funciones de navegaci\u00f3n: S\u00ed<\/li>\n<li style='margin-bottom: 5px;'>Alertas de audio habladas: S\u00ed<\/li>\n<li style='margin-bottom: 5px;'>Compatibilidad con OneHelm\u2122: S\u00ed<\/li>\n<\/ul><\/div>\n<\/p><\/div>\n<div style='flex: 1 1 250px; border: 1px solid rgba(150&comma; 150&comma; 150&comma; 0.4); border-radius: 8px; overflow: hidden; display: flex; flex-direction: column;'>\n<div style='padding: 15px; border-bottom: 1px solid rgba(150&comma; 150&comma; 150&comma; 0.2); font-weight: bold; font-size: 18px; color: inherit;'>Mapas y memoria<\/div>\n<div style='padding: 15px; color: inherit;'>\n<ul style='padding-left: 20px; margin: 0; font-size: 14px; list-style-type: disc;'>\n<li style='margin-bottom: 5px;'>Acepta tarjetas de datos: 2 tarjetas SD\u2122<\/li>\n<li style='margin-bottom: 5px;'>Waypoints: 5000<\/li>\n<li style='margin-bottom: 5px;'>Puntos de track: 50&comma;000<\/li>\n<li style='margin-bottom: 5px;'>Pistas: 50 saved tracks<\/li>\n<li style='margin-bottom: 5px;'>Rutas: 100 (250 cada punto intermedio)<\/li>\n<\/ul><\/div>\n<\/p><\/div>\n<div style='flex: 1 1 250px; border: 1px solid rgba(150&comma; 150&comma; 150&comma; 0.4); border-radius: 8px; overflow: hidden; display: flex; flex-direction: column;'>\n<div style='padding: 15px; border-bottom: 1px solid rgba(150&comma; 150&comma; 150&comma; 0.2); font-weight: bold; font-size: 18px; color: inherit;'>Soporte de mapa opcional<\/div>\n<div style='padding: 15px; color: inherit;'>\n<ul style='padding-left: 20px; margin: 0; font-size: 14px; list-style-type: disc;'>\n<li style='margin-bottom: 5px;'>BlueChart g3: S\u00ed<\/li>\n<li style='margin-bottom: 5px;'>BlueChart g3 Vision: S\u00ed<\/li>\n<li style='margin-bottom: 5px;'>LakeV\u00fc g3: S\u00ed<\/li>\n<li style='margin-bottom: 5px;'>LakeV\u00fc g3 Ultra: S\u00ed<\/li>\n<li style='margin-bottom: 5px;'>Garmin Navionics+\u2122: S\u00ed<\/li>\n<li style='margin-bottom: 5px;'>Garmin Navionics Vision+\u2122: S\u00ed<\/li>\n<li style='margin-bottom: 5px;'>TOPO 100K: S\u00ed<\/li>\n<li style='margin-bottom: 5px;'>Mapas est\u00e1ndar: S\u00ed<\/li>\n<li style='margin-bottom: 5px;'>Garmin Quickdraw Contours: S\u00ed<\/li>\n<li style='margin-bottom: 5px;'>Soporte para mapas de tramas: S\u00ed<\/li>\n<\/ul><\/div>\n<\/p><\/div>\n<div style='flex: 1 1 250px; border: 1px solid rgba(150&comma; 150&comma; 150&comma; 0.4); border-radius: 8px; overflow: hidden; display: flex; flex-direction: column;'>\n<div style='padding: 15px; border-bottom: 1px solid rgba(150&comma; 150&comma; 150&comma; 0.2); font-weight: bold; font-size: 18px; color: inherit;'>Especificaciones y funciones de sonda<\/div>\n<div style='padding: 15px; color: inherit;'>\n<ul style='padding-left: 20px; margin: 0; font-size: 14px; list-style-type: disc;'>\n<li style='margin-bottom: 5px;'>Muestra una sonda: S\u00ed<\/li>\n<li style='margin-bottom: 5px;'>Sonda tradicional: Built-in (1kW dual channel CHIRP&comma; 70\/83\/200 kHz&comma; L&comma; M&comma; H CHIRP)<\/li>\n<li style='margin-bottom: 5px;'>ClearV\u00fc: 260\/455\/800\/1000\/1200 kHz integrado<\/li>\n<li style='margin-bottom: 5px;'>SideV\u00fc: 260\/455\/800\/1000\/1200 kHz integrado<\/li>\n<li style='margin-bottom: 5px;'>Panoptix\u2122 sonar: S\u00ed<\/li>\n<li style='margin-bottom: 5px;'>LiveScope: S\u00ed<\/li>\n<\/ul><\/div>\n<\/p><\/div>\n<div style='flex: 1 1 250px; border: 1px solid rgba(150&comma; 150&comma; 150&comma; 0.4); border-radius: 8px; overflow: hidden; display: flex; flex-direction: column;'>\n<div style='padding: 15px; border-bottom: 1px solid rgba(150&comma; 150&comma; 150&comma; 0.2); font-weight: bold; font-size: 18px; color: inherit;'>Conexiones<\/div>\n<div style='padding: 15px; color: inherit;'>\n<ul style='padding-left: 20px; margin: 0; font-size: 14px; list-style-type: disc;'>\n<li style='margin-bottom: 5px;'>Puertos NMEA 2000\u00ae: 1<\/li>\n<li style='margin-bottom: 5px;'>Puertos de entrada NMEA 0183: 1<\/li>\n<li style='margin-bottom: 5px;'>Puertos de salida NMEA 0183: 2<\/li>\n<li style='margin-bottom: 5px;'>Puerto de red Garmin: S\u00ed<\/li>\n<li style='margin-bottom: 5px;'>Puerto USB: S\u00ed<\/li>\n<li style='margin-bottom: 5px;'>Puerto Ethernet: S\u00ed<\/li>\n<li style='margin-bottom: 5px;'>Puerto de entrada de v\u00eddeo: S\u00ed<\/li>\n<li style='margin-bottom: 5px;'>Puerto de salida de v\u00eddeo: S\u00ed<\/li>\n<li style='margin-bottom: 5px;'>Puerto de entrada de v\u00eddeo HD: S\u00ed<\/li>\n<li style='margin-bottom: 5px;'>Puerto de salida de v\u00eddeo HD: S\u00ed<\/li>\n<li style='margin-bottom: 5px;'>Puerto de entrada para sensores: S\u00ed<\/li>\n<li style='margin-bottom: 5px;'>Conexi\u00f3n inal\u00e1mbrica: S\u00ed<\/li>\n<li style='margin-bottom: 5px;'>Conexi\u00f3n de red inal\u00e1mbrica: S\u00ed<\/li>\n<li style='margin-bottom: 5px;'>Conexi\u00f3n inal\u00e1mbrica ANT: S\u00ed<\/li>\n<li style='margin-bottom: 5px;'>Conexi\u00f3n inal\u00e1mbrica Wi-Fi: S\u00ed<\/li>\n<\/ul><\/div>\n<\/p><\/div>\n<div style='flex: 1 1 250px; border: 1px solid rgba(150&comma; 150&comma; 150&comma; 0.4); border-radius: 8px; overflow: hidden; display: flex; flex-direction: column;'>\n<div style='padding: 15px; border-bottom: 1px solid rgba(150&comma; 150&comma; 150&comma; 0.2); font-weight: bold; font-size: 18px; color: inherit;'>Especificaciones adicionales<\/div>\n<div style='padding: 15px; color: inherit;'>\n<ul style='padding-left: 20px; margin: 0; font-size: 14px; list-style-type: disc;'>\n<li style='margin-bottom: 5px;'>Bater\u00eda: No aplicable<\/li>\n<li style='margin-bottom: 5px;'>Capacidad de la fuente de alimentaci\u00f3n: 12 V CC<\/li>\n<li style='margin-bottom: 5px;'>Consumo de corriente: 10 A m\u00e1x.<\/li>\n<li style='margin-bottom: 5px;'>Temperatura de funcionamiento: -25\u00b0C a +55\u00b0C<\/li>\n<li style='margin-bottom: 5px;'>Almacenamiento interno: 16 GB<\/li>\n<li style='margin-bottom: 5px;'>Memoria RAM: 2 GB<\/li>\n<li style='margin-bottom: 5px;'>Canales GPS: 10 Hz<\/li>\n<li style='margin-bottom: 5px;'>Sistema operativo: N\u00facleo de 1 GHz<\/li>\n<li style='margin-bottom: 5px;'>Clasificaci\u00f3n de resistencia al agua: IPX7<\/li>\n<\/ul><\/div>\n<\/p><\/div>\n<\/p><\/div>\n<\/p><\/div>\n","protected":false},"excerpt":{"rendered":"<p>Pantalla t\u00e1ctil GPSMAP\u00ae 8416 de 16&#8243; con mapa mundial base.<\/p>\n","protected":false},"featured_media":59280,"comment_status":"open","ping_status":"closed","template":"","meta":[],"product_brand":[],"product_cat":[1541],"product_tag":[1542,1449,1172],"class_list":{"0":"post-59281","1":"product","2":"type-product","3":"status-publish","4":"has-post-thumbnail","6":"product_cat-equipos-para-pesca-comercial-y-recreativa","7":"product_tag-equipos-para-pesca-comercial-y-recreativa","8":"product_tag-garmin","9":"product_tag-soluciones-marinas","11":"first","12":"outofstock","13":"sale","14":"shipping-taxable","15":"purchasable","16":"product-type-simple"},"_links":{"self":[{"href":"https:\/\/soydeaqui.ddns.net\/pachuca\/index.php\/wp-json\/wp\/v2\/product\/59281","targetHints":{"allow":["GET"]}}],"collection":[{"href":"https:\/\/soydeaqui.ddns.net\/pachuca\/index.php\/wp-json\/wp\/v2\/product"}],"about":[{"href":"https:\/\/soydeaqui.ddns.net\/pachuca\/index.php\/wp-json\/wp\/v2\/types\/product"}],"replies":[{"embeddable":true,"href":"https:\/\/soydeaqui.ddns.net\/pachuca\/index.php\/wp-json\/wp\/v2\/comments?post=59281"}],"wp:featuredmedia":[{"embeddable":true,"href":"https:\/\/soydeaqui.ddns.net\/pachuca\/index.php\/wp-json\/wp\/v2\/media\/59280"}],"wp:attachment":[{"href":"https:\/\/soydeaqui.ddns.net\/pachuca\/index.php\/wp-json\/wp\/v2\/media?parent=59281"}],"wp:term":[{"taxonomy":"product_brand","embeddable":true,"href":"https:\/\/soydeaqui.ddns.net\/pachuca\/index.php\/wp-json\/wp\/v2\/product_brand?post=59281"},{"taxonomy":"product_cat","embeddable":true,"href":"https:\/\/soydeaqui.ddns.net\/pachuca\/index.php\/wp-json\/wp\/v2\/product_cat?post=59281"},{"taxonomy":"product_tag","embeddable":true,"href":"https:\/\/soydeaqui.ddns.net\/pachuca\/index.php\/wp-json\/wp\/v2\/product_tag?post=59281"}],"curies":[{"name":"wp","href":"https:\/\/api.w.org\/{rel}","templated":true}]}}