{"id":59257,"date":"2026-03-19T04:55:57","date_gmt":"2026-03-19T04:55:57","guid":{"rendered":"https:\/\/soydeaqui.ddns.net\/pachuca\/index.php\/producto\/kit-de-5-intercomunicador-inalambrico-txtalk-pro-antenas-externas-rango-500m-hasta-13-unidades-conectadas-auricular-monoaural-bateria-1050mah-abs-ligero-y-cuero-suave\/"},"modified":"2026-03-19T04:55:59","modified_gmt":"2026-03-19T04:55:59","slug":"kit-de-5-intercomunicador-inalambrico-txtalk-pro-antenas-externas-rango-500m-hasta-13-unidades-conectadas-auricular-monoaural-bateria-1050mah-abs-ligero-y-cuero-suave","status":"publish","type":"product","link":"https:\/\/soydeaqui.ddns.net\/pachuca\/index.php\/producto\/kit-de-5-intercomunicador-inalambrico-txtalk-pro-antenas-externas-rango-500m-hasta-13-unidades-conectadas-auricular-monoaural-bateria-1050mah-abs-ligero-y-cuero-suave\/","title":{"rendered":"Kit de 5 Intercomunicador Inal\u00e1mbrico TXtalk Pro \/ Antenas Externas \/ Rango 500m \/ Hasta 13 Unidades Conectadas \/ Auricular Monoaural \/ Bater\u00eda 1050mAh \/ ABS Ligero y Cuero Suave"},"content":{"rendered":"<div style='width: 100%; max-width: 1200px; margin: 0 auto; font-family: sans-serif; line-height: 1.6; color: inherit;'>\n<div style='width: 100%; margin-bottom: 30px;'> <img style='width: 100%; height: auto; border: 1px solid rgba(150&comma;150&comma;150&comma;0.3); border-radius: 8px;' src='https:\/\/ftp3.syscom.mx\/usuarios\/fotos\/TXPRO1\/239085-banner_txpro1.jpg' alt='Banner TXPRO'> <\/div>\n<div style='margin-bottom: 30px;'>\n<p style='font-size: 15px; margin: 0 0 15px 0; color: inherit;'>El Txtalk Pro de TxPro es un sistema de intercomunicaci\u00f3n inal\u00e1mbrico que ofrece una mejora significativa en la se\u00f1al de transmisi\u00f3n&comma; con un rango de hasta 500 metros. Ideal para comunicaci\u00f3n de grupo en eventos grandes y entornos desafiantes&comma; este producto asegura una experiencia de comunicaci\u00f3n fluida con tecnolog\u00eda avanzada.<\/p>\n<\/p><\/div>\n<div style='margin-bottom: 30px;'>\n<h3 style='font-size: 20px; border-bottom: 2px solid currentColor; padding-bottom: 5px; margin-top: 0; margin-bottom: 15px; color: inherit; opacity: 0.8;'>Caracter\u00edsticas Principales<\/h3>\n<ul style='padding-left: 20px; font-size: 15px; color: inherit;'>\n<li style='margin-bottom: 5px;'>Antenas externas para mejora de se\u00f1al y amplio rango de transmisi\u00f3n.<\/li>\n<li style='margin-bottom: 5px;'>Modo Boost innovador para mejorar la calidad de comunicaci\u00f3n incluso a trav\u00e9s de obst\u00e1culos.<\/li>\n<li style='margin-bottom: 5px;'>Algoritmo AEC 2.0 para eliminaci\u00f3n de eco y reducci\u00f3n de ruido.<\/li>\n<li style='margin-bottom: 5px;'>Conexi\u00f3n de hasta 13 unidades&comma; con opci\u00f3n de divisi\u00f3n en grupos independientes.<\/li>\n<li style='margin-bottom: 5px;'>Bater\u00edas recargables y reemplazables de 1050mAh que ofrecen hasta 24 horas de funcionamiento continuo.<\/li>\n<li style='margin-bottom: 5px;'>Material ABS ligero con cuero suave para comodidad y durabilidad.<\/li>\n<\/ul><\/div>\n<div style='margin-bottom: 30px;'>\n<div style='display: flex; flex-wrap: wrap; gap: 20px; margin-bottom: 20px;'>\n<div style='flex: 1 1 20%; min-width: 150px; text-align: center;'> <img style='width: 100px; height: auto; border: 1px solid rgba(150&comma;150&comma;150&comma;0.3); border-radius: 8px;' src='https:\/\/ftp3.syscom.mx\/usuarios\/fotos\/TXPRO1\/239085-gps-technology-cellphone-smartphone-communications-navigation-mobile-phone-electronics-solid-icon-vector.jpg' alt=''> <\/p>\n<p style='margin-top: 10px; font-size: 14px; color: inherit;'>Comunicaci\u00f3n alto alcance<\/p>\n<\/p><\/div>\n<div style='flex: 1 1 20%; min-width: 150px; text-align: center;'> <img style='width: 100px; height: auto; border: 1px solid rgba(150&comma;150&comma;150&comma;0.3); border-radius: 8px;' src='https:\/\/ftp3.syscom.mx\/usuarios\/fotos\/TXPRO1\/239085-3a7e4aec-eb13-4441-ace3-cca26b2e03c1.__cr0&comma;0&comma;600&comma;450_pt0_sx600_v1___.jpg' alt=''> <\/p>\n<p style='margin-top: 10px; font-size: 14px; color: inherit;'>Hasta 24 Hrs de uso<\/p>\n<\/p><\/div>\n<div style='flex: 1 1 20%; min-width: 150px; text-align: center;'> <img style='width: 100px; height: auto; border: 1px solid rgba(150&comma;150&comma;150&comma;0.3); border-radius: 8px;' src='https:\/\/ftp3.syscom.mx\/usuarios\/fotos\/TXPRO1\/239085-52.png' alt=''> <\/p>\n<p style='margin-top: 10px; font-size: 14px; color: inherit;'>Comunicaci\u00f3n en tiempo real<\/p>\n<\/p><\/div>\n<div style='flex: 1 1 20%; min-width: 150px; text-align: center;'> <img style='width: 100px; height: auto; border: 1px solid rgba(150&comma;150&comma;150&comma;0.3); border-radius: 8px;' src='https:\/\/ftp3.syscom.mx\/usuarios\/fotos\/TXPRO1\/239085-wax630e_lp_icon_spectrum_tcm174-135023.png' alt=''> <\/p>\n<p style='margin-top: 10px; font-size: 14px; color: inherit;'>2.0 Cancelaci\u00f3n de ruido con un bot\u00f3n<\/p>\n<\/p><\/div>\n<div style='flex: 1 1 20%; min-width: 150px; text-align: center;'> <img style='width: 100px; height: auto; border: 1px solid rgba(150&comma;150&comma;150&comma;0.3); border-radius: 8px;' src='https:\/\/ftp3.syscom.mx\/usuarios\/fotos\/TXPRO1\/239085-images.png' alt=''> <\/p>\n<p style='margin-top: 10px; font-size: 14px; color: inherit;'>Comodidad durante su uso<\/p>\n<\/p><\/div>\n<\/p><\/div>\n<\/p><\/div>\n<div style='display: flex; flex-wrap: wrap; gap: 30px; margin-bottom: 30px;'>\n<div style='flex: 1 1 45%; min-width: 300px;'>\n<h3 style='font-size: 18px; border-bottom: 2px solid currentColor; padding-bottom: 5px; margin-top: 0; margin-bottom: 15px; color: inherit; opacity: 0.8;'>Especificaciones<\/h3>\n<ul style='padding-left: 20px; font-size: 15px; color: inherit;'>\n<li style='margin-bottom: 5px;'><strong>Material:<\/strong> ABS ligero y cuero suave<\/li>\n<li style='margin-bottom: 5px;'><strong>Peso:<\/strong> 194 gramos<\/li>\n<li style='margin-bottom: 5px;'><strong>Bater\u00eda:<\/strong> 1050mAh para hasta 24 horas de funcionamiento<\/li>\n<li style='margin-bottom: 5px;'><strong>Tecnolog\u00eda AEC 2.0:<\/strong> Rango de frecuencia de 150Hz a 7KHz<\/li>\n<li style='margin-bottom: 5px;'><strong>Alimentaci\u00f3n:<\/strong> USB-C 5V<\/li>\n<li style='margin-bottom: 5px;'><strong>Auricular:<\/strong> Monoaural<\/li>\n<\/ul><\/div>\n<div style='flex: 1 1 45%; min-width: 300px;'>\n<h3 style='font-size: 18px; border-bottom: 2px solid currentColor; padding-bottom: 5px; margin-top: 0; margin-bottom: 15px; color: inherit; opacity: 0.8;'>Interfaces y Conectividad<\/h3>\n<ul style='padding-left: 20px; font-size: 15px; color: inherit;'>\n<li style='margin-bottom: 5px;'>Conexi\u00f3n de aud\u00edfonos con jack de 3.5mm para monitoreo en tiempo real<\/li>\n<li style='margin-bottom: 5px;'>Interconexi\u00f3n de todos los modelos de aud\u00edfonos para comunicaci\u00f3n efectiva<\/li>\n<\/ul><\/div>\n<\/p><\/div>\n<hr style='border: 0; border-top: 1px solid rgba(150&comma;150&comma;150&comma;0.3); margin: 30px 0;'>\n<div style='margin-bottom: 30px;'>\n<h3 style='font-size: 20px; border-bottom: 2px solid currentColor; padding-bottom: 5px; margin-top: 0; margin-bottom: 15px; color: inherit; opacity: 0.8;'>Aplicaciones y Casos de Uso<\/h3>\n<ul style='padding-left: 20px; font-size: 15px; color: inherit;'>\n<li style='margin-bottom: 5px;'>Ideal para filmaciones&comma; eventos en vivo&comma; conferencias y seminarios profesionales.<\/li>\n<li style='margin-bottom: 5px;'>Apto para uso en oficinas con m\u00faltiples habitaciones y paredes.<\/li>\n<li style='margin-bottom: 5px;'>Soluci\u00f3n pr\u00e1ctica para grupos de trabajo que requieren comunicaci\u00f3n continua en tiempo real.<\/li>\n<\/ul><\/div>\n<div style='display: flex; flex-wrap: wrap; gap: 20px; margin-bottom: 30px;'>\n<div style='flex: 1 1 30%; min-width: 250px;'> <img style='width: 100%; height: auto; border: 1px solid rgba(150&comma;150&comma;150&comma;0.3); border-radius: 8px;' src='https:\/\/ftp3.syscom.mx\/usuarios\/fotos\/TXPRO1\/239085-500m-2_(1).jpg' alt=''> <\/div>\n<div style='flex: 1 1 30%; min-width: 250px;'> <img style='width: 100%; height: auto; border: 1px solid rgba(150&comma;150&comma;150&comma;0.3); border-radius: 8px;' src='https:\/\/ftp3.syscom.mx\/usuarios\/fotos\/TXPRO1\/239085-una-01.jpg' alt=''> <\/div>\n<div style='flex: 1 1 30%; min-width: 250px;'> <img style='width: 100%; height: auto; border: 1px solid rgba(150&comma;150&comma;150&comma;0.3); border-radius: 8px;' src='https:\/\/ftp3.syscom.mx\/usuarios\/fotos\/TXPRO1\/239085-txpro1.jpg' alt=''> <\/div>\n<\/p><\/div>\n<\/p><\/div>\n","protected":false},"excerpt":{"rendered":"<p>Kit de 5 Intercomunicador Inal\u00e1mbrico TXtalk Pro \/ Antenas Externas \/ Rango 500m \/ Hasta 13 Unidades Conectadas \/ Auricular Monoaural \/ Bater\u00eda 1050mAh \/ ABS Ligero y Cuero Suave<\/p>\n","protected":false},"featured_media":59256,"comment_status":"open","ping_status":"closed","template":"","meta":[],"product_brand":[],"product_cat":[1738],"product_tag":[1337,1584,560],"class_list":{"0":"post-59257","1":"product","2":"type-product","3":"status-publish","4":"has-post-thumbnail","6":"product_cat-diademas-accesorios-para-otras-marcas","7":"product_tag-accesorios-para-otras-marcas","8":"product_tag-diademas","9":"product_tag-txpro","11":"first","12":"instock","13":"sale","14":"shipping-taxable","15":"purchasable","16":"product-type-simple"},"_links":{"self":[{"href":"https:\/\/soydeaqui.ddns.net\/pachuca\/index.php\/wp-json\/wp\/v2\/product\/59257","targetHints":{"allow":["GET"]}}],"collection":[{"href":"https:\/\/soydeaqui.ddns.net\/pachuca\/index.php\/wp-json\/wp\/v2\/product"}],"about":[{"href":"https:\/\/soydeaqui.ddns.net\/pachuca\/index.php\/wp-json\/wp\/v2\/types\/product"}],"replies":[{"embeddable":true,"href":"https:\/\/soydeaqui.ddns.net\/pachuca\/index.php\/wp-json\/wp\/v2\/comments?post=59257"}],"wp:featuredmedia":[{"embeddable":true,"href":"https:\/\/soydeaqui.ddns.net\/pachuca\/index.php\/wp-json\/wp\/v2\/media\/59256"}],"wp:attachment":[{"href":"https:\/\/soydeaqui.ddns.net\/pachuca\/index.php\/wp-json\/wp\/v2\/media?parent=59257"}],"wp:term":[{"taxonomy":"product_brand","embeddable":true,"href":"https:\/\/soydeaqui.ddns.net\/pachuca\/index.php\/wp-json\/wp\/v2\/product_brand?post=59257"},{"taxonomy":"product_cat","embeddable":true,"href":"https:\/\/soydeaqui.ddns.net\/pachuca\/index.php\/wp-json\/wp\/v2\/product_cat?post=59257"},{"taxonomy":"product_tag","embeddable":true,"href":"https:\/\/soydeaqui.ddns.net\/pachuca\/index.php\/wp-json\/wp\/v2\/product_tag?post=59257"}],"curies":[{"name":"wp","href":"https:\/\/api.w.org\/{rel}","templated":true}]}}