{"id":59254,"date":"2026-03-19T04:55:52","date_gmt":"2026-03-19T04:55:52","guid":{"rendered":"https:\/\/soydeaqui.ddns.net\/pachuca\/index.php\/producto\/diadema-de-comunicacion-inalambrica-binaural-cancelacion-de-ruido-ia-comunicacion-distancia-500m-bluetooth-bateria-1050mah-resistente-a-la-lluvia\/"},"modified":"2026-03-19T04:55:55","modified_gmt":"2026-03-19T04:55:55","slug":"diadema-de-comunicacion-inalambrica-binaural-cancelacion-de-ruido-ia-comunicacion-distancia-500m-bluetooth-bateria-1050mah-resistente-a-la-lluvia","status":"publish","type":"product","link":"https:\/\/soydeaqui.ddns.net\/pachuca\/index.php\/producto\/diadema-de-comunicacion-inalambrica-binaural-cancelacion-de-ruido-ia-comunicacion-distancia-500m-bluetooth-bateria-1050mah-resistente-a-la-lluvia\/","title":{"rendered":"Diadema de Comunicaci\u00f3n Inal\u00e1mbrica Binaural \/ Cancelaci\u00f3n de ruido IA \/ Comunicaci\u00f3n Distancia 500m \/ Bluetooth \/ Bater\u00eda 1050mAh \/ Resistente a la Lluvia"},"content":{"rendered":"<div style='width: 100%; max-width: 1200px; margin: 0 auto; font-family: sans-serif; line-height: 1.6; color: inherit; background-color: transparent;'>\n<div style='width: 100%; margin-bottom: 30px;'> <img style='width: 100%; height: auto; border: 1px solid rgba(150&comma;150&comma;150&comma;0.3); border-radius: 8px;' src='https:\/\/ftp3.syscom.mx\/usuarios\/fotos\/TXMAX1\/239087-txmax.jpg' alt=''> <\/div>\n<div style='width: 100%; margin-bottom: 30px;'>\n<p style='font-size: 15px; margin: 0 0 15px 0; color: inherit; text-align: justify;'> La diadema de comunicaci\u00f3n inal\u00e1mbrica TXPRO TxMax est\u00e1 dise\u00f1ada para ofrecer una comunicaci\u00f3n clara y estable con un alcance de hasta 500 metros. Con tecnolog\u00eda avanzada de cancelaci\u00f3n de ruido y conectividad Bluetooth&comma; este dispositivo es ideal para comunicaci\u00f3n de equipos en entornos ruidosos y distancias largas. <\/p>\n<\/p><\/div>\n<div style='width: 100%; margin-bottom: 30px;'>\n<h3 style='font-size: 22px; border-bottom: 2px solid currentColor; padding-bottom: 5px; margin-top: 0; color: inherit; opacity: 0.8;'>Caracter\u00edsticas Principales<\/h3>\n<ul style='padding-left: 20px; font-size: 15px; color: inherit; margin: 15px 0 0 0;'>\n<li style='margin-bottom: 5px;'><span style='color: inherit;'>Aislamiento de ruido dual-ear para una claridad auditiva excelente.<\/span><\/li>\n<li style='margin-bottom: 5px;'><span style='color: inherit;'>Comunicaci\u00f3n inmersiva perfecta para equipos trabajando en remoto.<\/span><\/li>\n<li style='margin-bottom: 5px;'><span style='color: inherit;'>Bluetooth para conectar f\u00e1cilmente con dispositivos m\u00f3viles para llamadas y m\u00fasica.<\/span><\/li>\n<li style='margin-bottom: 5px;'><span style='color: inherit;'>Cancelaci\u00f3n de ruido avanzada para mantener la claridad de la comunicaci\u00f3n en entornos ruidosos.<\/span><\/li>\n<li style='margin-bottom: 5px;'><span style='color: inherit;'>Almohadillas dise\u00f1adas para un ajuste c\u00f3modo y resistente a la intemperie.<\/span><\/li>\n<\/ul><\/div>\n<div style='width: 100%; margin-bottom: 30px;'>\n<div style='display: grid; grid-template-columns: repeat(auto-fit&comma; minmax(120px&comma; 1fr)); gap: 15px;'>\n<div style='border: 1px solid rgba(150&comma; 150&comma; 150&comma; 0.4); border-radius: 8px; padding: 15px; text-align: center;'> <img style='width: 80px; height: auto; border: 1px solid rgba(150&comma;150&comma;150&comma;0.3); border-radius: 8px; margin-bottom: 10px;' src='https:\/\/ftp3.syscom.mx\/usuarios\/fotos\/TXMAX1\/239087-gps-technology-cellphone-smartphone-communications-navigation-mobile-phone-electronics-solid-icon-vector.jpg' alt=''> <\/p>\n<p style='font-size: 14px; margin: 0; color: inherit;'>Comunicaci\u00f3n de alto alcance<\/p>\n<\/p><\/div>\n<div style='border: 1px solid rgba(150&comma; 150&comma; 150&comma; 0.4); border-radius: 8px; padding: 15px; text-align: center;'> <img style='width: 80px; height: auto; border: 1px solid rgba(150&comma;150&comma;150&comma;0.3); border-radius: 8px; margin-bottom: 10px;' src='https:\/\/ftp3.syscom.mx\/usuarios\/fotos\/TXMAX1\/239087-3a7e4aec-eb13-4441-ace3-cca26b2e03c1.__cr0&comma;0&comma;600&comma;450_pt0_sx600_v1___.jpg' alt=''> <\/p>\n<p style='font-size: 14px; margin: 0; color: inherit;'>Hasta 24 Hrs de uso<\/p>\n<\/p><\/div>\n<div style='border: 1px solid rgba(150&comma; 150&comma; 150&comma; 0.4); border-radius: 8px; padding: 15px; text-align: center;'> <img style='width: 80px; height: auto; border: 1px solid rgba(150&comma;150&comma;150&comma;0.3); border-radius: 8px; margin-bottom: 10px;' src='https:\/\/ftp3.syscom.mx\/usuarios\/fotos\/TXMAX1\/239087-52.png' alt=''> <\/p>\n<p style='font-size: 14px; margin: 0; color: inherit;'>Comunicaci\u00f3n en tiempo real<\/p>\n<\/p><\/div>\n<div style='border: 1px solid rgba(150&comma; 150&comma; 150&comma; 0.4); border-radius: 8px; padding: 15px; text-align: center;'> <img style='width: 80px; height: auto; border: 1px solid rgba(150&comma;150&comma;150&comma;0.3); border-radius: 8px; margin-bottom: 10px;' src='https:\/\/ftp3.syscom.mx\/usuarios\/fotos\/TXMAX1\/239087-wax630e_lp_icon_spectrum_tcm174-135023.png' alt=''> <\/p>\n<p style='font-size: 14px; margin: 0; color: inherit;'>2.0 Cancelaci\u00f3n de ruido con un bot\u00f3n<\/p>\n<\/p><\/div>\n<div style='border: 1px solid rgba(150&comma; 150&comma; 150&comma; 0.4); border-radius: 8px; padding: 15px; text-align: center;'> <img style='width: 80px; height: auto; border: 1px solid rgba(150&comma;150&comma;150&comma;0.3); border-radius: 8px; margin-bottom: 10px;' src='https:\/\/ftp3.syscom.mx\/usuarios\/fotos\/TXMAX1\/239087-images.png' alt=''> <\/p>\n<p style='font-size: 14px; margin: 0; color: inherit;'>Comodidad durante su uso<\/p>\n<\/p><\/div>\n<div style='border: 1px solid rgba(150&comma; 150&comma; 150&comma; 0.4); border-radius: 8px; padding: 15px; text-align: center;'> <img style='width: 80px; height: auto; border: 1px solid rgba(150&comma;150&comma;150&comma;0.3); border-radius: 8px; margin-bottom: 10px;' src='https:\/\/ftp3.syscom.mx\/usuarios\/fotos\/TXMAX1\/239087-13340-bluetooth-intern.png' alt=''> <\/p>\n<p style='font-size: 14px; margin: 0; color: inherit;'>Bluetooth<\/p>\n<\/p><\/div>\n<\/p><\/div>\n<\/p><\/div>\n<div style='width: 100%; margin-bottom: 30px;'>\n<div style='display: flex; flex-wrap: wrap; gap: 20px;'>\n<div style='flex: 1 1 250px; border: 1px solid rgba(150&comma; 150&comma; 150&comma; 0.4); border-radius: 8px; overflow: hidden; display: flex; flex-direction: column;'>\n<div style='padding: 15px; border-bottom: 1px solid rgba(150&comma; 150&comma; 150&comma; 0.2); font-weight: bold; font-size: 18px; color: inherit;'>Especificaciones<\/div>\n<div style='padding: 15px; color: inherit;'>\n<ul style='padding-left: 20px; margin: 0; font-size: 14px; list-style-type: disc;'>\n<li style='margin-bottom: 5px;'><strong style='color: inherit;'>Bater\u00eda:<\/strong> 1050 mAh con hasta 24 horas de duraci\u00f3n.<\/li>\n<li style='margin-bottom: 5px;'><strong style='color: inherit;'>Peso total:<\/strong> 242 grs incluyendo la bater\u00eda.<\/li>\n<li style='margin-bottom: 5px;'><strong style='color: inherit;'>Puerto de carga:<\/strong> USB-C de 5V.<\/li>\n<li style='margin-bottom: 5px;'><strong style='color: inherit;'>Modo de transmisi\u00f3n:<\/strong> Full-Duplex con un rango de operaci\u00f3n de 500m.<\/li>\n<li style='margin-bottom: 5px;'><strong style='color: inherit;'>Auricular:<\/strong> Binaural<\/li>\n<\/ul><\/div>\n<\/p><\/div>\n<div style='flex: 1 1 250px; border: 1px solid rgba(150&comma; 150&comma; 150&comma; 0.4); border-radius: 8px; overflow: hidden; display: flex; flex-direction: column;'>\n<div style='padding: 15px; border-bottom: 1px solid rgba(150&comma; 150&comma; 150&comma; 0.2); font-weight: bold; font-size: 18px; color: inherit;'>Interfaces y conectividad<\/div>\n<div style='padding: 15px; color: inherit;'>\n<ul style='padding-left: 20px; margin: 0; font-size: 14px; list-style-type: disc;'>\n<li style='margin-bottom: 5px;'><span style='color: inherit;'>Bluetooth para comunicaci\u00f3n inal\u00e1mbrica.<\/span><\/li>\n<li style='margin-bottom: 5px;'><span style='color: inherit;'>Tecnolog\u00eda Signal Boost para mejorar la se\u00f1al en entornos densos.<\/span><\/li>\n<li style='margin-bottom: 5px;'><span style='color: inherit;'>Frecuencia de operaci\u00f3n en la banda de 2.4 GHz.<\/span><\/li>\n<\/ul><\/div>\n<\/p><\/div>\n<\/p><\/div>\n<\/p><\/div>\n<div style='width: 100%; margin-bottom: 30px;'>\n<h3 style='font-size: 22px; border-bottom: 2px solid currentColor; padding-bottom: 5px; margin-top: 0; color: inherit; opacity: 0.8;'>Aplicaciones y Casos de Uso<\/h3>\n<ul style='padding-left: 20px; font-size: 15px; color: inherit; margin: 15px 0 0 0;'>\n<li style='margin-bottom: 5px;'><span style='color: inherit;'>Ideal para eventos masivos como competiciones deportivas y festivales de m\u00fasica.<\/span><\/li>\n<li style='margin-bottom: 5px;'><span style='color: inherit;'>Perfecto para equipos en entornos ruidosos como eventos o rodajes de pel\u00edculas.<\/span><\/li>\n<li style='margin-bottom: 5px;'><span style='color: inherit;'>Adecuado para flujo de trabajo en equipos de emergencia o en situaciones que requieren coordinaci\u00f3n r\u00e1pida.<\/span><\/li>\n<\/ul><\/div>\n<div style='width: 100%; margin-bottom: 30px;'>\n<div style='display: grid; grid-template-columns: repeat(auto-fit&comma; minmax(200px&comma; 1fr)); gap: 15px;'>\n<div style='border: 1px solid rgba(150&comma; 150&comma; 150&comma; 0.4); border-radius: 8px; overflow: hidden;'> <img style='width: 100%; height: auto; border: 1px solid rgba(150&comma;150&comma;150&comma;0.3); border-radius: 8px;' src='https:\/\/ftp3.syscom.mx\/usuarios\/fotos\/TXMAX1\/239087-500m-2_(2)_(1).jpg' alt=''> <\/div>\n<div style='border: 1px solid rgba(150&comma; 150&comma; 150&comma; 0.4); border-radius: 8px; overflow: hidden;'> <img style='width: 100%; height: auto; border: 1px solid rgba(150&comma;150&comma;150&comma;0.3); border-radius: 8px;' src='https:\/\/ftp3.syscom.mx\/usuarios\/fotos\/TXMAX1\/239087-_(1).jpg' alt=''> <\/div>\n<div style='border: 1px solid rgba(150&comma; 150&comma; 150&comma; 0.4); border-radius: 8px; overflow: hidden;'> <img style='width: 100%; height: auto; border: 1px solid rgba(150&comma;150&comma;150&comma;0.3); border-radius: 8px;' src='https:\/\/ftp3.syscom.mx\/usuarios\/fotos\/TXMAX1\/239087-_(2)_(1).jpg' alt=''> <\/div>\n<div style='border: 1px solid rgba(150&comma; 150&comma; 150&comma; 0.4); border-radius: 8px; overflow: hidden;'> <img style='width: 100%; height: auto; border: 1px solid rgba(150&comma;150&comma;150&comma;0.3); border-radius: 8px;' src='https:\/\/ftp3.syscom.mx\/usuarios\/fotos\/TXMAX1\/239087-%E4%B8%80%E9%94%AE%E4%BF%A1%E5%8F%B7%E5%A2%9E%E5%BC%BA_(2)_(1).jpg' alt=''> <\/div>\n<\/p><\/div>\n<\/p><\/div>\n<\/p><\/div>\n","protected":false},"excerpt":{"rendered":"<p>Diadema de Comunicaci\u00f3n Inal\u00e1mbrica Binaural \/ Cancelaci\u00f3n de ruido IA \/ Comunicaci\u00f3n Distancia 500m \/ Bluetooth \/ Bater\u00eda 1050mAh \/ Resistente a la Lluvia<\/p>\n","protected":false},"featured_media":59253,"comment_status":"open","ping_status":"closed","template":"","meta":[],"product_brand":[],"product_cat":[1738],"product_tag":[1337,1584,560],"class_list":{"0":"post-59254","1":"product","2":"type-product","3":"status-publish","4":"has-post-thumbnail","6":"product_cat-diademas-accesorios-para-otras-marcas","7":"product_tag-accesorios-para-otras-marcas","8":"product_tag-diademas","9":"product_tag-txpro","11":"first","12":"instock","13":"sale","14":"shipping-taxable","15":"purchasable","16":"product-type-simple"},"_links":{"self":[{"href":"https:\/\/soydeaqui.ddns.net\/pachuca\/index.php\/wp-json\/wp\/v2\/product\/59254","targetHints":{"allow":["GET"]}}],"collection":[{"href":"https:\/\/soydeaqui.ddns.net\/pachuca\/index.php\/wp-json\/wp\/v2\/product"}],"about":[{"href":"https:\/\/soydeaqui.ddns.net\/pachuca\/index.php\/wp-json\/wp\/v2\/types\/product"}],"replies":[{"embeddable":true,"href":"https:\/\/soydeaqui.ddns.net\/pachuca\/index.php\/wp-json\/wp\/v2\/comments?post=59254"}],"wp:featuredmedia":[{"embeddable":true,"href":"https:\/\/soydeaqui.ddns.net\/pachuca\/index.php\/wp-json\/wp\/v2\/media\/59253"}],"wp:attachment":[{"href":"https:\/\/soydeaqui.ddns.net\/pachuca\/index.php\/wp-json\/wp\/v2\/media?parent=59254"}],"wp:term":[{"taxonomy":"product_brand","embeddable":true,"href":"https:\/\/soydeaqui.ddns.net\/pachuca\/index.php\/wp-json\/wp\/v2\/product_brand?post=59254"},{"taxonomy":"product_cat","embeddable":true,"href":"https:\/\/soydeaqui.ddns.net\/pachuca\/index.php\/wp-json\/wp\/v2\/product_cat?post=59254"},{"taxonomy":"product_tag","embeddable":true,"href":"https:\/\/soydeaqui.ddns.net\/pachuca\/index.php\/wp-json\/wp\/v2\/product_tag?post=59254"}],"curies":[{"name":"wp","href":"https:\/\/api.w.org\/{rel}","templated":true}]}}