{"id":59251,"date":"2026-03-19T04:55:47","date_gmt":"2026-03-19T04:55:47","guid":{"rendered":"https:\/\/soydeaqui.ddns.net\/pachuca\/index.php\/producto\/sim-yobi-de-reemplazo\/"},"modified":"2026-03-19T04:55:48","modified_gmt":"2026-03-19T04:55:48","slug":"sim-yobi-de-reemplazo","status":"publish","type":"product","link":"https:\/\/soydeaqui.ddns.net\/pachuca\/index.php\/producto\/sim-yobi-de-reemplazo\/","title":{"rendered":"SIM YOBI DE REEMPLAZO"},"content":{"rendered":"<div style='width: 100%; max-width: 1200px; margin: 0 auto; font-family: sans-serif; line-height: 1.6; color: inherit; background-color: transparent;'>\n<div style='display: flex; flex-wrap: wrap; gap: 30px; margin-bottom: 30px;'>\n<div style='flex: 1 1 300px; min-width: 280px;'>\n<h1 style='font-size: 24px; border-bottom: 2px solid currentColor; padding-bottom: 5px; margin-top: 0; color: #973b8e; text-align: center; font-weight: bold;'> <span style='font-size: 1.5em;'>\u00a1Descubre el SIM de Datos<\/span><br \/> <span style='font-size: 1.8em; font-family: 'arial black'&comma; sans-serif; color: inherit;'>Yobi<\/span><br \/> Conexi\u00f3n Total para Todos Tus Dispositivos <\/h1>\n<\/p><\/div>\n<div style='flex: 0 0 auto; min-width: 200px;'> <img style='width: 100%; height: auto; border: 1px solid rgba(150&comma;150&comma;150&comma;0.3); border-radius: 8px;' src='https:\/\/ftp3.syscom.mx\/usuarios\/fotos\/SIM1GBYOBI\/231865-yobi_pic.jpg' alt=''> <\/div>\n<\/p><\/div>\n<div style='margin-bottom: 30px;'>\n<h2 style='font-size: 18px; color: inherit; margin-top: 0;'>Este es un SIM de reemplazo en caso de defectos de f\u00e1brica&comma; da\u00f1os o extrav\u00edos de los modelos:<\/h2>\n<ul style='padding-left: 20px; font-size: 15px; color: inherit;'>\n<li style='margin-bottom: 5px;'>SIM1GBYOBI<\/li>\n<li style='margin-bottom: 5px;'>SIM3GBYOBI<\/li>\n<li style='margin-bottom: 5px;'>SIM5GBYOBI<\/li>\n<li style='margin-bottom: 5px;'>SIM10GBYOBI<\/li>\n<\/ul>\n<p style='margin-top: 20px;'>Es necesario contar con el ICCID del SIM extraviado para poder realizar la reposici\u00f3n del servicio.<\/p>\n<p>El ICCID se encuentra en el siguiente apartado:<\/p>\n<p>Igualmente&comma; puede encontrar esta informaci\u00f3n en su factura.<\/p>\n<\/p><\/div>\n<div style='display: flex; flex-wrap: wrap; gap: 20px; margin-bottom: 30px;'>\n<div style='flex: 1 1 300px;'> <img style='width: 100%; height: auto; border: 1px solid rgba(150&comma;150&comma;150&comma;0.3); border-radius: 8px;' src='http:\/\/ftp3.syscom.mx\/usuarios\/ftp\/2026\/01\/20\/4003\/1768920607526.png_froala_696f961f31711' alt=''> <\/div>\n<div style='flex: 1 1 300px;'> <img style='width: 100%; height: auto; border: 1px solid rgba(150&comma;150&comma;150&comma;0.3); border-radius: 8px;' src='http:\/\/ftp3.syscom.mx\/usuarios\/ftp\/2026\/01\/20\/4003\/1768934079653.png_froala_696fcabf7bb8b' alt=''> <\/div>\n<\/p><\/div>\n<div style='margin-bottom: 30px;'>\n<h3 style='font-size: 18px; border-bottom: 2px solid currentColor; padding-bottom: 5px; color: #973b8e; font-weight: bold;'>Caracter\u00edsticas Principales:<\/h3>\n<ul style='padding-left: 20px; font-size: 14px; color: inherit;'>\n<li style='margin-bottom: 5px;'>Proveedor Yobi<\/li>\n<li style='margin-bottom: 5px;'>Compatible con todos los dispositivos m\u00f3viles<\/li>\n<li style='margin-bottom: 5px;'>Soporta las tecnolog\u00edas 2G&comma; 3G y 4G<\/li>\n<li style='margin-bottom: 5px;'>Activaci\u00f3n autom\u00e1tica al momento de instalar el SIM en el dispositivo (Requiere configurarse APN)<\/li>\n<\/ul><\/div>\n<div style='margin-bottom: 30px;'>\n<p style='color: #bc0000; font-weight: bold; text-decoration: underline;'><em>Nota<\/em><\/p>\n<p style='margin-top: 5px;'>Requiere configuraci\u00f3n de nueva APN en el dispositivo.<\/p>\n<\/p><\/div>\n<div style='margin-bottom: 30px;'>\n<h3 style='font-size: 16px; border-bottom: 2px solid currentColor; padding-bottom: 5px; color: inherit; font-weight: bold;'>APN<\/h3>\n<div style='font-size: 14px; color: inherit; background-color: rgba(150&comma;150&comma;150&comma;0.1); border: 1px solid rgba(150&comma;150&comma;150&comma;0.3); border-radius: 8px; padding: 15px; white-space: pre-wrap; overflow-wrap: break-word;'>\n<p style='margin: 5px 0;'><strong>Nombre:<\/strong> Yobi<\/p>\n<p style='margin: 5px 0;'><strong>APN:<\/strong> internet.yobi.mx<\/p>\n<p style='margin: 5px 0;'><strong>Usuario:<\/strong> (en blanco)<\/p>\n<p style='margin: 5px 0;'><strong>Contrase\u00f1a:<\/strong> (en blanco)<\/p>\n<p style='margin: 5px 0; font-weight: bold;'>Importante: La cobertura telef\u00f3nica es proporcionada por Telcel. Se deben hacer pruebas previas en la zona donde se planea utilizar el SIM para descartar cualquier problema de cobertura.<\/p>\n<p style='margin: 5px 0; font-weight: bold;'>El procedimiento de la configuraci\u00f3n del APN es el mismo para cualquier dispositivo&comma; puede emplearse de la siguiente manera:<\/p>\n<\/p><\/div>\n<\/p><\/div>\n<div style='margin-bottom: 30px;'>\n<div style='position: relative; padding-bottom: 56.25%; height: 0; overflow: hidden; margin-bottom: 30px;'> <video style='position: absolute; top: 0; left: 0; width: 100%; height: 100%; border: none;' controls><source src='https:\/\/ftp3.syscom.mx\/usuarios\/asosa\/Videos\/Yobi%20apn.mp4' type='video\/mp4'><\/video> <\/div>\n<\/p><\/div>\n<\/p><\/div>\n","protected":false},"excerpt":{"rendered":"<p>SIM YOBI DE REEMPLAZO<\/p>\n","protected":false},"featured_media":59250,"comment_status":"open","ping_status":"closed","template":"","meta":[],"product_brand":[],"product_cat":[1603],"product_tag":[1508,1604,1605],"class_list":{"0":"post-59251","1":"product","2":"type-product","3":"status-publish","4":"has-post-thumbnail","6":"product_cat-sims-de-datos","7":"product_tag-radios-lte","8":"product_tag-sims-de-datos","9":"product_tag-yobi","11":"first","12":"instock","13":"sale","14":"shipping-taxable","15":"purchasable","16":"product-type-simple"},"_links":{"self":[{"href":"https:\/\/soydeaqui.ddns.net\/pachuca\/index.php\/wp-json\/wp\/v2\/product\/59251","targetHints":{"allow":["GET"]}}],"collection":[{"href":"https:\/\/soydeaqui.ddns.net\/pachuca\/index.php\/wp-json\/wp\/v2\/product"}],"about":[{"href":"https:\/\/soydeaqui.ddns.net\/pachuca\/index.php\/wp-json\/wp\/v2\/types\/product"}],"replies":[{"embeddable":true,"href":"https:\/\/soydeaqui.ddns.net\/pachuca\/index.php\/wp-json\/wp\/v2\/comments?post=59251"}],"wp:featuredmedia":[{"embeddable":true,"href":"https:\/\/soydeaqui.ddns.net\/pachuca\/index.php\/wp-json\/wp\/v2\/media\/59250"}],"wp:attachment":[{"href":"https:\/\/soydeaqui.ddns.net\/pachuca\/index.php\/wp-json\/wp\/v2\/media?parent=59251"}],"wp:term":[{"taxonomy":"product_brand","embeddable":true,"href":"https:\/\/soydeaqui.ddns.net\/pachuca\/index.php\/wp-json\/wp\/v2\/product_brand?post=59251"},{"taxonomy":"product_cat","embeddable":true,"href":"https:\/\/soydeaqui.ddns.net\/pachuca\/index.php\/wp-json\/wp\/v2\/product_cat?post=59251"},{"taxonomy":"product_tag","embeddable":true,"href":"https:\/\/soydeaqui.ddns.net\/pachuca\/index.php\/wp-json\/wp\/v2\/product_tag?post=59251"}],"curies":[{"name":"wp","href":"https:\/\/api.w.org\/{rel}","templated":true}]}}