{"id":59249,"date":"2026-03-19T04:55:45","date_gmt":"2026-03-19T04:55:45","guid":{"rendered":"https:\/\/soydeaqui.ddns.net\/pachuca\/index.php\/producto\/abrazadera-de-cable-alimentador-3x7mm-3x9-14mm-instalacion-rapida-y-facil-diseno-robusto-para-exteriores-operacion-40-to-85\/"},"modified":"2026-03-19T04:55:45","modified_gmt":"2026-03-19T04:55:45","slug":"abrazadera-de-cable-alimentador-3x7mm-3x9-14mm-instalacion-rapida-y-facil-diseno-robusto-para-exteriores-operacion-40-to-85","status":"publish","type":"product","link":"https:\/\/soydeaqui.ddns.net\/pachuca\/index.php\/producto\/abrazadera-de-cable-alimentador-3x7mm-3x9-14mm-instalacion-rapida-y-facil-diseno-robusto-para-exteriores-operacion-40-to-85\/","title":{"rendered":"Abrazadera de Cable Alimentador \/ 3x7mm + 3&#215;9-14mm \/ Instalaci\u00f3n R\u00e1pida y F\u00e1cil \/ Dise\u00f1o Robusto para Exteriores \/ Operaci\u00f3n -40 to +85 ?"},"content":{"rendered":"<div style='width: 100%; max-width: 1200px; margin: 0 auto; font-family: sans-serif; line-height: 1.6; color: inherit; background-color: transparent;'>\n<div style='margin-bottom: 30px;'>\n<p style='font-size: 18px; line-height: 1.6; margin: 0 0 20px 0; color: inherit;'>La abrazadera de cable alimentador est\u00e1 dise\u00f1ada para asegurar cables de diferentes di\u00e1metros de manera eficaz y confiable&comma; ideal para uso en ambientes exteriores gracias a su robusta construcci\u00f3n y alta resistencia UV.<\/p>\n<\/p><\/div>\n<div style='margin-bottom: 30px;'>\n<h3 style='font-size: 24px; font-weight: 600; margin: 0 0 20px 0; color: inherit; opacity: 0.8;'>Caracter\u00edsticas Principales<\/h3>\n<div style='display: flex; flex-wrap: wrap; gap: 20px;'>\n<div style='flex: 1 1 300px; min-width: 280px;'>\n<ul style='padding-left: 20px; font-size: 15px; color: inherit; list-style-type: disc;'>\n<li style='margin-bottom: 5px;'>F\u00e1cil y r\u00e1pida instalaci\u00f3n que facilita el proceso de montaje.<\/li>\n<li style='margin-bottom: 5px;'>Dise\u00f1o robusto y materiales de alta calidad adecuados para uso en exteriores.<\/li>\n<li style='margin-bottom: 5px;'>Capaz de operar en rangos de temperatura de -40 a +85 grados Celsius.<\/li>\n<\/ul><\/div>\n<\/p><\/div>\n<\/p><\/div>\n<div style='margin-bottom: 30px;'>\n<h3 style='font-size: 24px; font-weight: 600; margin: 0 0 20px 0; color: inherit; opacity: 0.8;'>Detalles T\u00e9cnicos<\/h3>\n<div style='display: flex; flex-wrap: wrap; gap: 20px; margin-bottom: 20px;'>\n<div style='flex: 1 1 300px; min-width: 280px;'>\n<div style='border: 1px solid rgba(150&comma; 150&comma; 150&comma; 0.4); border-radius: 8px; overflow: hidden; display: flex; flex-direction: column;'>\n<div style='padding: 15px; border-bottom: 1px solid rgba(150&comma; 150&comma; 150&comma; 0.2); font-weight: bold; font-size: 18px; color: inherit;'>Especificaciones<\/div>\n<div style='padding: 15px; color: inherit;'>\n<ul style='padding-left: 20px; margin: 0; font-size: 14px; list-style-type: disc;'>\n<li style='margin-bottom: 5px;'>Material del metal: Acero inoxidable<\/li>\n<li style='margin-bottom: 5px;'>Material del bloque: PP<\/li>\n<li style='margin-bottom: 5px;'>Material del coj\u00edn del barril: EPDM<\/li>\n<li style='margin-bottom: 5px;'>Cables por soporte: 6<\/li>\n<li style='margin-bottom: 5px;'>Montaje: Hardware M8<\/li>\n<li style='margin-bottom: 5px;'>Dimensiones: 36 mm de alto x 40 mm de ancho x 195 mm de largo<\/li>\n<\/ul><\/div>\n<\/p><\/div>\n<\/p><\/div>\n<div style='flex: 1 1 300px; min-width: 280px;'>\n<div style='border: 1px solid rgba(150&comma; 150&comma; 150&comma; 0.4); border-radius: 8px; overflow: hidden; display: flex; flex-direction: column;'>\n<div style='padding: 15px; border-bottom: 1px solid rgba(150&comma; 150&comma; 150&comma; 0.2); font-weight: bold; font-size: 18px; color: inherit;'>Interfaces y Conectividad<\/div>\n<div style='padding: 15px; color: inherit;'>\n<ul style='padding-left: 20px; margin: 0; font-size: 14px; list-style-type: disc;'>\n<li style='margin-bottom: 5px;'>Compatible con OD de chaqueta de cable: 9-14 mm y 7 mm<\/li>\n<li style='margin-bottom: 5px;'>Resistencia a UV: \u2265720 horas&comma; basado en ISO4892.3-1994<\/li>\n<li style='margin-bottom: 5px;'>Capacidad de fuerza ambiental: peso de doble cable<\/li>\n<\/ul><\/div>\n<\/p><\/div>\n<\/p><\/div>\n<\/p><\/div>\n<\/p><\/div>\n<div style='margin-bottom: 30px;'>\n<h3 style='font-size: 24px; font-weight: 600; margin: 0 0 20px 0; color: inherit; opacity: 0.8;'>Aplicaciones y Casos de Uso<\/h3>\n<div style='display: flex; flex-wrap: wrap; gap: 20px;'>\n<div style='flex: 1 1 300px; min-width: 280px;'>\n<div style='border: 1px solid rgba(150&comma; 150&comma; 150&comma; 0.4); border-radius: 8px; overflow: hidden; padding: 15px; color: inherit;'> Esta abrazadera se utiliza t\u00edpicamente en entornos exteriores para asegurar cables de alimentaci\u00f3n&comma; particularmente en instalaciones donde la robustez y resistencia a las condiciones ambientales son esenciales. <\/div>\n<\/p><\/div>\n<\/p><\/div>\n<\/p><\/div>\n<hr style='border: 0; border-top: 1px solid rgba(150&comma; 150&comma; 150&comma; 0.3); margin: 30px 0;'> <\/div>\n","protected":false},"excerpt":{"rendered":"<p>Abrazadera de Cable Alimentador \/ 3x7mm + 3&#215;9-14mm \/ Instalaci\u00f3n R\u00e1pida y F\u00e1cil \/ Dise\u00f1o Robusto para Exteriores \/ Operaci\u00f3n -40 to +85 ?<\/p>\n","protected":false},"featured_media":32,"comment_status":"open","ping_status":"closed","template":"","meta":[],"product_brand":[],"product_cat":[1615],"product_tag":[1404,1616,733],"class_list":{"0":"post-59249","1":"product","2":"type-product","3":"status-publish","4":"has-post-thumbnail","6":"product_cat-montajes-y-divisores","7":"product_tag-antenas","8":"product_tag-montajes-y-divisores","9":"product_tag-syscom-towers","11":"first","12":"instock","13":"sale","14":"shipping-taxable","15":"purchasable","16":"product-type-simple"},"_links":{"self":[{"href":"https:\/\/soydeaqui.ddns.net\/pachuca\/index.php\/wp-json\/wp\/v2\/product\/59249","targetHints":{"allow":["GET"]}}],"collection":[{"href":"https:\/\/soydeaqui.ddns.net\/pachuca\/index.php\/wp-json\/wp\/v2\/product"}],"about":[{"href":"https:\/\/soydeaqui.ddns.net\/pachuca\/index.php\/wp-json\/wp\/v2\/types\/product"}],"replies":[{"embeddable":true,"href":"https:\/\/soydeaqui.ddns.net\/pachuca\/index.php\/wp-json\/wp\/v2\/comments?post=59249"}],"wp:featuredmedia":[{"embeddable":true,"href":"https:\/\/soydeaqui.ddns.net\/pachuca\/index.php\/wp-json\/wp\/v2\/media\/32"}],"wp:attachment":[{"href":"https:\/\/soydeaqui.ddns.net\/pachuca\/index.php\/wp-json\/wp\/v2\/media?parent=59249"}],"wp:term":[{"taxonomy":"product_brand","embeddable":true,"href":"https:\/\/soydeaqui.ddns.net\/pachuca\/index.php\/wp-json\/wp\/v2\/product_brand?post=59249"},{"taxonomy":"product_cat","embeddable":true,"href":"https:\/\/soydeaqui.ddns.net\/pachuca\/index.php\/wp-json\/wp\/v2\/product_cat?post=59249"},{"taxonomy":"product_tag","embeddable":true,"href":"https:\/\/soydeaqui.ddns.net\/pachuca\/index.php\/wp-json\/wp\/v2\/product_tag?post=59249"}],"curies":[{"name":"wp","href":"https:\/\/api.w.org\/{rel}","templated":true}]}}