{"id":5922,"date":"2026-03-18T06:36:58","date_gmt":"2026-03-18T06:36:58","guid":{"rendered":"https:\/\/soydeaqui.ddns.net\/pachuca\/index.php\/producto\/estacion-de-jalon-convencional-de-simple-accion-con-cerradura\/"},"modified":"2026-03-18T06:37:01","modified_gmt":"2026-03-18T06:37:01","slug":"estacion-de-jalon-convencional-de-simple-accion-con-cerradura","status":"publish","type":"product","link":"https:\/\/soydeaqui.ddns.net\/pachuca\/index.php\/producto\/estacion-de-jalon-convencional-de-simple-accion-con-cerradura\/","title":{"rendered":"Estaci\u00f3n de Jal\u00f3n convencional de simple acci\u00f3n Con cerradura"},"content":{"rendered":"<div style='width: 100%; max-width: 1200px; margin: 0 auto; font-family: sans-serif; line-height: 1.6; color: inherit; background-color: transparent;'>\n<div style='display: flex; flex-wrap: wrap; gap: 30px; margin-bottom: 30px;'>\n<div style='flex: 1 1 300px; min-width: 280px;'>\n<h3 style='font-size: 22px; border-bottom: 2px solid currentColor; padding-bottom: 5px; margin-top: 0; color: inherit; opacity: 0.8;'>Caracter\u00edsticas Principales<\/h3>\n<ul style='padding-left: 20px; font-size: 15px; color: inherit;'>\n<li style='margin-bottom: 5px;'>Incluye cerradura de seguridad incorporada<\/li>\n<li style='margin-bottom: 5px;'>Tipo de salida: Normalmente abierta (N\/O)<\/li>\n<li style='margin-bottom: 5px;'>Dise\u00f1o compacto y ergon\u00f3mico<\/li>\n<li style='margin-bottom: 5px;'>Compatible con sistemas de control est\u00e1ndar<\/li>\n<li style='margin-bottom: 5px;'>F\u00e1cil instalaci\u00f3n y mantenimiento<\/li>\n<\/ul><\/div>\n<div style='flex: 1 1 300px; min-width: 280px;'>\n<h3 style='font-size: 22px; border-bottom: 2px solid currentColor; padding-bottom: 5px; margin-top: 0; color: inherit; opacity: 0.8;'>Especificaciones T\u00e9cnicas<\/h3>\n<ul style='padding-left: 20px; font-size: 15px; color: inherit;'>\n<li style='margin-bottom: 5px;'><strong>Dimensiones:<\/strong> 5-1\/2&#8242; (13.97 cm) de alto&comma; 4&#8242; (10.16 cm) de ancho&comma; 1-7\/16&#8242; (3.65 cm) de profundidad<\/li>\n<li style='margin-bottom: 5px;'><strong>Temperatura de operaci\u00f3n:<\/strong> 32\u00b0F a 120\u00b0F (0\u00b0C a 49\u00b0C)<\/li>\n<li style='margin-bottom: 5px;'><strong>Rango de voltaje:<\/strong> 0.25 A@ 30 VAC\/VDC<\/li>\n<li style='margin-bottom: 5px;'><strong>Material:<\/strong> Lexan (policarbonato) rojo<\/li>\n<li style='margin-bottom: 5px;'><strong>Indicaci\u00f3n visual:<\/strong> Condici\u00f3n activada visible autom\u00e1ticamente<\/li>\n<\/ul><\/div>\n<\/p><\/div>\n<div style='display: flex; flex-wrap: wrap; gap: 20px; margin-bottom: 30px;'>\n<div style='flex: 1 1 250px; border: 1px solid rgba(150&comma; 150&comma; 150&comma; 0.4); border-radius: 8px; overflow: hidden; display: flex; flex-direction: column;'>\n<div style='padding: 15px; border-bottom: 1px solid rgba(150&comma; 150&comma; 150&comma; 0.2); font-weight: bold; font-size: 18px; color: inherit;'>Dise\u00f1o y Construcci\u00f3n<\/div>\n<div style='padding: 15px; color: inherit;'>\n<ul style='padding-left: 20px; margin: 0; font-size: 14px; list-style-type: disc;'>\n<li style='margin-bottom: 5px;'>Construcci\u00f3n duradera de Lexan<\/li>\n<li style='margin-bottom: 5px;'>Dise\u00f1ado para m\u00faltiples aplicaciones<\/li>\n<li style='margin-bottom: 5px;'>Opciones m\u00faltiples de montaje<\/li>\n<li style='margin-bottom: 5px;'>Instrucciones de operaci\u00f3n moldeadas en la manija<\/li>\n<li style='margin-bottom: 5px;'>Texto en Braille en la manija<\/li>\n<\/ul><\/div>\n<\/p><\/div>\n<div style='flex: 1 1 250px; border: 1px solid rgba(150&comma; 150&comma; 150&comma; 0.4); border-radius: 8px; overflow: hidden; display: flex; flex-direction: column;'>\n<div style='padding: 15px; border-bottom: 1px solid rgba(150&comma; 150&comma; 150&comma; 0.2); font-weight: bold; font-size: 18px; color: inherit;'>Certificaciones<\/div>\n<div style='padding: 15px; color: inherit;'>\n<ul style='padding-left: 20px; margin: 0; font-size: 14px; list-style-type: disc;'>\n<li style='margin-bottom: 5px;'>UL Listed<\/li>\n<li style='margin-bottom: 5px;'>CSFM Listed<\/li>\n<li style='margin-bottom: 5px;'>Cumple con ADA (fuerza m\u00e1xima de 5 lbs para activaci\u00f3n)<\/li>\n<\/ul><\/div>\n<\/p><\/div>\n<div style='flex: 1 1 250px; border: 1px solid rgba(150&comma; 150&comma; 150&comma; 0.4); border-radius: 8px; overflow: hidden; display: flex; flex-direction: column;'>\n<div style='padding: 15px; border-bottom: 1px solid rgba(150&comma; 150&comma; 150&comma; 0.2); font-weight: bold; font-size: 18px; color: inherit;'>Modelos Disponibles<\/div>\n<div style='padding: 15px; color: inherit;'>\n<ul style='padding-left: 20px; margin: 0; font-size: 14px; list-style-type: disc;'>\n<li style='margin-bottom: 5px;'>PS-SA: Acci\u00f3n simple con conexiones &#8216;pigtail&#8217; y cerradura con llave<\/li>\n<li style='margin-bottom: 5px;'>PS-DA: Acci\u00f3n doble con conexiones de tornillo y cerradura con llave<\/li>\n<li style='margin-bottom: 5px;'>PS-DAH: Acci\u00f3n doble con cerradura hexagonal<\/li>\n<li style='margin-bottom: 5px;'>PS-DALOB: Acci\u00f3n doble para uso exterior con caja y empaque sellador<\/li>\n<li style='margin-bottom: 5px;'>PS-DASP: Acci\u00f3n doble con instrucciones en ingl\u00e9s y espa\u00f1ol<\/li>\n<\/ul><\/div>\n<\/p><\/div>\n<\/p><\/div>\n<div style='display: flex; flex-wrap: wrap; gap: 20px; margin-bottom: 30px;'>\n<div style='flex: 1 1 250px; border: 1px solid rgba(150&comma; 150&comma; 150&comma; 0.4); border-radius: 8px; overflow: hidden; display: flex; flex-direction: column;'>\n<div style='padding: 15px; border-bottom: 1px solid rgba(150&comma; 150&comma; 150&comma; 0.2); font-weight: bold; font-size: 18px; color: inherit;'>Instalaci\u00f3n<\/div>\n<div style='padding: 15px; color: inherit;'>\n<ul style='padding-left: 20px; margin: 0; font-size: 14px; list-style-type: disc;'>\n<li style='margin-bottom: 5px;'>Montaje superficial en caja SB-10<\/li>\n<li style='margin-bottom: 5px;'>Montaje semi-empotrado en caja el\u00e9ctrica est\u00e1ndar de una\/ganga doble o cuadrada de 4&#8242;<\/li>\n<li style='margin-bottom: 5px;'>Dise\u00f1ado para cumplir con ADA y requisitos locales<\/li>\n<\/ul><\/div>\n<\/p><\/div>\n<div style='flex: 1 1 250px; border: 1px solid rgba(150&comma; 150&comma; 150&comma; 0.4); border-radius: 8px; overflow: hidden; display: flex; flex-direction: column;'>\n<div style='padding: 15px; border-bottom: 1px solid rgba(150&comma; 150&comma; 150&comma; 0.2); font-weight: bold; font-size: 18px; color: inherit;'>Identificaci\u00f3n Visual<\/div>\n<div style='padding: 15px; color: inherit;'>\n<ul style='padding-left: 20px; margin: 0; font-size: 14px; list-style-type: disc;'>\n<li style='margin-bottom: 5px;'>Palabra &#8216;FIRE&#8217; en frente en letras blancas de 1&#8242; (25.4 mm) o m\u00e1s grandes<\/li>\n<li style='margin-bottom: 5px;'>En PS-DASP&comma; las palabras &#8216;FIRE\/FUEGO&#8217; en letras blancas de aproximadamente 3\/4&#8242; de alto<\/li>\n<li style='margin-bottom: 5px;'>N\u00fameros de terminales moldeados junto a los terminales de cableado<\/li>\n<\/ul><\/div>\n<\/p><\/div>\n<\/p><\/div>\n<hr style='border: 0; border-top: 1px solid rgba(150&comma; 150&comma; 150&comma; 0.3); margin: 30px 0;'> <\/div>\n","protected":false},"excerpt":{"rendered":"<p>Estaci\u00f3n de Jal\u00f3n convencional de simple acci\u00f3n Con cerradura<\/p>\n","protected":false},"featured_media":5921,"comment_status":"open","ping_status":"closed","template":"","meta":[],"product_brand":[],"product_cat":[521],"product_tag":[522,519,523],"class_list":{"0":"post-5922","1":"product","2":"type-product","3":"status-publish","4":"has-post-thumbnail","6":"product_cat-estaciones-manuales-de-emergencia-dispositivos-convencionales","7":"product_tag-dispositivos-convencionales","8":"product_tag-estaciones-manuales-de-emergencia","9":"product_tag-silent-knight-by-honeywell","11":"first","12":"instock","13":"sale","14":"shipping-taxable","15":"purchasable","16":"product-type-simple"},"_links":{"self":[{"href":"https:\/\/soydeaqui.ddns.net\/pachuca\/index.php\/wp-json\/wp\/v2\/product\/5922","targetHints":{"allow":["GET"]}}],"collection":[{"href":"https:\/\/soydeaqui.ddns.net\/pachuca\/index.php\/wp-json\/wp\/v2\/product"}],"about":[{"href":"https:\/\/soydeaqui.ddns.net\/pachuca\/index.php\/wp-json\/wp\/v2\/types\/product"}],"replies":[{"embeddable":true,"href":"https:\/\/soydeaqui.ddns.net\/pachuca\/index.php\/wp-json\/wp\/v2\/comments?post=5922"}],"wp:featuredmedia":[{"embeddable":true,"href":"https:\/\/soydeaqui.ddns.net\/pachuca\/index.php\/wp-json\/wp\/v2\/media\/5921"}],"wp:attachment":[{"href":"https:\/\/soydeaqui.ddns.net\/pachuca\/index.php\/wp-json\/wp\/v2\/media?parent=5922"}],"wp:term":[{"taxonomy":"product_brand","embeddable":true,"href":"https:\/\/soydeaqui.ddns.net\/pachuca\/index.php\/wp-json\/wp\/v2\/product_brand?post=5922"},{"taxonomy":"product_cat","embeddable":true,"href":"https:\/\/soydeaqui.ddns.net\/pachuca\/index.php\/wp-json\/wp\/v2\/product_cat?post=5922"},{"taxonomy":"product_tag","embeddable":true,"href":"https:\/\/soydeaqui.ddns.net\/pachuca\/index.php\/wp-json\/wp\/v2\/product_tag?post=5922"}],"curies":[{"name":"wp","href":"https:\/\/api.w.org\/{rel}","templated":true}]}}