{"id":59195,"date":"2026-03-19T04:53:57","date_gmt":"2026-03-19T04:53:57","guid":{"rendered":"https:\/\/soydeaqui.ddns.net\/pachuca\/index.php\/producto\/pdu-ats-fuente-redundante-auto-transferible-medible-para-distribucion-de-energia-2-entradas-120-vca-nema5-15p-con-10-salidas-nema-5-15r-horizontal-19in-1ur-2\/"},"modified":"2026-03-19T04:54:03","modified_gmt":"2026-03-19T04:54:03","slug":"pdu-ats-fuente-redundante-auto-transferible-medible-para-distribucion-de-energia-2-entradas-120-vca-nema5-15p-con-10-salidas-nema-5-15r-horizontal-19in-1ur-2","status":"publish","type":"product","link":"https:\/\/soydeaqui.ddns.net\/pachuca\/index.php\/producto\/pdu-ats-fuente-redundante-auto-transferible-medible-para-distribucion-de-energia-2-entradas-120-vca-nema5-15p-con-10-salidas-nema-5-15r-horizontal-19in-1ur-2\/","title":{"rendered":"PDU ATS (Fuente Redundante Auto-transferible) Medible, Para Distribuci\u00f3n de Energ\u00eda, 2 Entradas 120 Vca NEMA5-15P, Con 10 Salidas NEMA 5-15R, Horizontal 19in, 1UR"},"content":{"rendered":"<div style='width: 100%; max-width: 1200px; margin: 0 auto; font-family: sans-serif; line-height: 1.6; color: inherit; background-color: transparent;'>\n<div style='display: flex; flex-wrap: wrap; gap: 30px; margin-bottom: 30px;'>\n<div style='flex: 1 1 300px; min-width: 280px;'>\n<h3 style='font-size: 22px; border-bottom: 2px solid currentColor; padding-bottom: 5px; margin-top: 0; color: inherit; opacity: 0.8;'>Descripci\u00f3n<\/h3>\n<p style='margin-top: 0; margin-bottom: 15px;'>Asegure la operaci\u00f3n continua de dispositivos cr\u00edticos con el PDU24001 Metered ATS PDU de CyberPower. Ideal para centros de datos y armarios de red&comma; esta unidad proporciona redundancia de energ\u00eda para equipos conectados con un solo cable de alimentaci\u00f3n. Si la fuente de alimentaci\u00f3n principal supera los umbrales inferior o superior&comma; o si falla la energ\u00eda&comma; el PDU cambiar\u00e1 a la fuente de alimentaci\u00f3n secundaria para garantizar un funcionamiento continuo. El PDU volver\u00e1 a la fuente de alimentaci\u00f3n principal cuando la energ\u00eda entrante se estabilice.<\/p>\n<p style='margin-top: 0; margin-bottom: 15px;'>El PDU24001 admite entradas de entre 100-120V e incluye diez (10) tomacorrientes NEMA 5-15R. Los dos cables de alimentaci\u00f3n NEMA 5-15P se conectan a fuentes de alimentaci\u00f3n separadas (A y B)&comma; y la informaci\u00f3n sobre cada fuente se muestra a trav\u00e9s de indicadores LED en la parte frontal de la unidad.<\/p>\n<p style='margin-top: 0; margin-bottom: 15px;'>Otras caracter\u00edsticas incluyen una pantalla LCD con color de fondo seleccionable&comma; firmware actualizable y enchufes y tomacorrientes de calidad para redes.<\/p>\n<div style='margin: 20px 0;'> <img style='width: 100%; height: auto; border: 1px solid rgba(150&comma;150&comma;150&comma;0.3); border-radius: 8px;' src='https:\/\/ftp3.syscom.mx\/usuarios\/fotos\/logotipos\/cyberpower.png' alt=''> <\/div>\n<\/p><\/div>\n<\/p><\/div>\n<div style='display: flex; flex-wrap: wrap; gap: 20px; margin-bottom: 30px;'>\n<div style='flex: 1 1 250px; border: 1px solid rgba(150&comma; 150&comma; 150&comma; 0.4); border-radius: 8px; overflow: hidden; display: flex; flex-direction: column;'>\n<div style='padding: 15px; border-bottom: 1px solid rgba(150&comma; 150&comma; 150&comma; 0.2); font-weight: bold; font-size: 18px; color: inherit;'>Especificaciones t\u00e9cnicas<\/div>\n<div style='padding: 15px; color: inherit;'>\n<ul style='padding-left: 20px; margin: 0; font-size: 14px; list-style-type: disc;'>\n<li style='margin-bottom: 5px;'><strong>Voltaje nominal:<\/strong> 100-120 Vca<\/li>\n<li style='margin-bottom: 5px;'><strong>Frecuencia de entrada:<\/strong> 50Hz\/60Hz<\/li>\n<li style='margin-bottom: 5px;'><strong>Voltaje de salida:<\/strong> 100-120 Vca<\/li>\n<li style='margin-bottom: 5px;'><strong>Corriente de entrada m\u00e1xima:<\/strong> 15A (Reducido a 12A)<\/li>\n<li style='margin-bottom: 5px;'><strong>Tipos de enchufes:<\/strong> (2) NEMA 5-15P<\/li>\n<li style='margin-bottom: 5px;'><img style='width: 40px; height: 40px; border: 1px solid rgba(150&comma;150&comma;150&comma;0.3); border-radius: 4px; margin-right: 10px; vertical-align: middle;' src='https:\/\/www.cyberpower.com\/mx\/es\/File\/GetImageByDocId\/GeneralAttribute-235' alt=''> NEMA 5-15P<\/li>\n<li style='margin-bottom: 5px;'><strong>Longitud del cable (m):<\/strong> 3.05<\/li>\n<li style='margin-bottom: 5px;'><strong>Tipo de Tomas:<\/strong> NEMA 5-15R<\/li>\n<li style='margin-bottom: 5px;'><img style='width: 40px; height: 40px; border: 1px solid rgba(150&comma;150&comma;150&comma;0.3); border-radius: 4px; margin-right: 10px; vertical-align: middle;' src='https:\/\/www.cyberpower.com\/mx\/es\/File\/GetImageByDocId\/GeneralAttribute-238' alt=''> NEMA 5-15R<\/li>\n<li style='margin-bottom: 5px;'><strong>Cantidad de tomas:<\/strong> 10<\/li>\n<li style='margin-bottom: 5px;'><strong>Carcasa met\u00e1lica de grado industrial<\/strong><\/li>\n<li style='margin-bottom: 5px;'><strong>Dimensiones:<\/strong> 433 x 44 x 215 mm (Ancho x Alto x Profundidad)<\/li>\n<li style='margin-bottom: 5px;'><strong>Unidades de Rack:<\/strong> 1<\/li>\n<li style='margin-bottom: 5px;'><strong>Temperatura en funcionamiento:<\/strong> 0 a 45 \u00baC<\/li>\n<li style='margin-bottom: 5px;'><strong>Temperatura en almacenamiento:<\/strong> -15 a 55 \u00baC<\/li>\n<li style='margin-bottom: 5px;'><strong>Humedad relativa de funcionamiento:<\/strong> 0 a 95%<\/li>\n<li style='margin-bottom: 5px;'><strong>Humedad relativa en almacenamiento:<\/strong> 0 a 95%<\/li>\n<li style='margin-bottom: 5px;'><strong>Certificaciones:<\/strong> FCC Clase A&comma; UL62368&comma; ICES-003<\/li>\n<li style='margin-bottom: 5px;'><strong>Garant\u00eda:<\/strong> 3 a\u00f1os<\/li>\n<\/ul><\/div>\n<\/p><\/div>\n<\/p><\/div>\n<\/p><\/div>\n","protected":false},"excerpt":{"rendered":"<p>PDU ATS (Fuente Redundante Auto-transferible) Medible, Para Distribuci\u00f3n de Energ\u00eda, 2 Entradas 120 Vca NEMA5-15P, Con 10 Salidas NEMA 5-15R, Horizontal 19in, 1UR<\/p>\n","protected":false},"featured_media":59194,"comment_status":"open","ping_status":"closed","template":"","meta":[],"product_brand":[],"product_cat":[604],"product_tag":[606,677,605],"class_list":{"0":"post-59195","1":"product","2":"type-product","3":"status-publish","4":"has-post-thumbnail","6":"product_cat-accesorios-para-racks-y-gabinetes","7":"product_tag-accesorios-para-racks-y-gabinetes","8":"product_tag-cyberpower","9":"product_tag-racks-y-gabinetes","11":"first","12":"outofstock","13":"sale","14":"shipping-taxable","15":"purchasable","16":"product-type-simple"},"_links":{"self":[{"href":"https:\/\/soydeaqui.ddns.net\/pachuca\/index.php\/wp-json\/wp\/v2\/product\/59195","targetHints":{"allow":["GET"]}}],"collection":[{"href":"https:\/\/soydeaqui.ddns.net\/pachuca\/index.php\/wp-json\/wp\/v2\/product"}],"about":[{"href":"https:\/\/soydeaqui.ddns.net\/pachuca\/index.php\/wp-json\/wp\/v2\/types\/product"}],"replies":[{"embeddable":true,"href":"https:\/\/soydeaqui.ddns.net\/pachuca\/index.php\/wp-json\/wp\/v2\/comments?post=59195"}],"wp:featuredmedia":[{"embeddable":true,"href":"https:\/\/soydeaqui.ddns.net\/pachuca\/index.php\/wp-json\/wp\/v2\/media\/59194"}],"wp:attachment":[{"href":"https:\/\/soydeaqui.ddns.net\/pachuca\/index.php\/wp-json\/wp\/v2\/media?parent=59195"}],"wp:term":[{"taxonomy":"product_brand","embeddable":true,"href":"https:\/\/soydeaqui.ddns.net\/pachuca\/index.php\/wp-json\/wp\/v2\/product_brand?post=59195"},{"taxonomy":"product_cat","embeddable":true,"href":"https:\/\/soydeaqui.ddns.net\/pachuca\/index.php\/wp-json\/wp\/v2\/product_cat?post=59195"},{"taxonomy":"product_tag","embeddable":true,"href":"https:\/\/soydeaqui.ddns.net\/pachuca\/index.php\/wp-json\/wp\/v2\/product_tag?post=59195"}],"curies":[{"name":"wp","href":"https:\/\/api.w.org\/{rel}","templated":true}]}}