{"id":59115,"date":"2026-03-19T04:51:16","date_gmt":"2026-03-19T04:51:16","guid":{"rendered":"https:\/\/soydeaqui.ddns.net\/pachuca\/index.php\/producto\/transductor-active-imaging-hd-2-en-1-compatible-con-chirp-sidescan-y-downscan-imaging-frecuencia-1-2-mhz-fishreveal-compatible-con-hds-pro-y-hds-live\/"},"modified":"2026-03-19T04:51:23","modified_gmt":"2026-03-19T04:51:23","slug":"transductor-active-imaging-hd-2-en-1-compatible-con-chirp-sidescan-y-downscan-imaging-frecuencia-1-2-mhz-fishreveal-compatible-con-hds-pro-y-hds-live","status":"publish","type":"product","link":"https:\/\/soydeaqui.ddns.net\/pachuca\/index.php\/producto\/transductor-active-imaging-hd-2-en-1-compatible-con-chirp-sidescan-y-downscan-imaging-frecuencia-1-2-mhz-fishreveal-compatible-con-hds-pro-y-hds-live\/","title":{"rendered":"Transductor Active Imaging HD 2 en 1 \/ Compatible con CHIRP \/ SideScan y DownScan Imaging \/ Frecuencia 1.2 MHz \/ FishReveal \/ Compatible con HDS PRO y HDS LIVE"},"content":{"rendered":"<div style='width: 100%; max-width: 1200px; margin: 0 auto; font-family: sans-serif; line-height: 1.6; color: inherit; background-color: transparent;'>\n<div style='margin-bottom: 30px;'>\n<p style='font-size: 18px; line-height: 1.6; margin: 0 0 20px 0; color: inherit; opacity: 0.9;'>El transductor Active Imaging HD 2 en 1 es la soluci\u00f3n ideal para barcos que ya tienen un transductor CHIRP instalado. Permite a los pescadores utilizar un transductor CHIRP separado junto con la tecnolog\u00eda de im\u00e1genes SideScan\/DownScan Imaging de alta frecuencia y la vista FishReveal DownScan.<\/p>\n<\/div>\n<div style='margin-bottom: 30px;'>\n<h2 style='font-size: 24px; font-weight: 600; margin: 0 0 20px 0; color: inherit; opacity: 0.85;'>Caracter\u00edsticas Principales<\/h2>\n<div style='display: flex; flex-wrap: wrap; gap: 20px;'>\n<div style='flex: 1 1 250px; border: 1px solid rgba(150&comma; 150&comma; 150&comma; 0.4); border-radius: 8px; overflow: hidden; display: flex; flex-direction: column;'>\n<div style='padding: 15px; border-bottom: 1px solid rgba(150&comma; 150&comma; 150&comma; 0.2); font-weight: bold; font-size: 18px; color: inherit;'>Caracter\u00edsticas<\/div>\n<div style='padding: 15px; color: inherit;'>\n<ul style='padding-left: 20px; margin: 0; font-size: 14px; list-style-type: disc;'>\n<li style='margin-bottom: 5px;'>Im\u00e1genes SideScan y DownScan Imaging de alta definici\u00f3n con una claridad sin precedentes<\/li>\n<li style='margin-bottom: 5px;'>Frecuencia de hasta 1.2 MHz para im\u00e1genes m\u00e1s claras y detalladas<\/li>\n<li style='margin-bottom: 5px;'>Vista FishReveal DownScan para una f\u00e1cil identificaci\u00f3n de peces<\/li>\n<li style='margin-bottom: 5px;'>Dise\u00f1o inteligente del transductor que mejora la claridad de la se\u00f1al<\/li>\n<li style='margin-bottom: 5px;'>Perfecto complemento para transductores CHIRP instalados de f\u00e1brica<\/li>\n<\/ul>\n<\/div>\n<\/div>\n<\/div>\n<\/div>\n<\/div>\n<div style='margin-bottom: 30px;'>\n<h2 style='font-size: 24px; font-weight: 600; margin: 0 0 20px 0; color: inherit; opacity: 0.85;'>Detalles T\u00e9cnicos<\/h2>\n<div style='display: flex; flex-wrap: wrap; gap: 20px; margin-bottom: 30px;'>\n<div style='flex: 1 1 250px; border: 1px solid rgba(150&comma; 150&comma; 150&comma; 0.4); border-radius: 8px; overflow: hidden; display: flex; flex-direction: column;'>\n<div style='padding: 15px; border-bottom: 1px solid rgba(150&comma; 150&comma; 150&comma; 0.2); font-weight: bold; font-size: 18px; color: inherit;'>Especificaciones<\/div>\n<div style='padding: 15px; color: inherit;'>\n<ul style='padding-left: 20px; margin: 0; font-size: 14px; list-style-type: disc;'>\n<li style='margin-bottom: 5px;'>Frecuencias soportadas: 455\/800 KHz y 455\/1.2 MHz<\/li>\n<li style='margin-bottom: 5px;'>Tecnolog\u00edas incluidas: Lowrance CHIRP y DownScan Imaging<\/li>\n<\/ul>\n<\/div>\n<\/div>\n<div style='flex: 1 1 250px; border: 1px solid rgba(150&comma; 150&comma; 150&comma; 0.4); border-radius: 8px; overflow: hidden; display: flex; flex-direction: column;'>\n<div style='padding: 15px; border-bottom: 1px solid rgba(150&comma; 150&comma; 150&comma; 0.2); font-weight: bold; font-size: 18px; color: inherit;'>Interfaces y Conectividad<\/div>\n<div style='padding: 15px; color: inherit;'>\n<ul style='padding-left: 20px; margin: 0; font-size: 14px; list-style-type: disc;'>\n<li style='margin-bottom: 5px;'>Compatible con Lowrance HDS PRO<\/li>\n<li style='margin-bottom: 5px;'>Compatible con m\u00f3dulo S3100 en HDS LIVE&comma; HDS Carbon&comma; Elite FS<\/li>\n<li style='margin-bottom: 5px;'>Compatible con Simrad NSSevo3S&comma; NSS evo3 y GO series displays<\/li>\n<\/ul>\n<\/div>\n<\/div>\n<\/div>\n<\/div>\n<\/div>\n<div style='margin-bottom: 30px;'>\n<h2 style='font-size: 24px; font-weight: 600; margin: 0 0 20px 0; color: inherit; opacity: 0.85;'>Aplicaciones y Casos de Uso<\/h2>\n<div style='display: flex; flex-wrap: wrap; gap: 20px; margin-bottom: 30px;'>\n<div style='flex: 1 1 250px; border: 1px solid rgba(150&comma; 150&comma; 150&comma; 0.4); border-radius: 8px; overflow: hidden; display: flex; flex-direction: column; padding: 15px; color: inherit;'>\n<h3 style='font-size: 20px; font-weight: 500; margin: 0 0 10px 0; color: inherit;'>Pesca Deportiva<\/h3>\n<p style='margin: 0; font-size: 14px; color: inherit;'>Ideal para la identificaci\u00f3n de peces y estructuras submarinas como rocas&comma; \u00e1rboles sumergidos&comma; malezas y ca\u00eddas.<\/p>\n<\/div>\n<div style='flex: 1 1 250px; border: 1px solid rgba(150&comma; 150&comma; 150&comma; 0.4); border-radius: 8px; overflow: hidden; display: flex; flex-direction: column; padding: 15px; color: inherit;'>\n<h3 style='font-size: 20px; font-weight: 500; margin: 0 0 10px 0; color: inherit;'>Navegaci\u00f3n Recreativa<\/h3>\n<p style='margin: 0; font-size: 14px; color: inherit;'>Proporciona im\u00e1genes claras del fondo marino para una navegaci\u00f3n m\u00e1s segura.<\/p>\n<\/div>\n<div style='flex: 1 1 250px; border: 1px solid rgba(150&comma; 150&comma; 150&comma; 0.4); border-radius: 8px; overflow: hidden; display: flex; flex-direction: column; padding: 15px; color: inherit;'>\n<h3 style='font-size: 20px; font-weight: 500; margin: 0 0 10px 0; color: inherit;'>Investigaci\u00f3n Submarina<\/h3>\n<p style='margin: 0; font-size: 14px; color: inherit;'>\u00datil para la exploraci\u00f3n detallada de estructuras submarinas y la topograf\u00eda del fondo.<\/p>\n<\/div>\n<\/div>\n<\/div>\n<\/div>\n","protected":false},"excerpt":{"rendered":"<p>Transductor Active Imaging HD 2 en 1 \/ Compatible con CHIRP \/ SideScan y DownScan Imaging \/ Frecuencia 1.2 MHz \/ FishReveal \/ Compatible con HDS PRO y HDS LIVE<\/p>\n","protected":false},"featured_media":59114,"comment_status":"open","ping_status":"closed","template":"","meta":[],"product_brand":[],"product_cat":[1526],"product_tag":[1505,1527,1172],"class_list":{"0":"post-59115","1":"product","2":"type-product","3":"status-publish","4":"has-post-thumbnail","6":"product_cat-sistema-de-navegacion","7":"product_tag-simrad","8":"product_tag-sistema-de-navegacion","9":"product_tag-soluciones-marinas","11":"first","12":"instock","13":"sale","14":"shipping-taxable","15":"purchasable","16":"product-type-simple"},"_links":{"self":[{"href":"https:\/\/soydeaqui.ddns.net\/pachuca\/index.php\/wp-json\/wp\/v2\/product\/59115","targetHints":{"allow":["GET"]}}],"collection":[{"href":"https:\/\/soydeaqui.ddns.net\/pachuca\/index.php\/wp-json\/wp\/v2\/product"}],"about":[{"href":"https:\/\/soydeaqui.ddns.net\/pachuca\/index.php\/wp-json\/wp\/v2\/types\/product"}],"replies":[{"embeddable":true,"href":"https:\/\/soydeaqui.ddns.net\/pachuca\/index.php\/wp-json\/wp\/v2\/comments?post=59115"}],"wp:featuredmedia":[{"embeddable":true,"href":"https:\/\/soydeaqui.ddns.net\/pachuca\/index.php\/wp-json\/wp\/v2\/media\/59114"}],"wp:attachment":[{"href":"https:\/\/soydeaqui.ddns.net\/pachuca\/index.php\/wp-json\/wp\/v2\/media?parent=59115"}],"wp:term":[{"taxonomy":"product_brand","embeddable":true,"href":"https:\/\/soydeaqui.ddns.net\/pachuca\/index.php\/wp-json\/wp\/v2\/product_brand?post=59115"},{"taxonomy":"product_cat","embeddable":true,"href":"https:\/\/soydeaqui.ddns.net\/pachuca\/index.php\/wp-json\/wp\/v2\/product_cat?post=59115"},{"taxonomy":"product_tag","embeddable":true,"href":"https:\/\/soydeaqui.ddns.net\/pachuca\/index.php\/wp-json\/wp\/v2\/product_tag?post=59115"}],"curies":[{"name":"wp","href":"https:\/\/api.w.org\/{rel}","templated":true}]}}