{"id":5911,"date":"2026-03-18T06:36:52","date_gmt":"2026-03-18T06:36:52","guid":{"rendered":"https:\/\/soydeaqui.ddns.net\/pachuca\/index.php\/producto\/termostato-compatible-con-todos-los-modelos-de-carcasas-bunker-pt-mb-malta\/"},"modified":"2026-03-18T06:36:53","modified_gmt":"2026-03-18T06:36:53","slug":"termostato-compatible-con-todos-los-modelos-de-carcasas-bunker-pt-mb-malta","status":"publish","type":"product","link":"https:\/\/soydeaqui.ddns.net\/pachuca\/index.php\/producto\/termostato-compatible-con-todos-los-modelos-de-carcasas-bunker-pt-mb-malta\/","title":{"rendered":"Termostato compatible con todos los modelos de carcasas BUNKER \/ PT, MB, MALTA."},"content":{"rendered":"<div style='width: 100%; max-width: 1200px; margin: 0 auto; font-family: sans-serif; line-height: 1.6; color: inherit; background-color: transparent;'>\n<div style='display: flex; flex-direction: column; gap: 20px;'>\n<p style='text-align: justify; font-size: 15px; margin: 0; color: inherit;'>Bunker Seguridad&comma; fabricante de sistemas de seguridad perimetral basados en torres infrarrojas y haces fotoel\u00e9ctricos o haces activos infrarrojos (AIR) desarrolla este termostato para su uso en torres infrarrojas instaladas en zonas de baja temperatura. Se utiliza para evitar la condensaci\u00f3n y el empa\u00f1amiento de las lentes de los rayos infrarrojos&comma; ya que act\u00faa como un interruptor que permite la corriente fluir a los calentadores y \/ o ventiladores.<\/p>\n<div style='display: flex; justify-content: center; width: 100%;'> <img style='width: 100%; max-width: 220px; height: auto; border: 1px solid rgba(150&comma;150&comma;150&comma;0.3); border-radius: 8px;' src='http:\/\/www.bunkerseguridad.es\/EN\/sites\/default\/files\/styles\/medium\/public\/perimeter_security_accessory_3_1.png?itok=nmGlkRe9' alt=''> <\/div>\n<p style='text-align: justify; font-size: 15px; margin: 0; color: inherit;'>Es compatible con torres infrarrojas de seguridad perimetral&comma; tipo industrial: MB050 \/ MB100 \/ MB150 \/ MB200 y MB300 (protecci\u00f3n 180\u00ba)&comma; con torres infrarrojas de fijaci\u00f3n a la pared MB050W \/ MB100W \/ MB150W \/ MB200W y finalmente con torres infrarrojas de protecci\u00f3n 360\u00ba \/ PT100 \/ PT150 \/ PT200.<\/p>\n<p style='text-align: justify; font-size: 15px; margin: 0; color: inherit;'>Es compatible con (torres tipo l\u00e1mpara de jard\u00edn): MALTA&comma; CAV y CAV-W.<\/p>\n<div style='display: flex; flex-direction: column; gap: 10px; padding: 15px; border: 1px solid rgba(150&comma; 150&comma; 150&comma; 0.3); border-radius: 8px; background-color: rgba(255&comma; 255&comma; 255&comma; 0.02);'>\n<p style='margin: 0; font-size: 15px; color: inherit;'><strong>Imprescindible cuando se quiere utilizar calefactores&comma; para evitar que est\u00e9n funcionando continuamente.<\/strong><\/p>\n<ul style='padding-left: 20px; margin: 10px 0 0 0; font-size: 14px; color: inherit;'>\n<li style='margin-bottom: 5px;'>Permite el paso de corriente a los calefactores cuando la temperatura se reduce a 4\u00b0 C (39&comma;20\u00b0 F).<\/li>\n<li style='margin-bottom: 5px;'>Se recomienda al menos una unidad por carcasa\/torre.<\/li>\n<\/ul><\/div>\n<div style='display: flex; justify-content: center; width: 100%;'> <img style='width: 100%; max-width: 600px; height: auto; border: 1px solid rgba(150&comma;150&comma;150&comma;0.3); border-radius: 8px;' src='http:\/\/ftp3.syscom.mx\/usuarios\/fotos\/pdfs\/PTS_Esquema.jpg' alt=''> <\/div>\n<p style='text-align: justify; font-size: 15px; margin: 0; color: inherit;'><em>*Pregunte por disponibilidad.<\/em><\/p>\n<\/p><\/div>\n<\/p><\/div>\n","protected":false},"excerpt":{"rendered":"<p>Termostato compatible con todos los modelos de carcasas BUNKER \/ PT, MB, MALTA.<\/p>\n","protected":false},"featured_media":5910,"comment_status":"open","ping_status":"closed","template":"","meta":[],"product_brand":[],"product_cat":[199],"product_tag":[509,201,200],"class_list":{"0":"post-5911","1":"product","2":"type-product","3":"status-publish","4":"has-post-thumbnail","6":"product_cat-carcasas","7":"product_tag-bunker-seguridad","8":"product_tag-carcasas","9":"product_tag-gabinetes-y-carcasas","11":"first","12":"outofstock","13":"sale","14":"shipping-taxable","15":"purchasable","16":"product-type-simple"},"_links":{"self":[{"href":"https:\/\/soydeaqui.ddns.net\/pachuca\/index.php\/wp-json\/wp\/v2\/product\/5911","targetHints":{"allow":["GET"]}}],"collection":[{"href":"https:\/\/soydeaqui.ddns.net\/pachuca\/index.php\/wp-json\/wp\/v2\/product"}],"about":[{"href":"https:\/\/soydeaqui.ddns.net\/pachuca\/index.php\/wp-json\/wp\/v2\/types\/product"}],"replies":[{"embeddable":true,"href":"https:\/\/soydeaqui.ddns.net\/pachuca\/index.php\/wp-json\/wp\/v2\/comments?post=5911"}],"wp:featuredmedia":[{"embeddable":true,"href":"https:\/\/soydeaqui.ddns.net\/pachuca\/index.php\/wp-json\/wp\/v2\/media\/5910"}],"wp:attachment":[{"href":"https:\/\/soydeaqui.ddns.net\/pachuca\/index.php\/wp-json\/wp\/v2\/media?parent=5911"}],"wp:term":[{"taxonomy":"product_brand","embeddable":true,"href":"https:\/\/soydeaqui.ddns.net\/pachuca\/index.php\/wp-json\/wp\/v2\/product_brand?post=5911"},{"taxonomy":"product_cat","embeddable":true,"href":"https:\/\/soydeaqui.ddns.net\/pachuca\/index.php\/wp-json\/wp\/v2\/product_cat?post=5911"},{"taxonomy":"product_tag","embeddable":true,"href":"https:\/\/soydeaqui.ddns.net\/pachuca\/index.php\/wp-json\/wp\/v2\/product_tag?post=5911"}],"curies":[{"name":"wp","href":"https:\/\/api.w.org\/{rel}","templated":true}]}}