{"id":59107,"date":"2026-03-19T04:50:58","date_gmt":"2026-03-19T04:50:58","guid":{"rendered":"https:\/\/soydeaqui.ddns.net\/pachuca\/index.php\/producto\/rollo-de-cable-plano-grado-marino-calibre-12-de-2-conductores-rojo-y-amarillo-de-100-pies-30-48-m\/"},"modified":"2026-03-19T04:50:59","modified_gmt":"2026-03-19T04:50:59","slug":"rollo-de-cable-plano-grado-marino-calibre-12-de-2-conductores-rojo-y-amarillo-de-100-pies-30-48-m","status":"publish","type":"product","link":"https:\/\/soydeaqui.ddns.net\/pachuca\/index.php\/producto\/rollo-de-cable-plano-grado-marino-calibre-12-de-2-conductores-rojo-y-amarillo-de-100-pies-30-48-m\/","title":{"rendered":"Rollo de cable plano grado marino calibre 12, de 2 conductores (rojo y amarillo) de 100 pies (30.48 m)."},"content":{"rendered":"<div style='width: 100%; max-width: 1200px; margin: 0 auto; font-family: sans-serif; line-height: 1.6; color: inherit; background-color: transparent;'>\n<div style='display: flex; flex-wrap: wrap; gap: 30px; margin-bottom: 30px;'>\n<div style='flex: 1 1 300px; min-width: 280px;'>\n<h3 style='font-size: 22px; border-bottom: 2px solid currentColor; padding-bottom: 5px; margin-top: 0; color: inherit; opacity: 0.8;'>Descripci\u00f3n<\/h3>\n<p style='margin: 15px 0; font-size: 15px; color: inherit;'>Cable el\u00e9ctrico plano de 2 conductores (rojo y amarillo) de grado marino.<\/p>\n<p style='margin: 15px 0; font-size: 15px; color: inherit;'>El cable para embarcaciones Cobra cumple o supera los requisitos de ABYC&comma; UL y la Guardia Costera.<\/p>\n<p style='margin: 15px 0; font-size: 15px; color: inherit;'>Este producto ofrece un compuesto de cloruro de polivinilo retardante de llama exclusivo (VW-1) y es resistente a la humedad&comma; la abrasi\u00f3n&comma; los \u00e1cidos&comma; el combustible di\u00e9sel y el aceite. Es extremadamente flexible y f\u00e1cil de trabajar.<\/p>\n<\/p><\/div>\n<\/p><\/div>\n<div style='display: flex; flex-wrap: wrap; gap: 20px; margin-bottom: 30px;'>\n<div style='flex: 1 1 250px; border: 1px solid rgba(150&comma; 150&comma; 150&comma; 0.4); border-radius: 8px; overflow: hidden; display: flex; flex-direction: column;'>\n<div style='padding: 15px; border-bottom: 1px solid rgba(150&comma; 150&comma; 150&comma; 0.2); font-weight: bold; font-size: 18px; color: inherit;'>Caracter\u00edsticas<\/div>\n<div style='padding: 15px; color: inherit;'>\n<ul style='padding-left: 20px; margin: 0; font-size: 14px; list-style-type: disc;'>\n<li style='margin-bottom: 5px; color: inherit;'>Cable primario marino calibre 12<\/li>\n<li style='margin-bottom: 5px; color: inherit;'>Cobre esta\u00f1ado clase K<\/li>\n<li style='margin-bottom: 5px; color: inherit;'>UL 1426<\/li>\n<li style='margin-bottom: 5px; color: inherit;'>Certificaci\u00f3n UL BC-5W2<\/li>\n<li style='margin-bottom: 5px; color: inherit;'>600 voltios<\/li>\n<li style='margin-bottom: 5px; color: inherit;'>105 \u00b0C seco&comma; 75 \u00b0C h\u00famedo<\/li>\n<\/ul><\/div>\n<\/p><\/div>\n<div style='flex: 1 1 250px; border: 1px solid rgba(150&comma; 150&comma; 150&comma; 0.4); border-radius: 8px; overflow: hidden; display: flex; flex-direction: column;'>\n<div style='padding: 15px; border-bottom: 1px solid rgba(150&comma; 150&comma; 150&comma; 0.2); font-weight: bold; font-size: 18px; color: inherit;'>Especificaciones<\/div>\n<div style='padding: 15px; color: inherit;'>\n<ul style='padding-left: 20px; margin: 0; font-size: 14px; list-style-type: disc;'>\n<li style='margin-bottom: 5px; color: inherit;'><strong>Calibre:<\/strong> 12 AWG<\/li>\n<li style='margin-bottom: 5px; color: inherit;'><strong>Conductores:<\/strong> 2 (rojo y amarillo)<\/li>\n<li style='margin-bottom: 5px; color: inherit;'><strong>Longitud:<\/strong> 100 pies (30.48 m)<\/li>\n<li style='margin-bottom: 5px; color: inherit;'><strong>Peso:<\/strong> 6 lbs<\/li>\n<\/ul><\/div>\n<\/p><\/div>\n<\/p><\/div>\n<hr style='border: 0; border-top: 1px solid rgba(150&comma; 150&comma; 150&comma; 0.3); margin: 30px 0;'> <\/div>\n","protected":false},"excerpt":{"rendered":"<p>Rollo de cable plano grado marino calibre 12, de 2 conductores (rojo y amarillo) de 100 pies (30.48 m).<\/p>\n","protected":false},"featured_media":59106,"comment_status":"open","ping_status":"closed","template":"","meta":[],"product_brand":[],"product_cat":[1541],"product_tag":[182,1542,1172],"class_list":{"0":"post-59107","1":"product","2":"type-product","3":"status-publish","4":"has-post-thumbnail","6":"product_cat-equipos-para-pesca-comercial-y-recreativa","7":"product_tag-cobra-wire-cable","8":"product_tag-equipos-para-pesca-comercial-y-recreativa","9":"product_tag-soluciones-marinas","11":"first","12":"outofstock","13":"sale","14":"shipping-taxable","15":"purchasable","16":"product-type-simple"},"_links":{"self":[{"href":"https:\/\/soydeaqui.ddns.net\/pachuca\/index.php\/wp-json\/wp\/v2\/product\/59107","targetHints":{"allow":["GET"]}}],"collection":[{"href":"https:\/\/soydeaqui.ddns.net\/pachuca\/index.php\/wp-json\/wp\/v2\/product"}],"about":[{"href":"https:\/\/soydeaqui.ddns.net\/pachuca\/index.php\/wp-json\/wp\/v2\/types\/product"}],"replies":[{"embeddable":true,"href":"https:\/\/soydeaqui.ddns.net\/pachuca\/index.php\/wp-json\/wp\/v2\/comments?post=59107"}],"wp:featuredmedia":[{"embeddable":true,"href":"https:\/\/soydeaqui.ddns.net\/pachuca\/index.php\/wp-json\/wp\/v2\/media\/59106"}],"wp:attachment":[{"href":"https:\/\/soydeaqui.ddns.net\/pachuca\/index.php\/wp-json\/wp\/v2\/media?parent=59107"}],"wp:term":[{"taxonomy":"product_brand","embeddable":true,"href":"https:\/\/soydeaqui.ddns.net\/pachuca\/index.php\/wp-json\/wp\/v2\/product_brand?post=59107"},{"taxonomy":"product_cat","embeddable":true,"href":"https:\/\/soydeaqui.ddns.net\/pachuca\/index.php\/wp-json\/wp\/v2\/product_cat?post=59107"},{"taxonomy":"product_tag","embeddable":true,"href":"https:\/\/soydeaqui.ddns.net\/pachuca\/index.php\/wp-json\/wp\/v2\/product_tag?post=59107"}],"curies":[{"name":"wp","href":"https:\/\/api.w.org\/{rel}","templated":true}]}}