{"id":59104,"date":"2026-03-19T04:50:53","date_gmt":"2026-03-19T04:50:53","guid":{"rendered":"https:\/\/soydeaqui.ddns.net\/pachuca\/index.php\/producto\/rollo-de-cable-garado-marino-calibre-12-en-color-rojo-de-250-pies-76-2-m\/"},"modified":"2026-03-19T04:50:56","modified_gmt":"2026-03-19T04:50:56","slug":"rollo-de-cable-garado-marino-calibre-12-en-color-rojo-de-250-pies-76-2-m","status":"publish","type":"product","link":"https:\/\/soydeaqui.ddns.net\/pachuca\/index.php\/producto\/rollo-de-cable-garado-marino-calibre-12-en-color-rojo-de-250-pies-76-2-m\/","title":{"rendered":"Rollo de cable garado marino calibre 12 en color rojo de 250 pies (76.2 m)."},"content":{"rendered":"<div style='width: 100%; max-width: 1200px; margin: 0 auto; font-family: sans-serif; line-height: 1.6; color: inherit; background-color: transparent;'>\n<div style='display: flex; flex-wrap: wrap; gap: 30px; margin-bottom: 30px;'>\n<div style='flex: 1 1 300px; min-width: 280px;'>\n<h3 style='font-size: 22px; border-bottom: 2px solid currentColor; padding-bottom: 5px; margin-top: 0; color: inherit; opacity: 0.8;'>Descripci\u00f3n<\/h3>\n<p style='font-size: 15px; color: inherit; margin-bottom: 15px;'>Cable el\u00e9ctrico primario en forro color rojo de grado marino.<\/p>\n<p style='font-size: 15px; color: inherit; margin-bottom: 15px;'>Peso: 8 lb (3.85 kg).<\/p>\n<\/p><\/div>\n<\/p><\/div>\n<div style='display: flex; flex-wrap: wrap; gap: 20px; margin-bottom: 30px;'>\n<div style='flex: 1 1 250px; border: 1px solid rgba(150&comma; 150&comma; 150&comma; 0.4); border-radius: 8px; overflow: hidden; display: flex; flex-direction: column;'>\n<div style='padding: 15px; border-bottom: 1px solid rgba(150&comma; 150&comma; 150&comma; 0.2); font-weight: bold; font-size: 18px; color: inherit;'>Caracter\u00edsticas<\/div>\n<div style='padding: 15px; color: inherit;'>\n<ul style='padding-left: 20px; margin: 0; font-size: 14px; list-style-type: disc;'>\n<li style='margin-bottom: 5px;'>Cable primario marino Cobra 12 AWG<\/li>\n<li style='margin-bottom: 5px;'>Rollo de 250 pies<\/li>\n<li style='margin-bottom: 5px;'>La cubierta de cloruro de polivinilo retardante de llama roja proporciona aislamiento y resiste la humedad&comma; la abrasi\u00f3n&comma; el \u00e1cido&comma; el combustible di\u00e9sel y el aceite.<\/li>\n<li style='margin-bottom: 5px;'>El cobre recubierto de esta\u00f1o de clase K finamente trenzado resiste la corrosi\u00f3n por oxidaci\u00f3n y absorci\u00f3n.<\/li>\n<li style='margin-bottom: 5px;'>Extremadamente flexible para un enrutamiento f\u00e1cil<\/li>\n<li style='margin-bottom: 5px;'>Clasificaci\u00f3n 600 V<\/li>\n<li style='margin-bottom: 5px;'>Clasificaciones de temperatura de 105 grados C en seco y 75 grados C en h\u00famedo<\/li>\n<li style='margin-bottom: 5px;'>Grado marino<\/li>\n<li style='margin-bottom: 5px;'>Cumple con los est\u00e1ndares UL 1015&comma; UL 1028&comma; UL 1230 y UL 1231<\/li>\n<\/ul><\/div>\n<\/p><\/div>\n<\/p><\/div>\n<hr style='border: 0; border-top: 1px solid rgba(150&comma; 150&comma; 150&comma; 0.3); margin: 30px 0;'> <\/div>\n","protected":false},"excerpt":{"rendered":"<p>Rollo de cable garado marino calibre 12 en color rojo de 250 pies (76.2 m).<\/p>\n","protected":false},"featured_media":59103,"comment_status":"open","ping_status":"closed","template":"","meta":[],"product_brand":[],"product_cat":[1541],"product_tag":[182,1542,1172],"class_list":{"0":"post-59104","1":"product","2":"type-product","3":"status-publish","4":"has-post-thumbnail","6":"product_cat-equipos-para-pesca-comercial-y-recreativa","7":"product_tag-cobra-wire-cable","8":"product_tag-equipos-para-pesca-comercial-y-recreativa","9":"product_tag-soluciones-marinas","11":"first","12":"outofstock","13":"sale","14":"shipping-taxable","15":"purchasable","16":"product-type-simple"},"_links":{"self":[{"href":"https:\/\/soydeaqui.ddns.net\/pachuca\/index.php\/wp-json\/wp\/v2\/product\/59104","targetHints":{"allow":["GET"]}}],"collection":[{"href":"https:\/\/soydeaqui.ddns.net\/pachuca\/index.php\/wp-json\/wp\/v2\/product"}],"about":[{"href":"https:\/\/soydeaqui.ddns.net\/pachuca\/index.php\/wp-json\/wp\/v2\/types\/product"}],"replies":[{"embeddable":true,"href":"https:\/\/soydeaqui.ddns.net\/pachuca\/index.php\/wp-json\/wp\/v2\/comments?post=59104"}],"wp:featuredmedia":[{"embeddable":true,"href":"https:\/\/soydeaqui.ddns.net\/pachuca\/index.php\/wp-json\/wp\/v2\/media\/59103"}],"wp:attachment":[{"href":"https:\/\/soydeaqui.ddns.net\/pachuca\/index.php\/wp-json\/wp\/v2\/media?parent=59104"}],"wp:term":[{"taxonomy":"product_brand","embeddable":true,"href":"https:\/\/soydeaqui.ddns.net\/pachuca\/index.php\/wp-json\/wp\/v2\/product_brand?post=59104"},{"taxonomy":"product_cat","embeddable":true,"href":"https:\/\/soydeaqui.ddns.net\/pachuca\/index.php\/wp-json\/wp\/v2\/product_cat?post=59104"},{"taxonomy":"product_tag","embeddable":true,"href":"https:\/\/soydeaqui.ddns.net\/pachuca\/index.php\/wp-json\/wp\/v2\/product_tag?post=59104"}],"curies":[{"name":"wp","href":"https:\/\/api.w.org\/{rel}","templated":true}]}}