{"id":59098,"date":"2026-03-19T04:50:41","date_gmt":"2026-03-19T04:50:41","guid":{"rendered":"https:\/\/soydeaqui.ddns.net\/pachuca\/index.php\/producto\/rollo-de-cable-grado-marino-calibre-12-en-color-negro-de-100-pies-30-48-m\/"},"modified":"2026-03-19T04:50:42","modified_gmt":"2026-03-19T04:50:42","slug":"rollo-de-cable-grado-marino-calibre-12-en-color-negro-de-100-pies-30-48-m","status":"publish","type":"product","link":"https:\/\/soydeaqui.ddns.net\/pachuca\/index.php\/producto\/rollo-de-cable-grado-marino-calibre-12-en-color-negro-de-100-pies-30-48-m\/","title":{"rendered":"Rollo de cable grado marino calibre 12 en color negro de 100 pies (30.48 m)."},"content":{"rendered":"<div style='width: 100%; max-width: 1200px; margin: 0 auto; font-family: sans-serif; line-height: 1.6; color: inherit; background-color: transparent;'> <!-- Secci\u00f3n de descripci\u00f3n principal --> <\/p>\n<div style='margin-bottom: 30px;'>\n<p style='margin-top: 0; margin-bottom: 15px;'>Cable el\u00e9ctrico primario en forro color negro de grado marino.<\/p>\n<\/p><\/div>\n<p> <!-- Secci\u00f3n de caracter\u00edsticas --> <\/p>\n<div style='display: flex; flex-wrap: wrap; gap: 30px; margin-bottom: 30px;'>\n<div style='flex: 1 1 300px; min-width: 280px;'>\n<h3 style='font-size: 22px; border-bottom: 2px solid currentColor; padding-bottom: 5px; margin-top: 0; color: inherit; opacity: 0.8;'>Caracter\u00edsticas<\/h3>\n<ul style='padding-left: 20px; font-size: 15px; color: inherit; list-style-type: disc;'>\n<li style='margin-bottom: 5px; box-sizing: border-box; vertical-align: inherit;'>Cable primario marino Cobra 12 AWG<\/li>\n<li style='margin-bottom: 5px; box-sizing: border-box; vertical-align: inherit;'>Rollo de 100 pies<\/li>\n<li style='margin-bottom: 5px; box-sizing: border-box; vertical-align: inherit;'>La cubierta de cloruro de polivinilo retardante de llama roja proporciona aislamiento y resiste la humedad&comma; la abrasi\u00f3n&comma; el \u00e1cido&comma; el combustible di\u00e9sel y el aceite.<\/li>\n<li style='margin-bottom: 5px; box-sizing: border-box; vertical-align: inherit;'>El cobre recubierto de esta\u00f1o de clase K finamente trenzado resiste la corrosi\u00f3n por oxidaci\u00f3n y absorci\u00f3n.<\/li>\n<li style='margin-bottom: 5px; box-sizing: border-box; vertical-align: inherit;'>Extremadamente flexible para un enrutamiento f\u00e1cil<\/li>\n<li style='margin-bottom: 5px; box-sizing: border-box; vertical-align: inherit;'>Clasificaci\u00f3n 600 V<\/li>\n<li style='margin-bottom: 5px; box-sizing: border-box; vertical-align: inherit;'>Clasificaciones de temperatura de 105 grados C en seco y 75 grados C en h\u00famedo<\/li>\n<li style='margin-bottom: 5px; box-sizing: border-box; vertical-align: inherit;'>Grado marino<\/li>\n<li style='margin-bottom: 5px; box-sizing: border-box; vertical-align: inherit;'>Cumple con los est\u00e1ndares UL 1015&comma; UL 1028&comma; UL 1230 y UL 1231<\/li>\n<\/ul><\/div>\n<\/p><\/div>\n<p> <!-- Secci\u00f3n de peso --> <\/p>\n<div style='margin-bottom: 30px;'>\n<h3 style='font-size: 22px; border-bottom: 2px solid currentColor; padding-bottom: 5px; margin-top: 0; color: inherit; opacity: 0.8;'>Peso<\/h3>\n<p style='margin-top: 0; margin-bottom: 15px;'>4 lb (8.61 kg).<\/p>\n<\/p><\/div>\n<p> <!-- Separador --> <\/p>\n<hr style='border: 0; border-top: 1px solid rgba(150&comma; 150&comma; 150&comma; 0.3); margin: 30px 0;'> <\/div>\n","protected":false},"excerpt":{"rendered":"<p>Rollo de cable grado marino calibre 12 en color negro de 100 pies (30.48 m).<\/p>\n","protected":false},"featured_media":59097,"comment_status":"open","ping_status":"closed","template":"","meta":[],"product_brand":[],"product_cat":[1541],"product_tag":[182,1542,1172],"class_list":{"0":"post-59098","1":"product","2":"type-product","3":"status-publish","4":"has-post-thumbnail","6":"product_cat-equipos-para-pesca-comercial-y-recreativa","7":"product_tag-cobra-wire-cable","8":"product_tag-equipos-para-pesca-comercial-y-recreativa","9":"product_tag-soluciones-marinas","11":"first","12":"outofstock","13":"sale","14":"shipping-taxable","15":"purchasable","16":"product-type-simple"},"_links":{"self":[{"href":"https:\/\/soydeaqui.ddns.net\/pachuca\/index.php\/wp-json\/wp\/v2\/product\/59098","targetHints":{"allow":["GET"]}}],"collection":[{"href":"https:\/\/soydeaqui.ddns.net\/pachuca\/index.php\/wp-json\/wp\/v2\/product"}],"about":[{"href":"https:\/\/soydeaqui.ddns.net\/pachuca\/index.php\/wp-json\/wp\/v2\/types\/product"}],"replies":[{"embeddable":true,"href":"https:\/\/soydeaqui.ddns.net\/pachuca\/index.php\/wp-json\/wp\/v2\/comments?post=59098"}],"wp:featuredmedia":[{"embeddable":true,"href":"https:\/\/soydeaqui.ddns.net\/pachuca\/index.php\/wp-json\/wp\/v2\/media\/59097"}],"wp:attachment":[{"href":"https:\/\/soydeaqui.ddns.net\/pachuca\/index.php\/wp-json\/wp\/v2\/media?parent=59098"}],"wp:term":[{"taxonomy":"product_brand","embeddable":true,"href":"https:\/\/soydeaqui.ddns.net\/pachuca\/index.php\/wp-json\/wp\/v2\/product_brand?post=59098"},{"taxonomy":"product_cat","embeddable":true,"href":"https:\/\/soydeaqui.ddns.net\/pachuca\/index.php\/wp-json\/wp\/v2\/product_cat?post=59098"},{"taxonomy":"product_tag","embeddable":true,"href":"https:\/\/soydeaqui.ddns.net\/pachuca\/index.php\/wp-json\/wp\/v2\/product_tag?post=59098"}],"curies":[{"name":"wp","href":"https:\/\/api.w.org\/{rel}","templated":true}]}}