{"id":59094,"date":"2026-03-19T04:50:34","date_gmt":"2026-03-19T04:50:34","guid":{"rendered":"https:\/\/soydeaqui.ddns.net\/pachuca\/index.php\/producto\/rollo-de-cable-grado-marino-calibre-16-en-color-negro-de-100-pies-30-48-m\/"},"modified":"2026-03-19T04:50:35","modified_gmt":"2026-03-19T04:50:35","slug":"rollo-de-cable-grado-marino-calibre-16-en-color-negro-de-100-pies-30-48-m","status":"publish","type":"product","link":"https:\/\/soydeaqui.ddns.net\/pachuca\/index.php\/producto\/rollo-de-cable-grado-marino-calibre-16-en-color-negro-de-100-pies-30-48-m\/","title":{"rendered":"Rollo de cable grado marino calibre 16 en color negro de 100 pies (30.48 m)."},"content":{"rendered":"<div style='width: 100%; max-width: 1200px; margin: 0 auto; font-family: sans-serif; line-height: 1.6; color: inherit; background-color: transparent;'>\n<div style='display: flex; flex-wrap: wrap; gap: 30px; margin-bottom: 30px;'>\n<div style='flex: 1 1 300px; min-width: 280px;'>\n<h3 style='font-size: 22px; border-bottom: 2px solid currentColor; padding-bottom: 5px; margin-top: 0; color: inherit; opacity: 0.8;'>Caracter\u00edsticas<\/h3>\n<ul style='padding-left: 20px; font-size: 15px; color: inherit;'>\n<li style='margin-bottom: 5px;'><span style='vertical-align: inherit;'>Cable primario marino Cobra 16 AWG<\/span><\/li>\n<li style='margin-bottom: 5px;'><span style='vertical-align: inherit;'>Rollo de 100 pies<\/span><\/li>\n<li style='margin-bottom: 5px;'><span style='vertical-align: inherit;'>La cubierta de cloruro de polivinilo retardante de llama roja proporciona aislamiento y resiste la humedad&comma; la abrasi\u00f3n&comma; el \u00e1cido&comma; el combustible di\u00e9sel y el aceite.<\/span><\/li>\n<li style='margin-bottom: 5px;'><span style='vertical-align: inherit;'>El cobre recubierto de esta\u00f1o de clase K finamente trenzado resiste la corrosi\u00f3n por oxidaci\u00f3n y absorci\u00f3n.<\/span><\/li>\n<li style='margin-bottom: 5px;'><span style='vertical-align: inherit;'>Extremadamente flexible para un enrutamiento f\u00e1cil<\/span><\/li>\n<li style='margin-bottom: 5px;'><span style='vertical-align: inherit;'>Clasificaci\u00f3n 600 V<\/span><\/li>\n<li style='margin-bottom: 5px;'><span style='vertical-align: inherit;'>Clasificaciones de temperatura de 105 grados C en seco y 75 grados C en h\u00famedo<\/span><\/li>\n<li style='margin-bottom: 5px;'><span style='vertical-align: inherit;'>Grado marino<\/span><\/li>\n<li style='margin-bottom: 5px;'><span style='vertical-align: inherit;'>Cumple con los est\u00e1ndares UL 1015&comma; UL 1028&comma; UL 1230 y UL 1231<\/span><\/li>\n<\/ul>\n<p style='margin-top: 20px; font-size: 15px; color: inherit;'><strong>Peso:<\/strong> 2 lb (4.40 kg)<\/p>\n<\/p><\/div>\n<\/p><\/div>\n<\/p><\/div>\n","protected":false},"excerpt":{"rendered":"<p>Rollo de cable grado marino calibre 16 en color negro de 100 pies (30.48 m).<\/p>\n","protected":false},"featured_media":59093,"comment_status":"open","ping_status":"closed","template":"","meta":[],"product_brand":[],"product_cat":[1541],"product_tag":[182,1542,1172],"class_list":{"0":"post-59094","1":"product","2":"type-product","3":"status-publish","4":"has-post-thumbnail","6":"product_cat-equipos-para-pesca-comercial-y-recreativa","7":"product_tag-cobra-wire-cable","8":"product_tag-equipos-para-pesca-comercial-y-recreativa","9":"product_tag-soluciones-marinas","11":"first","12":"outofstock","13":"sale","14":"shipping-taxable","15":"purchasable","16":"product-type-simple"},"_links":{"self":[{"href":"https:\/\/soydeaqui.ddns.net\/pachuca\/index.php\/wp-json\/wp\/v2\/product\/59094","targetHints":{"allow":["GET"]}}],"collection":[{"href":"https:\/\/soydeaqui.ddns.net\/pachuca\/index.php\/wp-json\/wp\/v2\/product"}],"about":[{"href":"https:\/\/soydeaqui.ddns.net\/pachuca\/index.php\/wp-json\/wp\/v2\/types\/product"}],"replies":[{"embeddable":true,"href":"https:\/\/soydeaqui.ddns.net\/pachuca\/index.php\/wp-json\/wp\/v2\/comments?post=59094"}],"wp:featuredmedia":[{"embeddable":true,"href":"https:\/\/soydeaqui.ddns.net\/pachuca\/index.php\/wp-json\/wp\/v2\/media\/59093"}],"wp:attachment":[{"href":"https:\/\/soydeaqui.ddns.net\/pachuca\/index.php\/wp-json\/wp\/v2\/media?parent=59094"}],"wp:term":[{"taxonomy":"product_brand","embeddable":true,"href":"https:\/\/soydeaqui.ddns.net\/pachuca\/index.php\/wp-json\/wp\/v2\/product_brand?post=59094"},{"taxonomy":"product_cat","embeddable":true,"href":"https:\/\/soydeaqui.ddns.net\/pachuca\/index.php\/wp-json\/wp\/v2\/product_cat?post=59094"},{"taxonomy":"product_tag","embeddable":true,"href":"https:\/\/soydeaqui.ddns.net\/pachuca\/index.php\/wp-json\/wp\/v2\/product_tag?post=59094"}],"curies":[{"name":"wp","href":"https:\/\/api.w.org\/{rel}","templated":true}]}}