{"id":59037,"date":"2026-03-19T04:48:52","date_gmt":"2026-03-19T04:48:52","guid":{"rendered":"https:\/\/soydeaqui.ddns.net\/pachuca\/index.php\/producto\/phoenix-smart-ip43-12-30-cargador-de-baterias-12v-30a-para-ambientes-marinos-y-terrestres-para-baterias-de-plomo-y-litio\/"},"modified":"2026-03-19T04:48:54","modified_gmt":"2026-03-19T04:48:54","slug":"phoenix-smart-ip43-12-30-cargador-de-baterias-12v-30a-para-ambientes-marinos-y-terrestres-para-baterias-de-plomo-y-litio","status":"publish","type":"product","link":"https:\/\/soydeaqui.ddns.net\/pachuca\/index.php\/producto\/phoenix-smart-ip43-12-30-cargador-de-baterias-12v-30a-para-ambientes-marinos-y-terrestres-para-baterias-de-plomo-y-litio\/","title":{"rendered":"Phoenix Smart IP43 12\/30 \/ Cargador de Bater\u00edas 12V, 30A \/ Para Ambientes Marinos y Terrestres. \/  Para bater\u00edas de Plomo y Litio"},"content":{"rendered":"<div style='width: 100%; max-width: 1200px; margin: 0 auto; font-family: sans-serif; line-height: 1.6; color: inherit; background-color: transparent;'>\n<div style='display: flex; flex-wrap: wrap; gap: 30px; margin-bottom: 30px;'>\n<div style='flex: 1 1 300px; min-width: 280px;'>\n<h3 style='font-size: 22px; border-bottom: 2px solid currentColor; padding-bottom: 5px; margin-top: 0; color: inherit; opacity: 0.8;'>Descripci\u00f3n General<\/h3>\n<p style='margin-top: 0; font-size: 15px; color: inherit;'>Pensando en los propietarios de barcos&comma; este cargador adaptativo de 5 pasos proporciona 30 A \u00f3 50 A de carga a cada uno de los tres bancos de bater\u00edas. O el modelo Smart 1+1 proporciona 3 A a la bater\u00eda de arranque y el resto al banco &#8216;dom\u00e9stico&#8217;. Hay modelos de 24 V disponibles con carga de 16 A\/25 A. Dispone de Bluetooth&comma; de modo que se puede controlar el cargador y programar alarmas directamente desde el tel\u00e9fono. Funciones de carga adaptativa&comma; inteligente y din\u00e1mica<\/p>\n<\/p><\/div>\n<div style='flex: 1 1 300px; min-width: 280px;'>\n<h3 style='font-size: 22px; border-bottom: 2px solid currentColor; padding-bottom: 5px; margin-top: 0; color: inherit; opacity: 0.8;'>Conectividad<\/h3>\n<ul style='padding-left: 20px; font-size: 15px; color: inherit;'>\n<li style='margin-bottom: 5px;'><strong>Bluetooth Smart integrado:<\/strong> La soluci\u00f3n inal\u00e1mbrica para configurar&comma; monitorizar&comma; controlar&comma; actualizar y sincronizar los cargadores Smart IP43.<\/li>\n<li style='margin-bottom: 5px;'><strong>Smart (1+1):<\/strong> Dos salidas para cargar 2 bancadas de bater\u00edas. La segunda salida&comma; limitada a aproximadamente 4 A y con una tensi\u00f3n de salida ligeramente m\u00e1s baja&comma; est\u00e1 pensada para cargar a tope una bater\u00eda de arranque.<\/li>\n<\/ul><\/div>\n<\/p><\/div>\n<div style='display: flex; flex-wrap: wrap; gap: 30px; margin-bottom: 30px;'>\n<div style='flex: 1 1 300px; min-width: 280px;'>\n<h3 style='font-size: 22px; border-bottom: 2px solid currentColor; padding-bottom: 5px; margin-top: 0; color: inherit; opacity: 0.8;'>Caracter\u00edsticas T\u00e9cnicas<\/h3>\n<ul style='padding-left: 20px; font-size: 15px; color: inherit;'>\n<li style='margin-bottom: 5px;'><strong>Compensaci\u00f3n autom\u00e1tica de la tensi\u00f3n:<\/strong> El cargador compensa la ca\u00edda de tensi\u00f3n de los cables de CC aumentando gradualmente la tensi\u00f3n de salida cuando aumenta la corriente continua.<\/li>\n<li style='margin-bottom: 5px;'><strong>Algoritmo de carga adaptativo de 6 etapas:<\/strong> Carga inicial \u2013 absorci\u00f3n \u2013 reacondicionamiento &#8211; flotaci\u00f3n &#8211; almacenamiento \u2013 refresco. El Cargador Inteligente dispone de nuestro bien conocido sistema de gesti\u00f3n de bater\u00edas &#8216;adaptativo&#8217; que puede configurarse para distintos tipos de bater\u00eda. Su funci\u00f3n &#8216;adaptativa&#8217; optimizar\u00e1 autom\u00e1ticamente el proceso de carga en funci\u00f3n del uso que se le d\u00e9 a la bater\u00eda.<\/li>\n<li style='margin-bottom: 5px;'><strong>Cantidad de carga correcta:<\/strong> Tiempo de absorci\u00f3n adaptativa. Cuando la descarga es poca (por ejemplo&comma; un yate conectado al pantal\u00e1n) la fase de carga de absorci\u00f3n se acorta para as\u00ed evitar una sobrecarga de la bater\u00eda. Despu\u00e9s de una descarga profunda&comma; el tiempo de carga de absorci\u00f3n aumenta autom\u00e1ticamente para garantizar una recarga completa de la bater\u00eda.<\/li>\n<li style='margin-bottom: 5px;'><strong>Modo BatterySafe:<\/strong> Prevenci\u00f3n de da\u00f1os por un exceso de gaseado. Si&comma; para cargar una bater\u00eda r\u00e1pidamente&comma; se ha elegido una combinaci\u00f3n de alta corriente de carga con una tensi\u00f3n de absorci\u00f3n alta&comma; el cargador evitar\u00e1 que se produzcan da\u00f1os por exceso de gaseado&comma; limitando autom\u00e1ticamente el ritmo de incremento de tensi\u00f3n una vez se haya alcanzado la tensi\u00f3n de gaseado.<\/li>\n<\/ul><\/div>\n<\/p><\/div>\n<div style='display: flex; flex-wrap: wrap; gap: 20px; margin-bottom: 30px;'>\n<div style='flex: 1 1 250px; border: 1px solid rgba(150&comma; 150&comma; 150&comma; 0.4); border-radius: 8px; overflow: hidden; display: flex; flex-direction: column;'>\n<div style='padding: 15px; border-bottom: 1px solid rgba(150&comma; 150&comma; 150&comma; 0.2); font-weight: bold; font-size: 18px; color: inherit;'>Especificaciones El\u00e9ctricas<\/div>\n<div style='padding: 15px; color: inherit;'>\n<ul style='padding-left: 20px; margin: 0; font-size: 14px; list-style-type: disc;'>\n<li style='margin-bottom: 5px;'><strong>Voltaje de Carga de Absorci\u00f3n:<\/strong> 14.4V Ajustable<\/li>\n<li style='margin-bottom: 5px;'><strong>Voltaje de Carga Flotante:<\/strong> 13.8V Ajustable<\/li>\n<li style='margin-bottom: 5px;'><strong>Corriente de Carga Nominal:<\/strong> 30A<\/li>\n<li style='margin-bottom: 5px;'><strong>Entrada:<\/strong> 85-250 V y 45-65 Hz<\/li>\n<li style='margin-bottom: 5px;'><strong>Salidas:<\/strong> Dos salidas (Modelo Smart 1+1)<\/li>\n<\/ul><\/div>\n<\/p><\/div>\n<div style='flex: 1 1 250px; border: 1px solid rgba(150&comma; 150&comma; 150&comma; 0.4); border-radius: 8px; overflow: hidden; display: flex; flex-direction: column;'>\n<div style='padding: 15px; border-bottom: 1px solid rgba(150&comma; 150&comma; 150&comma; 0.2); font-weight: bold; font-size: 18px; color: inherit;'>Caracter\u00edsticas F\u00edsicas<\/div>\n<div style='padding: 15px; color: inherit;'>\n<ul style='padding-left: 20px; margin: 0; font-size: 14px; list-style-type: disc;'>\n<li style='margin-bottom: 5px;'><strong>Protecci\u00f3n IP43:<\/strong> En componentes electr\u00f3nicos<\/li>\n<li style='margin-bottom: 5px;'><strong>Protecci\u00f3n IP22:<\/strong> En zona de conexiones<\/li>\n<li style='margin-bottom: 5px;'><strong>Protecciones:<\/strong> Polaridad inversa&comma; Cortocircuito de salida&comma; Sobretemperatura<\/li>\n<li style='margin-bottom: 5px;'><strong>Modo para bater\u00edas de litio:<\/strong> S\u00ed<\/li>\n<\/ul><\/div>\n<\/p><\/div>\n<div style='flex: 1 1 250px; border: 1px solid rgba(150&comma; 150&comma; 150&comma; 0.4); border-radius: 8px; overflow: hidden; display: flex; flex-direction: column;'>\n<div style='padding: 15px; border-bottom: 1px solid rgba(150&comma; 150&comma; 150&comma; 0.2); font-weight: bold; font-size: 18px; color: inherit;'>Aplicaciones<\/div>\n<div style='padding: 15px; color: inherit;'>\n<ul style='padding-left: 20px; margin: 0; font-size: 14px; list-style-type: disc;'>\n<li style='margin-bottom: 5px;'>Instalaciones marinas (barcos&comma; yates)<\/li>\n<li style='margin-bottom: 5px;'>Sistemas terrestres<\/li>\n<li style='margin-bottom: 5px;'>Sistemas de energ\u00eda solar<\/li>\n<li style='margin-bottom: 5px;'>Sistemas de energ\u00eda e\u00f3lica<\/li>\n<li style='margin-bottom: 5px;'>Sistemas de almacenamiento de energ\u00eda<\/li>\n<\/ul><\/div>\n<\/p><\/div>\n<\/p><\/div>\n<hr style='border: 0; border-top: 1px solid rgba(150&comma; 150&comma; 150&comma; 0.3); margin: 30px 0;'>\n<div style='text-align: center; margin: 30px 0;'>\n<p style='margin: 0; font-size: 15px; color: inherit;'>Una instalaci\u00f3n sin complicaciones y un funcionamiento intuitivo hacen que el Cargador Centaur sea la elecci\u00f3n perfecta tanto para aplicaciones n\u00e1uticas como terrestres. Para m\u00e1s informaci\u00f3n y consultas&comma; visite: <a style='color: inherit; text-decoration: none;' href='https:\/\/www.victronenergy.com' target='_blank' rel='noopener noreferrer'>Victron Energy<\/a>.<\/p>\n<\/p><\/div>\n<\/p><\/div>\n","protected":false},"excerpt":{"rendered":"<p>Phoenix Smart IP43 12\/30 \/ Cargador de Bater\u00edas 12V, 30A \/ Para Ambientes Marinos y Terrestres. \/  Para bater\u00edas de Plomo y Litio<\/p>\n","protected":false},"featured_media":59036,"comment_status":"open","ping_status":"closed","template":"","meta":[],"product_brand":[],"product_cat":[1171],"product_tag":[1173,1172,1174],"class_list":{"0":"post-59037","1":"product","2":"type-product","3":"status-publish","4":"has-post-thumbnail","6":"product_cat-fuentes-cargadores","7":"product_tag-fuentes-cargadores","8":"product_tag-soluciones-marinas","9":"product_tag-victron-energy","11":"first","12":"outofstock","13":"sale","14":"shipping-taxable","15":"purchasable","16":"product-type-simple"},"_links":{"self":[{"href":"https:\/\/soydeaqui.ddns.net\/pachuca\/index.php\/wp-json\/wp\/v2\/product\/59037","targetHints":{"allow":["GET"]}}],"collection":[{"href":"https:\/\/soydeaqui.ddns.net\/pachuca\/index.php\/wp-json\/wp\/v2\/product"}],"about":[{"href":"https:\/\/soydeaqui.ddns.net\/pachuca\/index.php\/wp-json\/wp\/v2\/types\/product"}],"replies":[{"embeddable":true,"href":"https:\/\/soydeaqui.ddns.net\/pachuca\/index.php\/wp-json\/wp\/v2\/comments?post=59037"}],"wp:featuredmedia":[{"embeddable":true,"href":"https:\/\/soydeaqui.ddns.net\/pachuca\/index.php\/wp-json\/wp\/v2\/media\/59036"}],"wp:attachment":[{"href":"https:\/\/soydeaqui.ddns.net\/pachuca\/index.php\/wp-json\/wp\/v2\/media?parent=59037"}],"wp:term":[{"taxonomy":"product_brand","embeddable":true,"href":"https:\/\/soydeaqui.ddns.net\/pachuca\/index.php\/wp-json\/wp\/v2\/product_brand?post=59037"},{"taxonomy":"product_cat","embeddable":true,"href":"https:\/\/soydeaqui.ddns.net\/pachuca\/index.php\/wp-json\/wp\/v2\/product_cat?post=59037"},{"taxonomy":"product_tag","embeddable":true,"href":"https:\/\/soydeaqui.ddns.net\/pachuca\/index.php\/wp-json\/wp\/v2\/product_tag?post=59037"}],"curies":[{"name":"wp","href":"https:\/\/api.w.org\/{rel}","templated":true}]}}