{"id":5903,"date":"2026-03-18T06:36:47","date_gmt":"2026-03-18T06:36:47","guid":{"rendered":"https:\/\/soydeaqui.ddns.net\/pachuca\/index.php\/producto\/comunicador-gsm-gprs-para-paneles-pima-permite-envio-de-sms-llamadas-o-datos-compatible-con-la-central-sentry-de-pima\/"},"modified":"2026-03-18T06:36:47","modified_gmt":"2026-03-18T06:36:47","slug":"comunicador-gsm-gprs-para-paneles-pima-permite-envio-de-sms-llamadas-o-datos-compatible-con-la-central-sentry-de-pima","status":"publish","type":"product","link":"https:\/\/soydeaqui.ddns.net\/pachuca\/index.php\/producto\/comunicador-gsm-gprs-para-paneles-pima-permite-envio-de-sms-llamadas-o-datos-compatible-con-la-central-sentry-de-pima\/","title":{"rendered":"Comunicador GSM\/GPRS para paneles PIMA. Permite env\u00edo de SMS, Llamadas o Datos. Compatible con la central SENTRY de PIMA"},"content":{"rendered":"<div style='width: 100%; max-width: 1200px; margin: 0 auto; font-family: sans-serif; line-height: 1.6; color: inherit; background-color: transparent;'> <!-- Imagen destacada --> <\/p>\n<div style='margin-bottom: 30px;'> <a href='https:\/\/www.syscom.mx\/principal\/consultarproductosazul?global_search=cfh500&#038;ordenar=Relevancia&#038;pag=1' style='text-decoration: none; color: inherit;' target='_blank'> <img style='width: 100%; height: auto; border: 1px solid rgba(150&comma;150&comma;150&comma;0.3); border-radius: 8px;' src='http:\/\/ftp3.syscom.mx\/usuarios\/yhermosillo\/PIMA\/Cloud_PIMA.png' alt=''> <\/a> <\/div>\n<p> <!-- Descripci\u00f3n principal --> <\/p>\n<div style='margin-bottom: 30px; font-size: 15px;'>\n<p>Los transmisores celulares GSM-200 de PIMA se utilizan para enviar datos de las Estaciones Centrales de Monitoreo (CMS) con receptores de tel\u00e9fono est\u00e1ndar. El exclusivo Triple Comunicador Digital que se encuentra integrado en los paneles de control de PIMA permite el env\u00edo de Full Data de reportes de todos los eventos y estados del panel. Esto se realiza en paralelo y\/o como respaldo de l\u00ednea telef\u00f3nica y sin p\u00e9rdida de nivel de detalles.<\/p>\n<\/p><\/div>\n<p> <!-- Caracter\u00edsticas principales --> <\/p>\n<div style='margin-bottom: 30px;'>\n<h3 style='font-size: 22px; border-bottom: 2px solid currentColor; padding-bottom: 5px; margin-top: 0; color: inherit; opacity: 0.8;'>Caracter\u00edsticas del Transmisor Celular GSM-200<\/h3>\n<ul style='padding-left: 20px; font-size: 15px; color: inherit;'>\n<li style='margin-bottom: 5px;'>M\u00f3dulo GSM que se integra al panel (en el mismo gabinete met\u00e1lico del panel de control)<\/li>\n<li style='margin-bottom: 5px;'>Instalaci\u00f3n f\u00e1cil y sencilla (Plug-and-play)<\/li>\n<li style='margin-bottom: 5px;'>Soporta el doble reporte con diferentes zonas de marcado<\/li>\n<li style='margin-bottom: 5px;'>Reportes de Full Data a la Estaci\u00f3n Central de Monitoreo (CMS). Soporta formatos tales como: 4X2 Pulsos &#038; DTMF&comma; Contact ID&comma; PAF\u00e1&comma; NPAF\u00e1&comma; Scantronics y otros m\u00e1s<\/li>\n<li style='margin-bottom: 5px;'>Totalmente programable a trav\u00e9s del teclado de alarma del panel PIMA&comma; local o remotamente utilizando el software COMAX (un software de descarga basado en ambiente Windows) o a trav\u00e9s del programador r\u00e1pido PRG-22&comma; Tel\u00e9fono o Red celular (GPRS)<\/li>\n<li style='margin-bottom: 5px;'>EXCLUSIVO DE PIMA &#8211; el estado y fallas de m\u00f3dulo GSM es reportado a trav\u00e9s de la l\u00ednea telef\u00f3nica y viceversa<\/li>\n<li style='margin-bottom: 5px;'>Test integrados para m\u00e1xima seguridad (opci\u00f3n de reportes con diferentes IDs de subscriptor)<\/li>\n<li style='margin-bottom: 5px;'>Engine Quad-band &#8211; Telit&comma; funciona en casi cualquier parte del mundo donde exista red GSM<\/li>\n<li style='margin-bottom: 5px;'>4 Clases de antenas disponibles &#8211; para ajustarse al rango de cobertura requerido<\/li>\n<\/ul><\/div>\n<p> <!-- Especificaciones t\u00e9cnicas --> <\/p>\n<div style='margin-bottom: 30px;'>\n<h3 style='font-size: 22px; border-bottom: 2px solid currentColor; padding-bottom: 5px; margin-top: 0; color: inherit; opacity: 0.8;'>Funciones T\u00e9cnicas del GSM-200<\/h3>\n<ul style='padding-left: 20px; font-size: 15px; color: inherit;'>\n<li style='margin-bottom: 5px;'><strong>Temperatura:<\/strong><\/li>\n<li style='margin-bottom: 5px;'>&#8211; Operaci\u00f3n: -30 a 60\u00baC<\/li>\n<li style='margin-bottom: 5px;'>&#8211; Almacenamiento: -40 a 85\u00baC<\/li>\n<li style='margin-bottom: 5px;'>&#8211; Humedad: 75% sin condensaci\u00f3n<\/li>\n<li style='margin-bottom: 5px;'><strong>Voltaje de operaci\u00f3n:<\/strong><\/li>\n<li style='margin-bottom: 5px;'>&#8211; 9 a 14 Vcc; 12 Vcc nominal<\/li>\n<li style='margin-bottom: 5px;'><strong>Consumo de Corriente:<\/strong><\/li>\n<li style='margin-bottom: 5px;'>&#8211; En espera; 100 mA<\/li>\n<li style='margin-bottom: 5px;'>&#8211; M\u00e1ximo: 380 mA<\/li>\n<li style='margin-bottom: 5px;'><strong>Potencia de Salida:<\/strong><\/li>\n<li style='margin-bottom: 5px;'>&#8211; 850\/900 MHz: 2 Watts m\u00e1x<\/li>\n<li style='margin-bottom: 5px;'>&#8211; 180\/1900 MHz: 1 Watt m\u00e1x<\/li>\n<li style='margin-bottom: 5px;'><strong>Datos Especificos:<\/strong><\/li>\n<li style='margin-bottom: 5px;'>&#8211; Sistema operativo: QUAD-BAND GSM 850\/900\/1800\/1900 MHz<\/li>\n<li style='margin-bottom: 5px;'>&#8211; Antenas disponibles: 1.5 dB (preferido)&comma; 3dB&comma; 5dB &#038; 7dB<\/li>\n<\/ul><\/div>\n<p> <!-- Notas importantes --> <\/p>\n<div style='margin-bottom: 30px;'>\n<ul style='padding-left: 20px; font-size: 15px; color: inherit;'>\n<li style='margin-bottom: 5px;'><strong>*No compatible con SIM versi\u00f3n 6.0 (4GLTE) de telcel<\/strong><\/li>\n<li style='margin-bottom: 5px;'><strong>*Permite env\u00edo de SMS&comma; Llamadas o Datos a trav\u00e9s de GPRS<\/strong><\/li>\n<li style='margin-bottom: 5px;'><strong>Pregunte por Disponibilidad<\/strong><\/li>\n<\/ul><\/div>\n<p> <!-- Videos de programaci\u00f3n --> <\/p>\n<div style='margin-bottom: 30px;'>\n<h3 style='font-size: 22px; border-bottom: 2px solid currentColor; padding-bottom: 5px; margin-top: 0; margin-bottom: 20px; color: inherit; opacity: 0.8;'>Videos de Programaci\u00f3n de GSM-200<\/h3>\n<p> <!-- Contenedor de videos --> <\/p>\n<div style='display: grid; grid-template-columns: repeat(auto-fill&comma; minmax(280px&comma; 1fr)); gap: 20px; margin-bottom: 30px;'>\n<div style='position: relative; padding-bottom: 56.25%; height: 0; overflow: hidden;'>   <\/div>\n<div style='position: relative; padding-bottom: 56.25%; height: 0; overflow: hidden;'>   <\/div>\n<div style='position: relative; padding-bottom: 56.25%; height: 0; overflow: hidden;'>   <\/div>\n<div style='position: relative; padding-bottom: 56.25%; height: 0; overflow: hidden;'>   <\/div>\n<div style='position: relative; padding-bottom: 56.25%; height: 0; overflow: hidden;'>   <\/div>\n<div style='position: relative; padding-bottom: 56.25%; height: 0; overflow: hidden;'>   <\/div>\n<\/p><\/div>\n<\/p><\/div>\n<p> <!-- Im\u00e1genes adicionales --> <\/p>\n<div style='margin-bottom: 30px; display: grid; grid-template-columns: repeat(auto-fill&comma; minmax(280px&comma; 1fr)); gap: 20px;'> <a href='https:\/\/www.syscom.mx\/producto\/SENTRYLINE-PIMA-69612.html' style='text-decoration: none; color: inherit;' target='_blank'> <img style='width: 100%; height: auto; border: 1px solid rgba(150&comma;150&comma;150&comma;0.3); border-radius: 8px;' src='http:\/\/ftp3.syscom.mx\/usuarios\/yhermosillo\/PIMA\/Diagrama%20Comunicacion%20Pima.png' alt=''> <\/a> <a href='https:\/\/www.syscom.mx\/producto\/SENTRYLINE-PIMA-69612.html' style='text-decoration: none; color: inherit;' target='_blank'> <img style='width: 100%; height: auto; border: 1px solid rgba(150&comma;150&comma;150&comma;0.3); border-radius: 8px;' src='http:\/\/ftp3.syscom.mx\/usuarios\/yhermosillo\/PIMA\/Comunicacion%20IP%20GSM%20PIMA.png' alt=''> <\/a> <a href='https:\/\/www.syscom.mx\/producto\/SENTRYLINE-PIMA-69612.html' style='text-decoration: none; color: inherit;' target='_blank'> <img style='width: 100%; height: auto; border: 1px solid rgba(150&comma;150&comma;150&comma;0.3); border-radius: 8px;' src='http:\/\/ftp3.syscom.mx\/usuarios\/ftp\/syscom_mx\/pimasentry-01.jpg' alt=''> <\/a> <a href='https:\/\/www.syscom.mx\/producto\/SENTRYLINE-PIMA-69612.html' style='text-decoration: none; color: inherit;' target='_blank'> <img style='width: 100%; height: auto; border: 1px solid rgba(150&comma;150&comma;150&comma;0.3); border-radius: 8px;' src='http:\/\/ftp3.syscom.mx\/usuarios\/ftp\/syscom_mx\/pimasentry-02.jpg' alt=''> <\/a> <a href='https:\/\/www.syscom.mx\/producto\/SAT9-PID-PIMA-67175.html' style='text-decoration: none; color: inherit;' target='_blank'> <img style='width: 100%; height: auto; border: 1px solid rgba(150&comma;150&comma;150&comma;0.3); border-radius: 8px;' src='http:\/\/ftp3.syscom.mx\/usuarios\/ftp\/syscom_mx\/pimasentry-06.jpg' alt=''> <\/a> <a href='https:\/\/www.syscom.mx\/principal\/consultarproductosazul?global_search=tru100&#038;ordenar=Relevancia&#038;pag=1' style='text-decoration: none; color: inherit;' target='_blank'> <img style='width: 100%; height: auto; border: 1px solid rgba(150&comma;150&comma;150&comma;0.3); border-radius: 8px;' src='http:\/\/ftp3.syscom.mx\/usuarios\/ftp\/syscom_mx\/pimasentry-07.jpg' alt=''> <\/a> <a href='http:\/\/www.syscom.mx\/producto\/SAR100-PIMA-65498.html' style='text-decoration: none; color: inherit;' target='_blank'> <img style='width: 100%; height: auto; border: 1px solid rgba(150&comma;150&comma;150&comma;0.3); border-radius: 8px;' src='http:\/\/ftp3.syscom.mx\/usuarios\/ftp\/syscom_mx\/pimasentry-08.jpg' alt=''> <\/a> <a href='https:\/\/www.syscom.mx\/producto\/SENTRYLINE-PIMA-69612.html' style='text-decoration: none; color: inherit;' target='_blank'> <img style='width: 100%; height: auto; border: 1px solid rgba(150&comma;150&comma;150&comma;0.3); border-radius: 8px;' src='http:\/\/ftp3.syscom.mx\/usuarios\/yhermosillo\/PIMA\/Sentry_banner_01.png' alt=''> <\/a> <a href='https:\/\/www.syscom.mx\/producto\/SENTRYLINE-PIMA-69612.html' style='text-decoration: none; color: inherit;' target='_blank'> <img style='width: 100%; height: auto; border: 1px solid rgba(150&comma;150&comma;150&comma;0.3); border-radius: 8px;' src='https:\/\/ftp3.syscom.mx\/usuarios\/fotos\/HUNTER8PCB\/18795-ventajas_sentry_01.png' alt=''> <\/a> <a href='https:\/\/www.syscom.mx\/producto\/SENTRYLINE-PIMA-69612.html' style='text-decoration: none; color: inherit;' target='_blank'> <img style='width: 100%; height: auto; border: 1px solid rgba(150&comma;150&comma;150&comma;0.3); border-radius: 8px;' src='https:\/\/ftp3.syscom.mx\/usuarios\/fotos\/HUNTER8PCB\/18795-diagrama_de_aplicacion_sentry.png' alt=''> <\/a> <a href='https:\/\/www.syscom.mx\/producto\/SENTRYLINE-PIMA-69612.html' style='text-decoration: none; color: inherit;' target='_blank'> <img style='width: 100%; height: auto; border: 1px solid rgba(150&comma;150&comma;150&comma;0.3); border-radius: 8px;' src='https:\/\/ftp3.syscom.mx\/usuarios\/fotos\/HUNTER8PCB\/18795-sentry_4_en_1.png' alt=''> <\/a> <a href='https:\/\/www.syscom.mx\/producto\/SENTRYLINE-PIMA-69612.html' style='text-decoration: none; color: inherit;' target='_blank'> <img style='width: 100%; height: auto; border: 1px solid rgba(150&comma;150&comma;150&comma;0.3); border-radius: 8px;' src='http:\/\/148.223.3.142\/archivos\/paginaweb\/flyers\/centrales-alarma\/images\/sentry_01.jpg' alt=''> <\/a> <\/div>\n<p> <!-- Diagramas y aplicaciones --> <\/p>\n<div style='margin-bottom: 30px;'> <a href='https:\/\/www.syscom.mx\/producto\/SENTRYLINE-PIMA-69612.html' style='text-decoration: none; color: inherit;' target='_blank'> <img style='width: 100%; height: auto; border: 1px solid rgba(150&comma;150&comma;150&comma;0.3); border-radius: 8px;' src='http:\/\/ftp3.syscom.mx\/usuarios\/ftp\/syscom_mx\/pimasentry-05.jpg' alt=''> <\/a> <\/div>\n<div style='margin-bottom: 30px;'> <a href='http:\/\/ftp3.syscom.mx\/usuarios\/ftp\/DiagramaSentry-01.jpg' style='text-decoration: none; color: inherit;' target='_blank'> <img style='width: 100%; height: auto; border: 1px solid rgba(150&comma;150&comma;150&comma;0.3); border-radius: 8px;' src='http:\/\/ftp3.syscom.mx\/usuarios\/ftp\/syscom_mx\/pimasentry-09.jpg' alt=''> <\/a> <\/div>\n<div style='margin-bottom: 30px;'> <a href='http:\/\/ftp3.syscom.mx\/usuarios\/ftp\/DiagramaSentry-02.jpg' style='text-decoration: none; color: inherit;' target='_blank'> <img style='width: 100%; height: auto; border: 1px solid rgba(150&comma;150&comma;150&comma;0.3); border-radius: 8px;' src='http:\/\/ftp3.syscom.mx\/usuarios\/ftp\/syscom_mx\/pimasentry-03.jpg' alt=''> <\/a> <\/div>\n<p> <!-- Nota final --> <\/p>\n<div style='margin-bottom: 30px;'>\n<p style='font-size: 15px; text-align: center; margin: 0; padding: 15px; background: rgba(0&comma;0&comma;0&comma;0.05); border-left: 4px solid rgba(0&comma;0&comma;0&comma;0.2);'> <strong>Monitoreo utilizando radio con paneles de alarma&comma; sin necesidad de tel\u00e9fono o internet<\/strong> <\/p>\n<\/p><\/div>\n<div style='margin-bottom: 30px;'>\n<p style='font-size: 15px; text-align: center; margin: 0; padding: 15px; background: rgba(0&comma;0&comma;0&comma;0.05); border-left: 4px solid rgba(0&comma;0&comma;0&comma;0.2);'> <strong>Usted puede tener SAR-100 en varias ciudades y monitorear desde una ciudad a todas por internet<\/strong> <\/p>\n<\/p><\/div>\n<div style='margin-bottom: 30px;'>\n<p style='font-size: 15px; text-align: center; margin: 0; padding: 15px; background: rgba(0&comma;0&comma;0&comma;0.05; border-left: 4px solid rgba(0&comma;0&comma;0&comma;0.2);'> <strong>Se reporta una alerta cuando la persona trabajando en la gasolinera presiona el bot\u00f3n de p\u00e1nico<\/strong> <\/p>\n<\/p><\/div>\n<div style='margin-bottom: 30px;'>\n<p style='font-size: 15px; text-align: center; margin: 0; padding: 15px; background: rgba(0&comma;0&comma;0&comma;0.05); border-left: 4px solid rgba(0&comma;0&comma;0&comma;0.2);'> <strong>Se previene de robos gracias a paneles de alarma reportando por radio en zonas sin cobertura celular o telef\u00f3nica<\/strong> <\/p>\n<\/p><\/div>\n<\/p><\/div>\n","protected":false},"excerpt":{"rendered":"<p>Comunicador GSM\/GPRS para paneles PIMA. Permite env\u00edo de SMS, Llamadas o Datos. Compatible con la central SENTRY de PIMA<\/p>\n","protected":false},"featured_media":5902,"comment_status":"open","ping_status":"closed","template":"","meta":[],"product_brand":[],"product_cat":[386],"product_tag":[40,207,496],"class_list":{"0":"post-5903","1":"product","2":"type-product","3":"status-publish","4":"has-post-thumbnail","6":"product_cat-comunicadores-centrales-de-monitoreo","7":"product_tag-centrales-de-monitoreo","8":"product_tag-comunicadores","9":"product_tag-pima","11":"first","12":"outofstock","13":"sale","14":"shipping-taxable","15":"purchasable","16":"product-type-simple"},"_links":{"self":[{"href":"https:\/\/soydeaqui.ddns.net\/pachuca\/index.php\/wp-json\/wp\/v2\/product\/5903","targetHints":{"allow":["GET"]}}],"collection":[{"href":"https:\/\/soydeaqui.ddns.net\/pachuca\/index.php\/wp-json\/wp\/v2\/product"}],"about":[{"href":"https:\/\/soydeaqui.ddns.net\/pachuca\/index.php\/wp-json\/wp\/v2\/types\/product"}],"replies":[{"embeddable":true,"href":"https:\/\/soydeaqui.ddns.net\/pachuca\/index.php\/wp-json\/wp\/v2\/comments?post=5903"}],"wp:featuredmedia":[{"embeddable":true,"href":"https:\/\/soydeaqui.ddns.net\/pachuca\/index.php\/wp-json\/wp\/v2\/media\/5902"}],"wp:attachment":[{"href":"https:\/\/soydeaqui.ddns.net\/pachuca\/index.php\/wp-json\/wp\/v2\/media?parent=5903"}],"wp:term":[{"taxonomy":"product_brand","embeddable":true,"href":"https:\/\/soydeaqui.ddns.net\/pachuca\/index.php\/wp-json\/wp\/v2\/product_brand?post=5903"},{"taxonomy":"product_cat","embeddable":true,"href":"https:\/\/soydeaqui.ddns.net\/pachuca\/index.php\/wp-json\/wp\/v2\/product_cat?post=5903"},{"taxonomy":"product_tag","embeddable":true,"href":"https:\/\/soydeaqui.ddns.net\/pachuca\/index.php\/wp-json\/wp\/v2\/product_tag?post=5903"}],"curies":[{"name":"wp","href":"https:\/\/api.w.org\/{rel}","templated":true}]}}