{"id":59026,"date":"2026-03-19T04:48:30","date_gmt":"2026-03-19T04:48:30","guid":{"rendered":"https:\/\/soydeaqui.ddns.net\/pachuca\/index.php\/producto\/navegador-portatil-aera-760-muestra-informacion-de-trafico-aereo-y-una-excelente-visualizacion-por-medio-de-su-pantalla-con-vision-3d-touch-screen\/"},"modified":"2026-03-19T04:48:42","modified_gmt":"2026-03-19T04:48:42","slug":"navegador-portatil-aera-760-muestra-informacion-de-trafico-aereo-y-una-excelente-visualizacion-por-medio-de-su-pantalla-con-vision-3d-touch-screen","status":"publish","type":"product","link":"https:\/\/soydeaqui.ddns.net\/pachuca\/index.php\/producto\/navegador-portatil-aera-760-muestra-informacion-de-trafico-aereo-y-una-excelente-visualizacion-por-medio-de-su-pantalla-con-vision-3d-touch-screen\/","title":{"rendered":"Navegador port\u00e1til aera 760, muestra informaci\u00f3n de trafico a\u00e9reo y una excelente visualizaci\u00f3n por medio de su  pantalla con visi\u00f3n 3D  touch screen."},"content":{"rendered":"<div style='width: 100%; max-width: 1200px; margin: 0 auto; font-family: sans-serif; line-height: 1.6; color: inherit; background-color: transparent;'>\n<div style='display: flex; flex-wrap: wrap; gap: 30px; margin-bottom: 30px;'>\n<div style='flex: 1 1 300px; min-width: 280px;'>\n<h3 style='font-size: 22px; border-bottom: 2px solid currentColor; padding-bottom: 5px; margin-top: 0; color: inherit; opacity: 0.8;'>Caracter\u00edsticas<\/h3>\n<ul style='padding-left: 20px; font-size: 15px; color: inherit;'>\n<li style='margin-bottom: 5px;'>Receptor SBAS\/WAAS\/GLONASS de alta sensibilidad<\/li>\n<li style='margin-bottom: 5px;'>Pantalla t\u00e1ctil de 7&#8242; con visi\u00f3n 3D<\/li>\n<li style='margin-bottom: 5px;'>Servicio de informaci\u00f3n de tr\u00e1fico a\u00e9reo compatible<\/li>\n<li style='margin-bottom: 5px;'>Puerto para tarjeta microSD<\/li>\n<li style='margin-bottom: 5px;'>Hasta 4 horas de operaci\u00f3n con la bater\u00eda interna<\/li>\n<\/ul><\/div>\n<div style='flex: 1 1 300px; min-width: 280px;'>\n<h3 style='font-size: 22px; border-bottom: 2px solid currentColor; padding-bottom: 5px; margin-top: 0; color: inherit; opacity: 0.8;'>Incluye<\/h3>\n<ul style='padding-left: 20px; font-size: 15px; color: inherit;'>\n<li style='margin-bottom: 5px;'>Aera 760<\/li>\n<li style='margin-bottom: 5px;'>Cable de alimentaci\u00f3n<\/li>\n<li style='margin-bottom: 5px;'>Cable USB-C a USB-C<\/li>\n<li style='margin-bottom: 5px;'>Cable USB-C a USB-A<\/li>\n<li style='margin-bottom: 5px;'>Cable USB-C 27W adaptador<\/li>\n<li style='margin-bottom: 5px;'>Manual de operaci\u00f3n<\/li>\n<\/ul><\/div>\n<div style='flex: 1 1 300px; min-width: 280px;'>\n<h3 style='font-size: 22px; border-bottom: 2px solid currentColor; padding-bottom: 5px; margin-top: 0; color: inherit; opacity: 0.8;'>Especificaciones<\/h3>\n<ul style='padding-left: 20px; font-size: 15px; color: inherit;'>\n<li style='margin-bottom: 5px;'><strong>Dimensiones:<\/strong> 18.5 x 12.3 x 2.3<\/li>\n<li style='margin-bottom: 5px;'><strong>Peso:<\/strong> 0.561 kg<\/li>\n<\/ul><\/div>\n<\/p><\/div>\n<div style='display: flex; flex-direction: column; align-items: center; margin-bottom: 30px;'>\n<div style='position: relative; padding-bottom: 56.25%; height: 0; overflow: hidden; margin-bottom: 30px; width: 100%;'>   <\/div>\n<\/p><\/div>\n<\/p><\/div>\n","protected":false},"excerpt":{"rendered":"<p>Navegador port\u00e1til aera 760, muestra informaci\u00f3n de trafico a\u00e9reo y una excelente visualizaci\u00f3n por medio de su  pantalla con visi\u00f3n 3D  touch screen.<\/p>\n","protected":false},"featured_media":59025,"comment_status":"open","ping_status":"closed","template":"","meta":[],"product_brand":[],"product_cat":[1735],"product_tag":[1449,1287,1736],"class_list":{"0":"post-59026","1":"product","2":"type-product","3":"status-publish","4":"has-post-thumbnail","6":"product_cat-portatiles-radios-icom-aereos","7":"product_tag-garmin","8":"product_tag-portatiles","9":"product_tag-radios-icom-aereos","11":"first","12":"outofstock","13":"sale","14":"shipping-taxable","15":"purchasable","16":"product-type-simple"},"_links":{"self":[{"href":"https:\/\/soydeaqui.ddns.net\/pachuca\/index.php\/wp-json\/wp\/v2\/product\/59026","targetHints":{"allow":["GET"]}}],"collection":[{"href":"https:\/\/soydeaqui.ddns.net\/pachuca\/index.php\/wp-json\/wp\/v2\/product"}],"about":[{"href":"https:\/\/soydeaqui.ddns.net\/pachuca\/index.php\/wp-json\/wp\/v2\/types\/product"}],"replies":[{"embeddable":true,"href":"https:\/\/soydeaqui.ddns.net\/pachuca\/index.php\/wp-json\/wp\/v2\/comments?post=59026"}],"wp:featuredmedia":[{"embeddable":true,"href":"https:\/\/soydeaqui.ddns.net\/pachuca\/index.php\/wp-json\/wp\/v2\/media\/59025"}],"wp:attachment":[{"href":"https:\/\/soydeaqui.ddns.net\/pachuca\/index.php\/wp-json\/wp\/v2\/media?parent=59026"}],"wp:term":[{"taxonomy":"product_brand","embeddable":true,"href":"https:\/\/soydeaqui.ddns.net\/pachuca\/index.php\/wp-json\/wp\/v2\/product_brand?post=59026"},{"taxonomy":"product_cat","embeddable":true,"href":"https:\/\/soydeaqui.ddns.net\/pachuca\/index.php\/wp-json\/wp\/v2\/product_cat?post=59026"},{"taxonomy":"product_tag","embeddable":true,"href":"https:\/\/soydeaqui.ddns.net\/pachuca\/index.php\/wp-json\/wp\/v2\/product_tag?post=59026"}],"curies":[{"name":"wp","href":"https:\/\/api.w.org\/{rel}","templated":true}]}}