{"id":59010,"date":"2026-03-19T04:47:56","date_gmt":"2026-03-19T04:47:56","guid":{"rendered":"https:\/\/soydeaqui.ddns.net\/pachuca\/index.php\/producto\/kit-amplificador-de-senal-celular-4g-mejora-las-llamadas-convencionales-y-volte-soporta-los-datos-de-las-tecnologias-2g-3g-y-4g-de-telcel-att-y-movistar-cubre-hasta-600-m2\/"},"modified":"2026-03-19T04:48:01","modified_gmt":"2026-03-19T04:48:01","slug":"kit-amplificador-de-senal-celular-4g-mejora-las-llamadas-convencionales-y-volte-soporta-los-datos-de-las-tecnologias-2g-3g-y-4g-de-telcel-att-y-movistar-cubre-hasta-600-m2","status":"publish","type":"product","link":"https:\/\/soydeaqui.ddns.net\/pachuca\/index.php\/producto\/kit-amplificador-de-senal-celular-4g-mejora-las-llamadas-convencionales-y-volte-soporta-los-datos-de-las-tecnologias-2g-3g-y-4g-de-telcel-att-y-movistar-cubre-hasta-600-m2\/","title":{"rendered":"Kit Amplificador de Se\u00f1al Celular 4G \/ Mejora las llamadas convencionales y VoLTE \/ Soporta los datos de las tecnolog\u00edas 2G, 3G y 4G de TELCEL, AT&#038;T y MOVISTAR \/ Cubre hasta 600 m2."},"content":{"rendered":"<div style='width: 100%; max-width: 1200px; margin: 0 auto; font-family: sans-serif; line-height: 1.6; color: inherit; background-color: transparent;'>\n<p style='text-align: center;'><img style='width: 100%; height: auto; border: 1px solid rgba(150&comma;150&comma;150&comma;0.3); border-radius: 8px;' src='data:image\/png;base64&comma;iVBORw0KGgoAAAANSUhEUgAAASwAAABYCAYAAABPucoWAAAAAXNSR0IArs4c6QAAIABJREFUeF7tXQVUlNsT\/6HPVlTsTkxQAcFAbMU4ndiMBioz04UUcSUUxU7sBQp2d2J3d3d3d3d3d3d3+38z7848zjzOzNzP973f933v22B3z91n7jP33nNv6vP9mwoKKBJQJKBIQBEkYK6IhigMKBpQJKBogCSgKCzJQ1G0oEhAkYCiC4vyABQJKBpQNEASUBSW5KEoWlA0oGhA0YWiAUUDigYUQQL\/D2qoUH759Z50AAAAAElFTkSuQmCC' alt=''><\/p>\n<p style='text-align: center;'><strong style='color: inherit;'>Amplificador de Se\u00f1al Celular 4G<\/strong><\/p>\n<p style='text-align: center;'><strong style='color: inherit;'>Triple Banda de Frecuencia <\/strong><strong style='color: inherit;'>(PLUS)<\/strong><\/p>\n<p><strong style='color: inherit;'>EP-TB-4GV2<\/strong> mejora las llamadas convencionales y VoLTE&comma; funciona con las tecnolog\u00edas 2G&comma; 3G y 4G de las compa\u00f1\u00edas TELCEL&comma; AT&amp;T y MOVISTAR.<\/p>\n<p><strong style='color: inherit;'>Especial para<\/strong> casa u oficina en ciudad o \u00e1rea rural.<\/p>\n<div style='width: 100%; max-width: 1200px; margin: 30px 0;'>\n<h2 style='font-size: 24px; margin-top: 0; color: inherit;'>Contenido del Kit<\/h2>\n<p style='margin: 15px 0; color: inherit;'>El kit incluye todo lo necesario para su funcionamiento:<\/p>\n<ul style='padding-left: 20px; margin: 15px 0; color: inherit;'>\n<li style='margin-bottom: 5px;'><strong style='color: inherit;'>Amplificador Triple banda ampliada<\/strong>.<\/li>\n<li style='margin-bottom: 5px;'><strong style='color: inherit;'>Fuente de alimentaci\u00f3n para el amplificador<\/strong>.<\/li>\n<li style='margin-bottom: 5px;'><strong style='color: inherit;'>Antena exterior direccional de banda ancha<\/strong> [donadora].<\/li>\n<li style='margin-bottom: 5px;'><strong style='color: inherit;'>Antena interior tipo panel de banda ancha<\/strong> [de servicio].<\/li>\n<li style='margin-bottom: 5px;'><strong style='color: inherit;'>Jumpers coaxiales<\/strong>:\n<ul style='margin: 10px 20px; padding-left: 20px;'>\n<li style='margin-bottom: 5px;'>9.1 m con conector N macho y SMA macho.<\/li>\n<li style='margin-bottom: 5px;'>4.5 m con conector N macho y SMA macho.<\/li>\n<li style='margin-bottom: 5px;'>30 cm con conectores SMA hembra.<\/li>\n<li style='margin-bottom: 5px;'>4.5 m con conectores N macho.<\/li>\n<\/ul>\n<\/li>\n<li style='margin-bottom: 5px;'><strong style='color: inherit;'>Montajes<\/strong> para sujetar el amplificador y las antenas.<\/li>\n<\/ul><\/div>\n<div style='margin: 30px 0; padding: 15px; background-color: rgba(249&comma; 249&comma; 249&comma; 0.8); border-left: 4px solid #005cb9; border-radius: 8px;'>\n<p style='margin: 0; color: inherit;'><strong style='color: inherit;'>Opcional<\/strong>&comma; puede considerar adquirir el m\u00e1stil <strong style='color: inherit;'>SMRP-150-CF<\/strong> o <strong style='color: inherit;'>SMR-P1<\/strong> para la antena exterior.<\/p>\n<\/p><\/div>\n<div style='margin: 30px 0;'>\n<p style='margin: 15px 0; color: inherit;'><strong style='color: inherit;'>Para obtener hasta 600 m2 de cobertura&comma; <\/strong>es recomendable poner dos antenas de servicio en el interior del edificio para una mejor distribuci\u00f3n de se\u00f1al en uno o dos pisos&comma; para ello es necesario agregar lo siguiente:<\/p>\n<ul style='padding-left: 20px; margin: 15px 0; color: inherit;'>\n<li style='margin-bottom: 5px;'><a style='color: #005cb9; text-decoration: underline;' href='https:\/\/www.syscom.mx\/producto\/CR-PS0727-2C-EPCOM-223426.html'>Divisor de potencia de dos v\u00edas CR-PS0727-2C<\/a>.<\/li>\n<li style='margin-bottom: 5px;'><a style='color: #005cb9; text-decoration: underline;' href='https:\/\/www.syscom.mx\/producto\/CR-OCA0727S-3-EPCOM-233675.html'>Antena tipo domo CR-OCA0727S-3<\/a> o panel <a style='color: #005cb9; text-decoration: underline;' href='https:\/\/www.syscom.mx\/producto\/CR-DPA-0727S-7-EPCOM-223424.html'>CR-DPA0727S-7<\/a>.<\/li>\n<li style='margin-bottom: 5px;'><a style='color: #005cb9; text-decoration: underline;' href='https:\/\/www.syscom.mx\/principal\/searchcont?route=952-350-WILSONPRO-\/-WEBOOST-9375&amp;autodetect=952350'>Dos jumpers coaxiales 952-350<\/a>.<\/li>\n<li style='margin-bottom: 5px;'>El jumper de 4.5 m que viene en el kit lo usar\u00e1 para conectar el divisor al amplificador.<\/li>\n<\/ul><\/div>\n<div style='margin: 30px 0; padding: 15px; background-color: rgba(249&comma; 249&comma; 249&comma; 0.8); border-left: 4px solid #005cb9; border-radius: 8px;'>\n<h3 style='font-size: 18px; color: #0f1828; font-weight: bold; margin: 0 0 8px;'>Aplicaci\u00f3n (Network Cell Info Lite) para medir la intensidad de se\u00f1al celular con Android<\/h3>\n<p style='margin: 10px 0 0; color: inherit;'><a style='color: #005cb9; text-decoration: underline;' href='https:\/\/soporte.syscom.mx\/es\/articles\/6106035-aplicacion-app-para-medir-la-intensidad-de-senal-celular-con-android' target='_blank' rel='noopener'>Ver art\u00edculo de soporte<\/a><\/p>\n<\/p><\/div>\n<div style='display: flex; flex-wrap: wrap; gap: 20px; margin: 30px 0;'> <!-- Caracter\u00edsticas principales --> <\/p>\n<div style='flex: 1 1 280px; border: 1px solid rgba(150&comma; 150&comma; 150&comma; 0.4); border-radius: 8px; overflow: hidden;'>\n<div style='padding: 15px; border-bottom: 1px solid rgba(150&comma; 150&comma; 150&comma; 0.2); font-weight: bold; font-size: 18px; color: inherit;'>Caracter\u00edsticas principales:<\/div>\n<div style='padding: 15px; color: inherit;'>\n<ul style='padding-left: 20px; margin: 0; font-size: 14px; list-style-type: disc;'>\n<li style='margin-bottom: 5px;'><strong style='color: inherit;'>Triple banda:<\/strong> 850&comma; 1900(+) y 2100(+) MHz.<\/li>\n<li style='margin-bottom: 5px;'><strong style='color: inherit;'>Bandas:<\/strong> B5&comma; B2\/25 y B4\/66.<\/li>\n<li style='margin-bottom: 5px;'>68 dB de ganancia.<\/li>\n<li style='margin-bottom: 5px;'>19 dBm de potencia m\u00e1xima.<\/li>\n<li style='margin-bottom: 5px;'>Mejora llamadas y datos 2G&comma; 3G y 4G.<\/li>\n<li style='margin-bottom: 5px;'>Multicompa\u00f1\u00eda&comma; multiusuario.<\/li>\n<\/ul><\/div>\n<\/p><\/div>\n<p> <!-- Caracter\u00edsticas generales --> <\/p>\n<div style='flex: 1 1 280px; border: 1px solid rgba(150&comma; 150&comma; 150&comma; 0.4); border-radius: 8px; overflow: hidden;'>\n<div style='padding: 15px; border-bottom: 1px solid rgba(150&comma; 150&comma; 150&comma; 0.2); font-weight: bold; font-size: 18px; color: inherit;'>Caracter\u00edsticas generales:<\/div>\n<div style='padding: 15px; color: inherit;'>\n<ul style='padding-left: 20px; margin: 0; font-size: 14px; list-style-type: disc;'>\n<li style='margin-bottom: 5px;'>Kit completo para instalaci\u00f3n inmediata.<\/li>\n<li style='margin-bottom: 5px;'>Antenas de banda ancha (exterior\/interior).<\/li>\n<li style='margin-bottom: 5px;'>Cables coaxiales RG58 incluidos.<\/li>\n<li style='margin-bottom: 5px;'>Instalaci\u00f3n simple&comma; sin configuraci\u00f3n.<\/li>\n<li style='margin-bottom: 5px;'>Pantalla de monitoreo integrada.<\/li>\n<\/ul><\/div>\n<\/p><\/div>\n<p> <!-- Especificaciones --> <\/p>\n<div style='flex: 1 1 280px; border: 1px solid rgba(150&comma; 150&comma; 150&comma; 0.4); border-radius: 8px; overflow: hidden;'>\n<div style='padding: 15px; border-bottom: 1px solid rgba(150&comma; 150&comma; 150&comma; 0.2); font-weight: bold; font-size: 18px; color: inherit;'>Especificaciones f\u00edsicas y el\u00e9ctricas:<\/div>\n<div style='padding: 15px; color: inherit;'>\n<ul style='padding-left: 20px; margin: 0; font-size: 14px; list-style-type: disc;'>\n<li style='margin-bottom: 5px;'><strong style='color: inherit;'>Bandas:<\/strong> 850 (B5)&comma; 1900 (B2\/25)&comma; 2100 (B4\/66) MHz.<\/li>\n<li style='margin-bottom: 5px;'><strong style='color: inherit;'>Ganancia:<\/strong> 68 dB \u00b1 3 dBm.<\/li>\n<li style='margin-bottom: 5px;'><strong style='color: inherit;'>Potencia:<\/strong> 19 dBm m\u00e1x.<\/li>\n<li style='margin-bottom: 5px;'><strong style='color: inherit;'>Consumo:<\/strong> &lt;6W<\/li>\n<li style='margin-bottom: 5px;'><strong style='color: inherit;'>Alimentaci\u00f3n:<\/strong> 5 Vcc&comma; 2 A<\/li>\n<li style='margin-bottom: 5px;'><strong style='color: inherit;'>Temperatura:<\/strong> -25\u00b0C a +55\u00b0C<\/li>\n<li style='margin-bottom: 5px;'><strong style='color: inherit;'>Dimensiones:<\/strong> 200 \u00d7 140 \u00d7 20 mm<\/li>\n<li style='margin-bottom: 5px;'><strong style='color: inherit;'>Peso:<\/strong> &lt;1.2 kg<\/li>\n<\/ul><\/div>\n<\/p><\/div>\n<\/p><\/div>\n<div style='width: 100%; margin: 30px 0;'>\n<h3 style='font-size: 22px; border-bottom: 2px solid currentColor; padding-bottom: 5px; margin-top: 0; color: inherit; opacity: 0.8;'>2 A\u00f1os de Garant\u00eda.<\/h3>\n<h3 style='font-size: 22px; border-bottom: 2px solid currentColor; padding-bottom: 5px; margin-top: 30px; color: inherit; opacity: 0.8;'>La potencia del amplificador es gracias a la se\u00f1al que recibe.<\/h3>\n<\/p><\/div>\n<div style='width: 100%; margin: 30px 0;'> <img style='width: 100%; height: auto; border: 1px solid rgba(150&comma;150&comma;150&comma;0.3); border-radius: 8px;' src='https:\/\/ftp3.syscom.mx\/usuarios\/amarquez\/AdSC\/Fotos%20y%20diagramas%20para%20AdSC\/Tabla%20para%20determinar%20cobertura%20estimada..png' alt='Cobertura estimada'> <\/div>\n<div style='width: 100%; margin: 30px 0;'>\n<h3 style='font-size: 22px; border-bottom: 2px solid currentColor; padding-bottom: 5px; margin-top: 0; color: inherit; opacity: 0.8;'>NOTAS:<\/h3>\n<ul style='padding-left: 20px; margin: 15px 0; color: inherit;'>\n<li style='margin-bottom: 5px;'>Instale el amplificador seg\u00fan la gu\u00eda de usuario.<\/li>\n<li style='margin-bottom: 5px;'>\u00daselo s\u00f3lo para su prop\u00f3sito dise\u00f1ado.<\/li>\n<li style='margin-bottom: 5px;'>Contacte a Ingenier\u00eda en Radiocomunicaciones si tiene dudas.<\/li>\n<li style='margin-bottom: 5px;'>Una mala instalaci\u00f3n puede causar interferencia.<\/li>\n<\/ul><\/div>\n<\/p><\/div>\n","protected":false},"excerpt":{"rendered":"<p>Kit Amplificador de Se\u00f1al Celular 4G \/ Mejora las llamadas convencionales y VoLTE \/ Soporta los datos de las tecnolog\u00edas 2G, 3G y 4G de TELCEL, AT&#038;T y MOVISTAR \/ Cubre hasta 600 m2.<\/p>\n","protected":false},"featured_media":59009,"comment_status":"open","ping_status":"closed","template":"","meta":[],"product_brand":[],"product_cat":[1570,1552],"product_tag":[1535,1571,1553,935],"class_list":{"0":"post-59010","1":"product","2":"type-product","3":"status-publish","4":"has-post-thumbnail","6":"product_cat-amplificadores-de-senal-celular-adsc","7":"product_cat-cobertura-para-celular-4g-lte","8":"product_tag-3g-y-voz","9":"product_tag-amplificadores-de-senal-celular-adsc","10":"product_tag-cobertura-para-celular-4g-lte","11":"product_tag-epcom","13":"first","14":"outofstock","15":"sale","16":"shipping-taxable","17":"purchasable","18":"product-type-simple"},"_links":{"self":[{"href":"https:\/\/soydeaqui.ddns.net\/pachuca\/index.php\/wp-json\/wp\/v2\/product\/59010","targetHints":{"allow":["GET"]}}],"collection":[{"href":"https:\/\/soydeaqui.ddns.net\/pachuca\/index.php\/wp-json\/wp\/v2\/product"}],"about":[{"href":"https:\/\/soydeaqui.ddns.net\/pachuca\/index.php\/wp-json\/wp\/v2\/types\/product"}],"replies":[{"embeddable":true,"href":"https:\/\/soydeaqui.ddns.net\/pachuca\/index.php\/wp-json\/wp\/v2\/comments?post=59010"}],"wp:featuredmedia":[{"embeddable":true,"href":"https:\/\/soydeaqui.ddns.net\/pachuca\/index.php\/wp-json\/wp\/v2\/media\/59009"}],"wp:attachment":[{"href":"https:\/\/soydeaqui.ddns.net\/pachuca\/index.php\/wp-json\/wp\/v2\/media?parent=59010"}],"wp:term":[{"taxonomy":"product_brand","embeddable":true,"href":"https:\/\/soydeaqui.ddns.net\/pachuca\/index.php\/wp-json\/wp\/v2\/product_brand?post=59010"},{"taxonomy":"product_cat","embeddable":true,"href":"https:\/\/soydeaqui.ddns.net\/pachuca\/index.php\/wp-json\/wp\/v2\/product_cat?post=59010"},{"taxonomy":"product_tag","embeddable":true,"href":"https:\/\/soydeaqui.ddns.net\/pachuca\/index.php\/wp-json\/wp\/v2\/product_tag?post=59010"}],"curies":[{"name":"wp","href":"https:\/\/api.w.org\/{rel}","templated":true}]}}