{"id":59005,"date":"2026-03-19T04:47:48","date_gmt":"2026-03-19T04:47:48","guid":{"rendered":"https:\/\/soydeaqui.ddns.net\/pachuca\/index.php\/producto\/envoltura-termocontraible-pared-delgada-vw-1-diametro-de-0-38-9-5mm-color-negro-poliolefina-reticulada-paquete-de-25-piezas\/"},"modified":"2026-03-19T04:47:50","modified_gmt":"2026-03-19T04:47:50","slug":"envoltura-termocontraible-pared-delgada-vw-1-diametro-de-0-38-9-5mm-color-negro-poliolefina-reticulada-paquete-de-25-piezas","status":"publish","type":"product","link":"https:\/\/soydeaqui.ddns.net\/pachuca\/index.php\/producto\/envoltura-termocontraible-pared-delgada-vw-1-diametro-de-0-38-9-5mm-color-negro-poliolefina-reticulada-paquete-de-25-piezas\/","title":{"rendered":"Envoltura Termocontra\u00edble Pared Delgada VW-1, Di\u00e1metro de 0.38&#8243; (9.5mm), Color Negro, Poliolefina Reticulada, Paquete de 25 Piezas."},"content":{"rendered":"<div style='width: 100%; max-width: 1200px; margin: 0 auto; font-family: sans-serif; line-height: 1.6; color: inherit; background-color: transparent;'>\n<div style='display: flex; flex-direction: column; align-items: center; width: 100%;'> <img style='width: 300px; height: auto; border: 1px solid rgba(150&comma;150&comma;150&comma;0.3); border-radius: 8px;' src='https:\/\/ftp3.syscom.mx\/usuarios\/fotos\/SCL2\/0X\/214870-217843-panduit-logo-tm-negro-fondo_trans30-01_(002)_(1).png' alt=''> <\/p>\n<h2 style='font-size: 22px; margin-top: 20px; margin-bottom: 10px; color: inherit; opacity: 0.9; text-align: center; max-width: 800px;'> Envoltura Termocontra\u00edble de Pared Delgada con Especificaci\u00f3n VW-1&comma; Di\u00e1metro de 0.38&#8242; (9.5mm)&comma; Color Negro&comma; Poliolefina Reticulada&comma; Paquete de 25 Piezas. <\/h2>\n<\/p><\/div>\n<div style='display: flex; flex-direction: column; align-items: center; width: 100%; margin-top: 30px;'>\n<div style='font-size: 18px; color: inherit; opacity: 0.8; margin-bottom: 15px;'> HSTTV38-48-Q <\/div>\n<p> <img style='width: 100%; max-width: 800px; height: auto; border: 1px solid rgba(150&comma;150&comma;150&comma;0.3); border-radius: 8px;' src='https:\/\/ftp3.syscom.mx\/usuarios\/fotos\/HSTTV3848Q\/221732-captura_de_pantalla_2023-08-28_a_la(s)_12.02.20.png' alt=''> <\/div>\n<\/p><\/div>\n","protected":false},"excerpt":{"rendered":"<p>Envoltura Termocontra\u00edble Pared Delgada VW-1, Di\u00e1metro de 0.38&#8243; (9.5mm), Color Negro, Poliolefina Reticulada, Paquete de 25 Piezas.<\/p>\n","protected":false},"featured_media":59004,"comment_status":"open","ping_status":"closed","template":"","meta":[],"product_brand":[],"product_cat":[930],"product_tag":[931,932,445],"class_list":{"0":"post-59005","1":"product","2":"type-product","3":"status-publish","4":"has-post-thumbnail","6":"product_cat-estacion-de-soldar-y-desoldadoras","7":"product_tag-equipo-de-laboratorio","8":"product_tag-estacion-de-soldar-y-desoldadoras","9":"product_tag-panduit","11":"first","12":"instock","13":"sale","14":"shipping-taxable","15":"purchasable","16":"product-type-simple"},"_links":{"self":[{"href":"https:\/\/soydeaqui.ddns.net\/pachuca\/index.php\/wp-json\/wp\/v2\/product\/59005","targetHints":{"allow":["GET"]}}],"collection":[{"href":"https:\/\/soydeaqui.ddns.net\/pachuca\/index.php\/wp-json\/wp\/v2\/product"}],"about":[{"href":"https:\/\/soydeaqui.ddns.net\/pachuca\/index.php\/wp-json\/wp\/v2\/types\/product"}],"replies":[{"embeddable":true,"href":"https:\/\/soydeaqui.ddns.net\/pachuca\/index.php\/wp-json\/wp\/v2\/comments?post=59005"}],"wp:featuredmedia":[{"embeddable":true,"href":"https:\/\/soydeaqui.ddns.net\/pachuca\/index.php\/wp-json\/wp\/v2\/media\/59004"}],"wp:attachment":[{"href":"https:\/\/soydeaqui.ddns.net\/pachuca\/index.php\/wp-json\/wp\/v2\/media?parent=59005"}],"wp:term":[{"taxonomy":"product_brand","embeddable":true,"href":"https:\/\/soydeaqui.ddns.net\/pachuca\/index.php\/wp-json\/wp\/v2\/product_brand?post=59005"},{"taxonomy":"product_cat","embeddable":true,"href":"https:\/\/soydeaqui.ddns.net\/pachuca\/index.php\/wp-json\/wp\/v2\/product_cat?post=59005"},{"taxonomy":"product_tag","embeddable":true,"href":"https:\/\/soydeaqui.ddns.net\/pachuca\/index.php\/wp-json\/wp\/v2\/product_tag?post=59005"}],"curies":[{"name":"wp","href":"https:\/\/api.w.org\/{rel}","templated":true}]}}