{"id":58889,"date":"2026-03-19T04:44:20","date_gmt":"2026-03-19T04:44:20","guid":{"rendered":"https:\/\/soydeaqui.ddns.net\/pachuca\/index.php\/producto\/sensor-de-viento-ws310-alta-precision-diseno-aerodinamico-fiabilidad-comprobada-compatible-con-instrumentos-nauticos\/"},"modified":"2026-03-19T04:44:20","modified_gmt":"2026-03-19T04:44:20","slug":"sensor-de-viento-ws310-alta-precision-diseno-aerodinamico-fiabilidad-comprobada-compatible-con-instrumentos-nauticos","status":"publish","type":"product","link":"https:\/\/soydeaqui.ddns.net\/pachuca\/index.php\/producto\/sensor-de-viento-ws310-alta-precision-diseno-aerodinamico-fiabilidad-comprobada-compatible-con-instrumentos-nauticos\/","title":{"rendered":"Sensor de Viento WS310 \/ Alta Precisi\u00f3n \/ Dise\u00f1o Aerodin\u00e1mico \/ Fiabilidad Comprobada \/ Compatible con Instrumentos N\u00e1uticos"},"content":{"rendered":"<div style='width: 100%; max-width: 1200px; margin: 0 auto; font-family: sans-serif; line-height: 1.6; color: inherit; background-color: transparent;'>\n<div style='margin-bottom: 30px;'>\n<p style='font-size: 18px; line-height: 1.6; margin-top: 0; margin-bottom: 0;'>El sensor de viento WS310 es la soluci\u00f3n perfecta para cualquier navegante que busque obtener datos de viento precisos y r\u00e1pidos en sus instrumentos desde un sensor de viento cableado. Dise\u00f1ado para proporcionar datos de viento altamente precisos en todas las condiciones y en todos los puntos de navegaci\u00f3n y escora.<\/p>\n<\/p><\/div>\n<div style='margin-bottom: 30px;'>\n<h2 style='font-size: 24px; font-weight: 600; margin-top: 0; margin-bottom: 20px; color: inherit; border-bottom: 2px solid currentColor; padding-bottom: 5px; width: 100%; max-width: 400px;'>Caracter\u00edsticas Principales<\/h2>\n<div style='display: flex; flex-wrap: wrap; gap: 20px;'>\n<div style='flex: 1 1 250px; min-width: 200px;'>\n<ul style='padding-left: 20px; font-size: 15px; color: inherit; list-style-type: disc;'>\n<li style='margin-bottom: 10px;'>Alta precisi\u00f3n en la medici\u00f3n del viento en todas las condiciones<\/li>\n<li style='margin-bottom: 10px;'>Dise\u00f1o aerodin\u00e1mico superior para un rendimiento \u00f3ptimo<\/li>\n<li style='margin-bottom: 10px;'>Fiabilidad comprobada con miles de horas de pruebas en condiciones reales<\/li>\n<li style='margin-bottom: 10px;'>Proporciona datos r\u00e1pidos y precisos en todo momento<\/li>\n<\/ul><\/div>\n<\/p><\/div>\n<\/p><\/div>\n<div style='margin-bottom: 30px;'>\n<h2 style='font-size: 24px; font-weight: 600; margin-top: 0; margin-bottom: 20px; color: inherit; border-bottom: 2px solid currentColor; padding-bottom: 5px; width: 100%; max-width: 400px;'>Detalles T\u00e9cnicos<\/h2>\n<div style='display: flex; flex-wrap: wrap; gap: 20px; margin-bottom: 30px;'>\n<div style='flex: 1 1 250px; border: 1px solid rgba(150&comma; 150&comma; 150&comma; 0.4); border-radius: 8px; overflow: hidden; display: flex; flex-direction: column;'>\n<div style='padding: 15px; border-bottom: 1px solid rgba(150&comma; 150&comma; 150&comma; 0.2); font-weight: bold; font-size: 18px; color: inherit;'>Especificaciones<\/div>\n<div style='padding: 15px; color: inherit;'>\n<ul style='padding-left: 20px; margin: 0; font-size: 14px; list-style-type: disc;'>\n<li style='margin-bottom: 5px;'>Modelo: WS310<\/li>\n<li style='margin-bottom: 5px;'>Tipo: Sensor de viento cableado<\/li>\n<li style='margin-bottom: 5px;'>Precisi\u00f3n: Alta en todas las condiciones<\/li>\n<\/ul><\/div>\n<\/p><\/div>\n<div style='flex: 1 1 250px; border: 1px solid rgba(150&comma; 150&comma; 150&comma; 0.4); border-radius: 8px; overflow: hidden; display: flex; flex-direction: column;'>\n<div style='padding: 15px; border-bottom: 1px solid rgba(150&comma; 150&comma; 150&comma; 0.2); font-weight: bold; font-size: 18px; color: inherit;'>Interfaces y Conectividad<\/div>\n<div style='padding: 15px; color: inherit;'>\n<ul style='padding-left: 20px; margin: 0; font-size: 14px; list-style-type: disc;'>\n<li style='margin-bottom: 5px;'>Compatibilidad: Instrumentos n\u00e1uticos<\/li>\n<li style='margin-bottom: 5px;'>Conexi\u00f3n: Cableada<\/li>\n<\/ul><\/div>\n<\/p><\/div>\n<\/p><\/div>\n<\/p><\/div>\n<div style='margin-bottom: 30px;'>\n<h2 style='font-size: 24px; font-weight: 600; margin-top: 0; margin-bottom: 20px; color: inherit; border-bottom: 2px solid currentColor; padding-bottom: 5px; width: 100%; max-width: 400px;'>Aplicaciones y Casos de Uso<\/h2>\n<div style='display: flex; flex-wrap: wrap; gap: 20px;'>\n<div style='flex: 1 1 250px; border: 1px solid rgba(150&comma; 150&comma; 150&comma; 0.4); border-radius: 8px; overflow: hidden; display: flex; flex-direction: column;'>\n<div style='padding: 15px; border-bottom: 1px solid rgba(150&comma; 150&comma; 150&comma; 0.2); font-weight: bold; font-size: 18px; color: inherit;'>Navegaci\u00f3n Deportiva<\/div>\n<div style='padding: 15px; color: inherit;'>\n<p style='margin: 0;'>Ideal para regatas y navegaci\u00f3n deportiva donde la precisi\u00f3n y la velocidad de los datos son cruciales.<\/p>\n<\/p><\/div>\n<\/p><\/div>\n<div style='flex: 1 1 250px; border: 1px solid rgba(150&comma; 150&comma; 150&comma; 0.4); border-radius: 8px; overflow: hidden; display: flex; flex-direction: column;'>\n<div style='padding: 15px; border-bottom: 1px solid rgba(150&comma; 150&comma; 150&comma; 0.2); font-weight: bold; font-size: 18px; color: inherit;'>Navegaci\u00f3n Recreativa<\/div>\n<div style='padding: 15px; color: inherit;'>\n<p style='margin: 0;'>Perfecto para navegantes recreativos que buscan fiabilidad y precisi\u00f3n en sus instrumentos.<\/p>\n<\/p><\/div>\n<\/p><\/div>\n<div style='flex: 1 1 250px; border: 1px solid rgba(150&comma; 150&comma; 150&comma; 0.4); border-radius: 8px; overflow: hidden; display: flex; flex-direction: column;'>\n<div style='padding: 15px; border-bottom: 1px solid rgba(150&comma; 150&comma; 150&comma; 0.2); font-weight: bold; font-size: 18px; color: inherit;'>Navegaci\u00f3n Profesional<\/div>\n<div style='padding: 15px; color: inherit;'>\n<p style='margin: 0;'>Recomendado para uso profesional en embarcaciones donde la precisi\u00f3n y la fiabilidad son esenciales.<\/p>\n<\/p><\/div>\n<\/p><\/div>\n<\/p><\/div>\n<\/p><\/div>\n<\/p><\/div>\n","protected":false},"excerpt":{"rendered":"<p>Sensor de Viento WS310 \/ Alta Precisi\u00f3n \/ Dise\u00f1o Aerodin\u00e1mico \/ Fiabilidad Comprobada \/ Compatible con Instrumentos N\u00e1uticos<\/p>\n","protected":false},"featured_media":58888,"comment_status":"open","ping_status":"closed","template":"","meta":[],"product_brand":[],"product_cat":[1526],"product_tag":[1505,1527,1172],"class_list":{"0":"post-58889","1":"product","2":"type-product","3":"status-publish","4":"has-post-thumbnail","6":"product_cat-sistema-de-navegacion","7":"product_tag-simrad","8":"product_tag-sistema-de-navegacion","9":"product_tag-soluciones-marinas","11":"first","12":"instock","13":"sale","14":"shipping-taxable","15":"purchasable","16":"product-type-simple"},"_links":{"self":[{"href":"https:\/\/soydeaqui.ddns.net\/pachuca\/index.php\/wp-json\/wp\/v2\/product\/58889","targetHints":{"allow":["GET"]}}],"collection":[{"href":"https:\/\/soydeaqui.ddns.net\/pachuca\/index.php\/wp-json\/wp\/v2\/product"}],"about":[{"href":"https:\/\/soydeaqui.ddns.net\/pachuca\/index.php\/wp-json\/wp\/v2\/types\/product"}],"replies":[{"embeddable":true,"href":"https:\/\/soydeaqui.ddns.net\/pachuca\/index.php\/wp-json\/wp\/v2\/comments?post=58889"}],"wp:featuredmedia":[{"embeddable":true,"href":"https:\/\/soydeaqui.ddns.net\/pachuca\/index.php\/wp-json\/wp\/v2\/media\/58888"}],"wp:attachment":[{"href":"https:\/\/soydeaqui.ddns.net\/pachuca\/index.php\/wp-json\/wp\/v2\/media?parent=58889"}],"wp:term":[{"taxonomy":"product_brand","embeddable":true,"href":"https:\/\/soydeaqui.ddns.net\/pachuca\/index.php\/wp-json\/wp\/v2\/product_brand?post=58889"},{"taxonomy":"product_cat","embeddable":true,"href":"https:\/\/soydeaqui.ddns.net\/pachuca\/index.php\/wp-json\/wp\/v2\/product_cat?post=58889"},{"taxonomy":"product_tag","embeddable":true,"href":"https:\/\/soydeaqui.ddns.net\/pachuca\/index.php\/wp-json\/wp\/v2\/product_tag?post=58889"}],"curies":[{"name":"wp","href":"https:\/\/api.w.org\/{rel}","templated":true}]}}