{"id":58882,"date":"2026-03-19T04:44:06","date_gmt":"2026-03-19T04:44:06","guid":{"rendered":"https:\/\/soydeaqui.ddns.net\/pachuca\/index.php\/producto\/juego-de-2-herrajes-metalicos-para-fijacion-de-gabinetes-linea-pst-de-80-cm-de-ancho-aplicable-en-poste-cuadrado-o-circular\/"},"modified":"2026-03-19T04:44:09","modified_gmt":"2026-03-19T04:44:09","slug":"juego-de-2-herrajes-metalicos-para-fijacion-de-gabinetes-linea-pst-de-80-cm-de-ancho-aplicable-en-poste-cuadrado-o-circular","status":"publish","type":"product","link":"https:\/\/soydeaqui.ddns.net\/pachuca\/index.php\/producto\/juego-de-2-herrajes-metalicos-para-fijacion-de-gabinetes-linea-pst-de-80-cm-de-ancho-aplicable-en-poste-cuadrado-o-circular\/","title":{"rendered":"Juego de 2 Herrajes Met\u00e1licos para Fijaci\u00f3n de Gabinetes L\u00ednea PST de 80 cm de ancho. Aplicable en Poste Cuadrado o Circular."},"content":{"rendered":"<div style='width: 100%; max-width: 1200px; margin: 0 auto; font-family: sans-serif; line-height: 1.6; color: inherit; background-color: transparent;'>\n<div style='display: flex; flex-wrap: wrap; gap: 30px; margin-bottom: 30px;'>\n<div style='flex: 1 1 300px; min-width: 280px;'>\n<h3 style='font-size: 22px; border-bottom: 2px solid currentColor; padding-bottom: 5px; margin-top: 0; color: inherit; opacity: 0.8;'>Caracter\u00edsticas Principales<\/h3>\n<ul style='padding-left: 20px; font-size: 15px; color: inherit;'>\n<li style='margin-bottom: 5px;'>Accesorios de fijaci\u00f3n para montaje sencillo en pared o postes verticales<\/li>\n<li style='margin-bottom: 5px;'>Fabricado en chapa de acero galvanizado<\/li>\n<li style='margin-bottom: 5px;'>Herrajes de sujeci\u00f3n de 800 mm incluidos<\/li>\n<li style='margin-bottom: 5px;'>Correa de 880 mm de longitud<\/li>\n<li style='margin-bottom: 5px;'>Di\u00e1metro m\u00e1ximo del poste 292.8 mm (12&#8242;)<\/li>\n<\/ul><\/div>\n<div style='flex: 1 1 300px; min-width: 280px;'>\n<h3 style='font-size: 22px; border-bottom: 2px solid currentColor; padding-bottom: 5px; margin-top: 0; color: inherit; opacity: 0.8;'>Especificaciones T\u00e9cnicas<\/h3>\n<ul style='padding-left: 20px; font-size: 15px; color: inherit;'>\n<li style='margin-bottom: 5px;'><strong>Tipo:<\/strong> Herrajes met\u00e1licos para fijaci\u00f3n<\/li>\n<li style='margin-bottom: 5px;'><strong>Material:<\/strong> Chapa de acero galvanizado<\/li>\n<li style='margin-bottom: 5px;'><strong>Contenido:<\/strong> 2 herrajes de sujeci\u00f3n&comma; 4 unidades de tuercas y pernos<\/li>\n<li style='margin-bottom: 5px;'><strong>Longitud de la correa:<\/strong> 880 mm<\/li>\n<li style='margin-bottom: 5px;'><strong>Dimensi\u00f3n m\u00e1xima gabinete:<\/strong> 800 mm de ancho<\/li>\n<li style='margin-bottom: 5px;'><strong>Di\u00e1metro m\u00e1ximo del poste:<\/strong> 292.8 mm (12&#8242;)<\/li>\n<\/ul><\/div>\n<\/p><\/div>\n<div style='display: flex; flex-wrap: wrap; gap: 20px; margin-bottom: 30px;'>\n<div style='flex: 1 1 250px; border: 1px solid rgba(150&comma; 150&comma; 150&comma; 0.4); border-radius: 8px; overflow: hidden; display: flex; flex-direction: column;'>\n<div style='padding: 15px; border-bottom: 1px solid rgba(150&comma; 150&comma; 150&comma; 0.2); font-weight: bold; font-size: 18px; color: inherit;'>Aplicaciones<\/div>\n<div style='padding: 15px; color: inherit;'>\n<ul style='padding-left: 20px; margin: 0; font-size: 14px; list-style-type: disc;'>\n<li style='margin-bottom: 5px;'>Montaje en pared<\/li>\n<li style='margin-bottom: 5px;'>Instalaci\u00f3n en postes verticales<\/li>\n<li style='margin-bottom: 5px;'>Compatible con postes cuadrados o circulares<\/li>\n<\/ul><\/div>\n<\/p><\/div>\n<div style='flex: 1 1 250px; border: 1px solid rgba(150&comma; 150&comma; 150&comma; 0.4); border-radius: 8px; overflow: hidden; display: flex; flex-direction: column;'>\n<div style='padding: 15px; border-bottom: 1px solid rgba(150&comma; 150&comma; 150&comma; 0.2); font-weight: bold; font-size: 18px; color: inherit;'>Contenido del Paquete<\/div>\n<div style='padding: 15px; color: inherit;'>\n<ul style='padding-left: 20px; margin: 0; font-size: 14px; list-style-type: disc;'>\n<li style='margin-bottom: 5px;'>2 herrajes de sujeci\u00f3n de 800mm<\/li>\n<li style='margin-bottom: 5px;'>4 unidades de tuercas y pernos<\/li>\n<\/ul><\/div>\n<\/p><\/div>\n<\/p><\/div>\n<hr style='border: 0; border-top: 1px solid rgba(150&comma; 150&comma; 150&comma; 0.3); margin: 30px 0;'> <\/div>\n","protected":false},"excerpt":{"rendered":"<p>Juego de 2 Herrajes Met\u00e1licos para Fijaci\u00f3n de Gabinetes L\u00ednea PST de 80 cm de ancho. Aplicable en Poste Cuadrado o Circular.<\/p>\n","protected":false},"featured_media":58881,"comment_status":"open","ping_status":"closed","template":"","meta":[],"product_brand":[],"product_cat":[604],"product_tag":[606,248,605],"class_list":{"0":"post-58882","1":"product","2":"type-product","3":"status-publish","4":"has-post-thumbnail","6":"product_cat-accesorios-para-racks-y-gabinetes","7":"product_tag-accesorios-para-racks-y-gabinetes","8":"product_tag-precision","9":"product_tag-racks-y-gabinetes","11":"first","12":"outofstock","13":"sale","14":"shipping-taxable","15":"purchasable","16":"product-type-simple"},"_links":{"self":[{"href":"https:\/\/soydeaqui.ddns.net\/pachuca\/index.php\/wp-json\/wp\/v2\/product\/58882","targetHints":{"allow":["GET"]}}],"collection":[{"href":"https:\/\/soydeaqui.ddns.net\/pachuca\/index.php\/wp-json\/wp\/v2\/product"}],"about":[{"href":"https:\/\/soydeaqui.ddns.net\/pachuca\/index.php\/wp-json\/wp\/v2\/types\/product"}],"replies":[{"embeddable":true,"href":"https:\/\/soydeaqui.ddns.net\/pachuca\/index.php\/wp-json\/wp\/v2\/comments?post=58882"}],"wp:featuredmedia":[{"embeddable":true,"href":"https:\/\/soydeaqui.ddns.net\/pachuca\/index.php\/wp-json\/wp\/v2\/media\/58881"}],"wp:attachment":[{"href":"https:\/\/soydeaqui.ddns.net\/pachuca\/index.php\/wp-json\/wp\/v2\/media?parent=58882"}],"wp:term":[{"taxonomy":"product_brand","embeddable":true,"href":"https:\/\/soydeaqui.ddns.net\/pachuca\/index.php\/wp-json\/wp\/v2\/product_brand?post=58882"},{"taxonomy":"product_cat","embeddable":true,"href":"https:\/\/soydeaqui.ddns.net\/pachuca\/index.php\/wp-json\/wp\/v2\/product_cat?post=58882"},{"taxonomy":"product_tag","embeddable":true,"href":"https:\/\/soydeaqui.ddns.net\/pachuca\/index.php\/wp-json\/wp\/v2\/product_tag?post=58882"}],"curies":[{"name":"wp","href":"https:\/\/api.w.org\/{rel}","templated":true}]}}